{"id":106052,"date":"2021-05-18T22:57:16","date_gmt":"2021-05-18T20:57:16","guid":{"rendered":"https:\/\/endormoonstore.com\/happy-hogan-iron-man-mark-xxi-pack-marvel-legends-iron-man-3-the-infinity-saga\/"},"modified":"2021-09-11T00:54:36","modified_gmt":"2021-09-10T22:54:36","slug":"happy-hogan-iron-man-mark-xxi-pack-marvel-legends-iron-man-3-the-infinity-saga","status":"publish","type":"product","link":"https:\/\/endormoonstore.com\/en\/happy-hogan-iron-man-mark-xxi-pack-marvel-legends-iron-man-3-the-infinity-saga\/","title":{"rendered":"Happy Hogan &#038; Iron Man Mark XXI Pack Marvel Legends Iron Man 3 The Infinity Saga"},"content":{"rendered":"<p><strong>Happy Hogan &amp; Iron Man Mark XXI Pack Marvel Legends Iron Man 3 The Infinity Saga Figuras 15 cm<\/strong><\/p>\n<ul>\n<li>Con m\u00e1s de 80 a\u00f1os de historia del entretenimiento, Marvel se ha convertido en la piedra angular de las colecciones de fans de todo el mundo.<\/li>\n<li>Con la serie Marvel Legends, los personajes de Marvel favoritos de los fan, dise\u00f1ados con detalles y articulaci\u00f3n premium para posar y exhibir en colecciones.<\/li>\n<li>Pueden disfrutar de este pack de\u00a0 figuras de unos 15 cm de alto.<\/li>\n<li>Nos muestran a Happy Hogan y Iron Man Mark XXI, inspirada en el personaje de Marvel Entertainment.<\/li>\n<li>Estas figuras de Happy Hogan y Iron Man Mark XXI presentan un dise\u00f1o, detalle y articulaci\u00f3n de primera calidad para posar y exhibir en una colecci\u00f3n Marvel.<\/li>\n<li>Incluye: Manos alternativas (2x), 2x Fx repulsores, y 1x mando a distancia<\/li>\n<li>Realizada en PVC<\/li>\n<\/ul>\n<p>&nbsp;<\/p>\n","protected":false},"excerpt":{"rendered":"<p><strong>Happy Hogan &amp; Iron Man Mark XXI Pack Marvel Legends Iron Man 3 The Infinity Saga Figuras 15 cm<\/strong><\/p>\n<p>Con m\u00e1s de 80 a\u00f1os de historia del entretenimiento, Marvel se ha convertido en la piedra angular de las colecciones de fans de todo el mundo.<\/p>\n","protected":false},"featured_media":106031,"template":"","meta":{"_acf_changed":false,"_kad_blocks_custom_css":"","_kad_blocks_head_custom_js":"","_kad_blocks_body_custom_js":"","_kad_blocks_footer_custom_js":""},"product_cat":[1390],"product_tag":[],"class_list":{"0":"post-106052","1":"product","2":"type-product","3":"status-publish","4":"has-post-thumbnail","6":"product_cat-figures","7":"pa_brand-hasbro-en","8":"pa_character-happy-hogan-en","9":"pa_character-iron-man-en","10":"pa_episode-iron-man-3-en","11":"pa_license-marvel-en","12":"pa_product-type-figure","13":"pa_theme-marvel-legends-series-en","15":"first","16":"instock","17":"taxable","18":"shipping-taxable","19":"purchasable","20":"product-type-simple"},"acf":[],"yoast_head":"<!-- This site is optimized with the Yoast SEO plugin v26.1.1 - https:\/\/yoast.com\/wordpress\/plugins\/seo\/ -->\n<title>Happy Hogan &amp; Iron Man Mark XXI Pack Marvel Legends Iron Man 3 The Infinity Saga - EndormoonStore<\/title>\n<meta name=\"robots\" content=\"index, follow, max-snippet:-1, max-image-preview:large, max-video-preview:-1\" \/>\n<link rel=\"canonical\" href=\"https:\/\/endormoonstore.com\/en\/happy-hogan-iron-man-mark-xxi-pack-marvel-legends-iron-man-3-the-infinity-saga\/\" \/>\n<meta property=\"og:locale\" content=\"en_US\" \/>\n<meta property=\"og:type\" content=\"article\" \/>\n<meta property=\"og:title\" content=\"Happy Hogan &amp; Iron Man Mark XXI Pack Marvel Legends Iron Man 3 The Infinity Saga - EndormoonStore\" \/>\n<meta property=\"og:description\" content=\"Happy Hogan &amp; Iron Man Mark XXI Pack Marvel Legends Iron Man 3 The Infinity Saga Figuras 15 cm  Con m\u00e1s de 80 a\u00f1os de historia del entretenimiento, Marvel se ha convertido en la piedra angular de las colecciones de fans de todo el mundo.\" \/>\n<meta property=\"og:url\" content=\"https:\/\/endormoonstore.com\/en\/happy-hogan-iron-man-mark-xxi-pack-marvel-legends-iron-man-3-the-infinity-saga\/\" \/>\n<meta property=\"og:site_name\" content=\"EndormoonStore\" \/>\n<meta property=\"article:modified_time\" content=\"2021-09-10T22:54:36+00:00\" \/>\n<meta property=\"og:image\" content=\"https:\/\/endormoonstore.com\/wp-content\/uploads\/2021\/05\/Happy-Hogan-Iron-Man-Mark-XXI-Pack-Marvel-Legends-Iron-Man-3-The-Infinity-Saga-1.jpg\" \/>\n\t<meta property=\"og:image:width\" content=\"1000\" \/>\n\t<meta property=\"og:image:height\" content=\"1000\" \/>\n\t<meta property=\"og:image:type\" content=\"image\/jpeg\" \/>\n<meta name=\"twitter:card\" content=\"summary_large_image\" \/>\n<meta name=\"twitter:label1\" content=\"Est. reading time\" \/>\n\t<meta name=\"twitter:data1\" content=\"1 minute\" \/>\n<script type=\"application\/ld+json\" class=\"yoast-schema-graph\">{\"@context\":\"https:\/\/schema.org\",\"@graph\":[{\"@type\":\"WebPage\",\"@id\":\"https:\/\/endormoonstore.com\/en\/happy-hogan-iron-man-mark-xxi-pack-marvel-legends-iron-man-3-the-infinity-saga\/\",\"url\":\"https:\/\/endormoonstore.com\/en\/happy-hogan-iron-man-mark-xxi-pack-marvel-legends-iron-man-3-the-infinity-saga\/\",\"name\":\"Happy Hogan & Iron Man Mark XXI Pack Marvel Legends Iron Man 3 The Infinity Saga - EndormoonStore\",\"isPartOf\":{\"@id\":\"https:\/\/endormoonstore.com\/#website\"},\"primaryImageOfPage\":{\"@id\":\"https:\/\/endormoonstore.com\/en\/happy-hogan-iron-man-mark-xxi-pack-marvel-legends-iron-man-3-the-infinity-saga\/#primaryimage\"},\"image\":{\"@id\":\"https:\/\/endormoonstore.com\/en\/happy-hogan-iron-man-mark-xxi-pack-marvel-legends-iron-man-3-the-infinity-saga\/#primaryimage\"},\"thumbnailUrl\":\"https:\/\/endormoonstore.com\/wp-content\/uploads\/2021\/05\/Happy-Hogan-Iron-Man-Mark-XXI-Pack-Marvel-Legends-Iron-Man-3-The-Infinity-Saga-1.jpg\",\"datePublished\":\"2021-05-18T20:57:16+00:00\",\"dateModified\":\"2021-09-10T22:54:36+00:00\",\"breadcrumb\":{\"@id\":\"https:\/\/endormoonstore.com\/en\/happy-hogan-iron-man-mark-xxi-pack-marvel-legends-iron-man-3-the-infinity-saga\/#breadcrumb\"},\"inLanguage\":\"en-US\",\"potentialAction\":[{\"@type\":\"ReadAction\",\"target\":[\"https:\/\/endormoonstore.com\/en\/happy-hogan-iron-man-mark-xxi-pack-marvel-legends-iron-man-3-the-infinity-saga\/\"]}]},{\"@type\":\"ImageObject\",\"inLanguage\":\"en-US\",\"@id\":\"https:\/\/endormoonstore.com\/en\/happy-hogan-iron-man-mark-xxi-pack-marvel-legends-iron-man-3-the-infinity-saga\/#primaryimage\",\"url\":\"https:\/\/endormoonstore.com\/wp-content\/uploads\/2021\/05\/Happy-Hogan-Iron-Man-Mark-XXI-Pack-Marvel-Legends-Iron-Man-3-The-Infinity-Saga-1.jpg\",\"contentUrl\":\"https:\/\/endormoonstore.com\/wp-content\/uploads\/2021\/05\/Happy-Hogan-Iron-Man-Mark-XXI-Pack-Marvel-Legends-Iron-Man-3-The-Infinity-Saga-1.jpg\",\"width\":1000,\"height\":1000},{\"@type\":\"BreadcrumbList\",\"@id\":\"https:\/\/endormoonstore.com\/en\/happy-hogan-iron-man-mark-xxi-pack-marvel-legends-iron-man-3-the-infinity-saga\/#breadcrumb\",\"itemListElement\":[{\"@type\":\"ListItem\",\"position\":1,\"name\":\"Shop\",\"item\":\"https:\/\/endormoonstore.com\/en\/shop\/\"},{\"@type\":\"ListItem\",\"position\":2,\"name\":\"Happy Hogan &#038; Iron Man Mark XXI Pack Marvel Legends Iron Man 3 The Infinity Saga\"}]},{\"@type\":\"WebSite\",\"@id\":\"https:\/\/endormoonstore.com\/#website\",\"url\":\"https:\/\/endormoonstore.com\/\",\"name\":\"EndormoonStore\",\"description\":\"\",\"potentialAction\":[{\"@type\":\"SearchAction\",\"target\":{\"@type\":\"EntryPoint\",\"urlTemplate\":\"https:\/\/endormoonstore.com\/?s={search_term_string}\"},\"query-input\":{\"@type\":\"PropertyValueSpecification\",\"valueRequired\":true,\"valueName\":\"search_term_string\"}}],\"inLanguage\":\"en-US\"}]}<\/script>\n<!-- \/ Yoast SEO plugin. -->","yoast_head_json":{"title":"Happy Hogan & Iron Man Mark XXI Pack Marvel Legends Iron Man 3 The Infinity Saga - EndormoonStore","robots":{"index":"index","follow":"follow","max-snippet":"max-snippet:-1","max-image-preview":"max-image-preview:large","max-video-preview":"max-video-preview:-1"},"canonical":"https:\/\/endormoonstore.com\/en\/happy-hogan-iron-man-mark-xxi-pack-marvel-legends-iron-man-3-the-infinity-saga\/","og_locale":"en_US","og_type":"article","og_title":"Happy Hogan & Iron Man Mark XXI Pack Marvel Legends Iron Man 3 The Infinity Saga - EndormoonStore","og_description":"Happy Hogan &amp; Iron Man Mark XXI Pack Marvel Legends Iron Man 3 The Infinity Saga Figuras 15 cm  Con m\u00e1s de 80 a\u00f1os de historia del entretenimiento, Marvel se ha convertido en la piedra angular de las colecciones de fans de todo el mundo.","og_url":"https:\/\/endormoonstore.com\/en\/happy-hogan-iron-man-mark-xxi-pack-marvel-legends-iron-man-3-the-infinity-saga\/","og_site_name":"EndormoonStore","article_modified_time":"2021-09-10T22:54:36+00:00","og_image":[{"width":1000,"height":1000,"url":"https:\/\/endormoonstore.com\/wp-content\/uploads\/2021\/05\/Happy-Hogan-Iron-Man-Mark-XXI-Pack-Marvel-Legends-Iron-Man-3-The-Infinity-Saga-1.jpg","type":"image\/jpeg"}],"twitter_card":"summary_large_image","twitter_misc":{"Est. reading time":"1 minute"},"schema":{"@context":"https:\/\/schema.org","@graph":[{"@type":"WebPage","@id":"https:\/\/endormoonstore.com\/en\/happy-hogan-iron-man-mark-xxi-pack-marvel-legends-iron-man-3-the-infinity-saga\/","url":"https:\/\/endormoonstore.com\/en\/happy-hogan-iron-man-mark-xxi-pack-marvel-legends-iron-man-3-the-infinity-saga\/","name":"Happy Hogan & Iron Man Mark XXI Pack Marvel Legends Iron Man 3 The Infinity Saga - EndormoonStore","isPartOf":{"@id":"https:\/\/endormoonstore.com\/#website"},"primaryImageOfPage":{"@id":"https:\/\/endormoonstore.com\/en\/happy-hogan-iron-man-mark-xxi-pack-marvel-legends-iron-man-3-the-infinity-saga\/#primaryimage"},"image":{"@id":"https:\/\/endormoonstore.com\/en\/happy-hogan-iron-man-mark-xxi-pack-marvel-legends-iron-man-3-the-infinity-saga\/#primaryimage"},"thumbnailUrl":"https:\/\/endormoonstore.com\/wp-content\/uploads\/2021\/05\/Happy-Hogan-Iron-Man-Mark-XXI-Pack-Marvel-Legends-Iron-Man-3-The-Infinity-Saga-1.jpg","datePublished":"2021-05-18T20:57:16+00:00","dateModified":"2021-09-10T22:54:36+00:00","breadcrumb":{"@id":"https:\/\/endormoonstore.com\/en\/happy-hogan-iron-man-mark-xxi-pack-marvel-legends-iron-man-3-the-infinity-saga\/#breadcrumb"},"inLanguage":"en-US","potentialAction":[{"@type":"ReadAction","target":["https:\/\/endormoonstore.com\/en\/happy-hogan-iron-man-mark-xxi-pack-marvel-legends-iron-man-3-the-infinity-saga\/"]}]},{"@type":"ImageObject","inLanguage":"en-US","@id":"https:\/\/endormoonstore.com\/en\/happy-hogan-iron-man-mark-xxi-pack-marvel-legends-iron-man-3-the-infinity-saga\/#primaryimage","url":"https:\/\/endormoonstore.com\/wp-content\/uploads\/2021\/05\/Happy-Hogan-Iron-Man-Mark-XXI-Pack-Marvel-Legends-Iron-Man-3-The-Infinity-Saga-1.jpg","contentUrl":"https:\/\/endormoonstore.com\/wp-content\/uploads\/2021\/05\/Happy-Hogan-Iron-Man-Mark-XXI-Pack-Marvel-Legends-Iron-Man-3-The-Infinity-Saga-1.jpg","width":1000,"height":1000},{"@type":"BreadcrumbList","@id":"https:\/\/endormoonstore.com\/en\/happy-hogan-iron-man-mark-xxi-pack-marvel-legends-iron-man-3-the-infinity-saga\/#breadcrumb","itemListElement":[{"@type":"ListItem","position":1,"name":"Shop","item":"https:\/\/endormoonstore.com\/en\/shop\/"},{"@type":"ListItem","position":2,"name":"Happy Hogan &#038; Iron Man Mark XXI Pack Marvel Legends Iron Man 3 The Infinity Saga"}]},{"@type":"WebSite","@id":"https:\/\/endormoonstore.com\/#website","url":"https:\/\/endormoonstore.com\/","name":"EndormoonStore","description":"","potentialAction":[{"@type":"SearchAction","target":{"@type":"EntryPoint","urlTemplate":"https:\/\/endormoonstore.com\/?s={search_term_string}"},"query-input":{"@type":"PropertyValueSpecification","valueRequired":true,"valueName":"search_term_string"}}],"inLanguage":"en-US"}]}},"taxonomy_info":{"product_cat":[{"value":1390,"label":"Figures"}],"pa_brand":[{"value":2084,"label":"Hasbro"}],"pa_character":[{"value":7917,"label":"Happy Hogan"},{"value":2783,"label":"Iron Man"}],"pa_episode":[{"value":7923,"label":"Iron Man 3"}],"pa_license":[{"value":1642,"label":"Marvel"}],"pa_product-type":[{"value":2387,"label":"Figure"}],"pa_theme":[{"value":2071,"label":"Marvel Legends Series"}]},"featured_image_src_large":["https:\/\/endormoonstore.com\/wp-content\/uploads\/2021\/05\/Happy-Hogan-Iron-Man-Mark-XXI-Pack-Marvel-Legends-Iron-Man-3-The-Infinity-Saga-1.jpg",1000,1000,false],"author_info":[],"comment_info":"","_links":{"self":[{"href":"https:\/\/endormoonstore.com\/en\/wp-json\/wp\/v2\/product\/106052","targetHints":{"allow":["GET"]}}],"collection":[{"href":"https:\/\/endormoonstore.com\/en\/wp-json\/wp\/v2\/product"}],"about":[{"href":"https:\/\/endormoonstore.com\/en\/wp-json\/wp\/v2\/types\/product"}],"wp:featuredmedia":[{"embeddable":true,"href":"https:\/\/endormoonstore.com\/en\/wp-json\/wp\/v2\/media\/106031"}],"wp:attachment":[{"href":"https:\/\/endormoonstore.com\/en\/wp-json\/wp\/v2\/media?parent=106052"}],"wp:term":[{"taxonomy":"product_cat","embeddable":true,"href":"https:\/\/endormoonstore.com\/en\/wp-json\/wp\/v2\/product_cat?post=106052"},{"taxonomy":"product_tag","embeddable":true,"href":"https:\/\/endormoonstore.com\/en\/wp-json\/wp\/v2\/product_tag?post=106052"}],"curies":[{"name":"wp","href":"https:\/\/api.w.org\/{rel}","templated":true}]}}