{"id":106027,"date":"2021-05-18T21:47:23","date_gmt":"2021-05-18T19:47:23","guid":{"rendered":"https:\/\/endormoonstore.com\/iron-man-mark-iii-marvel-legends-iron-man-the-infinity-saga\/"},"modified":"2021-09-07T22:06:49","modified_gmt":"2021-09-07T20:06:49","slug":"iron-man-mark-iii-marvel-legends-iron-man-the-infinity-saga","status":"publish","type":"product","link":"https:\/\/endormoonstore.com\/en\/iron-man-mark-iii-marvel-legends-iron-man-the-infinity-saga\/","title":{"rendered":"Iron Man Mark III Marvel Legends Iron Man The Infinity Saga\u00a0"},"content":{"rendered":"<p><strong>Iron Man Mark III Marvel Legends Iron Man The Infinity Saga\u00a0 Figura 15 cm<\/strong><\/p>\n<ul>\n<li>Tony Stark se enfrenta a los peores villanos del mundo con el traje Mark III: una maravilla tecnol\u00f3gica equipada con una variedad de impresionantes mejoras y mejoras.<\/li>\n<li>Con m\u00e1s de 80 a\u00f1os de historia del entretenimiento, Marvel se ha convertido en la piedra angular de las colecciones de fans de todo el mundo.<\/li>\n<li>Con la serie Marvel Legends, los personajes de Marvel favoritos de los fan, dise\u00f1ados con detalles y articulaci\u00f3n premium para posar y exhibir en colecciones.<\/li>\n<li>Pueden disfrutar de esta figura de Iron Man Mark III de unos 15 cm de alto, inspirada en el personaje de Marvel Entertainment.<\/li>\n<li>Esta figura de Iron Man Mark III presenta un dise\u00f1o, detalle y articulaci\u00f3n de primera calidad para posar y exhibir en una colecci\u00f3n Marvel.<\/li>\n<li>Incluye: dos manos alternativas y una cabeza intercambiable<\/li>\n<li>Realizada en PVC<\/li>\n<\/ul>\n<p>&nbsp;<\/p>\n","protected":false},"excerpt":{"rendered":"<p><strong>Iron Man Mark III Marvel Legends Iron Man The Infinity Saga\u00a0 Figura 15 cm<\/strong><\/p>\n<p>Tony Stark se enfrenta a los peores villanos del mundo con el traje Mark III: una maravilla tecnol\u00f3gica equipada con una variedad de impresionantes mejoras y mejoras.<\/p>\n","protected":false},"featured_media":106012,"template":"","meta":{"_acf_changed":false,"_kad_blocks_custom_css":"","_kad_blocks_head_custom_js":"","_kad_blocks_body_custom_js":"","_kad_blocks_footer_custom_js":""},"product_cat":[1390],"product_tag":[],"class_list":{"0":"post-106027","1":"product","2":"type-product","3":"status-publish","4":"has-post-thumbnail","6":"product_cat-figures","7":"pa_brand-hasbro-en","8":"pa_character-iron-man-en","9":"pa_episode-iron-man-en","10":"pa_license-marvel-en","11":"pa_product-type-figure","12":"pa_theme-marvel-legends-series-en","14":"first","15":"outofstock","16":"taxable","17":"shipping-taxable","18":"purchasable","19":"product-type-simple"},"acf":[],"yoast_head":"<!-- This site is optimized with the Yoast SEO plugin v26.1.1 - https:\/\/yoast.com\/wordpress\/plugins\/seo\/ -->\n<title>Iron Man Mark III Marvel Legends Iron Man The Infinity Saga\u00a0 - EndormoonStore<\/title>\n<meta name=\"robots\" content=\"index, follow, max-snippet:-1, max-image-preview:large, max-video-preview:-1\" \/>\n<link rel=\"canonical\" href=\"https:\/\/endormoonstore.com\/iron-man-mark-iii-marvel-legends-iron-man-the-infinity-saga\/\" \/>\n<meta property=\"og:locale\" content=\"en_US\" \/>\n<meta property=\"og:type\" content=\"article\" \/>\n<meta property=\"og:title\" content=\"Iron Man Mark III Marvel Legends Iron Man The Infinity Saga\u00a0 - EndormoonStore\" \/>\n<meta property=\"og:description\" content=\"Iron Man Mark III Marvel Legends Iron Man The Infinity Saga\u00a0 Figura 15 cm  Tony Stark se enfrenta a los peores villanos del mundo con el traje Mark III: una maravilla tecnol\u00f3gica equipada con una variedad de impresionantes mejoras y mejoras.\" \/>\n<meta property=\"og:url\" content=\"https:\/\/endormoonstore.com\/iron-man-mark-iii-marvel-legends-iron-man-the-infinity-saga\/\" \/>\n<meta property=\"og:site_name\" content=\"EndormoonStore\" \/>\n<meta property=\"article:modified_time\" content=\"2021-09-07T20:06:49+00:00\" \/>\n<meta property=\"og:image\" content=\"https:\/\/endormoonstore.com\/wp-content\/uploads\/2021\/05\/Iron-Man-Marvel-Legends-The-Infinity-Saga-Iron-Man-Mark-III-1.jpeg\" \/>\n\t<meta property=\"og:image:width\" content=\"563\" \/>\n\t<meta property=\"og:image:height\" content=\"750\" \/>\n\t<meta property=\"og:image:type\" content=\"image\/jpeg\" \/>\n<meta name=\"twitter:card\" content=\"summary_large_image\" \/>\n<meta name=\"twitter:label1\" content=\"Est. reading time\" \/>\n\t<meta name=\"twitter:data1\" content=\"1 minute\" \/>\n<script type=\"application\/ld+json\" class=\"yoast-schema-graph\">{\"@context\":\"https:\/\/schema.org\",\"@graph\":[{\"@type\":\"WebPage\",\"@id\":\"https:\/\/endormoonstore.com\/iron-man-mark-iii-marvel-legends-iron-man-the-infinity-saga\/\",\"url\":\"https:\/\/endormoonstore.com\/iron-man-mark-iii-marvel-legends-iron-man-the-infinity-saga\/\",\"name\":\"Iron Man Mark III Marvel Legends Iron Man The Infinity Saga\u00a0 - EndormoonStore\",\"isPartOf\":{\"@id\":\"https:\/\/endormoonstore.com\/#website\"},\"primaryImageOfPage\":{\"@id\":\"https:\/\/endormoonstore.com\/iron-man-mark-iii-marvel-legends-iron-man-the-infinity-saga\/#primaryimage\"},\"image\":{\"@id\":\"https:\/\/endormoonstore.com\/iron-man-mark-iii-marvel-legends-iron-man-the-infinity-saga\/#primaryimage\"},\"thumbnailUrl\":\"https:\/\/endormoonstore.com\/wp-content\/uploads\/2021\/05\/Iron-Man-Marvel-Legends-The-Infinity-Saga-Iron-Man-Mark-III-1.jpeg\",\"datePublished\":\"2021-05-18T19:47:23+00:00\",\"dateModified\":\"2021-09-07T20:06:49+00:00\",\"breadcrumb\":{\"@id\":\"https:\/\/endormoonstore.com\/iron-man-mark-iii-marvel-legends-iron-man-the-infinity-saga\/#breadcrumb\"},\"inLanguage\":\"en-US\",\"potentialAction\":[{\"@type\":\"ReadAction\",\"target\":[\"https:\/\/endormoonstore.com\/iron-man-mark-iii-marvel-legends-iron-man-the-infinity-saga\/\"]}]},{\"@type\":\"ImageObject\",\"inLanguage\":\"en-US\",\"@id\":\"https:\/\/endormoonstore.com\/iron-man-mark-iii-marvel-legends-iron-man-the-infinity-saga\/#primaryimage\",\"url\":\"https:\/\/endormoonstore.com\/wp-content\/uploads\/2021\/05\/Iron-Man-Marvel-Legends-The-Infinity-Saga-Iron-Man-Mark-III-1.jpeg\",\"contentUrl\":\"https:\/\/endormoonstore.com\/wp-content\/uploads\/2021\/05\/Iron-Man-Marvel-Legends-The-Infinity-Saga-Iron-Man-Mark-III-1.jpeg\",\"width\":563,\"height\":750},{\"@type\":\"BreadcrumbList\",\"@id\":\"https:\/\/endormoonstore.com\/iron-man-mark-iii-marvel-legends-iron-man-the-infinity-saga\/#breadcrumb\",\"itemListElement\":[{\"@type\":\"ListItem\",\"position\":1,\"name\":\"Shop\",\"item\":\"https:\/\/endormoonstore.com\/en\/shop\/\"},{\"@type\":\"ListItem\",\"position\":2,\"name\":\"Iron Man Mark III Marvel Legends Iron Man The Infinity Saga\u00a0\"}]},{\"@type\":\"WebSite\",\"@id\":\"https:\/\/endormoonstore.com\/#website\",\"url\":\"https:\/\/endormoonstore.com\/\",\"name\":\"EndormoonStore\",\"description\":\"\",\"potentialAction\":[{\"@type\":\"SearchAction\",\"target\":{\"@type\":\"EntryPoint\",\"urlTemplate\":\"https:\/\/endormoonstore.com\/?s={search_term_string}\"},\"query-input\":{\"@type\":\"PropertyValueSpecification\",\"valueRequired\":true,\"valueName\":\"search_term_string\"}}],\"inLanguage\":\"en-US\"}]}<\/script>\n<!-- \/ Yoast SEO plugin. -->","yoast_head_json":{"title":"Iron Man Mark III Marvel Legends Iron Man The Infinity Saga\u00a0 - EndormoonStore","robots":{"index":"index","follow":"follow","max-snippet":"max-snippet:-1","max-image-preview":"max-image-preview:large","max-video-preview":"max-video-preview:-1"},"canonical":"https:\/\/endormoonstore.com\/iron-man-mark-iii-marvel-legends-iron-man-the-infinity-saga\/","og_locale":"en_US","og_type":"article","og_title":"Iron Man Mark III Marvel Legends Iron Man The Infinity Saga\u00a0 - EndormoonStore","og_description":"Iron Man Mark III Marvel Legends Iron Man The Infinity Saga\u00a0 Figura 15 cm  Tony Stark se enfrenta a los peores villanos del mundo con el traje Mark III: una maravilla tecnol\u00f3gica equipada con una variedad de impresionantes mejoras y mejoras.","og_url":"https:\/\/endormoonstore.com\/iron-man-mark-iii-marvel-legends-iron-man-the-infinity-saga\/","og_site_name":"EndormoonStore","article_modified_time":"2021-09-07T20:06:49+00:00","og_image":[{"width":563,"height":750,"url":"https:\/\/endormoonstore.com\/wp-content\/uploads\/2021\/05\/Iron-Man-Marvel-Legends-The-Infinity-Saga-Iron-Man-Mark-III-1.jpeg","type":"image\/jpeg"}],"twitter_card":"summary_large_image","twitter_misc":{"Est. reading time":"1 minute"},"schema":{"@context":"https:\/\/schema.org","@graph":[{"@type":"WebPage","@id":"https:\/\/endormoonstore.com\/iron-man-mark-iii-marvel-legends-iron-man-the-infinity-saga\/","url":"https:\/\/endormoonstore.com\/iron-man-mark-iii-marvel-legends-iron-man-the-infinity-saga\/","name":"Iron Man Mark III Marvel Legends Iron Man The Infinity Saga\u00a0 - EndormoonStore","isPartOf":{"@id":"https:\/\/endormoonstore.com\/#website"},"primaryImageOfPage":{"@id":"https:\/\/endormoonstore.com\/iron-man-mark-iii-marvel-legends-iron-man-the-infinity-saga\/#primaryimage"},"image":{"@id":"https:\/\/endormoonstore.com\/iron-man-mark-iii-marvel-legends-iron-man-the-infinity-saga\/#primaryimage"},"thumbnailUrl":"https:\/\/endormoonstore.com\/wp-content\/uploads\/2021\/05\/Iron-Man-Marvel-Legends-The-Infinity-Saga-Iron-Man-Mark-III-1.jpeg","datePublished":"2021-05-18T19:47:23+00:00","dateModified":"2021-09-07T20:06:49+00:00","breadcrumb":{"@id":"https:\/\/endormoonstore.com\/iron-man-mark-iii-marvel-legends-iron-man-the-infinity-saga\/#breadcrumb"},"inLanguage":"en-US","potentialAction":[{"@type":"ReadAction","target":["https:\/\/endormoonstore.com\/iron-man-mark-iii-marvel-legends-iron-man-the-infinity-saga\/"]}]},{"@type":"ImageObject","inLanguage":"en-US","@id":"https:\/\/endormoonstore.com\/iron-man-mark-iii-marvel-legends-iron-man-the-infinity-saga\/#primaryimage","url":"https:\/\/endormoonstore.com\/wp-content\/uploads\/2021\/05\/Iron-Man-Marvel-Legends-The-Infinity-Saga-Iron-Man-Mark-III-1.jpeg","contentUrl":"https:\/\/endormoonstore.com\/wp-content\/uploads\/2021\/05\/Iron-Man-Marvel-Legends-The-Infinity-Saga-Iron-Man-Mark-III-1.jpeg","width":563,"height":750},{"@type":"BreadcrumbList","@id":"https:\/\/endormoonstore.com\/iron-man-mark-iii-marvel-legends-iron-man-the-infinity-saga\/#breadcrumb","itemListElement":[{"@type":"ListItem","position":1,"name":"Shop","item":"https:\/\/endormoonstore.com\/en\/shop\/"},{"@type":"ListItem","position":2,"name":"Iron Man Mark III Marvel Legends Iron Man The Infinity Saga\u00a0"}]},{"@type":"WebSite","@id":"https:\/\/endormoonstore.com\/#website","url":"https:\/\/endormoonstore.com\/","name":"EndormoonStore","description":"","potentialAction":[{"@type":"SearchAction","target":{"@type":"EntryPoint","urlTemplate":"https:\/\/endormoonstore.com\/?s={search_term_string}"},"query-input":{"@type":"PropertyValueSpecification","valueRequired":true,"valueName":"search_term_string"}}],"inLanguage":"en-US"}]}},"taxonomy_info":{"product_cat":[{"value":1390,"label":"Figures"}],"pa_brand":[{"value":2084,"label":"Hasbro"}],"pa_character":[{"value":2783,"label":"Iron Man"}],"pa_episode":[{"value":6077,"label":"Iron Man"}],"pa_license":[{"value":1642,"label":"Marvel"}],"pa_product-type":[{"value":2387,"label":"Figure"}],"pa_theme":[{"value":2071,"label":"Marvel Legends Series"}]},"featured_image_src_large":["https:\/\/endormoonstore.com\/wp-content\/uploads\/2021\/05\/Iron-Man-Marvel-Legends-The-Infinity-Saga-Iron-Man-Mark-III-1.jpeg",563,750,false],"author_info":[],"comment_info":"","_links":{"self":[{"href":"https:\/\/endormoonstore.com\/en\/wp-json\/wp\/v2\/product\/106027","targetHints":{"allow":["GET"]}}],"collection":[{"href":"https:\/\/endormoonstore.com\/en\/wp-json\/wp\/v2\/product"}],"about":[{"href":"https:\/\/endormoonstore.com\/en\/wp-json\/wp\/v2\/types\/product"}],"wp:featuredmedia":[{"embeddable":true,"href":"https:\/\/endormoonstore.com\/en\/wp-json\/wp\/v2\/media\/106012"}],"wp:attachment":[{"href":"https:\/\/endormoonstore.com\/en\/wp-json\/wp\/v2\/media?parent=106027"}],"wp:term":[{"taxonomy":"product_cat","embeddable":true,"href":"https:\/\/endormoonstore.com\/en\/wp-json\/wp\/v2\/product_cat?post=106027"},{"taxonomy":"product_tag","embeddable":true,"href":"https:\/\/endormoonstore.com\/en\/wp-json\/wp\/v2\/product_tag?post=106027"}],"curies":[{"name":"wp","href":"https:\/\/api.w.org\/{rel}","templated":true}]}}