{"id":105991,"date":"2021-05-18T14:18:15","date_gmt":"2021-05-18T12:18:15","guid":{"rendered":"https:\/\/endormoonstore.com\/blood-bowl-elf-and-dwarf-biased-referees\/"},"modified":"2022-01-01T00:00:12","modified_gmt":"2021-12-31T23:00:12","slug":"blood-bowl-elf-and-dwarf-biased-referees","status":"publish","type":"product","link":"https:\/\/endormoonstore.com\/en\/blood-bowl-elf-and-dwarf-biased-referees\/","title":{"rendered":"Blood Bowl Elf and Dwarf Biased Referees"},"content":{"rendered":"<p><strong>Blood Bowl Elf and Dwarf Biased Referees<\/strong><\/p>\n<ul>\n<li>Los \u00e1rbitros de Blood Bowl tienen la gran responsabilidad de interpretar y hacer cumplir los escritos sagrados de Nuffle.<\/li>\n<li>Se les conf\u00eda el deber vital de defender los valores de este bello juego y garantizar que ambos equipos sigan estrictamente las reglas y compitan de forma justa.<\/li>\n<li>Menos mal que muchos de ellos est\u00e1n abiertos a los sobornos, porque la verdad es que eso suena un poco aburrido.<\/li>\n<li>Adquiere un \u00c1rbitro poco imparcial para tus partidos, y podr\u00e1s utilizar estas incre\u00edbles miniaturas para recordar cualquier intento de soborno que quede, adem\u00e1s de darle mucho m\u00e1s ambiente a tus partidos.<\/li>\n<li>Estas miniaturas de pl\u00e1stico se suministran en 8 piezas, permiti\u00e9ndote montar un \u00e1rbitro Dwarf y uno Elf. Las miniaturas se suministran con 2 bases redondas de 32 mm.<\/li>\n<\/ul>\n<p>&nbsp;<\/p>\n","protected":false},"excerpt":{"rendered":"<p><strong>Blood Bowl Elf and Dwarf Biased Referees<\/strong><\/p>\n<p>Los \u00e1rbitros de Blood Bowl tienen la gran responsabilidad de interpretar y hacer cumplir los escritos sagrados de Nuffle.<\/p>\n","protected":false},"featured_media":105984,"template":"","meta":{"_acf_changed":false,"_kad_blocks_custom_css":"","_kad_blocks_head_custom_js":"","_kad_blocks_body_custom_js":"","_kad_blocks_footer_custom_js":""},"product_cat":[1386],"product_tag":[],"class_list":{"0":"post-105991","1":"product","2":"type-product","3":"status-publish","4":"has-post-thumbnail","6":"product_cat-miniatures","7":"pa_brand-games-workshop-en","8":"pa_theme-blood-bowl-en","10":"first","11":"instock","12":"taxable","13":"shipping-taxable","14":"purchasable","15":"product-type-simple"},"acf":[],"yoast_head":"<!-- This site is optimized with the Yoast SEO plugin v26.1.1 - https:\/\/yoast.com\/wordpress\/plugins\/seo\/ -->\n<title>Blood Bowl Elf and Dwarf Biased Referees - EndormoonStore<\/title>\n<meta name=\"robots\" content=\"index, follow, max-snippet:-1, max-image-preview:large, max-video-preview:-1\" \/>\n<link rel=\"canonical\" href=\"https:\/\/endormoonstore.com\/en\/blood-bowl-elf-and-dwarf-biased-referees\/\" \/>\n<meta property=\"og:locale\" content=\"en_US\" \/>\n<meta property=\"og:type\" content=\"article\" \/>\n<meta property=\"og:title\" content=\"Blood Bowl Elf and Dwarf Biased Referees - EndormoonStore\" \/>\n<meta property=\"og:description\" content=\"Blood Bowl Elf and Dwarf Biased Referees  Los \u00e1rbitros de Blood Bowl tienen la gran responsabilidad de interpretar y hacer cumplir los escritos sagrados de Nuffle.\" \/>\n<meta property=\"og:url\" content=\"https:\/\/endormoonstore.com\/en\/blood-bowl-elf-and-dwarf-biased-referees\/\" \/>\n<meta property=\"og:site_name\" content=\"EndormoonStore\" \/>\n<meta property=\"article:modified_time\" content=\"2021-12-31T23:00:12+00:00\" \/>\n<meta property=\"og:image\" content=\"https:\/\/endormoonstore.com\/wp-content\/uploads\/2021\/05\/Blood-Bowl-Elf-and-Dwarf-Biased-Referees-1.jpg\" \/>\n\t<meta property=\"og:image:width\" content=\"920\" \/>\n\t<meta property=\"og:image:height\" content=\"950\" \/>\n\t<meta property=\"og:image:type\" content=\"image\/jpeg\" \/>\n<meta name=\"twitter:card\" content=\"summary_large_image\" \/>\n<meta name=\"twitter:label1\" content=\"Est. reading time\" \/>\n\t<meta name=\"twitter:data1\" content=\"1 minute\" \/>\n<script type=\"application\/ld+json\" class=\"yoast-schema-graph\">{\"@context\":\"https:\/\/schema.org\",\"@graph\":[{\"@type\":\"WebPage\",\"@id\":\"https:\/\/endormoonstore.com\/en\/blood-bowl-elf-and-dwarf-biased-referees\/\",\"url\":\"https:\/\/endormoonstore.com\/en\/blood-bowl-elf-and-dwarf-biased-referees\/\",\"name\":\"Blood Bowl Elf and Dwarf Biased Referees - EndormoonStore\",\"isPartOf\":{\"@id\":\"https:\/\/endormoonstore.com\/#website\"},\"primaryImageOfPage\":{\"@id\":\"https:\/\/endormoonstore.com\/en\/blood-bowl-elf-and-dwarf-biased-referees\/#primaryimage\"},\"image\":{\"@id\":\"https:\/\/endormoonstore.com\/en\/blood-bowl-elf-and-dwarf-biased-referees\/#primaryimage\"},\"thumbnailUrl\":\"https:\/\/endormoonstore.com\/wp-content\/uploads\/2021\/05\/Blood-Bowl-Elf-and-Dwarf-Biased-Referees-1.jpg\",\"datePublished\":\"2021-05-18T12:18:15+00:00\",\"dateModified\":\"2021-12-31T23:00:12+00:00\",\"breadcrumb\":{\"@id\":\"https:\/\/endormoonstore.com\/en\/blood-bowl-elf-and-dwarf-biased-referees\/#breadcrumb\"},\"inLanguage\":\"en-US\",\"potentialAction\":[{\"@type\":\"ReadAction\",\"target\":[\"https:\/\/endormoonstore.com\/en\/blood-bowl-elf-and-dwarf-biased-referees\/\"]}]},{\"@type\":\"ImageObject\",\"inLanguage\":\"en-US\",\"@id\":\"https:\/\/endormoonstore.com\/en\/blood-bowl-elf-and-dwarf-biased-referees\/#primaryimage\",\"url\":\"https:\/\/endormoonstore.com\/wp-content\/uploads\/2021\/05\/Blood-Bowl-Elf-and-Dwarf-Biased-Referees-1.jpg\",\"contentUrl\":\"https:\/\/endormoonstore.com\/wp-content\/uploads\/2021\/05\/Blood-Bowl-Elf-and-Dwarf-Biased-Referees-1.jpg\",\"width\":920,\"height\":950},{\"@type\":\"BreadcrumbList\",\"@id\":\"https:\/\/endormoonstore.com\/en\/blood-bowl-elf-and-dwarf-biased-referees\/#breadcrumb\",\"itemListElement\":[{\"@type\":\"ListItem\",\"position\":1,\"name\":\"Shop\",\"item\":\"https:\/\/endormoonstore.com\/en\/shop\/\"},{\"@type\":\"ListItem\",\"position\":2,\"name\":\"Blood Bowl Elf and Dwarf Biased Referees\"}]},{\"@type\":\"WebSite\",\"@id\":\"https:\/\/endormoonstore.com\/#website\",\"url\":\"https:\/\/endormoonstore.com\/\",\"name\":\"EndormoonStore\",\"description\":\"\",\"potentialAction\":[{\"@type\":\"SearchAction\",\"target\":{\"@type\":\"EntryPoint\",\"urlTemplate\":\"https:\/\/endormoonstore.com\/?s={search_term_string}\"},\"query-input\":{\"@type\":\"PropertyValueSpecification\",\"valueRequired\":true,\"valueName\":\"search_term_string\"}}],\"inLanguage\":\"en-US\"}]}<\/script>\n<!-- \/ Yoast SEO plugin. -->","yoast_head_json":{"title":"Blood Bowl Elf and Dwarf Biased Referees - EndormoonStore","robots":{"index":"index","follow":"follow","max-snippet":"max-snippet:-1","max-image-preview":"max-image-preview:large","max-video-preview":"max-video-preview:-1"},"canonical":"https:\/\/endormoonstore.com\/en\/blood-bowl-elf-and-dwarf-biased-referees\/","og_locale":"en_US","og_type":"article","og_title":"Blood Bowl Elf and Dwarf Biased Referees - EndormoonStore","og_description":"Blood Bowl Elf and Dwarf Biased Referees  Los \u00e1rbitros de Blood Bowl tienen la gran responsabilidad de interpretar y hacer cumplir los escritos sagrados de Nuffle.","og_url":"https:\/\/endormoonstore.com\/en\/blood-bowl-elf-and-dwarf-biased-referees\/","og_site_name":"EndormoonStore","article_modified_time":"2021-12-31T23:00:12+00:00","og_image":[{"width":920,"height":950,"url":"https:\/\/endormoonstore.com\/wp-content\/uploads\/2021\/05\/Blood-Bowl-Elf-and-Dwarf-Biased-Referees-1.jpg","type":"image\/jpeg"}],"twitter_card":"summary_large_image","twitter_misc":{"Est. reading time":"1 minute"},"schema":{"@context":"https:\/\/schema.org","@graph":[{"@type":"WebPage","@id":"https:\/\/endormoonstore.com\/en\/blood-bowl-elf-and-dwarf-biased-referees\/","url":"https:\/\/endormoonstore.com\/en\/blood-bowl-elf-and-dwarf-biased-referees\/","name":"Blood Bowl Elf and Dwarf Biased Referees - EndormoonStore","isPartOf":{"@id":"https:\/\/endormoonstore.com\/#website"},"primaryImageOfPage":{"@id":"https:\/\/endormoonstore.com\/en\/blood-bowl-elf-and-dwarf-biased-referees\/#primaryimage"},"image":{"@id":"https:\/\/endormoonstore.com\/en\/blood-bowl-elf-and-dwarf-biased-referees\/#primaryimage"},"thumbnailUrl":"https:\/\/endormoonstore.com\/wp-content\/uploads\/2021\/05\/Blood-Bowl-Elf-and-Dwarf-Biased-Referees-1.jpg","datePublished":"2021-05-18T12:18:15+00:00","dateModified":"2021-12-31T23:00:12+00:00","breadcrumb":{"@id":"https:\/\/endormoonstore.com\/en\/blood-bowl-elf-and-dwarf-biased-referees\/#breadcrumb"},"inLanguage":"en-US","potentialAction":[{"@type":"ReadAction","target":["https:\/\/endormoonstore.com\/en\/blood-bowl-elf-and-dwarf-biased-referees\/"]}]},{"@type":"ImageObject","inLanguage":"en-US","@id":"https:\/\/endormoonstore.com\/en\/blood-bowl-elf-and-dwarf-biased-referees\/#primaryimage","url":"https:\/\/endormoonstore.com\/wp-content\/uploads\/2021\/05\/Blood-Bowl-Elf-and-Dwarf-Biased-Referees-1.jpg","contentUrl":"https:\/\/endormoonstore.com\/wp-content\/uploads\/2021\/05\/Blood-Bowl-Elf-and-Dwarf-Biased-Referees-1.jpg","width":920,"height":950},{"@type":"BreadcrumbList","@id":"https:\/\/endormoonstore.com\/en\/blood-bowl-elf-and-dwarf-biased-referees\/#breadcrumb","itemListElement":[{"@type":"ListItem","position":1,"name":"Shop","item":"https:\/\/endormoonstore.com\/en\/shop\/"},{"@type":"ListItem","position":2,"name":"Blood Bowl Elf and Dwarf Biased Referees"}]},{"@type":"WebSite","@id":"https:\/\/endormoonstore.com\/#website","url":"https:\/\/endormoonstore.com\/","name":"EndormoonStore","description":"","potentialAction":[{"@type":"SearchAction","target":{"@type":"EntryPoint","urlTemplate":"https:\/\/endormoonstore.com\/?s={search_term_string}"},"query-input":{"@type":"PropertyValueSpecification","valueRequired":true,"valueName":"search_term_string"}}],"inLanguage":"en-US"}]}},"taxonomy_info":{"product_cat":[{"value":1386,"label":"Miniatures"}],"pa_brand":[{"value":1758,"label":"Games Workshop"}],"pa_theme":[{"value":2453,"label":"Blood Bowl"}]},"featured_image_src_large":["https:\/\/endormoonstore.com\/wp-content\/uploads\/2021\/05\/Blood-Bowl-Elf-and-Dwarf-Biased-Referees-1.jpg",920,950,false],"author_info":[],"comment_info":"","_links":{"self":[{"href":"https:\/\/endormoonstore.com\/en\/wp-json\/wp\/v2\/product\/105991","targetHints":{"allow":["GET"]}}],"collection":[{"href":"https:\/\/endormoonstore.com\/en\/wp-json\/wp\/v2\/product"}],"about":[{"href":"https:\/\/endormoonstore.com\/en\/wp-json\/wp\/v2\/types\/product"}],"wp:featuredmedia":[{"embeddable":true,"href":"https:\/\/endormoonstore.com\/en\/wp-json\/wp\/v2\/media\/105984"}],"wp:attachment":[{"href":"https:\/\/endormoonstore.com\/en\/wp-json\/wp\/v2\/media?parent=105991"}],"wp:term":[{"taxonomy":"product_cat","embeddable":true,"href":"https:\/\/endormoonstore.com\/en\/wp-json\/wp\/v2\/product_cat?post=105991"},{"taxonomy":"product_tag","embeddable":true,"href":"https:\/\/endormoonstore.com\/en\/wp-json\/wp\/v2\/product_tag?post=105991"}],"curies":[{"name":"wp","href":"https:\/\/api.w.org\/{rel}","templated":true}]}}