{"id":105921,"date":"2021-05-17T20:55:11","date_gmt":"2021-05-17T18:55:11","guid":{"rendered":"https:\/\/endormoonstore.com\/blood-bowl-imperial-nobilitythe-bogenhafen-barons\/"},"modified":"2022-01-01T00:00:12","modified_gmt":"2021-12-31T23:00:12","slug":"blood-bowl-imperial-nobility-the-bogenhafen-barons","status":"publish","type":"product","link":"https:\/\/endormoonstore.com\/en\/blood-bowl-imperial-nobility-the-bogenhafen-barons\/","title":{"rendered":"Blood Bowl  Imperial Nobility The B\u00f6genhafen Barons"},"content":{"rendered":"<p><strong>Blood Bowl Imperial Nobility The B\u00f6genhafen Barons<\/strong><\/p>\n<ul>\n<li>Adem\u00e1s de ser un pasatiempo incre\u00edblemente popular y que cuenta con un p\u00fablico enorme y sorprendentemente variado.<\/li>\n<li>Blood Bowl es tambi\u00e9n un negocio muy muy muy muy rentable.<\/li>\n<li>\u00daltimamente los equipos Imperial Nobility han salido de debajo de las piedras, y los fondos ilimitados de sus patrones est\u00e1n contratando a los mejores jugadores.<\/li>\n<li>Adquiriendo el mejor equipo y las mejores instalaciones de entrenamiento y apoyando a sus equipos mediante campa\u00f1as publicitarias pr\u00e1cticamente ubicuas.<\/li>\n<li>Los B\u00f6genhafen Barons son los m\u00e1s populares de entre ellos tras irrumpir en la liga y cambiarle el rumbo.<\/li>\n<li>Aunque tengan alguna similitud superficial a los equipos Human, los Imperial Nobility tienen unas habilidades distintas, que los convierten en unos rivales correosos.<\/li>\n<li>Adem\u00e1s el plantel cuenta con un buen entrenador, son capaces de ridiculizar a sus oponentes al mismo tiempo que preparan el campo para que los Noble Blitzers marquen un tanto.<\/li>\n<li>Adem\u00e1s, tanto si ganan como si pierden est\u00e1n guap\u00edsimos, gracias al mejor uniforme se haya visto jam\u00e1s sobre la cancha.<\/li>\n<li>En el interior de esta caja multicomponente encontrar\u00e1s todas las piezas que necesitas para montar a los B\u00f6genhafen Barons, un equipo Imperial Nobility para tus partidas de Blood Bowl.<\/li>\n<li><strong>Contiene 12 jugadores.<\/strong><\/li>\n<li>4 Imperial Retainer Linemen,4 Bodyguards,2 Noble Blitzers, 2 Imperial Throwers.<\/li>\n<li>Tambi\u00e9n contiene 2 fichas de turno, 2 monedas, 4 balones, 12 peanas Blood Bowl redondas de 32 mm y una hoja de calcoman\u00edas.<\/li>\n<li>Encontrar\u00e1s las reglas para utilizar a los equipos Imperial Nobility en tus partidas de Blood Bowl en el Reglamento b\u00e1sico de Blood Bowl y el n\u00famero 12 de la revista Spike!<\/li>\n<\/ul>\n<p>&nbsp;<\/p>\n<p>&nbsp;<\/p>\n","protected":false},"excerpt":{"rendered":"<p><strong>Blood Bowl Imperial Nobility The B\u00f6genhafen Barons<\/strong><\/p>\n<p>Adem\u00e1s de ser un pasatiempo incre\u00edblemente popular y que cuenta con un p\u00fablico enorme y sorprendentemente variado. Blood Bowl es tambi\u00e9n un negocio muy muy muy muy rentable.<\/p>\n","protected":false},"featured_media":105912,"template":"","meta":{"_acf_changed":false,"_kad_blocks_custom_css":"","_kad_blocks_head_custom_js":"","_kad_blocks_body_custom_js":"","_kad_blocks_footer_custom_js":""},"product_cat":[1386],"product_tag":[],"class_list":{"0":"post-105921","1":"product","2":"type-product","3":"status-publish","4":"has-post-thumbnail","6":"product_cat-miniatures","7":"pa_brand-games-workshop-en","8":"pa_theme-blood-bowl-en","10":"first","11":"instock","12":"taxable","13":"shipping-taxable","14":"purchasable","15":"product-type-simple"},"acf":[],"yoast_head":"<!-- This site is optimized with the Yoast SEO plugin v26.1.1 - https:\/\/yoast.com\/wordpress\/plugins\/seo\/ -->\n<title>Blood Bowl Imperial Nobility The B\u00f6genhafen Barons - EndormoonStore<\/title>\n<meta name=\"robots\" content=\"index, follow, max-snippet:-1, max-image-preview:large, max-video-preview:-1\" \/>\n<link rel=\"canonical\" href=\"https:\/\/endormoonstore.com\/en\/blood-bowl-imperial-nobility-the-bogenhafen-barons\/\" \/>\n<meta property=\"og:locale\" content=\"en_US\" \/>\n<meta property=\"og:type\" content=\"article\" \/>\n<meta property=\"og:title\" content=\"Blood Bowl Imperial Nobility The B\u00f6genhafen Barons - EndormoonStore\" \/>\n<meta property=\"og:description\" content=\"Blood Bowl Imperial Nobility The B\u00f6genhafen Barons  Adem\u00e1s de ser un pasatiempo incre\u00edblemente popular y que cuenta con un p\u00fablico enorme y sorprendentemente variado. Blood Bowl es tambi\u00e9n un negocio muy muy muy muy rentable.\" \/>\n<meta property=\"og:url\" content=\"https:\/\/endormoonstore.com\/en\/blood-bowl-imperial-nobility-the-bogenhafen-barons\/\" \/>\n<meta property=\"og:site_name\" content=\"EndormoonStore\" \/>\n<meta property=\"article:modified_time\" content=\"2021-12-31T23:00:12+00:00\" \/>\n<meta property=\"og:image\" content=\"https:\/\/endormoonstore.com\/wp-content\/uploads\/2021\/05\/Blood-Bowl-Imperial-NobilityThe-Bo\u0308genhafen-Barons-1.jpg\" \/>\n\t<meta property=\"og:image:width\" content=\"920\" \/>\n\t<meta property=\"og:image:height\" content=\"950\" \/>\n\t<meta property=\"og:image:type\" content=\"image\/jpeg\" \/>\n<meta name=\"twitter:card\" content=\"summary_large_image\" \/>\n<meta name=\"twitter:label1\" content=\"Est. reading time\" \/>\n\t<meta name=\"twitter:data1\" content=\"2 minutes\" \/>\n<script type=\"application\/ld+json\" class=\"yoast-schema-graph\">{\"@context\":\"https:\/\/schema.org\",\"@graph\":[{\"@type\":\"WebPage\",\"@id\":\"https:\/\/endormoonstore.com\/en\/blood-bowl-imperial-nobility-the-bogenhafen-barons\/\",\"url\":\"https:\/\/endormoonstore.com\/en\/blood-bowl-imperial-nobility-the-bogenhafen-barons\/\",\"name\":\"Blood Bowl Imperial Nobility The B\u00f6genhafen Barons - EndormoonStore\",\"isPartOf\":{\"@id\":\"https:\/\/endormoonstore.com\/#website\"},\"primaryImageOfPage\":{\"@id\":\"https:\/\/endormoonstore.com\/en\/blood-bowl-imperial-nobility-the-bogenhafen-barons\/#primaryimage\"},\"image\":{\"@id\":\"https:\/\/endormoonstore.com\/en\/blood-bowl-imperial-nobility-the-bogenhafen-barons\/#primaryimage\"},\"thumbnailUrl\":\"https:\/\/endormoonstore.com\/wp-content\/uploads\/2021\/05\/Blood-Bowl-Imperial-NobilityThe-Bo\u0308genhafen-Barons-1.jpg\",\"datePublished\":\"2021-05-17T18:55:11+00:00\",\"dateModified\":\"2021-12-31T23:00:12+00:00\",\"breadcrumb\":{\"@id\":\"https:\/\/endormoonstore.com\/en\/blood-bowl-imperial-nobility-the-bogenhafen-barons\/#breadcrumb\"},\"inLanguage\":\"en-US\",\"potentialAction\":[{\"@type\":\"ReadAction\",\"target\":[\"https:\/\/endormoonstore.com\/en\/blood-bowl-imperial-nobility-the-bogenhafen-barons\/\"]}]},{\"@type\":\"ImageObject\",\"inLanguage\":\"en-US\",\"@id\":\"https:\/\/endormoonstore.com\/en\/blood-bowl-imperial-nobility-the-bogenhafen-barons\/#primaryimage\",\"url\":\"https:\/\/endormoonstore.com\/wp-content\/uploads\/2021\/05\/Blood-Bowl-Imperial-NobilityThe-Bo\u0308genhafen-Barons-1.jpg\",\"contentUrl\":\"https:\/\/endormoonstore.com\/wp-content\/uploads\/2021\/05\/Blood-Bowl-Imperial-NobilityThe-Bo\u0308genhafen-Barons-1.jpg\",\"width\":920,\"height\":950},{\"@type\":\"BreadcrumbList\",\"@id\":\"https:\/\/endormoonstore.com\/en\/blood-bowl-imperial-nobility-the-bogenhafen-barons\/#breadcrumb\",\"itemListElement\":[{\"@type\":\"ListItem\",\"position\":1,\"name\":\"Shop\",\"item\":\"https:\/\/endormoonstore.com\/en\/shop\/\"},{\"@type\":\"ListItem\",\"position\":2,\"name\":\"Blood Bowl Imperial Nobility The B\u00f6genhafen Barons\"}]},{\"@type\":\"WebSite\",\"@id\":\"https:\/\/endormoonstore.com\/#website\",\"url\":\"https:\/\/endormoonstore.com\/\",\"name\":\"EndormoonStore\",\"description\":\"\",\"potentialAction\":[{\"@type\":\"SearchAction\",\"target\":{\"@type\":\"EntryPoint\",\"urlTemplate\":\"https:\/\/endormoonstore.com\/?s={search_term_string}\"},\"query-input\":{\"@type\":\"PropertyValueSpecification\",\"valueRequired\":true,\"valueName\":\"search_term_string\"}}],\"inLanguage\":\"en-US\"}]}<\/script>\n<!-- \/ Yoast SEO plugin. -->","yoast_head_json":{"title":"Blood Bowl Imperial Nobility The B\u00f6genhafen Barons - EndormoonStore","robots":{"index":"index","follow":"follow","max-snippet":"max-snippet:-1","max-image-preview":"max-image-preview:large","max-video-preview":"max-video-preview:-1"},"canonical":"https:\/\/endormoonstore.com\/en\/blood-bowl-imperial-nobility-the-bogenhafen-barons\/","og_locale":"en_US","og_type":"article","og_title":"Blood Bowl Imperial Nobility The B\u00f6genhafen Barons - EndormoonStore","og_description":"Blood Bowl Imperial Nobility The B\u00f6genhafen Barons  Adem\u00e1s de ser un pasatiempo incre\u00edblemente popular y que cuenta con un p\u00fablico enorme y sorprendentemente variado. Blood Bowl es tambi\u00e9n un negocio muy muy muy muy rentable.","og_url":"https:\/\/endormoonstore.com\/en\/blood-bowl-imperial-nobility-the-bogenhafen-barons\/","og_site_name":"EndormoonStore","article_modified_time":"2021-12-31T23:00:12+00:00","og_image":[{"width":920,"height":950,"url":"https:\/\/endormoonstore.com\/wp-content\/uploads\/2021\/05\/Blood-Bowl-Imperial-NobilityThe-Bo\u0308genhafen-Barons-1.jpg","type":"image\/jpeg"}],"twitter_card":"summary_large_image","twitter_misc":{"Est. reading time":"2 minutes"},"schema":{"@context":"https:\/\/schema.org","@graph":[{"@type":"WebPage","@id":"https:\/\/endormoonstore.com\/en\/blood-bowl-imperial-nobility-the-bogenhafen-barons\/","url":"https:\/\/endormoonstore.com\/en\/blood-bowl-imperial-nobility-the-bogenhafen-barons\/","name":"Blood Bowl Imperial Nobility The B\u00f6genhafen Barons - EndormoonStore","isPartOf":{"@id":"https:\/\/endormoonstore.com\/#website"},"primaryImageOfPage":{"@id":"https:\/\/endormoonstore.com\/en\/blood-bowl-imperial-nobility-the-bogenhafen-barons\/#primaryimage"},"image":{"@id":"https:\/\/endormoonstore.com\/en\/blood-bowl-imperial-nobility-the-bogenhafen-barons\/#primaryimage"},"thumbnailUrl":"https:\/\/endormoonstore.com\/wp-content\/uploads\/2021\/05\/Blood-Bowl-Imperial-NobilityThe-Bo\u0308genhafen-Barons-1.jpg","datePublished":"2021-05-17T18:55:11+00:00","dateModified":"2021-12-31T23:00:12+00:00","breadcrumb":{"@id":"https:\/\/endormoonstore.com\/en\/blood-bowl-imperial-nobility-the-bogenhafen-barons\/#breadcrumb"},"inLanguage":"en-US","potentialAction":[{"@type":"ReadAction","target":["https:\/\/endormoonstore.com\/en\/blood-bowl-imperial-nobility-the-bogenhafen-barons\/"]}]},{"@type":"ImageObject","inLanguage":"en-US","@id":"https:\/\/endormoonstore.com\/en\/blood-bowl-imperial-nobility-the-bogenhafen-barons\/#primaryimage","url":"https:\/\/endormoonstore.com\/wp-content\/uploads\/2021\/05\/Blood-Bowl-Imperial-NobilityThe-Bo\u0308genhafen-Barons-1.jpg","contentUrl":"https:\/\/endormoonstore.com\/wp-content\/uploads\/2021\/05\/Blood-Bowl-Imperial-NobilityThe-Bo\u0308genhafen-Barons-1.jpg","width":920,"height":950},{"@type":"BreadcrumbList","@id":"https:\/\/endormoonstore.com\/en\/blood-bowl-imperial-nobility-the-bogenhafen-barons\/#breadcrumb","itemListElement":[{"@type":"ListItem","position":1,"name":"Shop","item":"https:\/\/endormoonstore.com\/en\/shop\/"},{"@type":"ListItem","position":2,"name":"Blood Bowl Imperial Nobility The B\u00f6genhafen Barons"}]},{"@type":"WebSite","@id":"https:\/\/endormoonstore.com\/#website","url":"https:\/\/endormoonstore.com\/","name":"EndormoonStore","description":"","potentialAction":[{"@type":"SearchAction","target":{"@type":"EntryPoint","urlTemplate":"https:\/\/endormoonstore.com\/?s={search_term_string}"},"query-input":{"@type":"PropertyValueSpecification","valueRequired":true,"valueName":"search_term_string"}}],"inLanguage":"en-US"}]}},"taxonomy_info":{"product_cat":[{"value":1386,"label":"Miniatures"}],"pa_brand":[{"value":1758,"label":"Games Workshop"}],"pa_theme":[{"value":2453,"label":"Blood Bowl"}]},"featured_image_src_large":["https:\/\/endormoonstore.com\/wp-content\/uploads\/2021\/05\/Blood-Bowl-Imperial-NobilityThe-Bo\u0308genhafen-Barons-1.jpg",920,950,false],"author_info":[],"comment_info":"","_links":{"self":[{"href":"https:\/\/endormoonstore.com\/en\/wp-json\/wp\/v2\/product\/105921","targetHints":{"allow":["GET"]}}],"collection":[{"href":"https:\/\/endormoonstore.com\/en\/wp-json\/wp\/v2\/product"}],"about":[{"href":"https:\/\/endormoonstore.com\/en\/wp-json\/wp\/v2\/types\/product"}],"wp:featuredmedia":[{"embeddable":true,"href":"https:\/\/endormoonstore.com\/en\/wp-json\/wp\/v2\/media\/105912"}],"wp:attachment":[{"href":"https:\/\/endormoonstore.com\/en\/wp-json\/wp\/v2\/media?parent=105921"}],"wp:term":[{"taxonomy":"product_cat","embeddable":true,"href":"https:\/\/endormoonstore.com\/en\/wp-json\/wp\/v2\/product_cat?post=105921"},{"taxonomy":"product_tag","embeddable":true,"href":"https:\/\/endormoonstore.com\/en\/wp-json\/wp\/v2\/product_tag?post=105921"}],"curies":[{"name":"wp","href":"https:\/\/api.w.org\/{rel}","templated":true}]}}