{"id":105887,"date":"2021-05-15T16:01:42","date_gmt":"2021-05-15T14:01:42","guid":{"rendered":"https:\/\/endormoonstore.com\/tamiya-honda-cbr1000rr-r-front-fork-set-ref-12690\/"},"modified":"2021-05-15T16:07:42","modified_gmt":"2021-05-15T14:07:42","slug":"tamiya-honda-cbr1000rr-r-front-fork-set-ref-12690","status":"publish","type":"product","link":"https:\/\/endormoonstore.com\/en\/tamiya-honda-cbr1000rr-r-front-fork-set-ref-12690\/","title":{"rendered":"Tamiya Honda CBR1000RR-R Front Fork Set Ref 12690"},"content":{"rendered":"<p><strong>Tamiya Honda CBR1000RR-R Front Fork Set Ref 12690 Escala 1:12<\/strong><\/p>\n<ul>\n<li class=\"p1\">\u00a1Haz que tu modelo de Honda CBR1000RR-R ( Se vende a parte) sea a\u00fan m\u00e1s asombroso con este juego de piezas Detail-Up!<\/li>\n<li class=\"p1\">Incluye tubos exteriores y dep\u00f3sitos de horquilla de aluminio anodizado de color dorado, tubos internos de horquilla de lat\u00f3n chapado en oro, resorte helicoidal amarillo, bases de horquilla de pl\u00e1stico y m\u00e1s.<\/li>\n<li>La maqueta viene sin montar ni montar.<\/li>\n<li>Escala: 1:12.<\/li>\n<\/ul>\n<p>&nbsp;<\/p>\n","protected":false},"excerpt":{"rendered":"<p><strong>Tamiya Honda CBR1000RR-R Front Fork Set Ref 12690 Escala 1:12<\/strong><\/p>\n<p>\u00a1Haz que tu modelo de Honda CBR1000RR-R ( Se vende a parte) sea a\u00fan m\u00e1s asombroso con este juego de piezas Detail-Up!<\/p>\n","protected":false},"featured_media":105884,"template":"","meta":{"_acf_changed":false,"_kad_blocks_custom_css":"","_kad_blocks_head_custom_js":"","_kad_blocks_body_custom_js":"","_kad_blocks_footer_custom_js":""},"product_cat":[1388],"product_tag":[],"class_list":{"0":"post-105887","1":"product","2":"type-product","3":"status-publish","4":"has-post-thumbnail","6":"product_cat-modelism","7":"pa_brand-tamiya-en","8":"pa_manufacturer-honda-en","9":"pa_theme-model-kit-motorcycle","11":"first","12":"instock","13":"taxable","14":"shipping-taxable","15":"purchasable","16":"product-type-simple"},"acf":[],"yoast_head":"<!-- This site is optimized with the Yoast SEO plugin v26.1.1 - https:\/\/yoast.com\/wordpress\/plugins\/seo\/ -->\n<title>Tamiya Honda CBR1000RR-R Front Fork Set Ref 12690 - EndormoonStore<\/title>\n<meta name=\"robots\" content=\"index, follow, max-snippet:-1, max-image-preview:large, max-video-preview:-1\" \/>\n<link rel=\"canonical\" href=\"https:\/\/endormoonstore.com\/en\/tamiya-honda-cbr1000rr-r-front-fork-set-ref-12690\/\" \/>\n<meta property=\"og:locale\" content=\"en_US\" \/>\n<meta property=\"og:type\" content=\"article\" \/>\n<meta property=\"og:title\" content=\"Tamiya Honda CBR1000RR-R Front Fork Set Ref 12690 - EndormoonStore\" \/>\n<meta property=\"og:description\" content=\"Tamiya Honda CBR1000RR-R Front Fork Set Ref 12690 Escala 1:12  \u00a1Haz que tu modelo de Honda CBR1000RR-R ( Se vende a parte) sea a\u00fan m\u00e1s asombroso con este juego de piezas Detail-Up!\" \/>\n<meta property=\"og:url\" content=\"https:\/\/endormoonstore.com\/en\/tamiya-honda-cbr1000rr-r-front-fork-set-ref-12690\/\" \/>\n<meta property=\"og:site_name\" content=\"EndormoonStore\" \/>\n<meta property=\"article:modified_time\" content=\"2021-05-15T14:07:42+00:00\" \/>\n<meta property=\"og:image\" content=\"https:\/\/endormoonstore.com\/wp-content\/uploads\/2021\/05\/Tamiya-Honda-CBR1000RR-R-Front-Fork-Set-Ref-12690-Scala-112.jpeg\" \/>\n\t<meta property=\"og:image:width\" content=\"1000\" \/>\n\t<meta property=\"og:image:height\" content=\"750\" \/>\n\t<meta property=\"og:image:type\" content=\"image\/jpeg\" \/>\n<meta name=\"twitter:card\" content=\"summary_large_image\" \/>\n<meta name=\"twitter:label1\" content=\"Est. reading time\" \/>\n\t<meta name=\"twitter:data1\" content=\"1 minute\" \/>\n<script type=\"application\/ld+json\" class=\"yoast-schema-graph\">{\"@context\":\"https:\/\/schema.org\",\"@graph\":[{\"@type\":\"WebPage\",\"@id\":\"https:\/\/endormoonstore.com\/en\/tamiya-honda-cbr1000rr-r-front-fork-set-ref-12690\/\",\"url\":\"https:\/\/endormoonstore.com\/en\/tamiya-honda-cbr1000rr-r-front-fork-set-ref-12690\/\",\"name\":\"Tamiya Honda CBR1000RR-R Front Fork Set Ref 12690 - EndormoonStore\",\"isPartOf\":{\"@id\":\"https:\/\/endormoonstore.com\/#website\"},\"primaryImageOfPage\":{\"@id\":\"https:\/\/endormoonstore.com\/en\/tamiya-honda-cbr1000rr-r-front-fork-set-ref-12690\/#primaryimage\"},\"image\":{\"@id\":\"https:\/\/endormoonstore.com\/en\/tamiya-honda-cbr1000rr-r-front-fork-set-ref-12690\/#primaryimage\"},\"thumbnailUrl\":\"https:\/\/endormoonstore.com\/wp-content\/uploads\/2021\/05\/Tamiya-Honda-CBR1000RR-R-Front-Fork-Set-Ref-12690-Scala-112.jpeg\",\"datePublished\":\"2021-05-15T14:01:42+00:00\",\"dateModified\":\"2021-05-15T14:07:42+00:00\",\"breadcrumb\":{\"@id\":\"https:\/\/endormoonstore.com\/en\/tamiya-honda-cbr1000rr-r-front-fork-set-ref-12690\/#breadcrumb\"},\"inLanguage\":\"en-US\",\"potentialAction\":[{\"@type\":\"ReadAction\",\"target\":[\"https:\/\/endormoonstore.com\/en\/tamiya-honda-cbr1000rr-r-front-fork-set-ref-12690\/\"]}]},{\"@type\":\"ImageObject\",\"inLanguage\":\"en-US\",\"@id\":\"https:\/\/endormoonstore.com\/en\/tamiya-honda-cbr1000rr-r-front-fork-set-ref-12690\/#primaryimage\",\"url\":\"https:\/\/endormoonstore.com\/wp-content\/uploads\/2021\/05\/Tamiya-Honda-CBR1000RR-R-Front-Fork-Set-Ref-12690-Scala-112.jpeg\",\"contentUrl\":\"https:\/\/endormoonstore.com\/wp-content\/uploads\/2021\/05\/Tamiya-Honda-CBR1000RR-R-Front-Fork-Set-Ref-12690-Scala-112.jpeg\",\"width\":1000,\"height\":750},{\"@type\":\"BreadcrumbList\",\"@id\":\"https:\/\/endormoonstore.com\/en\/tamiya-honda-cbr1000rr-r-front-fork-set-ref-12690\/#breadcrumb\",\"itemListElement\":[{\"@type\":\"ListItem\",\"position\":1,\"name\":\"Shop\",\"item\":\"https:\/\/endormoonstore.com\/en\/shop\/\"},{\"@type\":\"ListItem\",\"position\":2,\"name\":\"Tamiya Honda CBR1000RR-R Front Fork Set Ref 12690\"}]},{\"@type\":\"WebSite\",\"@id\":\"https:\/\/endormoonstore.com\/#website\",\"url\":\"https:\/\/endormoonstore.com\/\",\"name\":\"EndormoonStore\",\"description\":\"\",\"potentialAction\":[{\"@type\":\"SearchAction\",\"target\":{\"@type\":\"EntryPoint\",\"urlTemplate\":\"https:\/\/endormoonstore.com\/?s={search_term_string}\"},\"query-input\":{\"@type\":\"PropertyValueSpecification\",\"valueRequired\":true,\"valueName\":\"search_term_string\"}}],\"inLanguage\":\"en-US\"}]}<\/script>\n<!-- \/ Yoast SEO plugin. -->","yoast_head_json":{"title":"Tamiya Honda CBR1000RR-R Front Fork Set Ref 12690 - EndormoonStore","robots":{"index":"index","follow":"follow","max-snippet":"max-snippet:-1","max-image-preview":"max-image-preview:large","max-video-preview":"max-video-preview:-1"},"canonical":"https:\/\/endormoonstore.com\/en\/tamiya-honda-cbr1000rr-r-front-fork-set-ref-12690\/","og_locale":"en_US","og_type":"article","og_title":"Tamiya Honda CBR1000RR-R Front Fork Set Ref 12690 - EndormoonStore","og_description":"Tamiya Honda CBR1000RR-R Front Fork Set Ref 12690 Escala 1:12  \u00a1Haz que tu modelo de Honda CBR1000RR-R ( Se vende a parte) sea a\u00fan m\u00e1s asombroso con este juego de piezas Detail-Up!","og_url":"https:\/\/endormoonstore.com\/en\/tamiya-honda-cbr1000rr-r-front-fork-set-ref-12690\/","og_site_name":"EndormoonStore","article_modified_time":"2021-05-15T14:07:42+00:00","og_image":[{"width":1000,"height":750,"url":"https:\/\/endormoonstore.com\/wp-content\/uploads\/2021\/05\/Tamiya-Honda-CBR1000RR-R-Front-Fork-Set-Ref-12690-Scala-112.jpeg","type":"image\/jpeg"}],"twitter_card":"summary_large_image","twitter_misc":{"Est. reading time":"1 minute"},"schema":{"@context":"https:\/\/schema.org","@graph":[{"@type":"WebPage","@id":"https:\/\/endormoonstore.com\/en\/tamiya-honda-cbr1000rr-r-front-fork-set-ref-12690\/","url":"https:\/\/endormoonstore.com\/en\/tamiya-honda-cbr1000rr-r-front-fork-set-ref-12690\/","name":"Tamiya Honda CBR1000RR-R Front Fork Set Ref 12690 - EndormoonStore","isPartOf":{"@id":"https:\/\/endormoonstore.com\/#website"},"primaryImageOfPage":{"@id":"https:\/\/endormoonstore.com\/en\/tamiya-honda-cbr1000rr-r-front-fork-set-ref-12690\/#primaryimage"},"image":{"@id":"https:\/\/endormoonstore.com\/en\/tamiya-honda-cbr1000rr-r-front-fork-set-ref-12690\/#primaryimage"},"thumbnailUrl":"https:\/\/endormoonstore.com\/wp-content\/uploads\/2021\/05\/Tamiya-Honda-CBR1000RR-R-Front-Fork-Set-Ref-12690-Scala-112.jpeg","datePublished":"2021-05-15T14:01:42+00:00","dateModified":"2021-05-15T14:07:42+00:00","breadcrumb":{"@id":"https:\/\/endormoonstore.com\/en\/tamiya-honda-cbr1000rr-r-front-fork-set-ref-12690\/#breadcrumb"},"inLanguage":"en-US","potentialAction":[{"@type":"ReadAction","target":["https:\/\/endormoonstore.com\/en\/tamiya-honda-cbr1000rr-r-front-fork-set-ref-12690\/"]}]},{"@type":"ImageObject","inLanguage":"en-US","@id":"https:\/\/endormoonstore.com\/en\/tamiya-honda-cbr1000rr-r-front-fork-set-ref-12690\/#primaryimage","url":"https:\/\/endormoonstore.com\/wp-content\/uploads\/2021\/05\/Tamiya-Honda-CBR1000RR-R-Front-Fork-Set-Ref-12690-Scala-112.jpeg","contentUrl":"https:\/\/endormoonstore.com\/wp-content\/uploads\/2021\/05\/Tamiya-Honda-CBR1000RR-R-Front-Fork-Set-Ref-12690-Scala-112.jpeg","width":1000,"height":750},{"@type":"BreadcrumbList","@id":"https:\/\/endormoonstore.com\/en\/tamiya-honda-cbr1000rr-r-front-fork-set-ref-12690\/#breadcrumb","itemListElement":[{"@type":"ListItem","position":1,"name":"Shop","item":"https:\/\/endormoonstore.com\/en\/shop\/"},{"@type":"ListItem","position":2,"name":"Tamiya Honda CBR1000RR-R Front Fork Set Ref 12690"}]},{"@type":"WebSite","@id":"https:\/\/endormoonstore.com\/#website","url":"https:\/\/endormoonstore.com\/","name":"EndormoonStore","description":"","potentialAction":[{"@type":"SearchAction","target":{"@type":"EntryPoint","urlTemplate":"https:\/\/endormoonstore.com\/?s={search_term_string}"},"query-input":{"@type":"PropertyValueSpecification","valueRequired":true,"valueName":"search_term_string"}}],"inLanguage":"en-US"}]}},"taxonomy_info":{"product_cat":[{"value":1388,"label":"Modelism"}],"pa_brand":[{"value":1761,"label":"Tamiya"}],"pa_manufacturer":[{"value":4250,"label":"Honda"}],"pa_theme":[{"value":7893,"label":"Model Kit Motorcycle"}]},"featured_image_src_large":["https:\/\/endormoonstore.com\/wp-content\/uploads\/2021\/05\/Tamiya-Honda-CBR1000RR-R-Front-Fork-Set-Ref-12690-Scala-112.jpeg",1000,750,false],"author_info":[],"comment_info":"","_links":{"self":[{"href":"https:\/\/endormoonstore.com\/en\/wp-json\/wp\/v2\/product\/105887","targetHints":{"allow":["GET"]}}],"collection":[{"href":"https:\/\/endormoonstore.com\/en\/wp-json\/wp\/v2\/product"}],"about":[{"href":"https:\/\/endormoonstore.com\/en\/wp-json\/wp\/v2\/types\/product"}],"wp:featuredmedia":[{"embeddable":true,"href":"https:\/\/endormoonstore.com\/en\/wp-json\/wp\/v2\/media\/105884"}],"wp:attachment":[{"href":"https:\/\/endormoonstore.com\/en\/wp-json\/wp\/v2\/media?parent=105887"}],"wp:term":[{"taxonomy":"product_cat","embeddable":true,"href":"https:\/\/endormoonstore.com\/en\/wp-json\/wp\/v2\/product_cat?post=105887"},{"taxonomy":"product_tag","embeddable":true,"href":"https:\/\/endormoonstore.com\/en\/wp-json\/wp\/v2\/product_tag?post=105887"}],"curies":[{"name":"wp","href":"https:\/\/api.w.org\/{rel}","templated":true}]}}