{"id":105631,"date":"2021-05-13T20:06:56","date_gmt":"2021-05-13T18:06:56","guid":{"rendered":"https:\/\/endormoonstore.com\/goku-kaio-ken-dragon-ball-z-hqs-by-tsume-scale-1-6\/"},"modified":"2022-04-25T11:03:41","modified_gmt":"2022-04-25T09:03:41","slug":"goku-kaio-ken-dragon-ball-z-hqs-by-tsume-scale-1-6","status":"publish","type":"product","link":"https:\/\/endormoonstore.com\/en\/goku-kaio-ken-dragon-ball-z-hqs-by-tsume-scale-1-6\/","title":{"rendered":"Goku Kaio-ken Dragon Ball Z HQS by Tsume Scale 1\/6"},"content":{"rendered":"<p><strong>Goku Kaio-ken Dragon Ball Z HQS by Tsume Scale 1\/6 Estatua\u00a0<\/strong><\/p>\n<ul>\n<li>\u201c\u00a1\u00a1\u00a0<em>Te voy a aplastar junto con el resto de la Tierra !!\u00a0<\/em><em>\u00a1Adelante, intenta esquivar esto si puedes!\u00a0Incluso si te ahorras, \u00a1la Tierra volar\u00e1 en pedazos!\u00a0\u00a1\u00a1Absolutamente no hay forma de que detengas mi explosi\u00f3n Gyarikku Ho !!\u00a0<\/em><em>\u00a1\u00a1Dejemos que t\u00fa y la Tierra juntos se conviertan en SPACE DUST !! <\/em>-Vegeta<\/li>\n<li><em>&#8220;\u00bf\u00a1Vas a QU\u00c9!? Maldita sea, \u00a1lo pens\u00f3 bien! \u00a1No tengo m\u00e1s remedio que arriesgarme! Veces-tres Kaio-ken\u2026 \u00a1\u00a1\u00a1KAMEHAME-HA !!!!<\/em> &#8221; &#8211; Son Goku<\/li>\n<li>\u00a1Revive el primer encuentro y el primer choque en la Tierra entre Son Goku, el h\u00e9roe de Dragon Ball Z y Vegeta, el Pr\u00edncipe de los Saiyajin, a trav\u00e9s de la realizaci\u00f3n de una explosiva estatua 1\/6 HQS!<\/li>\n<li>Aunque estos dos protagonistas comparten los mismos or\u00edgenes, no comparten el mismo prop\u00f3sito, ya que todo se les opone, \u00a1especialmente sus convicciones!<\/li>\n<li>El despiadado antih\u00e9roe quiere demostrar su indiscutible superioridad a toda costa destruyendo el planeta, sus habitantes y adversario, mientras que el gran defensor de la Tierra pretende utilizar todas sus fuerzas para evitarlo, alimentado por un destructivo deseo de venganza.<\/li>\n<li>Solo hay una soluci\u00f3n: entablar una lucha sin piedad &#8230; \u00a1Que gane el m\u00e1s fuerte!<\/li>\n<li>Determinado a proteger a su familia y vengar a sus amigos, \u00a1Son Goku est\u00e1 decidido a dejar salir su rabia! En realidad, no tiene otra opci\u00f3n, no puede fallar: de su victoria depende la supervivencia de la humanidad.<\/li>\n<li>Lo vemos aqu\u00ed desplegando toda su fuerza y \u200b\u200benerg\u00eda para luchar e intentar derrotar al pr\u00edncipe de Saiyan, preparando un temible ataque ense\u00f1ado por su maestro Kai\u014d-sama: \u00a1el Kaio-ken x3!<\/li>\n<li>\u00a1Un ataque abrumador y destructivo que lo obliga a superar sus l\u00edmites, poniendo as\u00ed su propia vida en peligro!<\/li>\n<li>Reconocemos el lugar del choque gracias al suelo des\u00e9rtico de terracota pintado en una gradaci\u00f3n de tonos marrones, naranjas y rojizos, mientras notamos que las rocas se elevan en el aire debido a la inconmensurable energ\u00eda que ejerce Son Goku.<\/li>\n<li>La rabia y la determinaci\u00f3n del Saiyajin se pueden leer en su despiadada mirada oscura que mantiene fija en su enemigo.<\/li>\n<li>Esta vez har\u00e1 todo lo que est\u00e9 a su alcance para salvar a sus seres queridos: el esfuerzo tit\u00e1nico que genera se transcribe a trav\u00e9s de la expresi\u00f3n feroz de su rostro haciendo muecas, as\u00ed como los m\u00fasculos de su pecho super desarrollado, listos para desgarrarse.<\/li>\n<li>La musculatura supermasiva y protuberante del Saiyajin est\u00e1 subrayada por los efectos de luces y sombras que realizan nuestros pintores, mientras que el aura rojiza que envuelve toda su figura manifiesta su transformaci\u00f3n.<\/li>\n<li>Goku viste su habitual pantal\u00f3n naranja ce\u00f1ido a la cintura por su cintur\u00f3n azul flotando en el aire bajo el efecto del ataque, como su cabello oscuro.<\/li>\n<li>Sus zapatos naranja y azul marino se hunden en el suelo para estabilizarse acumulando la mayor cantidad de energ\u00eda posible.<\/li>\n<li>Rompiendo el suelo bajo el efecto de la energ\u00eda desplegada, con las piernas abiertas, los brazos extendidos, est\u00e1 a punto de desatar todo su poder para recordarle a su asaltante la raz\u00f3n por la que nunca deber\u00eda haber puesto un pie en este planeta.<\/li>\n<li>Entonces lo vemos formando con sus manos una esfera de energ\u00eda en resina transl\u00facida en tonos de azul, mientras que el inmenso aura de energ\u00eda en resina roja transl\u00facida detr\u00e1s de \u00e9l y el polvo que se eleva repentinamente del suelo atestiguan la fuerza del choque causado por el ataque destinado a borrar a su oponente de la faz de la tierra!<\/li>\n<li>La esfera azul de energ\u00eda se puede colocar o no en la palma de las manos de Son Goku gracias a sus brazos intercambiables, mostrando as\u00ed al Saiyan preparando su ataque o incluso atacando, especialmente si se coloca frente a la estatua de Vegeta HQS.<\/li>\n<li>Para dar vida al combate entre los dos s\u00faper guerreros.<\/li>\n<li>Del mismo modo, es posible reemplazar el aura de resina azul transl\u00facida a la izquierda de Son Goku y las que est\u00e1n delante de \u00e9l con rocas, si a\u00fan no ha atacado. Finalmente, el z\u00f3calo est\u00e1 equipado con un LED para hacer que el enfrentamiento sea m\u00e1s grande que la vida y convertir la animaci\u00f3n en realidad.<\/li>\n<li>La estatua es una edici\u00f3n limitada de 3.000 piezas y viene con <strong>una placa numerada\u00a0<\/strong>\u00a0y\u00a0<strong> un certificado de autenticidad.<\/strong><\/li>\n<li>Todos los productos de Tsume art son estatuas coleccionables, no juguetes, son para personas mayores de 14 a\u00f1os.<\/li>\n<li>Todas las piezas se fabrican en edici\u00f3n limitada.<\/li>\n<li>Las descripciones, informaci\u00f3n y fotograf\u00edas que presentan las figuras son la reproducci\u00f3n m\u00e1s precisa posible, pero tienen fines ilustrativos y no tienen valor contractual.<\/li>\n<li>En un esfuerzo por mejorar constantemente la calidad de sus productos, TSUME LTD. puede que tenga que cambiar los patrones de sus productos.<\/li>\n<li>Materiales: Poliresina, PVC, Imanes y Led<\/li>\n<li>Dimensiones de la Estatua 37 cm de alto, 44 cm de ancho y 50 cm de fondo.<\/li>\n<li>Pintores: Micka\u00ebl Gros.\u00a0Eric Jolivalt, Aude Pastor, Maxime Roudaut, Laurent Roussel<\/li>\n<li>Preparadores:Christophe Sperto, Maxime Roudaut<\/li>\n<li>Ingenier\u00eda T\u00e9cnica: Patrick Tran, Laurent Roussel<\/li>\n<li>Concepto 3d y 2d: Patrick Tran y JonGo! Respectivamente.<\/li>\n<li>Direcci\u00f3n art\u00edstica: \u00a1Cyril Marchiol, Cyril Farudja, JonGo!<\/li>\n<li><strong>Due to oversized package dimensions, this product may not be able to ship to all countries. Customer Service will contact you if there is a problem with your shipment.<\/strong><\/li>\n<\/ul>\n","protected":false},"excerpt":{"rendered":"<p><strong>Goku Kaio-ken Dragon Ball Z HQS by Tsume Scale 1\/6 Estatua\u00a0<\/strong><\/p>\n<p>\u00a1Revive el primer encuentro y el primer choque en la Tierra entre Son Goku, el h\u00e9roe de Dragon Ball Z y Vegeta, el Pr\u00edncipe de los Saiyajin, a trav\u00e9s de la realizaci\u00f3n de una explosiva estatua 1\/6 HQS!<\/p>\n","protected":false},"featured_media":105590,"template":"","meta":{"_acf_changed":false,"_kad_blocks_custom_css":"","_kad_blocks_head_custom_js":"","_kad_blocks_body_custom_js":"","_kad_blocks_footer_custom_js":""},"product_cat":[1384],"product_tag":[],"class_list":{"0":"post-105631","1":"product","2":"type-product","3":"status-publish","4":"has-post-thumbnail","6":"product_cat-pre-orders","7":"pa_brand-tsume-arts-en","8":"pa_character-son-goku-en","9":"pa_license-dragon-ball-en","10":"pa_product-type-statue","11":"pa_theme-hqs-by-tsume-en","13":"first","14":"outofstock","15":"taxable","16":"shipping-taxable","17":"purchasable","18":"product-type-simple"},"acf":[],"yoast_head":"<!-- This site is optimized with the Yoast SEO plugin v26.1.1 - https:\/\/yoast.com\/wordpress\/plugins\/seo\/ -->\n<title>Goku Kaio-ken Dragon Ball Z HQS by Tsume Scale 1\/6 - EndormoonStore<\/title>\n<meta name=\"robots\" content=\"index, follow, max-snippet:-1, max-image-preview:large, max-video-preview:-1\" \/>\n<link rel=\"canonical\" href=\"https:\/\/endormoonstore.com\/en\/goku-kaio-ken-dragon-ball-z-hqs-by-tsume-scale-1-6\/\" \/>\n<meta property=\"og:locale\" content=\"en_US\" \/>\n<meta property=\"og:type\" content=\"article\" \/>\n<meta property=\"og:title\" content=\"Goku Kaio-ken Dragon Ball Z HQS by Tsume Scale 1\/6 - EndormoonStore\" \/>\n<meta property=\"og:description\" content=\"Goku Kaio-ken Dragon Ball Z HQS by Tsume Scale 1\/6 Estatua\u00a0  \u00a1Revive el primer encuentro y el primer choque en la Tierra entre Son Goku, el h\u00e9roe de Dragon Ball Z y Vegeta, el Pr\u00edncipe de los Saiyajin, a trav\u00e9s de la realizaci\u00f3n de una explosiva estatua 1\/6 HQS!\" \/>\n<meta property=\"og:url\" content=\"https:\/\/endormoonstore.com\/en\/goku-kaio-ken-dragon-ball-z-hqs-by-tsume-scale-1-6\/\" \/>\n<meta property=\"og:site_name\" content=\"EndormoonStore\" \/>\n<meta property=\"article:modified_time\" content=\"2022-04-25T09:03:41+00:00\" \/>\n<meta property=\"og:image\" content=\"https:\/\/endormoonstore.com\/wp-content\/uploads\/2021\/05\/Goku-Kaio-ken-Dragon-Ball-Z-HQS-by-Tsume-1-1.jpg\" \/>\n\t<meta property=\"og:image:width\" content=\"1000\" \/>\n\t<meta property=\"og:image:height\" content=\"1163\" \/>\n\t<meta property=\"og:image:type\" content=\"image\/jpeg\" \/>\n<meta name=\"twitter:card\" content=\"summary_large_image\" \/>\n<meta name=\"twitter:label1\" content=\"Est. reading time\" \/>\n\t<meta name=\"twitter:data1\" content=\"4 minutes\" \/>\n<script type=\"application\/ld+json\" class=\"yoast-schema-graph\">{\"@context\":\"https:\/\/schema.org\",\"@graph\":[{\"@type\":\"WebPage\",\"@id\":\"https:\/\/endormoonstore.com\/en\/goku-kaio-ken-dragon-ball-z-hqs-by-tsume-scale-1-6\/\",\"url\":\"https:\/\/endormoonstore.com\/en\/goku-kaio-ken-dragon-ball-z-hqs-by-tsume-scale-1-6\/\",\"name\":\"Goku Kaio-ken Dragon Ball Z HQS by Tsume Scale 1\/6 - EndormoonStore\",\"isPartOf\":{\"@id\":\"https:\/\/endormoonstore.com\/#website\"},\"primaryImageOfPage\":{\"@id\":\"https:\/\/endormoonstore.com\/en\/goku-kaio-ken-dragon-ball-z-hqs-by-tsume-scale-1-6\/#primaryimage\"},\"image\":{\"@id\":\"https:\/\/endormoonstore.com\/en\/goku-kaio-ken-dragon-ball-z-hqs-by-tsume-scale-1-6\/#primaryimage\"},\"thumbnailUrl\":\"https:\/\/endormoonstore.com\/wp-content\/uploads\/2021\/05\/Goku-Kaio-ken-Dragon-Ball-Z-HQS-by-Tsume-1-1.jpg\",\"datePublished\":\"2021-05-13T18:06:56+00:00\",\"dateModified\":\"2022-04-25T09:03:41+00:00\",\"breadcrumb\":{\"@id\":\"https:\/\/endormoonstore.com\/en\/goku-kaio-ken-dragon-ball-z-hqs-by-tsume-scale-1-6\/#breadcrumb\"},\"inLanguage\":\"en-US\",\"potentialAction\":[{\"@type\":\"ReadAction\",\"target\":[\"https:\/\/endormoonstore.com\/en\/goku-kaio-ken-dragon-ball-z-hqs-by-tsume-scale-1-6\/\"]}]},{\"@type\":\"ImageObject\",\"inLanguage\":\"en-US\",\"@id\":\"https:\/\/endormoonstore.com\/en\/goku-kaio-ken-dragon-ball-z-hqs-by-tsume-scale-1-6\/#primaryimage\",\"url\":\"https:\/\/endormoonstore.com\/wp-content\/uploads\/2021\/05\/Goku-Kaio-ken-Dragon-Ball-Z-HQS-by-Tsume-1-1.jpg\",\"contentUrl\":\"https:\/\/endormoonstore.com\/wp-content\/uploads\/2021\/05\/Goku-Kaio-ken-Dragon-Ball-Z-HQS-by-Tsume-1-1.jpg\",\"width\":1000,\"height\":1163},{\"@type\":\"BreadcrumbList\",\"@id\":\"https:\/\/endormoonstore.com\/en\/goku-kaio-ken-dragon-ball-z-hqs-by-tsume-scale-1-6\/#breadcrumb\",\"itemListElement\":[{\"@type\":\"ListItem\",\"position\":1,\"name\":\"Shop\",\"item\":\"https:\/\/endormoonstore.com\/en\/shop\/\"},{\"@type\":\"ListItem\",\"position\":2,\"name\":\"Goku Kaio-ken Dragon Ball Z HQS by Tsume Scale 1\/6\"}]},{\"@type\":\"WebSite\",\"@id\":\"https:\/\/endormoonstore.com\/#website\",\"url\":\"https:\/\/endormoonstore.com\/\",\"name\":\"EndormoonStore\",\"description\":\"\",\"potentialAction\":[{\"@type\":\"SearchAction\",\"target\":{\"@type\":\"EntryPoint\",\"urlTemplate\":\"https:\/\/endormoonstore.com\/?s={search_term_string}\"},\"query-input\":{\"@type\":\"PropertyValueSpecification\",\"valueRequired\":true,\"valueName\":\"search_term_string\"}}],\"inLanguage\":\"en-US\"}]}<\/script>\n<!-- \/ Yoast SEO plugin. -->","yoast_head_json":{"title":"Goku Kaio-ken Dragon Ball Z HQS by Tsume Scale 1\/6 - EndormoonStore","robots":{"index":"index","follow":"follow","max-snippet":"max-snippet:-1","max-image-preview":"max-image-preview:large","max-video-preview":"max-video-preview:-1"},"canonical":"https:\/\/endormoonstore.com\/en\/goku-kaio-ken-dragon-ball-z-hqs-by-tsume-scale-1-6\/","og_locale":"en_US","og_type":"article","og_title":"Goku Kaio-ken Dragon Ball Z HQS by Tsume Scale 1\/6 - EndormoonStore","og_description":"Goku Kaio-ken Dragon Ball Z HQS by Tsume Scale 1\/6 Estatua\u00a0  \u00a1Revive el primer encuentro y el primer choque en la Tierra entre Son Goku, el h\u00e9roe de Dragon Ball Z y Vegeta, el Pr\u00edncipe de los Saiyajin, a trav\u00e9s de la realizaci\u00f3n de una explosiva estatua 1\/6 HQS!","og_url":"https:\/\/endormoonstore.com\/en\/goku-kaio-ken-dragon-ball-z-hqs-by-tsume-scale-1-6\/","og_site_name":"EndormoonStore","article_modified_time":"2022-04-25T09:03:41+00:00","og_image":[{"width":1000,"height":1163,"url":"https:\/\/endormoonstore.com\/wp-content\/uploads\/2021\/05\/Goku-Kaio-ken-Dragon-Ball-Z-HQS-by-Tsume-1-1.jpg","type":"image\/jpeg"}],"twitter_card":"summary_large_image","twitter_misc":{"Est. reading time":"4 minutes"},"schema":{"@context":"https:\/\/schema.org","@graph":[{"@type":"WebPage","@id":"https:\/\/endormoonstore.com\/en\/goku-kaio-ken-dragon-ball-z-hqs-by-tsume-scale-1-6\/","url":"https:\/\/endormoonstore.com\/en\/goku-kaio-ken-dragon-ball-z-hqs-by-tsume-scale-1-6\/","name":"Goku Kaio-ken Dragon Ball Z HQS by Tsume Scale 1\/6 - EndormoonStore","isPartOf":{"@id":"https:\/\/endormoonstore.com\/#website"},"primaryImageOfPage":{"@id":"https:\/\/endormoonstore.com\/en\/goku-kaio-ken-dragon-ball-z-hqs-by-tsume-scale-1-6\/#primaryimage"},"image":{"@id":"https:\/\/endormoonstore.com\/en\/goku-kaio-ken-dragon-ball-z-hqs-by-tsume-scale-1-6\/#primaryimage"},"thumbnailUrl":"https:\/\/endormoonstore.com\/wp-content\/uploads\/2021\/05\/Goku-Kaio-ken-Dragon-Ball-Z-HQS-by-Tsume-1-1.jpg","datePublished":"2021-05-13T18:06:56+00:00","dateModified":"2022-04-25T09:03:41+00:00","breadcrumb":{"@id":"https:\/\/endormoonstore.com\/en\/goku-kaio-ken-dragon-ball-z-hqs-by-tsume-scale-1-6\/#breadcrumb"},"inLanguage":"en-US","potentialAction":[{"@type":"ReadAction","target":["https:\/\/endormoonstore.com\/en\/goku-kaio-ken-dragon-ball-z-hqs-by-tsume-scale-1-6\/"]}]},{"@type":"ImageObject","inLanguage":"en-US","@id":"https:\/\/endormoonstore.com\/en\/goku-kaio-ken-dragon-ball-z-hqs-by-tsume-scale-1-6\/#primaryimage","url":"https:\/\/endormoonstore.com\/wp-content\/uploads\/2021\/05\/Goku-Kaio-ken-Dragon-Ball-Z-HQS-by-Tsume-1-1.jpg","contentUrl":"https:\/\/endormoonstore.com\/wp-content\/uploads\/2021\/05\/Goku-Kaio-ken-Dragon-Ball-Z-HQS-by-Tsume-1-1.jpg","width":1000,"height":1163},{"@type":"BreadcrumbList","@id":"https:\/\/endormoonstore.com\/en\/goku-kaio-ken-dragon-ball-z-hqs-by-tsume-scale-1-6\/#breadcrumb","itemListElement":[{"@type":"ListItem","position":1,"name":"Shop","item":"https:\/\/endormoonstore.com\/en\/shop\/"},{"@type":"ListItem","position":2,"name":"Goku Kaio-ken Dragon Ball Z HQS by Tsume Scale 1\/6"}]},{"@type":"WebSite","@id":"https:\/\/endormoonstore.com\/#website","url":"https:\/\/endormoonstore.com\/","name":"EndormoonStore","description":"","potentialAction":[{"@type":"SearchAction","target":{"@type":"EntryPoint","urlTemplate":"https:\/\/endormoonstore.com\/?s={search_term_string}"},"query-input":{"@type":"PropertyValueSpecification","valueRequired":true,"valueName":"search_term_string"}}],"inLanguage":"en-US"}]}},"taxonomy_info":{"product_cat":[{"value":1384,"label":"Pre-orders"}],"pa_brand":[{"value":7839,"label":"Tsume Arts"}],"pa_character":[{"value":2234,"label":"Son Goku"}],"pa_license":[{"value":2240,"label":"Dragon Ball"}],"pa_product-type":[{"value":2357,"label":"Statue"}],"pa_theme":[{"value":7845,"label":"HQS by Tsume"}]},"featured_image_src_large":["https:\/\/endormoonstore.com\/wp-content\/uploads\/2021\/05\/Goku-Kaio-ken-Dragon-Ball-Z-HQS-by-Tsume-1-1.jpg",1000,1163,false],"author_info":[],"comment_info":"","_links":{"self":[{"href":"https:\/\/endormoonstore.com\/en\/wp-json\/wp\/v2\/product\/105631","targetHints":{"allow":["GET"]}}],"collection":[{"href":"https:\/\/endormoonstore.com\/en\/wp-json\/wp\/v2\/product"}],"about":[{"href":"https:\/\/endormoonstore.com\/en\/wp-json\/wp\/v2\/types\/product"}],"wp:featuredmedia":[{"embeddable":true,"href":"https:\/\/endormoonstore.com\/en\/wp-json\/wp\/v2\/media\/105590"}],"wp:attachment":[{"href":"https:\/\/endormoonstore.com\/en\/wp-json\/wp\/v2\/media?parent=105631"}],"wp:term":[{"taxonomy":"product_cat","embeddable":true,"href":"https:\/\/endormoonstore.com\/en\/wp-json\/wp\/v2\/product_cat?post=105631"},{"taxonomy":"product_tag","embeddable":true,"href":"https:\/\/endormoonstore.com\/en\/wp-json\/wp\/v2\/product_tag?post=105631"}],"curies":[{"name":"wp","href":"https:\/\/api.w.org\/{rel}","templated":true}]}}