{"id":105553,"date":"2021-05-13T15:47:27","date_gmt":"2021-05-13T13:47:27","guid":{"rendered":"https:\/\/endormoonstore.com\/inosuke-hashiraba-beast-breathing-demon-slayer-kimetsu-no-yaiba-figuarts-zero\/"},"modified":"2021-11-17T11:29:02","modified_gmt":"2021-11-17T10:29:02","slug":"inosuke-hashiraba-beast-breathing-demon-slayer-kimetsu-no-yaiba-figuarts-zero","status":"publish","type":"product","link":"https:\/\/endormoonstore.com\/en\/inosuke-hashiraba-beast-breathing-demon-slayer-kimetsu-no-yaiba-figuarts-zero\/","title":{"rendered":"Inosuke Hashiraba Beast Breathing Demon Slayer Kimetsu no Yaiba Figuarts Zero"},"content":{"rendered":"<p><strong>Inosuke Hashiraba Beast Breathing Demon Slayer Kimetsu no Yaiba Figuarts Zero Figura 16 cm<\/strong><\/p>\n<ul>\n<li>Tamashii Nations presenta en su version Figuarts Zero la figura de Inosuke de la serie &#8220;Kimetsu No Yaiba (Demon Slayer)&#8221;.<\/li>\n<li>Est\u00e1 hecha de PVC y mide unos 16 cm y vienen con una base soporte que te permitir\u00e1 sujetarla para su exposici\u00f3n.<\/li>\n<li>Incluye una cabeza alternativa de jabali.<\/li>\n<\/ul>\n<p>&nbsp;<\/p>\n","protected":false},"excerpt":{"rendered":"<p><strong>Inosuke Hashiraba Beast Breathing Demon Slayer Kimetsu no Yaiba Figuarts Zero Figura 16 cm<\/strong><\/p>\n<p>Tamashii Nations presenta en su version Figuarts Zero la figura de Inosuke de la serie &#8220;Kimetsu No Yaiba (Demon Slayer)&#8221;.<\/p>\n","protected":false},"featured_media":105542,"template":"","meta":{"_acf_changed":false,"_kad_blocks_custom_css":"","_kad_blocks_head_custom_js":"","_kad_blocks_body_custom_js":"","_kad_blocks_footer_custom_js":""},"product_cat":[1390],"product_tag":[],"class_list":{"0":"post-105553","1":"product","2":"type-product","3":"status-publish","4":"has-post-thumbnail","6":"product_cat-figures","7":"pa_brand-tamashii-nations-en","8":"pa_character-inosuke-hashibira-en","9":"pa_license-kimetsu-no-yaiba-demon-slayer-en","10":"pa_product-type-figure","12":"first","13":"outofstock","14":"taxable","15":"shipping-taxable","16":"purchasable","17":"product-type-simple"},"acf":[],"yoast_head":"<!-- This site is optimized with the Yoast SEO plugin v26.1.1 - https:\/\/yoast.com\/wordpress\/plugins\/seo\/ -->\n<title>Inosuke Hashiraba Beast Breathing Demon Slayer Kimetsu no Yaiba Figuarts Zero - EndormoonStore<\/title>\n<meta name=\"robots\" content=\"index, follow, max-snippet:-1, max-image-preview:large, max-video-preview:-1\" \/>\n<link rel=\"canonical\" href=\"https:\/\/endormoonstore.com\/en\/inosuke-hashiraba-beast-breathing-demon-slayer-kimetsu-no-yaiba-figuarts-zero\/\" \/>\n<meta property=\"og:locale\" content=\"en_US\" \/>\n<meta property=\"og:type\" content=\"article\" \/>\n<meta property=\"og:title\" content=\"Inosuke Hashiraba Beast Breathing Demon Slayer Kimetsu no Yaiba Figuarts Zero - EndormoonStore\" \/>\n<meta property=\"og:description\" content=\"Inosuke Hashiraba Beast Breathing Demon Slayer Kimetsu no Yaiba Figuarts Zero Figura 16 cm  Tamashii Nations presenta en su version Figuarts Zero la figura de Inosuke de la serie &quot;Kimetsu No Yaiba (Demon Slayer)&quot;.\" \/>\n<meta property=\"og:url\" content=\"https:\/\/endormoonstore.com\/en\/inosuke-hashiraba-beast-breathing-demon-slayer-kimetsu-no-yaiba-figuarts-zero\/\" \/>\n<meta property=\"og:site_name\" content=\"EndormoonStore\" \/>\n<meta property=\"article:modified_time\" content=\"2021-11-17T10:29:02+00:00\" \/>\n<meta property=\"og:image\" content=\"https:\/\/endormoonstore.com\/wp-content\/uploads\/2021\/05\/Inosuke-Hashiraba-Beast-Breathing-Demon-Slayer-Kimetsu-no-Yaiba-Figuarts-Zero-1.jpg\" \/>\n\t<meta property=\"og:image:width\" content=\"800\" \/>\n\t<meta property=\"og:image:height\" content=\"1000\" \/>\n\t<meta property=\"og:image:type\" content=\"image\/jpeg\" \/>\n<meta name=\"twitter:card\" content=\"summary_large_image\" \/>\n<meta name=\"twitter:label1\" content=\"Est. reading time\" \/>\n\t<meta name=\"twitter:data1\" content=\"1 minute\" \/>\n<script type=\"application\/ld+json\" class=\"yoast-schema-graph\">{\"@context\":\"https:\/\/schema.org\",\"@graph\":[{\"@type\":\"WebPage\",\"@id\":\"https:\/\/endormoonstore.com\/en\/inosuke-hashiraba-beast-breathing-demon-slayer-kimetsu-no-yaiba-figuarts-zero\/\",\"url\":\"https:\/\/endormoonstore.com\/en\/inosuke-hashiraba-beast-breathing-demon-slayer-kimetsu-no-yaiba-figuarts-zero\/\",\"name\":\"Inosuke Hashiraba Beast Breathing Demon Slayer Kimetsu no Yaiba Figuarts Zero - EndormoonStore\",\"isPartOf\":{\"@id\":\"https:\/\/endormoonstore.com\/#website\"},\"primaryImageOfPage\":{\"@id\":\"https:\/\/endormoonstore.com\/en\/inosuke-hashiraba-beast-breathing-demon-slayer-kimetsu-no-yaiba-figuarts-zero\/#primaryimage\"},\"image\":{\"@id\":\"https:\/\/endormoonstore.com\/en\/inosuke-hashiraba-beast-breathing-demon-slayer-kimetsu-no-yaiba-figuarts-zero\/#primaryimage\"},\"thumbnailUrl\":\"https:\/\/endormoonstore.com\/wp-content\/uploads\/2021\/05\/Inosuke-Hashiraba-Beast-Breathing-Demon-Slayer-Kimetsu-no-Yaiba-Figuarts-Zero-1.jpg\",\"datePublished\":\"2021-05-13T13:47:27+00:00\",\"dateModified\":\"2021-11-17T10:29:02+00:00\",\"breadcrumb\":{\"@id\":\"https:\/\/endormoonstore.com\/en\/inosuke-hashiraba-beast-breathing-demon-slayer-kimetsu-no-yaiba-figuarts-zero\/#breadcrumb\"},\"inLanguage\":\"en-US\",\"potentialAction\":[{\"@type\":\"ReadAction\",\"target\":[\"https:\/\/endormoonstore.com\/en\/inosuke-hashiraba-beast-breathing-demon-slayer-kimetsu-no-yaiba-figuarts-zero\/\"]}]},{\"@type\":\"ImageObject\",\"inLanguage\":\"en-US\",\"@id\":\"https:\/\/endormoonstore.com\/en\/inosuke-hashiraba-beast-breathing-demon-slayer-kimetsu-no-yaiba-figuarts-zero\/#primaryimage\",\"url\":\"https:\/\/endormoonstore.com\/wp-content\/uploads\/2021\/05\/Inosuke-Hashiraba-Beast-Breathing-Demon-Slayer-Kimetsu-no-Yaiba-Figuarts-Zero-1.jpg\",\"contentUrl\":\"https:\/\/endormoonstore.com\/wp-content\/uploads\/2021\/05\/Inosuke-Hashiraba-Beast-Breathing-Demon-Slayer-Kimetsu-no-Yaiba-Figuarts-Zero-1.jpg\",\"width\":800,\"height\":1000},{\"@type\":\"BreadcrumbList\",\"@id\":\"https:\/\/endormoonstore.com\/en\/inosuke-hashiraba-beast-breathing-demon-slayer-kimetsu-no-yaiba-figuarts-zero\/#breadcrumb\",\"itemListElement\":[{\"@type\":\"ListItem\",\"position\":1,\"name\":\"Shop\",\"item\":\"https:\/\/endormoonstore.com\/en\/shop\/\"},{\"@type\":\"ListItem\",\"position\":2,\"name\":\"Inosuke Hashiraba Beast Breathing Demon Slayer Kimetsu no Yaiba Figuarts Zero\"}]},{\"@type\":\"WebSite\",\"@id\":\"https:\/\/endormoonstore.com\/#website\",\"url\":\"https:\/\/endormoonstore.com\/\",\"name\":\"EndormoonStore\",\"description\":\"\",\"potentialAction\":[{\"@type\":\"SearchAction\",\"target\":{\"@type\":\"EntryPoint\",\"urlTemplate\":\"https:\/\/endormoonstore.com\/?s={search_term_string}\"},\"query-input\":{\"@type\":\"PropertyValueSpecification\",\"valueRequired\":true,\"valueName\":\"search_term_string\"}}],\"inLanguage\":\"en-US\"}]}<\/script>\n<!-- \/ Yoast SEO plugin. -->","yoast_head_json":{"title":"Inosuke Hashiraba Beast Breathing Demon Slayer Kimetsu no Yaiba Figuarts Zero - EndormoonStore","robots":{"index":"index","follow":"follow","max-snippet":"max-snippet:-1","max-image-preview":"max-image-preview:large","max-video-preview":"max-video-preview:-1"},"canonical":"https:\/\/endormoonstore.com\/en\/inosuke-hashiraba-beast-breathing-demon-slayer-kimetsu-no-yaiba-figuarts-zero\/","og_locale":"en_US","og_type":"article","og_title":"Inosuke Hashiraba Beast Breathing Demon Slayer Kimetsu no Yaiba Figuarts Zero - EndormoonStore","og_description":"Inosuke Hashiraba Beast Breathing Demon Slayer Kimetsu no Yaiba Figuarts Zero Figura 16 cm  Tamashii Nations presenta en su version Figuarts Zero la figura de Inosuke de la serie \"Kimetsu No Yaiba (Demon Slayer)\".","og_url":"https:\/\/endormoonstore.com\/en\/inosuke-hashiraba-beast-breathing-demon-slayer-kimetsu-no-yaiba-figuarts-zero\/","og_site_name":"EndormoonStore","article_modified_time":"2021-11-17T10:29:02+00:00","og_image":[{"width":800,"height":1000,"url":"https:\/\/endormoonstore.com\/wp-content\/uploads\/2021\/05\/Inosuke-Hashiraba-Beast-Breathing-Demon-Slayer-Kimetsu-no-Yaiba-Figuarts-Zero-1.jpg","type":"image\/jpeg"}],"twitter_card":"summary_large_image","twitter_misc":{"Est. reading time":"1 minute"},"schema":{"@context":"https:\/\/schema.org","@graph":[{"@type":"WebPage","@id":"https:\/\/endormoonstore.com\/en\/inosuke-hashiraba-beast-breathing-demon-slayer-kimetsu-no-yaiba-figuarts-zero\/","url":"https:\/\/endormoonstore.com\/en\/inosuke-hashiraba-beast-breathing-demon-slayer-kimetsu-no-yaiba-figuarts-zero\/","name":"Inosuke Hashiraba Beast Breathing Demon Slayer Kimetsu no Yaiba Figuarts Zero - EndormoonStore","isPartOf":{"@id":"https:\/\/endormoonstore.com\/#website"},"primaryImageOfPage":{"@id":"https:\/\/endormoonstore.com\/en\/inosuke-hashiraba-beast-breathing-demon-slayer-kimetsu-no-yaiba-figuarts-zero\/#primaryimage"},"image":{"@id":"https:\/\/endormoonstore.com\/en\/inosuke-hashiraba-beast-breathing-demon-slayer-kimetsu-no-yaiba-figuarts-zero\/#primaryimage"},"thumbnailUrl":"https:\/\/endormoonstore.com\/wp-content\/uploads\/2021\/05\/Inosuke-Hashiraba-Beast-Breathing-Demon-Slayer-Kimetsu-no-Yaiba-Figuarts-Zero-1.jpg","datePublished":"2021-05-13T13:47:27+00:00","dateModified":"2021-11-17T10:29:02+00:00","breadcrumb":{"@id":"https:\/\/endormoonstore.com\/en\/inosuke-hashiraba-beast-breathing-demon-slayer-kimetsu-no-yaiba-figuarts-zero\/#breadcrumb"},"inLanguage":"en-US","potentialAction":[{"@type":"ReadAction","target":["https:\/\/endormoonstore.com\/en\/inosuke-hashiraba-beast-breathing-demon-slayer-kimetsu-no-yaiba-figuarts-zero\/"]}]},{"@type":"ImageObject","inLanguage":"en-US","@id":"https:\/\/endormoonstore.com\/en\/inosuke-hashiraba-beast-breathing-demon-slayer-kimetsu-no-yaiba-figuarts-zero\/#primaryimage","url":"https:\/\/endormoonstore.com\/wp-content\/uploads\/2021\/05\/Inosuke-Hashiraba-Beast-Breathing-Demon-Slayer-Kimetsu-no-Yaiba-Figuarts-Zero-1.jpg","contentUrl":"https:\/\/endormoonstore.com\/wp-content\/uploads\/2021\/05\/Inosuke-Hashiraba-Beast-Breathing-Demon-Slayer-Kimetsu-no-Yaiba-Figuarts-Zero-1.jpg","width":800,"height":1000},{"@type":"BreadcrumbList","@id":"https:\/\/endormoonstore.com\/en\/inosuke-hashiraba-beast-breathing-demon-slayer-kimetsu-no-yaiba-figuarts-zero\/#breadcrumb","itemListElement":[{"@type":"ListItem","position":1,"name":"Shop","item":"https:\/\/endormoonstore.com\/en\/shop\/"},{"@type":"ListItem","position":2,"name":"Inosuke Hashiraba Beast Breathing Demon Slayer Kimetsu no Yaiba Figuarts Zero"}]},{"@type":"WebSite","@id":"https:\/\/endormoonstore.com\/#website","url":"https:\/\/endormoonstore.com\/","name":"EndormoonStore","description":"","potentialAction":[{"@type":"SearchAction","target":{"@type":"EntryPoint","urlTemplate":"https:\/\/endormoonstore.com\/?s={search_term_string}"},"query-input":{"@type":"PropertyValueSpecification","valueRequired":true,"valueName":"search_term_string"}}],"inLanguage":"en-US"}]}},"taxonomy_info":{"product_cat":[{"value":1390,"label":"Figures"}],"pa_brand":[{"value":2096,"label":"Tamashii Nations"}],"pa_character":[{"value":11073,"label":"Inosuke Hashibira"}],"pa_license":[{"value":2609,"label":"Kimetsu no Yaiba: Demon Slayer"}],"pa_product-type":[{"value":2387,"label":"Figure"}]},"featured_image_src_large":["https:\/\/endormoonstore.com\/wp-content\/uploads\/2021\/05\/Inosuke-Hashiraba-Beast-Breathing-Demon-Slayer-Kimetsu-no-Yaiba-Figuarts-Zero-1.jpg",800,1000,false],"author_info":[],"comment_info":"","_links":{"self":[{"href":"https:\/\/endormoonstore.com\/en\/wp-json\/wp\/v2\/product\/105553","targetHints":{"allow":["GET"]}}],"collection":[{"href":"https:\/\/endormoonstore.com\/en\/wp-json\/wp\/v2\/product"}],"about":[{"href":"https:\/\/endormoonstore.com\/en\/wp-json\/wp\/v2\/types\/product"}],"wp:featuredmedia":[{"embeddable":true,"href":"https:\/\/endormoonstore.com\/en\/wp-json\/wp\/v2\/media\/105542"}],"wp:attachment":[{"href":"https:\/\/endormoonstore.com\/en\/wp-json\/wp\/v2\/media?parent=105553"}],"wp:term":[{"taxonomy":"product_cat","embeddable":true,"href":"https:\/\/endormoonstore.com\/en\/wp-json\/wp\/v2\/product_cat?post=105553"},{"taxonomy":"product_tag","embeddable":true,"href":"https:\/\/endormoonstore.com\/en\/wp-json\/wp\/v2\/product_tag?post=105553"}],"curies":[{"name":"wp","href":"https:\/\/api.w.org\/{rel}","templated":true}]}}