{"id":105464,"date":"2021-05-12T21:36:43","date_gmt":"2021-05-12T19:36:43","guid":{"rendered":"https:\/\/endormoonstore.com\/bulma-journey-to-planet-namek-dragon-ball-z-s-h-figuarts\/"},"modified":"2022-01-06T15:30:58","modified_gmt":"2022-01-06T14:30:58","slug":"bulma-journey-to-planet-namek-dragon-ball-z-s-h-figuarts","status":"publish","type":"product","link":"https:\/\/endormoonstore.com\/en\/bulma-journey-to-planet-namek-dragon-ball-z-s-h-figuarts\/","title":{"rendered":"Bulma Journey to Planet Namek Dragon Ball Z S.H Figuarts"},"content":{"rendered":"<p><strong>Bulma Journey to Planet Namek Dragon Ball Z S.H Figuarts 14 cm <\/strong><\/p>\n<ul>\n<li>Tamashii Nations presenta para la colecci\u00f3n S.H. Figuarts, la figura de Bulma vestida como apariencia en el viaje al planeta Namek.<\/li>\n<li>Esta figura articulada hecha en PVC y mide unos 14 cm de alto.<\/li>\n<li>Incluye 2x manos izquierdas intercambiables, 3x manos derechas intercambiables, 3x caras opcionales, 1x cabeza con sombrero, 1x bola de Drag\u00f3n de Namek (7 estrellas), 1x mochila, 1x ri\u00f1onera, 1x Drag\u00f3n radar y una base soporte.<\/li>\n<\/ul>\n","protected":false},"excerpt":{"rendered":"<p><strong>Bulma Journey to Planet Namek Dragon Ball Z S.H Figuarts 14 cm <\/strong><\/p>\n<p>Tamashii Nations presenta para la colecci\u00f3n S.H. Figuarts, la figura de Bulma vestida como apariencia en el viaje al planeta Namek.<\/p>\n","protected":false},"featured_media":105447,"template":"","meta":{"_acf_changed":false,"_kad_blocks_custom_css":"","_kad_blocks_head_custom_js":"","_kad_blocks_body_custom_js":"","_kad_blocks_footer_custom_js":""},"product_cat":[1390],"product_tag":[],"class_list":{"0":"post-105464","1":"product","2":"type-product","3":"status-publish","4":"has-post-thumbnail","6":"product_cat-figures","7":"pa_brand-tamashii-nations-en","8":"pa_character-bulma-en","9":"pa_license-dragon-ball-en","10":"pa_product-type-figure","11":"pa_theme-s-h-figuarts-en","13":"first","14":"outofstock","15":"taxable","16":"shipping-taxable","17":"purchasable","18":"product-type-simple"},"acf":[],"yoast_head":"<!-- This site is optimized with the Yoast SEO plugin v26.1.1 - https:\/\/yoast.com\/wordpress\/plugins\/seo\/ -->\n<title>Bulma Journey to Planet Namek Dragon Ball Z S.H Figuarts - EndormoonStore<\/title>\n<meta name=\"robots\" content=\"index, follow, max-snippet:-1, max-image-preview:large, max-video-preview:-1\" \/>\n<link rel=\"canonical\" href=\"https:\/\/endormoonstore.com\/en\/bulma-journey-to-planet-namek-dragon-ball-z-s-h-figuarts\/\" \/>\n<meta property=\"og:locale\" content=\"en_US\" \/>\n<meta property=\"og:type\" content=\"article\" \/>\n<meta property=\"og:title\" content=\"Bulma Journey to Planet Namek Dragon Ball Z S.H Figuarts - EndormoonStore\" \/>\n<meta property=\"og:description\" content=\"Bulma Journey to Planet Namek Dragon Ball Z S.H Figuarts 14 cm   Tamashii Nations presenta para la colecci\u00f3n S.H. Figuarts, la figura de Bulma vestida como apariencia en el viaje al planeta Namek.\" \/>\n<meta property=\"og:url\" content=\"https:\/\/endormoonstore.com\/en\/bulma-journey-to-planet-namek-dragon-ball-z-s-h-figuarts\/\" \/>\n<meta property=\"og:site_name\" content=\"EndormoonStore\" \/>\n<meta property=\"article:modified_time\" content=\"2022-01-06T14:30:58+00:00\" \/>\n<meta property=\"og:image\" content=\"https:\/\/endormoonstore.com\/wp-content\/uploads\/2021\/05\/Bulma-Journey-to-Planet-Namek-Dragon-Ball-Z-S.H.-Figuarts-1.jpg\" \/>\n\t<meta property=\"og:image:width\" content=\"708\" \/>\n\t<meta property=\"og:image:height\" content=\"1000\" \/>\n\t<meta property=\"og:image:type\" content=\"image\/jpeg\" \/>\n<meta name=\"twitter:card\" content=\"summary_large_image\" \/>\n<meta name=\"twitter:label1\" content=\"Est. reading time\" \/>\n\t<meta name=\"twitter:data1\" content=\"1 minute\" \/>\n<script type=\"application\/ld+json\" class=\"yoast-schema-graph\">{\"@context\":\"https:\/\/schema.org\",\"@graph\":[{\"@type\":\"WebPage\",\"@id\":\"https:\/\/endormoonstore.com\/en\/bulma-journey-to-planet-namek-dragon-ball-z-s-h-figuarts\/\",\"url\":\"https:\/\/endormoonstore.com\/en\/bulma-journey-to-planet-namek-dragon-ball-z-s-h-figuarts\/\",\"name\":\"Bulma Journey to Planet Namek Dragon Ball Z S.H Figuarts - EndormoonStore\",\"isPartOf\":{\"@id\":\"https:\/\/endormoonstore.com\/#website\"},\"primaryImageOfPage\":{\"@id\":\"https:\/\/endormoonstore.com\/en\/bulma-journey-to-planet-namek-dragon-ball-z-s-h-figuarts\/#primaryimage\"},\"image\":{\"@id\":\"https:\/\/endormoonstore.com\/en\/bulma-journey-to-planet-namek-dragon-ball-z-s-h-figuarts\/#primaryimage\"},\"thumbnailUrl\":\"https:\/\/endormoonstore.com\/wp-content\/uploads\/2021\/05\/Bulma-Journey-to-Planet-Namek-Dragon-Ball-Z-S.H.-Figuarts-1.jpg\",\"datePublished\":\"2021-05-12T19:36:43+00:00\",\"dateModified\":\"2022-01-06T14:30:58+00:00\",\"breadcrumb\":{\"@id\":\"https:\/\/endormoonstore.com\/en\/bulma-journey-to-planet-namek-dragon-ball-z-s-h-figuarts\/#breadcrumb\"},\"inLanguage\":\"en-US\",\"potentialAction\":[{\"@type\":\"ReadAction\",\"target\":[\"https:\/\/endormoonstore.com\/en\/bulma-journey-to-planet-namek-dragon-ball-z-s-h-figuarts\/\"]}]},{\"@type\":\"ImageObject\",\"inLanguage\":\"en-US\",\"@id\":\"https:\/\/endormoonstore.com\/en\/bulma-journey-to-planet-namek-dragon-ball-z-s-h-figuarts\/#primaryimage\",\"url\":\"https:\/\/endormoonstore.com\/wp-content\/uploads\/2021\/05\/Bulma-Journey-to-Planet-Namek-Dragon-Ball-Z-S.H.-Figuarts-1.jpg\",\"contentUrl\":\"https:\/\/endormoonstore.com\/wp-content\/uploads\/2021\/05\/Bulma-Journey-to-Planet-Namek-Dragon-Ball-Z-S.H.-Figuarts-1.jpg\",\"width\":708,\"height\":1000},{\"@type\":\"BreadcrumbList\",\"@id\":\"https:\/\/endormoonstore.com\/en\/bulma-journey-to-planet-namek-dragon-ball-z-s-h-figuarts\/#breadcrumb\",\"itemListElement\":[{\"@type\":\"ListItem\",\"position\":1,\"name\":\"Shop\",\"item\":\"https:\/\/endormoonstore.com\/en\/shop\/\"},{\"@type\":\"ListItem\",\"position\":2,\"name\":\"Bulma Journey to Planet Namek Dragon Ball Z S.H Figuarts\"}]},{\"@type\":\"WebSite\",\"@id\":\"https:\/\/endormoonstore.com\/#website\",\"url\":\"https:\/\/endormoonstore.com\/\",\"name\":\"EndormoonStore\",\"description\":\"\",\"potentialAction\":[{\"@type\":\"SearchAction\",\"target\":{\"@type\":\"EntryPoint\",\"urlTemplate\":\"https:\/\/endormoonstore.com\/?s={search_term_string}\"},\"query-input\":{\"@type\":\"PropertyValueSpecification\",\"valueRequired\":true,\"valueName\":\"search_term_string\"}}],\"inLanguage\":\"en-US\"}]}<\/script>\n<!-- \/ Yoast SEO plugin. -->","yoast_head_json":{"title":"Bulma Journey to Planet Namek Dragon Ball Z S.H Figuarts - EndormoonStore","robots":{"index":"index","follow":"follow","max-snippet":"max-snippet:-1","max-image-preview":"max-image-preview:large","max-video-preview":"max-video-preview:-1"},"canonical":"https:\/\/endormoonstore.com\/en\/bulma-journey-to-planet-namek-dragon-ball-z-s-h-figuarts\/","og_locale":"en_US","og_type":"article","og_title":"Bulma Journey to Planet Namek Dragon Ball Z S.H Figuarts - EndormoonStore","og_description":"Bulma Journey to Planet Namek Dragon Ball Z S.H Figuarts 14 cm   Tamashii Nations presenta para la colecci\u00f3n S.H. Figuarts, la figura de Bulma vestida como apariencia en el viaje al planeta Namek.","og_url":"https:\/\/endormoonstore.com\/en\/bulma-journey-to-planet-namek-dragon-ball-z-s-h-figuarts\/","og_site_name":"EndormoonStore","article_modified_time":"2022-01-06T14:30:58+00:00","og_image":[{"width":708,"height":1000,"url":"https:\/\/endormoonstore.com\/wp-content\/uploads\/2021\/05\/Bulma-Journey-to-Planet-Namek-Dragon-Ball-Z-S.H.-Figuarts-1.jpg","type":"image\/jpeg"}],"twitter_card":"summary_large_image","twitter_misc":{"Est. reading time":"1 minute"},"schema":{"@context":"https:\/\/schema.org","@graph":[{"@type":"WebPage","@id":"https:\/\/endormoonstore.com\/en\/bulma-journey-to-planet-namek-dragon-ball-z-s-h-figuarts\/","url":"https:\/\/endormoonstore.com\/en\/bulma-journey-to-planet-namek-dragon-ball-z-s-h-figuarts\/","name":"Bulma Journey to Planet Namek Dragon Ball Z S.H Figuarts - EndormoonStore","isPartOf":{"@id":"https:\/\/endormoonstore.com\/#website"},"primaryImageOfPage":{"@id":"https:\/\/endormoonstore.com\/en\/bulma-journey-to-planet-namek-dragon-ball-z-s-h-figuarts\/#primaryimage"},"image":{"@id":"https:\/\/endormoonstore.com\/en\/bulma-journey-to-planet-namek-dragon-ball-z-s-h-figuarts\/#primaryimage"},"thumbnailUrl":"https:\/\/endormoonstore.com\/wp-content\/uploads\/2021\/05\/Bulma-Journey-to-Planet-Namek-Dragon-Ball-Z-S.H.-Figuarts-1.jpg","datePublished":"2021-05-12T19:36:43+00:00","dateModified":"2022-01-06T14:30:58+00:00","breadcrumb":{"@id":"https:\/\/endormoonstore.com\/en\/bulma-journey-to-planet-namek-dragon-ball-z-s-h-figuarts\/#breadcrumb"},"inLanguage":"en-US","potentialAction":[{"@type":"ReadAction","target":["https:\/\/endormoonstore.com\/en\/bulma-journey-to-planet-namek-dragon-ball-z-s-h-figuarts\/"]}]},{"@type":"ImageObject","inLanguage":"en-US","@id":"https:\/\/endormoonstore.com\/en\/bulma-journey-to-planet-namek-dragon-ball-z-s-h-figuarts\/#primaryimage","url":"https:\/\/endormoonstore.com\/wp-content\/uploads\/2021\/05\/Bulma-Journey-to-Planet-Namek-Dragon-Ball-Z-S.H.-Figuarts-1.jpg","contentUrl":"https:\/\/endormoonstore.com\/wp-content\/uploads\/2021\/05\/Bulma-Journey-to-Planet-Namek-Dragon-Ball-Z-S.H.-Figuarts-1.jpg","width":708,"height":1000},{"@type":"BreadcrumbList","@id":"https:\/\/endormoonstore.com\/en\/bulma-journey-to-planet-namek-dragon-ball-z-s-h-figuarts\/#breadcrumb","itemListElement":[{"@type":"ListItem","position":1,"name":"Shop","item":"https:\/\/endormoonstore.com\/en\/shop\/"},{"@type":"ListItem","position":2,"name":"Bulma Journey to Planet Namek Dragon Ball Z S.H Figuarts"}]},{"@type":"WebSite","@id":"https:\/\/endormoonstore.com\/#website","url":"https:\/\/endormoonstore.com\/","name":"EndormoonStore","description":"","potentialAction":[{"@type":"SearchAction","target":{"@type":"EntryPoint","urlTemplate":"https:\/\/endormoonstore.com\/?s={search_term_string}"},"query-input":{"@type":"PropertyValueSpecification","valueRequired":true,"valueName":"search_term_string"}}],"inLanguage":"en-US"}]}},"taxonomy_info":{"product_cat":[{"value":1390,"label":"Figures"}],"pa_brand":[{"value":2096,"label":"Tamashii Nations"}],"pa_character":[{"value":6411,"label":"Bulma"}],"pa_license":[{"value":2240,"label":"Dragon Ball"}],"pa_product-type":[{"value":2387,"label":"Figure"}],"pa_theme":[{"value":1813,"label":"S.H. Figuarts"}]},"featured_image_src_large":["https:\/\/endormoonstore.com\/wp-content\/uploads\/2021\/05\/Bulma-Journey-to-Planet-Namek-Dragon-Ball-Z-S.H.-Figuarts-1.jpg",708,1000,false],"author_info":[],"comment_info":"","_links":{"self":[{"href":"https:\/\/endormoonstore.com\/en\/wp-json\/wp\/v2\/product\/105464","targetHints":{"allow":["GET"]}}],"collection":[{"href":"https:\/\/endormoonstore.com\/en\/wp-json\/wp\/v2\/product"}],"about":[{"href":"https:\/\/endormoonstore.com\/en\/wp-json\/wp\/v2\/types\/product"}],"wp:featuredmedia":[{"embeddable":true,"href":"https:\/\/endormoonstore.com\/en\/wp-json\/wp\/v2\/media\/105447"}],"wp:attachment":[{"href":"https:\/\/endormoonstore.com\/en\/wp-json\/wp\/v2\/media?parent=105464"}],"wp:term":[{"taxonomy":"product_cat","embeddable":true,"href":"https:\/\/endormoonstore.com\/en\/wp-json\/wp\/v2\/product_cat?post=105464"},{"taxonomy":"product_tag","embeddable":true,"href":"https:\/\/endormoonstore.com\/en\/wp-json\/wp\/v2\/product_tag?post=105464"}],"curies":[{"name":"wp","href":"https:\/\/api.w.org\/{rel}","templated":true}]}}