{"id":105440,"date":"2023-05-15T02:05:44","date_gmt":"2023-05-15T00:05:44","guid":{"rendered":"https:\/\/endormoonstore.com\/bishop-marvel-the-one12-collective\/"},"modified":"2023-05-24T21:16:58","modified_gmt":"2023-05-24T19:16:58","slug":"bishop-marvel-the-one12-collective","status":"publish","type":"product","link":"https:\/\/endormoonstore.com\/en\/bishop-marvel-the-one12-collective\/","title":{"rendered":"Bishop Marvel The One:12 Collective"},"content":{"rendered":"<p><strong>Bishop Marvel The One:12 Collective Figura 16,5 cm<\/strong><\/p>\n<ul>\n<li>Mezco Toyz, dentro de su colecci\u00f3n de figuras The One:12 Collective presenta la figura de Bishop, basada en el Universo Marvel de X-men.<\/li>\n<li>La figura dise\u00f1ada con un traje de traje con armadura de pecho fortificada, m\u00faltiples fundas para sostener su artiller\u00eda pesada.<\/li>\n<li>Mide unos 16.5 cm de alto y cuenta con m\u00e1s de 30 puntos de articulaci\u00f3n.<\/li>\n<li><strong>La figura incluye: <\/strong><\/li>\n<li>8 manos intercambiables<\/li>\n<li>un par de pu\u00f1os (L&amp;R)<\/li>\n<li>Ca\u00f1on sosteniendo la mano (R)<\/li>\n<li>Blaster sosteniendo la mano (R)<\/li>\n<li>Un par de manos posando (L&amp;R)<\/li>\n<li>Un par de manos Energy FX (L&amp;R) DISFRAZ: Armadura de hombro Chaleco blindado reforzado.<\/li>\n<li>Cintur\u00f3n utilitario con insignia de X-Men Guanteletes de mu\u00f1eca Funda de muslo Vaina de muslo Armadura de rodilla Shin armadura Botas t\u00e1cticas<\/li>\n<li>Paludamentum (extra\u00edble)<\/li>\n<li>\u00a0Ca\u00f1\u00f3n de energ\u00eda (se conecta a la funda en la parte posterior) con tres (3) cargadores extra\u00edbles 1x canzador de energ\u00eda (cabe en la funda del muslo)<\/li>\n<li>Efecto de humo de energ\u00eda (se adhiere a la mano)<\/li>\n<li>Efecto de explosi\u00f3n de energ\u00eda (se adjunta a la mano)<\/li>\n<li>Cimitarra (cabe en la funda del muslo)<\/li>\n<li>3 granadas (cabe en el cintur\u00f3n de herramientas)<\/li>\n<li>Detonador (cabe en la bolsa del cintur\u00f3n de herramientas)<\/li>\n<li>Por ultimo una base de exhibici\u00f3n colectiva One: 12 con logotipo<\/li>\n<\/ul>\n<p>&nbsp;<\/p>\n<p>&nbsp;<\/p>\n","protected":false},"excerpt":{"rendered":"<p><strong>Bishop Marvel The One:12 Collective Figura 16,5 cm<\/strong><\/p>\n<p>Mezco Toyz, dentro de su colecci\u00f3n de figuras The One:12 Collective presenta la figura de Bishop, basada en el Universo Marvel de X-men.<\/p>\n","protected":false},"featured_media":105413,"template":"","meta":{"_acf_changed":false,"_kad_blocks_custom_css":"","_kad_blocks_head_custom_js":"","_kad_blocks_body_custom_js":"","_kad_blocks_footer_custom_js":""},"product_cat":[1390,13511],"product_tag":[],"class_list":{"0":"post-105440","1":"product","2":"type-product","3":"status-publish","4":"has-post-thumbnail","6":"product_cat-figures","7":"product_cat-new-arrivals","8":"pa_brand-mezco-toyz-en","9":"pa_character-bishop-en","10":"pa_license-marvel-en","11":"pa_product-type-figure","12":"pa_theme-one12-collective-en","14":"first","15":"outofstock","16":"taxable","17":"shipping-taxable","18":"purchasable","19":"product-type-simple"},"acf":[],"yoast_head":"<!-- This site is optimized with the Yoast SEO plugin v26.1.1 - https:\/\/yoast.com\/wordpress\/plugins\/seo\/ -->\n<title>Bishop Marvel The One:12 Collective - EndormoonStore<\/title>\n<meta name=\"robots\" content=\"index, follow, max-snippet:-1, max-image-preview:large, max-video-preview:-1\" \/>\n<link rel=\"canonical\" href=\"https:\/\/endormoonstore.com\/en\/bishop-marvel-the-one12-collective\/\" \/>\n<meta property=\"og:locale\" content=\"en_US\" \/>\n<meta property=\"og:type\" content=\"article\" \/>\n<meta property=\"og:title\" content=\"Bishop Marvel The One:12 Collective - EndormoonStore\" \/>\n<meta property=\"og:description\" content=\"Bishop Marvel The One:12 Collective Figura 16,5 cm  Mezco Toyz, dentro de su colecci\u00f3n de figuras The One:12 Collective presenta la figura de Bishop, basada en el Universo Marvel de X-men.\" \/>\n<meta property=\"og:url\" content=\"https:\/\/endormoonstore.com\/en\/bishop-marvel-the-one12-collective\/\" \/>\n<meta property=\"og:site_name\" content=\"EndormoonStore\" \/>\n<meta property=\"article:modified_time\" content=\"2023-05-24T19:16:58+00:00\" \/>\n<meta property=\"og:image\" content=\"https:\/\/endormoonstore.com\/wp-content\/uploads\/2021\/05\/Bishop-Marvel-The-One12-Collective-1.jpg\" \/>\n\t<meta property=\"og:image:width\" content=\"1000\" \/>\n\t<meta property=\"og:image:height\" content=\"1000\" \/>\n\t<meta property=\"og:image:type\" content=\"image\/jpeg\" \/>\n<meta name=\"twitter:card\" content=\"summary_large_image\" \/>\n<meta name=\"twitter:label1\" content=\"Est. reading time\" \/>\n\t<meta name=\"twitter:data1\" content=\"1 minute\" \/>\n<script type=\"application\/ld+json\" class=\"yoast-schema-graph\">{\"@context\":\"https:\/\/schema.org\",\"@graph\":[{\"@type\":\"WebPage\",\"@id\":\"https:\/\/endormoonstore.com\/en\/bishop-marvel-the-one12-collective\/\",\"url\":\"https:\/\/endormoonstore.com\/en\/bishop-marvel-the-one12-collective\/\",\"name\":\"Bishop Marvel The One:12 Collective - EndormoonStore\",\"isPartOf\":{\"@id\":\"https:\/\/endormoonstore.com\/#website\"},\"primaryImageOfPage\":{\"@id\":\"https:\/\/endormoonstore.com\/en\/bishop-marvel-the-one12-collective\/#primaryimage\"},\"image\":{\"@id\":\"https:\/\/endormoonstore.com\/en\/bishop-marvel-the-one12-collective\/#primaryimage\"},\"thumbnailUrl\":\"https:\/\/endormoonstore.com\/wp-content\/uploads\/2021\/05\/Bishop-Marvel-The-One12-Collective-1.jpg\",\"datePublished\":\"2023-05-15T00:05:44+00:00\",\"dateModified\":\"2023-05-24T19:16:58+00:00\",\"breadcrumb\":{\"@id\":\"https:\/\/endormoonstore.com\/en\/bishop-marvel-the-one12-collective\/#breadcrumb\"},\"inLanguage\":\"en-US\",\"potentialAction\":[{\"@type\":\"ReadAction\",\"target\":[\"https:\/\/endormoonstore.com\/en\/bishop-marvel-the-one12-collective\/\"]}]},{\"@type\":\"ImageObject\",\"inLanguage\":\"en-US\",\"@id\":\"https:\/\/endormoonstore.com\/en\/bishop-marvel-the-one12-collective\/#primaryimage\",\"url\":\"https:\/\/endormoonstore.com\/wp-content\/uploads\/2021\/05\/Bishop-Marvel-The-One12-Collective-1.jpg\",\"contentUrl\":\"https:\/\/endormoonstore.com\/wp-content\/uploads\/2021\/05\/Bishop-Marvel-The-One12-Collective-1.jpg\",\"width\":1000,\"height\":1000},{\"@type\":\"BreadcrumbList\",\"@id\":\"https:\/\/endormoonstore.com\/en\/bishop-marvel-the-one12-collective\/#breadcrumb\",\"itemListElement\":[{\"@type\":\"ListItem\",\"position\":1,\"name\":\"Shop\",\"item\":\"https:\/\/endormoonstore.com\/en\/shop\/\"},{\"@type\":\"ListItem\",\"position\":2,\"name\":\"Bishop Marvel The One:12 Collective\"}]},{\"@type\":\"WebSite\",\"@id\":\"https:\/\/endormoonstore.com\/#website\",\"url\":\"https:\/\/endormoonstore.com\/\",\"name\":\"EndormoonStore\",\"description\":\"\",\"potentialAction\":[{\"@type\":\"SearchAction\",\"target\":{\"@type\":\"EntryPoint\",\"urlTemplate\":\"https:\/\/endormoonstore.com\/?s={search_term_string}\"},\"query-input\":{\"@type\":\"PropertyValueSpecification\",\"valueRequired\":true,\"valueName\":\"search_term_string\"}}],\"inLanguage\":\"en-US\"}]}<\/script>\n<!-- \/ Yoast SEO plugin. -->","yoast_head_json":{"title":"Bishop Marvel The One:12 Collective - EndormoonStore","robots":{"index":"index","follow":"follow","max-snippet":"max-snippet:-1","max-image-preview":"max-image-preview:large","max-video-preview":"max-video-preview:-1"},"canonical":"https:\/\/endormoonstore.com\/en\/bishop-marvel-the-one12-collective\/","og_locale":"en_US","og_type":"article","og_title":"Bishop Marvel The One:12 Collective - EndormoonStore","og_description":"Bishop Marvel The One:12 Collective Figura 16,5 cm  Mezco Toyz, dentro de su colecci\u00f3n de figuras The One:12 Collective presenta la figura de Bishop, basada en el Universo Marvel de X-men.","og_url":"https:\/\/endormoonstore.com\/en\/bishop-marvel-the-one12-collective\/","og_site_name":"EndormoonStore","article_modified_time":"2023-05-24T19:16:58+00:00","og_image":[{"width":1000,"height":1000,"url":"https:\/\/endormoonstore.com\/wp-content\/uploads\/2021\/05\/Bishop-Marvel-The-One12-Collective-1.jpg","type":"image\/jpeg"}],"twitter_card":"summary_large_image","twitter_misc":{"Est. reading time":"1 minute"},"schema":{"@context":"https:\/\/schema.org","@graph":[{"@type":"WebPage","@id":"https:\/\/endormoonstore.com\/en\/bishop-marvel-the-one12-collective\/","url":"https:\/\/endormoonstore.com\/en\/bishop-marvel-the-one12-collective\/","name":"Bishop Marvel The One:12 Collective - EndormoonStore","isPartOf":{"@id":"https:\/\/endormoonstore.com\/#website"},"primaryImageOfPage":{"@id":"https:\/\/endormoonstore.com\/en\/bishop-marvel-the-one12-collective\/#primaryimage"},"image":{"@id":"https:\/\/endormoonstore.com\/en\/bishop-marvel-the-one12-collective\/#primaryimage"},"thumbnailUrl":"https:\/\/endormoonstore.com\/wp-content\/uploads\/2021\/05\/Bishop-Marvel-The-One12-Collective-1.jpg","datePublished":"2023-05-15T00:05:44+00:00","dateModified":"2023-05-24T19:16:58+00:00","breadcrumb":{"@id":"https:\/\/endormoonstore.com\/en\/bishop-marvel-the-one12-collective\/#breadcrumb"},"inLanguage":"en-US","potentialAction":[{"@type":"ReadAction","target":["https:\/\/endormoonstore.com\/en\/bishop-marvel-the-one12-collective\/"]}]},{"@type":"ImageObject","inLanguage":"en-US","@id":"https:\/\/endormoonstore.com\/en\/bishop-marvel-the-one12-collective\/#primaryimage","url":"https:\/\/endormoonstore.com\/wp-content\/uploads\/2021\/05\/Bishop-Marvel-The-One12-Collective-1.jpg","contentUrl":"https:\/\/endormoonstore.com\/wp-content\/uploads\/2021\/05\/Bishop-Marvel-The-One12-Collective-1.jpg","width":1000,"height":1000},{"@type":"BreadcrumbList","@id":"https:\/\/endormoonstore.com\/en\/bishop-marvel-the-one12-collective\/#breadcrumb","itemListElement":[{"@type":"ListItem","position":1,"name":"Shop","item":"https:\/\/endormoonstore.com\/en\/shop\/"},{"@type":"ListItem","position":2,"name":"Bishop Marvel The One:12 Collective"}]},{"@type":"WebSite","@id":"https:\/\/endormoonstore.com\/#website","url":"https:\/\/endormoonstore.com\/","name":"EndormoonStore","description":"","potentialAction":[{"@type":"SearchAction","target":{"@type":"EntryPoint","urlTemplate":"https:\/\/endormoonstore.com\/?s={search_term_string}"},"query-input":{"@type":"PropertyValueSpecification","valueRequired":true,"valueName":"search_term_string"}}],"inLanguage":"en-US"}]}},"taxonomy_info":{"product_cat":[{"value":1390,"label":"Figures"},{"value":13511,"label":"New Arrivals"}],"pa_brand":[{"value":1638,"label":"Mezco Toyz"}],"pa_character":[{"value":7815,"label":"Bishop"}],"pa_license":[{"value":1642,"label":"Marvel"}],"pa_product-type":[{"value":2387,"label":"Figure"}],"pa_theme":[{"value":1885,"label":"One:12 Collective"}]},"featured_image_src_large":["https:\/\/endormoonstore.com\/wp-content\/uploads\/2021\/05\/Bishop-Marvel-The-One12-Collective-1.jpg",1000,1000,false],"author_info":[],"comment_info":"","_links":{"self":[{"href":"https:\/\/endormoonstore.com\/en\/wp-json\/wp\/v2\/product\/105440","targetHints":{"allow":["GET"]}}],"collection":[{"href":"https:\/\/endormoonstore.com\/en\/wp-json\/wp\/v2\/product"}],"about":[{"href":"https:\/\/endormoonstore.com\/en\/wp-json\/wp\/v2\/types\/product"}],"wp:featuredmedia":[{"embeddable":true,"href":"https:\/\/endormoonstore.com\/en\/wp-json\/wp\/v2\/media\/105413"}],"wp:attachment":[{"href":"https:\/\/endormoonstore.com\/en\/wp-json\/wp\/v2\/media?parent=105440"}],"wp:term":[{"taxonomy":"product_cat","embeddable":true,"href":"https:\/\/endormoonstore.com\/en\/wp-json\/wp\/v2\/product_cat?post=105440"},{"taxonomy":"product_tag","embeddable":true,"href":"https:\/\/endormoonstore.com\/en\/wp-json\/wp\/v2\/product_tag?post=105440"}],"curies":[{"name":"wp","href":"https:\/\/api.w.org\/{rel}","templated":true}]}}