{"id":105166,"date":"2021-05-09T20:43:06","date_gmt":"2021-05-09T18:43:06","guid":{"rendered":"https:\/\/endormoonstore.com\/star-wars-the-black-series-the-mandalorian-death-watch-premium-electronic-helmet\/"},"modified":"2021-10-01T23:26:19","modified_gmt":"2021-10-01T21:26:19","slug":"star-wars-the-black-series-the-mandalorian-death-watch-premium-electronic-helmet","status":"publish","type":"product","link":"https:\/\/endormoonstore.com\/en\/star-wars-the-black-series-the-mandalorian-death-watch-premium-electronic-helmet\/","title":{"rendered":"Star Wars The Black Series The Mandalorian Death Watch Premium Electronic Helmet"},"content":{"rendered":"<p><strong>Star Wars The Black Series The Mandalorian Death Watch Premium Electronic Helmet Escala 1:1<\/strong><\/p>\n<ul>\n<li>Hasbro presenta dentro de su colecci\u00f3n Black Series la r\u00e9plica del casco de la Death Watch (Guardia Letal), los clanes guerreros de Mandalore que se ten\u00edan por exterminados hace mucho tiempo.<\/li>\n<li>Sin embargo, los mandalorianos resurgieron, y con ellos, sus legendarias armaduras de combate.<\/li>\n<li>Se trata de una r\u00e9plica electr\u00f3nica escala 1:1 del casco mandaroleano que Din Djarin, tambi\u00e9n conocido como Mando, utiliza a lo largo de la serie &#8220;The Mandalorian&#8221;.<\/li>\n<li>El tama\u00f1o es ajustable y el interior est\u00e1 acolchado.<\/li>\n<li>Incluye visor que puede bajarse o subirse, luces LED y efectos de rastreo.<\/li>\n<\/ul>\n<p><strong>\u00a0<\/strong><\/p>\n<p>&nbsp;<\/p>\n","protected":false},"excerpt":{"rendered":"<p><strong>Star Wars The Black Series The Mandalorian Death Watch Premium Electronic Helmet Escala 1:1<\/strong><\/p>\n<p>Hasbro presenta dentro de su colecci\u00f3n Black Series la r\u00e9plica del casco de la Death Watch (Guardia Letal), los clanes guerreros de Mandalore que se ten\u00edan por exterminados hace mucho tiempo.<\/p>\n","protected":false},"featured_media":105163,"template":"","meta":{"_acf_changed":false,"_kad_blocks_custom_css":"","_kad_blocks_head_custom_js":"","_kad_blocks_body_custom_js":"","_kad_blocks_footer_custom_js":""},"product_cat":[1390],"product_tag":[],"class_list":{"0":"post-105166","1":"product","2":"type-product","3":"status-publish","4":"has-post-thumbnail","6":"product_cat-figures","7":"pa_brand-hasbro-en","8":"pa_character-death-watch-en","9":"pa_episode-the-mandalorian-en","10":"pa_license-star-wars-en","11":"pa_product-type-helmets","12":"pa_theme-the-black-series-en","14":"first","15":"outofstock","16":"taxable","17":"shipping-taxable","18":"purchasable","19":"product-type-simple"},"acf":[],"yoast_head":"<!-- This site is optimized with the Yoast SEO plugin v26.1.1 - https:\/\/yoast.com\/wordpress\/plugins\/seo\/ -->\n<title>Star Wars The Black Series The Mandalorian Death Watch Premium Electronic Helmet - EndormoonStore<\/title>\n<meta name=\"robots\" content=\"index, follow, max-snippet:-1, max-image-preview:large, max-video-preview:-1\" \/>\n<link rel=\"canonical\" href=\"https:\/\/endormoonstore.com\/en\/star-wars-the-black-series-the-mandalorian-death-watch-premium-electronic-helmet\/\" \/>\n<meta property=\"og:locale\" content=\"en_US\" \/>\n<meta property=\"og:type\" content=\"article\" \/>\n<meta property=\"og:title\" content=\"Star Wars The Black Series The Mandalorian Death Watch Premium Electronic Helmet - EndormoonStore\" \/>\n<meta property=\"og:description\" content=\"Star Wars The Black Series The Mandalorian Death Watch Premium Electronic Helmet Escala 1:1  Hasbro presenta dentro de su colecci\u00f3n Black Series la r\u00e9plica del casco de la Death Watch (Guardia Letal), los clanes guerreros de Mandalore que se ten\u00edan por exterminados hace mucho tiempo.\" \/>\n<meta property=\"og:url\" content=\"https:\/\/endormoonstore.com\/en\/star-wars-the-black-series-the-mandalorian-death-watch-premium-electronic-helmet\/\" \/>\n<meta property=\"og:site_name\" content=\"EndormoonStore\" \/>\n<meta property=\"article:modified_time\" content=\"2021-10-01T21:26:19+00:00\" \/>\n<meta property=\"og:image\" content=\"https:\/\/endormoonstore.com\/wp-content\/uploads\/2021\/05\/Star-Wars-The-Black-Series-The-Mandalorian-Death-Watch-Premium-Electronic-Helmet-1.jpg\" \/>\n\t<meta property=\"og:image:width\" content=\"1000\" \/>\n\t<meta property=\"og:image:height\" content=\"1000\" \/>\n\t<meta property=\"og:image:type\" content=\"image\/jpeg\" \/>\n<meta name=\"twitter:card\" content=\"summary_large_image\" \/>\n<meta name=\"twitter:label1\" content=\"Est. reading time\" \/>\n\t<meta name=\"twitter:data1\" content=\"1 minute\" \/>\n<script type=\"application\/ld+json\" class=\"yoast-schema-graph\">{\"@context\":\"https:\/\/schema.org\",\"@graph\":[{\"@type\":\"WebPage\",\"@id\":\"https:\/\/endormoonstore.com\/en\/star-wars-the-black-series-the-mandalorian-death-watch-premium-electronic-helmet\/\",\"url\":\"https:\/\/endormoonstore.com\/en\/star-wars-the-black-series-the-mandalorian-death-watch-premium-electronic-helmet\/\",\"name\":\"Star Wars The Black Series The Mandalorian Death Watch Premium Electronic Helmet - EndormoonStore\",\"isPartOf\":{\"@id\":\"https:\/\/endormoonstore.com\/#website\"},\"primaryImageOfPage\":{\"@id\":\"https:\/\/endormoonstore.com\/en\/star-wars-the-black-series-the-mandalorian-death-watch-premium-electronic-helmet\/#primaryimage\"},\"image\":{\"@id\":\"https:\/\/endormoonstore.com\/en\/star-wars-the-black-series-the-mandalorian-death-watch-premium-electronic-helmet\/#primaryimage\"},\"thumbnailUrl\":\"https:\/\/endormoonstore.com\/wp-content\/uploads\/2021\/05\/Star-Wars-The-Black-Series-The-Mandalorian-Death-Watch-Premium-Electronic-Helmet-1.jpg\",\"datePublished\":\"2021-05-09T18:43:06+00:00\",\"dateModified\":\"2021-10-01T21:26:19+00:00\",\"breadcrumb\":{\"@id\":\"https:\/\/endormoonstore.com\/en\/star-wars-the-black-series-the-mandalorian-death-watch-premium-electronic-helmet\/#breadcrumb\"},\"inLanguage\":\"en-US\",\"potentialAction\":[{\"@type\":\"ReadAction\",\"target\":[\"https:\/\/endormoonstore.com\/en\/star-wars-the-black-series-the-mandalorian-death-watch-premium-electronic-helmet\/\"]}]},{\"@type\":\"ImageObject\",\"inLanguage\":\"en-US\",\"@id\":\"https:\/\/endormoonstore.com\/en\/star-wars-the-black-series-the-mandalorian-death-watch-premium-electronic-helmet\/#primaryimage\",\"url\":\"https:\/\/endormoonstore.com\/wp-content\/uploads\/2021\/05\/Star-Wars-The-Black-Series-The-Mandalorian-Death-Watch-Premium-Electronic-Helmet-1.jpg\",\"contentUrl\":\"https:\/\/endormoonstore.com\/wp-content\/uploads\/2021\/05\/Star-Wars-The-Black-Series-The-Mandalorian-Death-Watch-Premium-Electronic-Helmet-1.jpg\",\"width\":1000,\"height\":1000},{\"@type\":\"BreadcrumbList\",\"@id\":\"https:\/\/endormoonstore.com\/en\/star-wars-the-black-series-the-mandalorian-death-watch-premium-electronic-helmet\/#breadcrumb\",\"itemListElement\":[{\"@type\":\"ListItem\",\"position\":1,\"name\":\"Shop\",\"item\":\"https:\/\/endormoonstore.com\/en\/shop\/\"},{\"@type\":\"ListItem\",\"position\":2,\"name\":\"Star Wars The Black Series The Mandalorian Death Watch Premium Electronic Helmet\"}]},{\"@type\":\"WebSite\",\"@id\":\"https:\/\/endormoonstore.com\/#website\",\"url\":\"https:\/\/endormoonstore.com\/\",\"name\":\"EndormoonStore\",\"description\":\"\",\"potentialAction\":[{\"@type\":\"SearchAction\",\"target\":{\"@type\":\"EntryPoint\",\"urlTemplate\":\"https:\/\/endormoonstore.com\/?s={search_term_string}\"},\"query-input\":{\"@type\":\"PropertyValueSpecification\",\"valueRequired\":true,\"valueName\":\"search_term_string\"}}],\"inLanguage\":\"en-US\"}]}<\/script>\n<!-- \/ Yoast SEO plugin. -->","yoast_head_json":{"title":"Star Wars The Black Series The Mandalorian Death Watch Premium Electronic Helmet - EndormoonStore","robots":{"index":"index","follow":"follow","max-snippet":"max-snippet:-1","max-image-preview":"max-image-preview:large","max-video-preview":"max-video-preview:-1"},"canonical":"https:\/\/endormoonstore.com\/en\/star-wars-the-black-series-the-mandalorian-death-watch-premium-electronic-helmet\/","og_locale":"en_US","og_type":"article","og_title":"Star Wars The Black Series The Mandalorian Death Watch Premium Electronic Helmet - EndormoonStore","og_description":"Star Wars The Black Series The Mandalorian Death Watch Premium Electronic Helmet Escala 1:1  Hasbro presenta dentro de su colecci\u00f3n Black Series la r\u00e9plica del casco de la Death Watch (Guardia Letal), los clanes guerreros de Mandalore que se ten\u00edan por exterminados hace mucho tiempo.","og_url":"https:\/\/endormoonstore.com\/en\/star-wars-the-black-series-the-mandalorian-death-watch-premium-electronic-helmet\/","og_site_name":"EndormoonStore","article_modified_time":"2021-10-01T21:26:19+00:00","og_image":[{"width":1000,"height":1000,"url":"https:\/\/endormoonstore.com\/wp-content\/uploads\/2021\/05\/Star-Wars-The-Black-Series-The-Mandalorian-Death-Watch-Premium-Electronic-Helmet-1.jpg","type":"image\/jpeg"}],"twitter_card":"summary_large_image","twitter_misc":{"Est. reading time":"1 minute"},"schema":{"@context":"https:\/\/schema.org","@graph":[{"@type":"WebPage","@id":"https:\/\/endormoonstore.com\/en\/star-wars-the-black-series-the-mandalorian-death-watch-premium-electronic-helmet\/","url":"https:\/\/endormoonstore.com\/en\/star-wars-the-black-series-the-mandalorian-death-watch-premium-electronic-helmet\/","name":"Star Wars The Black Series The Mandalorian Death Watch Premium Electronic Helmet - EndormoonStore","isPartOf":{"@id":"https:\/\/endormoonstore.com\/#website"},"primaryImageOfPage":{"@id":"https:\/\/endormoonstore.com\/en\/star-wars-the-black-series-the-mandalorian-death-watch-premium-electronic-helmet\/#primaryimage"},"image":{"@id":"https:\/\/endormoonstore.com\/en\/star-wars-the-black-series-the-mandalorian-death-watch-premium-electronic-helmet\/#primaryimage"},"thumbnailUrl":"https:\/\/endormoonstore.com\/wp-content\/uploads\/2021\/05\/Star-Wars-The-Black-Series-The-Mandalorian-Death-Watch-Premium-Electronic-Helmet-1.jpg","datePublished":"2021-05-09T18:43:06+00:00","dateModified":"2021-10-01T21:26:19+00:00","breadcrumb":{"@id":"https:\/\/endormoonstore.com\/en\/star-wars-the-black-series-the-mandalorian-death-watch-premium-electronic-helmet\/#breadcrumb"},"inLanguage":"en-US","potentialAction":[{"@type":"ReadAction","target":["https:\/\/endormoonstore.com\/en\/star-wars-the-black-series-the-mandalorian-death-watch-premium-electronic-helmet\/"]}]},{"@type":"ImageObject","inLanguage":"en-US","@id":"https:\/\/endormoonstore.com\/en\/star-wars-the-black-series-the-mandalorian-death-watch-premium-electronic-helmet\/#primaryimage","url":"https:\/\/endormoonstore.com\/wp-content\/uploads\/2021\/05\/Star-Wars-The-Black-Series-The-Mandalorian-Death-Watch-Premium-Electronic-Helmet-1.jpg","contentUrl":"https:\/\/endormoonstore.com\/wp-content\/uploads\/2021\/05\/Star-Wars-The-Black-Series-The-Mandalorian-Death-Watch-Premium-Electronic-Helmet-1.jpg","width":1000,"height":1000},{"@type":"BreadcrumbList","@id":"https:\/\/endormoonstore.com\/en\/star-wars-the-black-series-the-mandalorian-death-watch-premium-electronic-helmet\/#breadcrumb","itemListElement":[{"@type":"ListItem","position":1,"name":"Shop","item":"https:\/\/endormoonstore.com\/en\/shop\/"},{"@type":"ListItem","position":2,"name":"Star Wars The Black Series The Mandalorian Death Watch Premium Electronic Helmet"}]},{"@type":"WebSite","@id":"https:\/\/endormoonstore.com\/#website","url":"https:\/\/endormoonstore.com\/","name":"EndormoonStore","description":"","potentialAction":[{"@type":"SearchAction","target":{"@type":"EntryPoint","urlTemplate":"https:\/\/endormoonstore.com\/?s={search_term_string}"},"query-input":{"@type":"PropertyValueSpecification","valueRequired":true,"valueName":"search_term_string"}}],"inLanguage":"en-US"}]}},"taxonomy_info":{"product_cat":[{"value":1390,"label":"Figures"}],"pa_brand":[{"value":2084,"label":"Hasbro"}],"pa_character":[{"value":7505,"label":"Death Watch"}],"pa_episode":[{"value":1993,"label":"The Mandalorian"}],"pa_license":[{"value":1644,"label":"Star Wars"}],"pa_product-type":[{"value":2540,"label":"Helmets"}],"pa_theme":[{"value":2552,"label":"The Black Series"}]},"featured_image_src_large":["https:\/\/endormoonstore.com\/wp-content\/uploads\/2021\/05\/Star-Wars-The-Black-Series-The-Mandalorian-Death-Watch-Premium-Electronic-Helmet-1.jpg",1000,1000,false],"author_info":[],"comment_info":"","_links":{"self":[{"href":"https:\/\/endormoonstore.com\/en\/wp-json\/wp\/v2\/product\/105166","targetHints":{"allow":["GET"]}}],"collection":[{"href":"https:\/\/endormoonstore.com\/en\/wp-json\/wp\/v2\/product"}],"about":[{"href":"https:\/\/endormoonstore.com\/en\/wp-json\/wp\/v2\/types\/product"}],"wp:featuredmedia":[{"embeddable":true,"href":"https:\/\/endormoonstore.com\/en\/wp-json\/wp\/v2\/media\/105163"}],"wp:attachment":[{"href":"https:\/\/endormoonstore.com\/en\/wp-json\/wp\/v2\/media?parent=105166"}],"wp:term":[{"taxonomy":"product_cat","embeddable":true,"href":"https:\/\/endormoonstore.com\/en\/wp-json\/wp\/v2\/product_cat?post=105166"},{"taxonomy":"product_tag","embeddable":true,"href":"https:\/\/endormoonstore.com\/en\/wp-json\/wp\/v2\/product_tag?post=105166"}],"curies":[{"name":"wp","href":"https:\/\/api.w.org\/{rel}","templated":true}]}}