{"id":105098,"date":"2021-05-09T13:34:45","date_gmt":"2021-05-09T11:34:45","guid":{"rendered":"https:\/\/endormoonstore.com\/quicksilver-marvel-legends-avengers-age-of-ultron-the-infinity-saga\/"},"modified":"2021-09-19T19:38:58","modified_gmt":"2021-09-19T17:38:58","slug":"quicksilver-marvel-legends-avengers-age-of-ultron-the-infinity-saga","status":"publish","type":"product","link":"https:\/\/endormoonstore.com\/en\/quicksilver-marvel-legends-avengers-age-of-ultron-the-infinity-saga\/","title":{"rendered":"Quicksilver Marvel Legends Avengers Age of Ultron The Infinity Saga"},"content":{"rendered":"<p><strong>Quicksilver Marvel Legends Avengers Age of Ultron The Infinity Saga Figura 15 cm<\/strong><\/p>\n<ul>\n<li>Hasbro Fans presenta dentro de la colecci\u00f3n Marvel Legends Infinity la figura de Quicksilver, basada en uno de los superh\u00e9roes m\u00e1s populares de Marvel hermano de Wanda Maximov.<\/li>\n<li>Se trata de una figura hecha en PVC con m\u00faltiples puntos de articulaci\u00f3n.<\/li>\n<li>Incluye set de mando alternativo.<\/li>\n<\/ul>\n<p>&nbsp;<\/p>\n<p>&nbsp;<\/p>\n","protected":false},"excerpt":{"rendered":"<p><strong>Quicksilver Marvel Legends Avengers Age of Ultron The Infinity Saga Figura 15 cm<\/strong><\/p>\n<p>Hasbro Fans presenta dentro de la colecci\u00f3n Marvel Legends Infinity la figura de Quicksilver, basada en uno de los superh\u00e9roes m\u00e1s populares de Marvel hermano de Wanda Maximov.<\/p>\n","protected":false},"featured_media":105075,"template":"","meta":{"_acf_changed":false,"_kad_blocks_custom_css":"","_kad_blocks_head_custom_js":"","_kad_blocks_body_custom_js":"","_kad_blocks_footer_custom_js":""},"product_cat":[1390],"product_tag":[],"class_list":{"0":"post-105098","1":"product","2":"type-product","3":"status-publish","4":"has-post-thumbnail","6":"product_cat-figures","7":"pa_brand-hasbro-en","8":"pa_character-quicksilver-en","9":"pa_episode-avengers-age-of-ultron-en","10":"pa_license-marvel-en","11":"pa_product-type-figure","12":"pa_theme-marvel-legends-series-en","14":"first","15":"outofstock","16":"taxable","17":"shipping-taxable","18":"purchasable","19":"product-type-simple"},"acf":[],"yoast_head":"<!-- This site is optimized with the Yoast SEO plugin v26.1.1 - https:\/\/yoast.com\/wordpress\/plugins\/seo\/ -->\n<title>Quicksilver Marvel Legends Avengers Age of Ultron The Infinity Saga - EndormoonStore<\/title>\n<meta name=\"robots\" content=\"index, follow, max-snippet:-1, max-image-preview:large, max-video-preview:-1\" \/>\n<link rel=\"canonical\" href=\"https:\/\/endormoonstore.com\/quicksilver-marvel-legends-avengers-age-of-ultron-the-infinity-saga\/\" \/>\n<meta property=\"og:locale\" content=\"en_US\" \/>\n<meta property=\"og:type\" content=\"article\" \/>\n<meta property=\"og:title\" content=\"Quicksilver Marvel Legends Avengers Age of Ultron The Infinity Saga - EndormoonStore\" \/>\n<meta property=\"og:description\" content=\"Quicksilver Marvel Legends Avengers Age of Ultron The Infinity Saga Figura 15 cm  Hasbro Fans presenta dentro de la colecci\u00f3n Marvel Legends Infinity la figura de Quicksilver, basada en uno de los superh\u00e9roes m\u00e1s populares de Marvel hermano de Wanda Maximov.\" \/>\n<meta property=\"og:url\" content=\"https:\/\/endormoonstore.com\/quicksilver-marvel-legends-avengers-age-of-ultron-the-infinity-saga\/\" \/>\n<meta property=\"og:site_name\" content=\"EndormoonStore\" \/>\n<meta property=\"article:modified_time\" content=\"2021-09-19T17:38:58+00:00\" \/>\n<meta property=\"og:image\" content=\"https:\/\/endormoonstore.com\/wp-content\/uploads\/2021\/05\/Quicksilver-Marvel-Legends-Avengers-Age-of-Ultron-The-Infinity-Saga-Figura-15-cm-1.jpeg\" \/>\n\t<meta property=\"og:image:width\" content=\"750\" \/>\n\t<meta property=\"og:image:height\" content=\"750\" \/>\n\t<meta property=\"og:image:type\" content=\"image\/jpeg\" \/>\n<meta name=\"twitter:card\" content=\"summary_large_image\" \/>\n<meta name=\"twitter:label1\" content=\"Est. reading time\" \/>\n\t<meta name=\"twitter:data1\" content=\"1 minute\" \/>\n<script type=\"application\/ld+json\" class=\"yoast-schema-graph\">{\"@context\":\"https:\/\/schema.org\",\"@graph\":[{\"@type\":\"WebPage\",\"@id\":\"https:\/\/endormoonstore.com\/quicksilver-marvel-legends-avengers-age-of-ultron-the-infinity-saga\/\",\"url\":\"https:\/\/endormoonstore.com\/quicksilver-marvel-legends-avengers-age-of-ultron-the-infinity-saga\/\",\"name\":\"Quicksilver Marvel Legends Avengers Age of Ultron The Infinity Saga - EndormoonStore\",\"isPartOf\":{\"@id\":\"https:\/\/endormoonstore.com\/#website\"},\"primaryImageOfPage\":{\"@id\":\"https:\/\/endormoonstore.com\/quicksilver-marvel-legends-avengers-age-of-ultron-the-infinity-saga\/#primaryimage\"},\"image\":{\"@id\":\"https:\/\/endormoonstore.com\/quicksilver-marvel-legends-avengers-age-of-ultron-the-infinity-saga\/#primaryimage\"},\"thumbnailUrl\":\"https:\/\/endormoonstore.com\/wp-content\/uploads\/2021\/05\/Quicksilver-Marvel-Legends-Avengers-Age-of-Ultron-The-Infinity-Saga-Figura-15-cm-1.jpeg\",\"datePublished\":\"2021-05-09T11:34:45+00:00\",\"dateModified\":\"2021-09-19T17:38:58+00:00\",\"breadcrumb\":{\"@id\":\"https:\/\/endormoonstore.com\/quicksilver-marvel-legends-avengers-age-of-ultron-the-infinity-saga\/#breadcrumb\"},\"inLanguage\":\"en-US\",\"potentialAction\":[{\"@type\":\"ReadAction\",\"target\":[\"https:\/\/endormoonstore.com\/quicksilver-marvel-legends-avengers-age-of-ultron-the-infinity-saga\/\"]}]},{\"@type\":\"ImageObject\",\"inLanguage\":\"en-US\",\"@id\":\"https:\/\/endormoonstore.com\/quicksilver-marvel-legends-avengers-age-of-ultron-the-infinity-saga\/#primaryimage\",\"url\":\"https:\/\/endormoonstore.com\/wp-content\/uploads\/2021\/05\/Quicksilver-Marvel-Legends-Avengers-Age-of-Ultron-The-Infinity-Saga-Figura-15-cm-1.jpeg\",\"contentUrl\":\"https:\/\/endormoonstore.com\/wp-content\/uploads\/2021\/05\/Quicksilver-Marvel-Legends-Avengers-Age-of-Ultron-The-Infinity-Saga-Figura-15-cm-1.jpeg\",\"width\":750,\"height\":750},{\"@type\":\"BreadcrumbList\",\"@id\":\"https:\/\/endormoonstore.com\/quicksilver-marvel-legends-avengers-age-of-ultron-the-infinity-saga\/#breadcrumb\",\"itemListElement\":[{\"@type\":\"ListItem\",\"position\":1,\"name\":\"Shop\",\"item\":\"https:\/\/endormoonstore.com\/en\/shop\/\"},{\"@type\":\"ListItem\",\"position\":2,\"name\":\"Quicksilver Marvel Legends Avengers Age of Ultron The Infinity Saga\"}]},{\"@type\":\"WebSite\",\"@id\":\"https:\/\/endormoonstore.com\/#website\",\"url\":\"https:\/\/endormoonstore.com\/\",\"name\":\"EndormoonStore\",\"description\":\"\",\"potentialAction\":[{\"@type\":\"SearchAction\",\"target\":{\"@type\":\"EntryPoint\",\"urlTemplate\":\"https:\/\/endormoonstore.com\/?s={search_term_string}\"},\"query-input\":{\"@type\":\"PropertyValueSpecification\",\"valueRequired\":true,\"valueName\":\"search_term_string\"}}],\"inLanguage\":\"en-US\"}]}<\/script>\n<!-- \/ Yoast SEO plugin. -->","yoast_head_json":{"title":"Quicksilver Marvel Legends Avengers Age of Ultron The Infinity Saga - EndormoonStore","robots":{"index":"index","follow":"follow","max-snippet":"max-snippet:-1","max-image-preview":"max-image-preview:large","max-video-preview":"max-video-preview:-1"},"canonical":"https:\/\/endormoonstore.com\/quicksilver-marvel-legends-avengers-age-of-ultron-the-infinity-saga\/","og_locale":"en_US","og_type":"article","og_title":"Quicksilver Marvel Legends Avengers Age of Ultron The Infinity Saga - EndormoonStore","og_description":"Quicksilver Marvel Legends Avengers Age of Ultron The Infinity Saga Figura 15 cm  Hasbro Fans presenta dentro de la colecci\u00f3n Marvel Legends Infinity la figura de Quicksilver, basada en uno de los superh\u00e9roes m\u00e1s populares de Marvel hermano de Wanda Maximov.","og_url":"https:\/\/endormoonstore.com\/quicksilver-marvel-legends-avengers-age-of-ultron-the-infinity-saga\/","og_site_name":"EndormoonStore","article_modified_time":"2021-09-19T17:38:58+00:00","og_image":[{"width":750,"height":750,"url":"https:\/\/endormoonstore.com\/wp-content\/uploads\/2021\/05\/Quicksilver-Marvel-Legends-Avengers-Age-of-Ultron-The-Infinity-Saga-Figura-15-cm-1.jpeg","type":"image\/jpeg"}],"twitter_card":"summary_large_image","twitter_misc":{"Est. reading time":"1 minute"},"schema":{"@context":"https:\/\/schema.org","@graph":[{"@type":"WebPage","@id":"https:\/\/endormoonstore.com\/quicksilver-marvel-legends-avengers-age-of-ultron-the-infinity-saga\/","url":"https:\/\/endormoonstore.com\/quicksilver-marvel-legends-avengers-age-of-ultron-the-infinity-saga\/","name":"Quicksilver Marvel Legends Avengers Age of Ultron The Infinity Saga - EndormoonStore","isPartOf":{"@id":"https:\/\/endormoonstore.com\/#website"},"primaryImageOfPage":{"@id":"https:\/\/endormoonstore.com\/quicksilver-marvel-legends-avengers-age-of-ultron-the-infinity-saga\/#primaryimage"},"image":{"@id":"https:\/\/endormoonstore.com\/quicksilver-marvel-legends-avengers-age-of-ultron-the-infinity-saga\/#primaryimage"},"thumbnailUrl":"https:\/\/endormoonstore.com\/wp-content\/uploads\/2021\/05\/Quicksilver-Marvel-Legends-Avengers-Age-of-Ultron-The-Infinity-Saga-Figura-15-cm-1.jpeg","datePublished":"2021-05-09T11:34:45+00:00","dateModified":"2021-09-19T17:38:58+00:00","breadcrumb":{"@id":"https:\/\/endormoonstore.com\/quicksilver-marvel-legends-avengers-age-of-ultron-the-infinity-saga\/#breadcrumb"},"inLanguage":"en-US","potentialAction":[{"@type":"ReadAction","target":["https:\/\/endormoonstore.com\/quicksilver-marvel-legends-avengers-age-of-ultron-the-infinity-saga\/"]}]},{"@type":"ImageObject","inLanguage":"en-US","@id":"https:\/\/endormoonstore.com\/quicksilver-marvel-legends-avengers-age-of-ultron-the-infinity-saga\/#primaryimage","url":"https:\/\/endormoonstore.com\/wp-content\/uploads\/2021\/05\/Quicksilver-Marvel-Legends-Avengers-Age-of-Ultron-The-Infinity-Saga-Figura-15-cm-1.jpeg","contentUrl":"https:\/\/endormoonstore.com\/wp-content\/uploads\/2021\/05\/Quicksilver-Marvel-Legends-Avengers-Age-of-Ultron-The-Infinity-Saga-Figura-15-cm-1.jpeg","width":750,"height":750},{"@type":"BreadcrumbList","@id":"https:\/\/endormoonstore.com\/quicksilver-marvel-legends-avengers-age-of-ultron-the-infinity-saga\/#breadcrumb","itemListElement":[{"@type":"ListItem","position":1,"name":"Shop","item":"https:\/\/endormoonstore.com\/en\/shop\/"},{"@type":"ListItem","position":2,"name":"Quicksilver Marvel Legends Avengers Age of Ultron The Infinity Saga"}]},{"@type":"WebSite","@id":"https:\/\/endormoonstore.com\/#website","url":"https:\/\/endormoonstore.com\/","name":"EndormoonStore","description":"","potentialAction":[{"@type":"SearchAction","target":{"@type":"EntryPoint","urlTemplate":"https:\/\/endormoonstore.com\/?s={search_term_string}"},"query-input":{"@type":"PropertyValueSpecification","valueRequired":true,"valueName":"search_term_string"}}],"inLanguage":"en-US"}]}},"taxonomy_info":{"product_cat":[{"value":1390,"label":"Figures"}],"pa_brand":[{"value":2084,"label":"Hasbro"}],"pa_character":[{"value":7755,"label":"Quicksilver"}],"pa_episode":[{"value":7761,"label":"Avengers Age of Ultron"}],"pa_license":[{"value":1642,"label":"Marvel"}],"pa_product-type":[{"value":2387,"label":"Figure"}],"pa_theme":[{"value":2071,"label":"Marvel Legends Series"}]},"featured_image_src_large":["https:\/\/endormoonstore.com\/wp-content\/uploads\/2021\/05\/Quicksilver-Marvel-Legends-Avengers-Age-of-Ultron-The-Infinity-Saga-Figura-15-cm-1.jpeg",750,750,false],"author_info":[],"comment_info":"","_links":{"self":[{"href":"https:\/\/endormoonstore.com\/en\/wp-json\/wp\/v2\/product\/105098","targetHints":{"allow":["GET"]}}],"collection":[{"href":"https:\/\/endormoonstore.com\/en\/wp-json\/wp\/v2\/product"}],"about":[{"href":"https:\/\/endormoonstore.com\/en\/wp-json\/wp\/v2\/types\/product"}],"wp:featuredmedia":[{"embeddable":true,"href":"https:\/\/endormoonstore.com\/en\/wp-json\/wp\/v2\/media\/105075"}],"wp:attachment":[{"href":"https:\/\/endormoonstore.com\/en\/wp-json\/wp\/v2\/media?parent=105098"}],"wp:term":[{"taxonomy":"product_cat","embeddable":true,"href":"https:\/\/endormoonstore.com\/en\/wp-json\/wp\/v2\/product_cat?post=105098"},{"taxonomy":"product_tag","embeddable":true,"href":"https:\/\/endormoonstore.com\/en\/wp-json\/wp\/v2\/product_tag?post=105098"}],"curies":[{"name":"wp","href":"https:\/\/api.w.org\/{rel}","templated":true}]}}