{"id":104736,"date":"2023-04-17T22:59:27","date_gmt":"2023-04-17T20:59:27","guid":{"rendered":"https:\/\/endormoonstore.com\/eddie-aces-high-iron-maiden-clothed-action-figure\/"},"modified":"2023-04-28T12:16:56","modified_gmt":"2023-04-28T10:16:56","slug":"eddie-aces-high-iron-maiden-clothed-action-figure","status":"publish","type":"product","link":"https:\/\/endormoonstore.com\/en\/eddie-aces-high-iron-maiden-clothed-action-figure\/","title":{"rendered":"Eddie Aces High Iron Maiden Clothed Action Figure"},"content":{"rendered":"<p class=\"p1\">\u00a0<b>Eddie Aces High Iron Maiden Clothed Action Figure 20 cm<\/b><\/p>\n<ul class=\"ul1\">\n<li class=\"li1\">Eddie la terror\u00edfica mascota de Iron Maiden nos llega en formato de figura articulada de PVC.<\/li>\n<li class=\"li1\">Con ropa de tela en la l\u00ednea de figuras que definieron el mercado de 1970.<\/li>\n<li class=\"li1\">Con un tama\u00f1o aproximado de 20 cm esta nueva figura de Eddie viste como el piloto del ej\u00e9rcito del aire brit\u00e1nico de la Segunda Guerra Mundial.<\/li>\n<li class=\"li1\">Del arte gr\u00e1fico de la cubierta del single &#8220;Aces High&#8221; de 1984.<\/li>\n<\/ul>\n","protected":false},"excerpt":{"rendered":"<p><strong>Eddie Aces High Iron Maiden Clothed Action Figure 20 cm<\/strong><\/p>\n<p>Eddie la terror\u00edfica mascota de Iron Maiden nos llega en formato de figura articulada de PVC.<\/p>\n","protected":false},"featured_media":104723,"template":"","meta":{"_acf_changed":false,"_kad_blocks_custom_css":"","_kad_blocks_head_custom_js":"","_kad_blocks_body_custom_js":"","_kad_blocks_footer_custom_js":""},"product_cat":[1390,13511],"product_tag":[],"class_list":{"0":"post-104736","1":"product","2":"type-product","3":"status-publish","4":"has-post-thumbnail","6":"product_cat-figures","7":"product_cat-new-arrivals","8":"pa_brand-neca-en","9":"pa_character-eddie-en","10":"pa_license-iron-maiden-en","11":"pa_product-type-figure","12":"pa_theme-clothed-action-figure-en","14":"first","15":"instock","16":"taxable","17":"shipping-taxable","18":"purchasable","19":"product-type-simple"},"acf":[],"yoast_head":"<!-- This site is optimized with the Yoast SEO plugin v26.1.1 - https:\/\/yoast.com\/wordpress\/plugins\/seo\/ -->\n<title>Eddie Aces High Iron Maiden Clothed Action Figure - EndormoonStore<\/title>\n<meta name=\"robots\" content=\"index, follow, max-snippet:-1, max-image-preview:large, max-video-preview:-1\" \/>\n<link rel=\"canonical\" href=\"https:\/\/endormoonstore.com\/en\/eddie-aces-high-iron-maiden-clothed-action-figure\/\" \/>\n<meta property=\"og:locale\" content=\"en_US\" \/>\n<meta property=\"og:type\" content=\"article\" \/>\n<meta property=\"og:title\" content=\"Eddie Aces High Iron Maiden Clothed Action Figure - EndormoonStore\" \/>\n<meta property=\"og:description\" content=\"Eddie Aces High Iron Maiden Clothed Action Figure 20 cm  Eddie la terror\u00edfica mascota de Iron Maiden nos llega en formato de figura articulada de PVC.\" \/>\n<meta property=\"og:url\" content=\"https:\/\/endormoonstore.com\/en\/eddie-aces-high-iron-maiden-clothed-action-figure\/\" \/>\n<meta property=\"og:site_name\" content=\"EndormoonStore\" \/>\n<meta property=\"article:modified_time\" content=\"2023-04-28T10:16:56+00:00\" \/>\n<meta property=\"og:image\" content=\"https:\/\/endormoonstore.com\/wp-content\/uploads\/2021\/05\/Eddie-Aces-High-Iron-Maiden-Clothed-Action-Figure-1.jpeg\" \/>\n\t<meta property=\"og:image:width\" content=\"500\" \/>\n\t<meta property=\"og:image:height\" content=\"750\" \/>\n\t<meta property=\"og:image:type\" content=\"image\/jpeg\" \/>\n<meta name=\"twitter:card\" content=\"summary_large_image\" \/>\n<meta name=\"twitter:label1\" content=\"Est. reading time\" \/>\n\t<meta name=\"twitter:data1\" content=\"1 minute\" \/>\n<script type=\"application\/ld+json\" class=\"yoast-schema-graph\">{\"@context\":\"https:\/\/schema.org\",\"@graph\":[{\"@type\":\"WebPage\",\"@id\":\"https:\/\/endormoonstore.com\/en\/eddie-aces-high-iron-maiden-clothed-action-figure\/\",\"url\":\"https:\/\/endormoonstore.com\/en\/eddie-aces-high-iron-maiden-clothed-action-figure\/\",\"name\":\"Eddie Aces High Iron Maiden Clothed Action Figure - EndormoonStore\",\"isPartOf\":{\"@id\":\"https:\/\/endormoonstore.com\/#website\"},\"primaryImageOfPage\":{\"@id\":\"https:\/\/endormoonstore.com\/en\/eddie-aces-high-iron-maiden-clothed-action-figure\/#primaryimage\"},\"image\":{\"@id\":\"https:\/\/endormoonstore.com\/en\/eddie-aces-high-iron-maiden-clothed-action-figure\/#primaryimage\"},\"thumbnailUrl\":\"https:\/\/endormoonstore.com\/wp-content\/uploads\/2021\/05\/Eddie-Aces-High-Iron-Maiden-Clothed-Action-Figure-1.jpeg\",\"datePublished\":\"2023-04-17T20:59:27+00:00\",\"dateModified\":\"2023-04-28T10:16:56+00:00\",\"breadcrumb\":{\"@id\":\"https:\/\/endormoonstore.com\/en\/eddie-aces-high-iron-maiden-clothed-action-figure\/#breadcrumb\"},\"inLanguage\":\"en-US\",\"potentialAction\":[{\"@type\":\"ReadAction\",\"target\":[\"https:\/\/endormoonstore.com\/en\/eddie-aces-high-iron-maiden-clothed-action-figure\/\"]}]},{\"@type\":\"ImageObject\",\"inLanguage\":\"en-US\",\"@id\":\"https:\/\/endormoonstore.com\/en\/eddie-aces-high-iron-maiden-clothed-action-figure\/#primaryimage\",\"url\":\"https:\/\/endormoonstore.com\/wp-content\/uploads\/2021\/05\/Eddie-Aces-High-Iron-Maiden-Clothed-Action-Figure-1.jpeg\",\"contentUrl\":\"https:\/\/endormoonstore.com\/wp-content\/uploads\/2021\/05\/Eddie-Aces-High-Iron-Maiden-Clothed-Action-Figure-1.jpeg\",\"width\":500,\"height\":750},{\"@type\":\"BreadcrumbList\",\"@id\":\"https:\/\/endormoonstore.com\/en\/eddie-aces-high-iron-maiden-clothed-action-figure\/#breadcrumb\",\"itemListElement\":[{\"@type\":\"ListItem\",\"position\":1,\"name\":\"Shop\",\"item\":\"https:\/\/endormoonstore.com\/en\/shop\/\"},{\"@type\":\"ListItem\",\"position\":2,\"name\":\"Eddie Aces High Iron Maiden Clothed Action Figure\"}]},{\"@type\":\"WebSite\",\"@id\":\"https:\/\/endormoonstore.com\/#website\",\"url\":\"https:\/\/endormoonstore.com\/\",\"name\":\"EndormoonStore\",\"description\":\"\",\"potentialAction\":[{\"@type\":\"SearchAction\",\"target\":{\"@type\":\"EntryPoint\",\"urlTemplate\":\"https:\/\/endormoonstore.com\/?s={search_term_string}\"},\"query-input\":{\"@type\":\"PropertyValueSpecification\",\"valueRequired\":true,\"valueName\":\"search_term_string\"}}],\"inLanguage\":\"en-US\"}]}<\/script>\n<!-- \/ Yoast SEO plugin. -->","yoast_head_json":{"title":"Eddie Aces High Iron Maiden Clothed Action Figure - EndormoonStore","robots":{"index":"index","follow":"follow","max-snippet":"max-snippet:-1","max-image-preview":"max-image-preview:large","max-video-preview":"max-video-preview:-1"},"canonical":"https:\/\/endormoonstore.com\/en\/eddie-aces-high-iron-maiden-clothed-action-figure\/","og_locale":"en_US","og_type":"article","og_title":"Eddie Aces High Iron Maiden Clothed Action Figure - EndormoonStore","og_description":"Eddie Aces High Iron Maiden Clothed Action Figure 20 cm  Eddie la terror\u00edfica mascota de Iron Maiden nos llega en formato de figura articulada de PVC.","og_url":"https:\/\/endormoonstore.com\/en\/eddie-aces-high-iron-maiden-clothed-action-figure\/","og_site_name":"EndormoonStore","article_modified_time":"2023-04-28T10:16:56+00:00","og_image":[{"width":500,"height":750,"url":"https:\/\/endormoonstore.com\/wp-content\/uploads\/2021\/05\/Eddie-Aces-High-Iron-Maiden-Clothed-Action-Figure-1.jpeg","type":"image\/jpeg"}],"twitter_card":"summary_large_image","twitter_misc":{"Est. reading time":"1 minute"},"schema":{"@context":"https:\/\/schema.org","@graph":[{"@type":"WebPage","@id":"https:\/\/endormoonstore.com\/en\/eddie-aces-high-iron-maiden-clothed-action-figure\/","url":"https:\/\/endormoonstore.com\/en\/eddie-aces-high-iron-maiden-clothed-action-figure\/","name":"Eddie Aces High Iron Maiden Clothed Action Figure - EndormoonStore","isPartOf":{"@id":"https:\/\/endormoonstore.com\/#website"},"primaryImageOfPage":{"@id":"https:\/\/endormoonstore.com\/en\/eddie-aces-high-iron-maiden-clothed-action-figure\/#primaryimage"},"image":{"@id":"https:\/\/endormoonstore.com\/en\/eddie-aces-high-iron-maiden-clothed-action-figure\/#primaryimage"},"thumbnailUrl":"https:\/\/endormoonstore.com\/wp-content\/uploads\/2021\/05\/Eddie-Aces-High-Iron-Maiden-Clothed-Action-Figure-1.jpeg","datePublished":"2023-04-17T20:59:27+00:00","dateModified":"2023-04-28T10:16:56+00:00","breadcrumb":{"@id":"https:\/\/endormoonstore.com\/en\/eddie-aces-high-iron-maiden-clothed-action-figure\/#breadcrumb"},"inLanguage":"en-US","potentialAction":[{"@type":"ReadAction","target":["https:\/\/endormoonstore.com\/en\/eddie-aces-high-iron-maiden-clothed-action-figure\/"]}]},{"@type":"ImageObject","inLanguage":"en-US","@id":"https:\/\/endormoonstore.com\/en\/eddie-aces-high-iron-maiden-clothed-action-figure\/#primaryimage","url":"https:\/\/endormoonstore.com\/wp-content\/uploads\/2021\/05\/Eddie-Aces-High-Iron-Maiden-Clothed-Action-Figure-1.jpeg","contentUrl":"https:\/\/endormoonstore.com\/wp-content\/uploads\/2021\/05\/Eddie-Aces-High-Iron-Maiden-Clothed-Action-Figure-1.jpeg","width":500,"height":750},{"@type":"BreadcrumbList","@id":"https:\/\/endormoonstore.com\/en\/eddie-aces-high-iron-maiden-clothed-action-figure\/#breadcrumb","itemListElement":[{"@type":"ListItem","position":1,"name":"Shop","item":"https:\/\/endormoonstore.com\/en\/shop\/"},{"@type":"ListItem","position":2,"name":"Eddie Aces High Iron Maiden Clothed Action Figure"}]},{"@type":"WebSite","@id":"https:\/\/endormoonstore.com\/#website","url":"https:\/\/endormoonstore.com\/","name":"EndormoonStore","description":"","potentialAction":[{"@type":"SearchAction","target":{"@type":"EntryPoint","urlTemplate":"https:\/\/endormoonstore.com\/?s={search_term_string}"},"query-input":{"@type":"PropertyValueSpecification","valueRequired":true,"valueName":"search_term_string"}}],"inLanguage":"en-US"}]}},"taxonomy_info":{"product_cat":[{"value":1390,"label":"Figures"},{"value":13511,"label":"New Arrivals"}],"pa_brand":[{"value":2090,"label":"Neca"}],"pa_character":[{"value":7605,"label":"Eddie"}],"pa_license":[{"value":7611,"label":"Iron Maiden"}],"pa_product-type":[{"value":2387,"label":"Figure"}],"pa_theme":[{"value":4982,"label":"Clothed Action Figure"}]},"featured_image_src_large":["https:\/\/endormoonstore.com\/wp-content\/uploads\/2021\/05\/Eddie-Aces-High-Iron-Maiden-Clothed-Action-Figure-1.jpeg",500,750,false],"author_info":[],"comment_info":"","_links":{"self":[{"href":"https:\/\/endormoonstore.com\/en\/wp-json\/wp\/v2\/product\/104736","targetHints":{"allow":["GET"]}}],"collection":[{"href":"https:\/\/endormoonstore.com\/en\/wp-json\/wp\/v2\/product"}],"about":[{"href":"https:\/\/endormoonstore.com\/en\/wp-json\/wp\/v2\/types\/product"}],"wp:featuredmedia":[{"embeddable":true,"href":"https:\/\/endormoonstore.com\/en\/wp-json\/wp\/v2\/media\/104723"}],"wp:attachment":[{"href":"https:\/\/endormoonstore.com\/en\/wp-json\/wp\/v2\/media?parent=104736"}],"wp:term":[{"taxonomy":"product_cat","embeddable":true,"href":"https:\/\/endormoonstore.com\/en\/wp-json\/wp\/v2\/product_cat?post=104736"},{"taxonomy":"product_tag","embeddable":true,"href":"https:\/\/endormoonstore.com\/en\/wp-json\/wp\/v2\/product_tag?post=104736"}],"curies":[{"name":"wp","href":"https:\/\/api.w.org\/{rel}","templated":true}]}}