{"id":104713,"date":"2021-05-08T15:45:58","date_gmt":"2021-05-08T13:45:58","guid":{"rendered":"https:\/\/endormoonstore.com\/vocaloid-hatsune-miku-love-is-war-refined-ver-good-smile-company-20th-anniversary-scale-1-8\/"},"modified":"2025-09-02T23:19:29","modified_gmt":"2025-09-02T21:19:29","slug":"vocaloid-hatsune-miku-love-is-war-refined-ver-good-smile-company-20th-anniversary-scale-1-8","status":"publish","type":"product","link":"https:\/\/endormoonstore.com\/en\/vocaloid-hatsune-miku-love-is-war-refined-ver-good-smile-company-20th-anniversary-scale-1-8\/","title":{"rendered":"Vocaloid Hatsune Miku: Love is War Refined Ver. Good Smile Company 20th Anniversary Scale 1\/8"},"content":{"rendered":"<p><strong>Vocaloid Hatsune Miku: Love is War Refined Ver. Good Smile Company 20th Anniversary Scale 1\/8 Figura 28 cm<\/strong><\/p>\n<h3>\u00a1Dispara directo al coraz\u00f3n!<\/h3>\n<ul>\n<li>Nos Presentamos una nueva versi\u00f3n &#8220;refinada&#8221; de la figura a escala 1\/8 de Good Smile Company &#8220;Hatsune Miku: Love is War ver&#8221;.<\/li>\n<li>Originalmente lanzado en 2012. De &#8220;Love is War&#8221;, la popular canci\u00f3n compuesta por ryo y producida por supercell con ilustraciones de Shirou Miwa,.<\/li>\n<li>\u00a1viene una figura a escala 1\/8 de Hatsune Miku!<\/li>\n<li>La ilustraci\u00f3n de Shirou Miwa ha sido recreada fielmente, con detalles clave como el contraste entre la piel p\u00e1lida de Miku y su color de cabello vivo capturado magistralmente en forma de figura.<\/li>\n<li>Miku posa sosteniendo un meg\u00e1fono en una mano mientras se inclina sobre la barandilla para gritar, con la falda y el cabello ondeando salvajemente como si el viento lo llevara.<\/li>\n<li>\u00a1Aseg\u00farate de agregar a tu colecci\u00f3n esta figura din\u00e1mica y poderosa de una ni\u00f1a atrincherada en una guerra de amor!<\/li>\n<\/ul>\n<p>&nbsp;<\/p>\n","protected":false},"excerpt":{"rendered":"<p><strong>Vocaloid Hatsune Miku: Love is War Refined Ver. Good Smile Company 20th Anniversary Scale 1\/8 Figura 28 cm<\/strong><\/p>\n<h3>\u00a1Dispara directo al coraz\u00f3n!<\/h3>\n<p>Nos Presentamos una nueva versi\u00f3n &#8220;refinada&#8221; de la figura a escala 1\/8 de Good Smile Company &#8220;Hatsune Miku: Love is War ver&#8221;.<\/p>\n","protected":false},"featured_media":104696,"template":"","meta":{"_acf_changed":false,"_kad_blocks_custom_css":"","_kad_blocks_head_custom_js":"","_kad_blocks_body_custom_js":"","_kad_blocks_footer_custom_js":""},"product_cat":[1390],"product_tag":[],"class_list":{"0":"post-104713","1":"product","2":"type-product","3":"status-publish","4":"has-post-thumbnail","6":"product_cat-figures","7":"pa_brand-good-smile-company-en","8":"pa_character-hatsune-miku-en","9":"pa_license-vocaloid-en","10":"pa_product-type-figure","12":"first","13":"outofstock","14":"taxable","15":"shipping-taxable","16":"purchasable","17":"product-type-simple"},"acf":[],"yoast_head":"<!-- This site is optimized with the Yoast SEO plugin v26.1.1 - https:\/\/yoast.com\/wordpress\/plugins\/seo\/ -->\n<title>Vocaloid Hatsune Miku: Love is War Refined Ver. Good Smile Company 20th Anniversary Scale 1\/8 - EndormoonStore<\/title>\n<meta name=\"robots\" content=\"index, follow, max-snippet:-1, max-image-preview:large, max-video-preview:-1\" \/>\n<link rel=\"canonical\" href=\"https:\/\/endormoonstore.com\/en\/vocaloid-hatsune-miku-love-is-war-refined-ver-good-smile-company-20th-anniversary-scale-1-8\/\" \/>\n<meta property=\"og:locale\" content=\"en_US\" \/>\n<meta property=\"og:type\" content=\"article\" \/>\n<meta property=\"og:title\" content=\"Vocaloid Hatsune Miku: Love is War Refined Ver. Good Smile Company 20th Anniversary Scale 1\/8 - EndormoonStore\" \/>\n<meta property=\"og:description\" content=\"Vocaloid Hatsune Miku: Love is War Refined Ver. Good Smile Company 20th Anniversary Scale 1\/8 Figura 28 cm \u00a1Dispara directo al coraz\u00f3n! Nos Presentamos una nueva versi\u00f3n &quot;refinada&quot; de la figura a escala 1\/8 de Good Smile Company &quot;Hatsune Miku: Love is War ver&quot;.\" \/>\n<meta property=\"og:url\" content=\"https:\/\/endormoonstore.com\/en\/vocaloid-hatsune-miku-love-is-war-refined-ver-good-smile-company-20th-anniversary-scale-1-8\/\" \/>\n<meta property=\"og:site_name\" content=\"EndormoonStore\" \/>\n<meta property=\"article:modified_time\" content=\"2025-09-02T21:19:29+00:00\" \/>\n<meta property=\"og:image\" content=\"https:\/\/endormoonstore.com\/wp-content\/uploads\/2021\/05\/Vocaloid-Hatsune-Miku-Love-is-War-Refined-Ver.-Good-Smile-Company-20th-Anniversary-Scale-18-1.jpeg\" \/>\n\t<meta property=\"og:image:width\" content=\"562\" \/>\n\t<meta property=\"og:image:height\" content=\"750\" \/>\n\t<meta property=\"og:image:type\" content=\"image\/jpeg\" \/>\n<meta name=\"twitter:card\" content=\"summary_large_image\" \/>\n<meta name=\"twitter:label1\" content=\"Est. reading time\" \/>\n\t<meta name=\"twitter:data1\" content=\"1 minute\" \/>\n<script type=\"application\/ld+json\" class=\"yoast-schema-graph\">{\"@context\":\"https:\/\/schema.org\",\"@graph\":[{\"@type\":\"WebPage\",\"@id\":\"https:\/\/endormoonstore.com\/en\/vocaloid-hatsune-miku-love-is-war-refined-ver-good-smile-company-20th-anniversary-scale-1-8\/\",\"url\":\"https:\/\/endormoonstore.com\/en\/vocaloid-hatsune-miku-love-is-war-refined-ver-good-smile-company-20th-anniversary-scale-1-8\/\",\"name\":\"Vocaloid Hatsune Miku: Love is War Refined Ver. Good Smile Company 20th Anniversary Scale 1\/8 - EndormoonStore\",\"isPartOf\":{\"@id\":\"https:\/\/endormoonstore.com\/#website\"},\"primaryImageOfPage\":{\"@id\":\"https:\/\/endormoonstore.com\/en\/vocaloid-hatsune-miku-love-is-war-refined-ver-good-smile-company-20th-anniversary-scale-1-8\/#primaryimage\"},\"image\":{\"@id\":\"https:\/\/endormoonstore.com\/en\/vocaloid-hatsune-miku-love-is-war-refined-ver-good-smile-company-20th-anniversary-scale-1-8\/#primaryimage\"},\"thumbnailUrl\":\"https:\/\/endormoonstore.com\/wp-content\/uploads\/2021\/05\/Vocaloid-Hatsune-Miku-Love-is-War-Refined-Ver.-Good-Smile-Company-20th-Anniversary-Scale-18-1.jpeg\",\"datePublished\":\"2021-05-08T13:45:58+00:00\",\"dateModified\":\"2025-09-02T21:19:29+00:00\",\"breadcrumb\":{\"@id\":\"https:\/\/endormoonstore.com\/en\/vocaloid-hatsune-miku-love-is-war-refined-ver-good-smile-company-20th-anniversary-scale-1-8\/#breadcrumb\"},\"inLanguage\":\"en-US\",\"potentialAction\":[{\"@type\":\"ReadAction\",\"target\":[\"https:\/\/endormoonstore.com\/en\/vocaloid-hatsune-miku-love-is-war-refined-ver-good-smile-company-20th-anniversary-scale-1-8\/\"]}]},{\"@type\":\"ImageObject\",\"inLanguage\":\"en-US\",\"@id\":\"https:\/\/endormoonstore.com\/en\/vocaloid-hatsune-miku-love-is-war-refined-ver-good-smile-company-20th-anniversary-scale-1-8\/#primaryimage\",\"url\":\"https:\/\/endormoonstore.com\/wp-content\/uploads\/2021\/05\/Vocaloid-Hatsune-Miku-Love-is-War-Refined-Ver.-Good-Smile-Company-20th-Anniversary-Scale-18-1.jpeg\",\"contentUrl\":\"https:\/\/endormoonstore.com\/wp-content\/uploads\/2021\/05\/Vocaloid-Hatsune-Miku-Love-is-War-Refined-Ver.-Good-Smile-Company-20th-Anniversary-Scale-18-1.jpeg\",\"width\":562,\"height\":750},{\"@type\":\"BreadcrumbList\",\"@id\":\"https:\/\/endormoonstore.com\/en\/vocaloid-hatsune-miku-love-is-war-refined-ver-good-smile-company-20th-anniversary-scale-1-8\/#breadcrumb\",\"itemListElement\":[{\"@type\":\"ListItem\",\"position\":1,\"name\":\"Shop\",\"item\":\"https:\/\/endormoonstore.com\/en\/shop\/\"},{\"@type\":\"ListItem\",\"position\":2,\"name\":\"Vocaloid Hatsune Miku: Love is War Refined Ver. Good Smile Company 20th Anniversary Scale 1\/8\"}]},{\"@type\":\"WebSite\",\"@id\":\"https:\/\/endormoonstore.com\/#website\",\"url\":\"https:\/\/endormoonstore.com\/\",\"name\":\"EndormoonStore\",\"description\":\"\",\"potentialAction\":[{\"@type\":\"SearchAction\",\"target\":{\"@type\":\"EntryPoint\",\"urlTemplate\":\"https:\/\/endormoonstore.com\/?s={search_term_string}\"},\"query-input\":{\"@type\":\"PropertyValueSpecification\",\"valueRequired\":true,\"valueName\":\"search_term_string\"}}],\"inLanguage\":\"en-US\"}]}<\/script>\n<!-- \/ Yoast SEO plugin. -->","yoast_head_json":{"title":"Vocaloid Hatsune Miku: Love is War Refined Ver. Good Smile Company 20th Anniversary Scale 1\/8 - EndormoonStore","robots":{"index":"index","follow":"follow","max-snippet":"max-snippet:-1","max-image-preview":"max-image-preview:large","max-video-preview":"max-video-preview:-1"},"canonical":"https:\/\/endormoonstore.com\/en\/vocaloid-hatsune-miku-love-is-war-refined-ver-good-smile-company-20th-anniversary-scale-1-8\/","og_locale":"en_US","og_type":"article","og_title":"Vocaloid Hatsune Miku: Love is War Refined Ver. Good Smile Company 20th Anniversary Scale 1\/8 - EndormoonStore","og_description":"Vocaloid Hatsune Miku: Love is War Refined Ver. Good Smile Company 20th Anniversary Scale 1\/8 Figura 28 cm \u00a1Dispara directo al coraz\u00f3n! Nos Presentamos una nueva versi\u00f3n \"refinada\" de la figura a escala 1\/8 de Good Smile Company \"Hatsune Miku: Love is War ver\".","og_url":"https:\/\/endormoonstore.com\/en\/vocaloid-hatsune-miku-love-is-war-refined-ver-good-smile-company-20th-anniversary-scale-1-8\/","og_site_name":"EndormoonStore","article_modified_time":"2025-09-02T21:19:29+00:00","og_image":[{"width":562,"height":750,"url":"https:\/\/endormoonstore.com\/wp-content\/uploads\/2021\/05\/Vocaloid-Hatsune-Miku-Love-is-War-Refined-Ver.-Good-Smile-Company-20th-Anniversary-Scale-18-1.jpeg","type":"image\/jpeg"}],"twitter_card":"summary_large_image","twitter_misc":{"Est. reading time":"1 minute"},"schema":{"@context":"https:\/\/schema.org","@graph":[{"@type":"WebPage","@id":"https:\/\/endormoonstore.com\/en\/vocaloid-hatsune-miku-love-is-war-refined-ver-good-smile-company-20th-anniversary-scale-1-8\/","url":"https:\/\/endormoonstore.com\/en\/vocaloid-hatsune-miku-love-is-war-refined-ver-good-smile-company-20th-anniversary-scale-1-8\/","name":"Vocaloid Hatsune Miku: Love is War Refined Ver. Good Smile Company 20th Anniversary Scale 1\/8 - EndormoonStore","isPartOf":{"@id":"https:\/\/endormoonstore.com\/#website"},"primaryImageOfPage":{"@id":"https:\/\/endormoonstore.com\/en\/vocaloid-hatsune-miku-love-is-war-refined-ver-good-smile-company-20th-anniversary-scale-1-8\/#primaryimage"},"image":{"@id":"https:\/\/endormoonstore.com\/en\/vocaloid-hatsune-miku-love-is-war-refined-ver-good-smile-company-20th-anniversary-scale-1-8\/#primaryimage"},"thumbnailUrl":"https:\/\/endormoonstore.com\/wp-content\/uploads\/2021\/05\/Vocaloid-Hatsune-Miku-Love-is-War-Refined-Ver.-Good-Smile-Company-20th-Anniversary-Scale-18-1.jpeg","datePublished":"2021-05-08T13:45:58+00:00","dateModified":"2025-09-02T21:19:29+00:00","breadcrumb":{"@id":"https:\/\/endormoonstore.com\/en\/vocaloid-hatsune-miku-love-is-war-refined-ver-good-smile-company-20th-anniversary-scale-1-8\/#breadcrumb"},"inLanguage":"en-US","potentialAction":[{"@type":"ReadAction","target":["https:\/\/endormoonstore.com\/en\/vocaloid-hatsune-miku-love-is-war-refined-ver-good-smile-company-20th-anniversary-scale-1-8\/"]}]},{"@type":"ImageObject","inLanguage":"en-US","@id":"https:\/\/endormoonstore.com\/en\/vocaloid-hatsune-miku-love-is-war-refined-ver-good-smile-company-20th-anniversary-scale-1-8\/#primaryimage","url":"https:\/\/endormoonstore.com\/wp-content\/uploads\/2021\/05\/Vocaloid-Hatsune-Miku-Love-is-War-Refined-Ver.-Good-Smile-Company-20th-Anniversary-Scale-18-1.jpeg","contentUrl":"https:\/\/endormoonstore.com\/wp-content\/uploads\/2021\/05\/Vocaloid-Hatsune-Miku-Love-is-War-Refined-Ver.-Good-Smile-Company-20th-Anniversary-Scale-18-1.jpeg","width":562,"height":750},{"@type":"BreadcrumbList","@id":"https:\/\/endormoonstore.com\/en\/vocaloid-hatsune-miku-love-is-war-refined-ver-good-smile-company-20th-anniversary-scale-1-8\/#breadcrumb","itemListElement":[{"@type":"ListItem","position":1,"name":"Shop","item":"https:\/\/endormoonstore.com\/en\/shop\/"},{"@type":"ListItem","position":2,"name":"Vocaloid Hatsune Miku: Love is War Refined Ver. Good Smile Company 20th Anniversary Scale 1\/8"}]},{"@type":"WebSite","@id":"https:\/\/endormoonstore.com\/#website","url":"https:\/\/endormoonstore.com\/","name":"EndormoonStore","description":"","potentialAction":[{"@type":"SearchAction","target":{"@type":"EntryPoint","urlTemplate":"https:\/\/endormoonstore.com\/?s={search_term_string}"},"query-input":{"@type":"PropertyValueSpecification","valueRequired":true,"valueName":"search_term_string"}}],"inLanguage":"en-US"}]}},"taxonomy_info":{"product_cat":[{"value":1390,"label":"Figures"}],"pa_brand":[{"value":2081,"label":"Good Smile Company"}],"pa_character":[{"value":7587,"label":"Hatsune Miku"}],"pa_license":[{"value":15864,"label":"Vocaloid"}],"pa_product-type":[{"value":2387,"label":"Figure"}]},"featured_image_src_large":["https:\/\/endormoonstore.com\/wp-content\/uploads\/2021\/05\/Vocaloid-Hatsune-Miku-Love-is-War-Refined-Ver.-Good-Smile-Company-20th-Anniversary-Scale-18-1.jpeg",562,750,false],"author_info":[],"comment_info":"","_links":{"self":[{"href":"https:\/\/endormoonstore.com\/en\/wp-json\/wp\/v2\/product\/104713","targetHints":{"allow":["GET"]}}],"collection":[{"href":"https:\/\/endormoonstore.com\/en\/wp-json\/wp\/v2\/product"}],"about":[{"href":"https:\/\/endormoonstore.com\/en\/wp-json\/wp\/v2\/types\/product"}],"wp:featuredmedia":[{"embeddable":true,"href":"https:\/\/endormoonstore.com\/en\/wp-json\/wp\/v2\/media\/104696"}],"wp:attachment":[{"href":"https:\/\/endormoonstore.com\/en\/wp-json\/wp\/v2\/media?parent=104713"}],"wp:term":[{"taxonomy":"product_cat","embeddable":true,"href":"https:\/\/endormoonstore.com\/en\/wp-json\/wp\/v2\/product_cat?post=104713"},{"taxonomy":"product_tag","embeddable":true,"href":"https:\/\/endormoonstore.com\/en\/wp-json\/wp\/v2\/product_tag?post=104713"}],"curies":[{"name":"wp","href":"https:\/\/api.w.org\/{rel}","templated":true}]}}