{"id":104618,"date":"2021-05-08T10:45:59","date_gmt":"2021-05-08T08:45:59","guid":{"rendered":"https:\/\/endormoonstore.com\/siren-sorrento-saint-seiya-myth-cloth-ex\/"},"modified":"2021-11-16T19:02:38","modified_gmt":"2021-11-16T18:02:38","slug":"siren-sorrento-saint-seiya-myth-cloth-ex","status":"publish","type":"product","link":"https:\/\/endormoonstore.com\/en\/siren-sorrento-saint-seiya-myth-cloth-ex\/","title":{"rendered":"Siren Sorrento Saint Seiya Myth Cloth EX"},"content":{"rendered":"<p><strong>Siren Sorrento Saint Seiya Myth Cloth EX Figura 18 cm<\/strong><\/p>\n<ul class=\"ul1\">\n<li class=\"li1\">Tamashii Nations dentro de la serie Myth Cloth EX nos ofrece la figura de Sorrento, el Mensajero de Poseidon que viste la armadura marina de la Sirena, uno de los Generales Marinos y guardi\u00e1n del pilar del Oc\u00e9ano Atl\u00e1ntico.<\/li>\n<li class=\"li1\">Esta figura articulada mide 18 cm y est\u00e1 hecha en PVC con piezas de metal para la armadura.<\/li>\n<li class=\"li1\">Incluye piezas para montar el objeto de la Sirena, as\u00ed como su caracter\u00edstica flauta.<\/li>\n<li class=\"li1\">Ademas de 14x manos intercambiables, 2x caras intercambiables, placas de armadura, piezas para el pelo, casco, capa y alas.<\/li>\n<\/ul>\n<p>&nbsp;<\/p>\n","protected":false},"excerpt":{"rendered":"<p><strong>Siren Sorrento Saint Seiya Myth Cloth EX Figura 18 cm<\/strong><\/p>\n<p>Tamashii Nations dentro de la serie Myth Cloth EX nos ofrece la figura de Sorrento, el Mensajero de Poseidon que viste la armadura marina de la Sirena, uno de los Generales Marinos y guardi\u00e1n del pilar del Oc\u00e9ano Atl\u00e1ntico.<\/p>\n","protected":false},"featured_media":104599,"template":"","meta":{"_acf_changed":false,"_kad_blocks_custom_css":"","_kad_blocks_head_custom_js":"","_kad_blocks_body_custom_js":"","_kad_blocks_footer_custom_js":""},"product_cat":[1390],"product_tag":[],"class_list":{"0":"post-104618","1":"product","2":"type-product","3":"status-publish","4":"has-post-thumbnail","6":"product_cat-figures","7":"pa_brand-tamashii-nations-en","8":"pa_character-siren-sorrento-en","9":"pa_license-saint-seiya-en","10":"pa_product-type-figure","11":"pa_theme-saint-cloth-myth-ex-en","13":"first","14":"outofstock","15":"taxable","16":"shipping-taxable","17":"purchasable","18":"product-type-simple"},"acf":[],"yoast_head":"<!-- This site is optimized with the Yoast SEO plugin v26.1.1 - https:\/\/yoast.com\/wordpress\/plugins\/seo\/ -->\n<title>Siren Sorrento Saint Seiya Myth Cloth EX - EndormoonStore<\/title>\n<meta name=\"robots\" content=\"index, follow, max-snippet:-1, max-image-preview:large, max-video-preview:-1\" \/>\n<link rel=\"canonical\" href=\"https:\/\/endormoonstore.com\/en\/siren-sorrento-saint-seiya-myth-cloth-ex\/\" \/>\n<meta property=\"og:locale\" content=\"en_US\" \/>\n<meta property=\"og:type\" content=\"article\" \/>\n<meta property=\"og:title\" content=\"Siren Sorrento Saint Seiya Myth Cloth EX - EndormoonStore\" \/>\n<meta property=\"og:description\" content=\"Siren Sorrento Saint Seiya Myth Cloth EX Figura 18 cm  Tamashii Nations dentro de la serie Myth Cloth EX nos ofrece la figura de Sorrento, el Mensajero de Poseidon que viste la armadura marina de la Sirena, uno de los Generales Marinos y guardi\u00e1n del pilar del Oc\u00e9ano Atl\u00e1ntico.\" \/>\n<meta property=\"og:url\" content=\"https:\/\/endormoonstore.com\/en\/siren-sorrento-saint-seiya-myth-cloth-ex\/\" \/>\n<meta property=\"og:site_name\" content=\"EndormoonStore\" \/>\n<meta property=\"article:modified_time\" content=\"2021-11-16T18:02:38+00:00\" \/>\n<meta property=\"og:image\" content=\"https:\/\/endormoonstore.com\/wp-content\/uploads\/2021\/05\/Siren-Sorrento-Saint-Seiya-Myth-Cloth-EX-1.jpeg\" \/>\n\t<meta property=\"og:image:width\" content=\"563\" \/>\n\t<meta property=\"og:image:height\" content=\"750\" \/>\n\t<meta property=\"og:image:type\" content=\"image\/jpeg\" \/>\n<meta name=\"twitter:card\" content=\"summary_large_image\" \/>\n<meta name=\"twitter:label1\" content=\"Est. reading time\" \/>\n\t<meta name=\"twitter:data1\" content=\"1 minute\" \/>\n<script type=\"application\/ld+json\" class=\"yoast-schema-graph\">{\"@context\":\"https:\/\/schema.org\",\"@graph\":[{\"@type\":\"WebPage\",\"@id\":\"https:\/\/endormoonstore.com\/en\/siren-sorrento-saint-seiya-myth-cloth-ex\/\",\"url\":\"https:\/\/endormoonstore.com\/en\/siren-sorrento-saint-seiya-myth-cloth-ex\/\",\"name\":\"Siren Sorrento Saint Seiya Myth Cloth EX - EndormoonStore\",\"isPartOf\":{\"@id\":\"https:\/\/endormoonstore.com\/#website\"},\"primaryImageOfPage\":{\"@id\":\"https:\/\/endormoonstore.com\/en\/siren-sorrento-saint-seiya-myth-cloth-ex\/#primaryimage\"},\"image\":{\"@id\":\"https:\/\/endormoonstore.com\/en\/siren-sorrento-saint-seiya-myth-cloth-ex\/#primaryimage\"},\"thumbnailUrl\":\"https:\/\/endormoonstore.com\/wp-content\/uploads\/2021\/05\/Siren-Sorrento-Saint-Seiya-Myth-Cloth-EX-1.jpeg\",\"datePublished\":\"2021-05-08T08:45:59+00:00\",\"dateModified\":\"2021-11-16T18:02:38+00:00\",\"breadcrumb\":{\"@id\":\"https:\/\/endormoonstore.com\/en\/siren-sorrento-saint-seiya-myth-cloth-ex\/#breadcrumb\"},\"inLanguage\":\"en-US\",\"potentialAction\":[{\"@type\":\"ReadAction\",\"target\":[\"https:\/\/endormoonstore.com\/en\/siren-sorrento-saint-seiya-myth-cloth-ex\/\"]}]},{\"@type\":\"ImageObject\",\"inLanguage\":\"en-US\",\"@id\":\"https:\/\/endormoonstore.com\/en\/siren-sorrento-saint-seiya-myth-cloth-ex\/#primaryimage\",\"url\":\"https:\/\/endormoonstore.com\/wp-content\/uploads\/2021\/05\/Siren-Sorrento-Saint-Seiya-Myth-Cloth-EX-1.jpeg\",\"contentUrl\":\"https:\/\/endormoonstore.com\/wp-content\/uploads\/2021\/05\/Siren-Sorrento-Saint-Seiya-Myth-Cloth-EX-1.jpeg\",\"width\":563,\"height\":750},{\"@type\":\"BreadcrumbList\",\"@id\":\"https:\/\/endormoonstore.com\/en\/siren-sorrento-saint-seiya-myth-cloth-ex\/#breadcrumb\",\"itemListElement\":[{\"@type\":\"ListItem\",\"position\":1,\"name\":\"Shop\",\"item\":\"https:\/\/endormoonstore.com\/en\/shop\/\"},{\"@type\":\"ListItem\",\"position\":2,\"name\":\"Siren Sorrento Saint Seiya Myth Cloth EX\"}]},{\"@type\":\"WebSite\",\"@id\":\"https:\/\/endormoonstore.com\/#website\",\"url\":\"https:\/\/endormoonstore.com\/\",\"name\":\"EndormoonStore\",\"description\":\"\",\"potentialAction\":[{\"@type\":\"SearchAction\",\"target\":{\"@type\":\"EntryPoint\",\"urlTemplate\":\"https:\/\/endormoonstore.com\/?s={search_term_string}\"},\"query-input\":{\"@type\":\"PropertyValueSpecification\",\"valueRequired\":true,\"valueName\":\"search_term_string\"}}],\"inLanguage\":\"en-US\"}]}<\/script>\n<!-- \/ Yoast SEO plugin. -->","yoast_head_json":{"title":"Siren Sorrento Saint Seiya Myth Cloth EX - EndormoonStore","robots":{"index":"index","follow":"follow","max-snippet":"max-snippet:-1","max-image-preview":"max-image-preview:large","max-video-preview":"max-video-preview:-1"},"canonical":"https:\/\/endormoonstore.com\/en\/siren-sorrento-saint-seiya-myth-cloth-ex\/","og_locale":"en_US","og_type":"article","og_title":"Siren Sorrento Saint Seiya Myth Cloth EX - EndormoonStore","og_description":"Siren Sorrento Saint Seiya Myth Cloth EX Figura 18 cm  Tamashii Nations dentro de la serie Myth Cloth EX nos ofrece la figura de Sorrento, el Mensajero de Poseidon que viste la armadura marina de la Sirena, uno de los Generales Marinos y guardi\u00e1n del pilar del Oc\u00e9ano Atl\u00e1ntico.","og_url":"https:\/\/endormoonstore.com\/en\/siren-sorrento-saint-seiya-myth-cloth-ex\/","og_site_name":"EndormoonStore","article_modified_time":"2021-11-16T18:02:38+00:00","og_image":[{"width":563,"height":750,"url":"https:\/\/endormoonstore.com\/wp-content\/uploads\/2021\/05\/Siren-Sorrento-Saint-Seiya-Myth-Cloth-EX-1.jpeg","type":"image\/jpeg"}],"twitter_card":"summary_large_image","twitter_misc":{"Est. reading time":"1 minute"},"schema":{"@context":"https:\/\/schema.org","@graph":[{"@type":"WebPage","@id":"https:\/\/endormoonstore.com\/en\/siren-sorrento-saint-seiya-myth-cloth-ex\/","url":"https:\/\/endormoonstore.com\/en\/siren-sorrento-saint-seiya-myth-cloth-ex\/","name":"Siren Sorrento Saint Seiya Myth Cloth EX - EndormoonStore","isPartOf":{"@id":"https:\/\/endormoonstore.com\/#website"},"primaryImageOfPage":{"@id":"https:\/\/endormoonstore.com\/en\/siren-sorrento-saint-seiya-myth-cloth-ex\/#primaryimage"},"image":{"@id":"https:\/\/endormoonstore.com\/en\/siren-sorrento-saint-seiya-myth-cloth-ex\/#primaryimage"},"thumbnailUrl":"https:\/\/endormoonstore.com\/wp-content\/uploads\/2021\/05\/Siren-Sorrento-Saint-Seiya-Myth-Cloth-EX-1.jpeg","datePublished":"2021-05-08T08:45:59+00:00","dateModified":"2021-11-16T18:02:38+00:00","breadcrumb":{"@id":"https:\/\/endormoonstore.com\/en\/siren-sorrento-saint-seiya-myth-cloth-ex\/#breadcrumb"},"inLanguage":"en-US","potentialAction":[{"@type":"ReadAction","target":["https:\/\/endormoonstore.com\/en\/siren-sorrento-saint-seiya-myth-cloth-ex\/"]}]},{"@type":"ImageObject","inLanguage":"en-US","@id":"https:\/\/endormoonstore.com\/en\/siren-sorrento-saint-seiya-myth-cloth-ex\/#primaryimage","url":"https:\/\/endormoonstore.com\/wp-content\/uploads\/2021\/05\/Siren-Sorrento-Saint-Seiya-Myth-Cloth-EX-1.jpeg","contentUrl":"https:\/\/endormoonstore.com\/wp-content\/uploads\/2021\/05\/Siren-Sorrento-Saint-Seiya-Myth-Cloth-EX-1.jpeg","width":563,"height":750},{"@type":"BreadcrumbList","@id":"https:\/\/endormoonstore.com\/en\/siren-sorrento-saint-seiya-myth-cloth-ex\/#breadcrumb","itemListElement":[{"@type":"ListItem","position":1,"name":"Shop","item":"https:\/\/endormoonstore.com\/en\/shop\/"},{"@type":"ListItem","position":2,"name":"Siren Sorrento Saint Seiya Myth Cloth EX"}]},{"@type":"WebSite","@id":"https:\/\/endormoonstore.com\/#website","url":"https:\/\/endormoonstore.com\/","name":"EndormoonStore","description":"","potentialAction":[{"@type":"SearchAction","target":{"@type":"EntryPoint","urlTemplate":"https:\/\/endormoonstore.com\/?s={search_term_string}"},"query-input":{"@type":"PropertyValueSpecification","valueRequired":true,"valueName":"search_term_string"}}],"inLanguage":"en-US"}]}},"taxonomy_info":{"product_cat":[{"value":1390,"label":"Figures"}],"pa_brand":[{"value":2096,"label":"Tamashii Nations"}],"pa_character":[{"value":7529,"label":"Siren Sorrento"}],"pa_license":[{"value":1643,"label":"Saint Seiya"}],"pa_product-type":[{"value":2387,"label":"Figure"}],"pa_theme":[{"value":2972,"label":"Saint Cloth Myth EX"}]},"featured_image_src_large":["https:\/\/endormoonstore.com\/wp-content\/uploads\/2021\/05\/Siren-Sorrento-Saint-Seiya-Myth-Cloth-EX-1.jpeg",563,750,false],"author_info":[],"comment_info":"","_links":{"self":[{"href":"https:\/\/endormoonstore.com\/en\/wp-json\/wp\/v2\/product\/104618","targetHints":{"allow":["GET"]}}],"collection":[{"href":"https:\/\/endormoonstore.com\/en\/wp-json\/wp\/v2\/product"}],"about":[{"href":"https:\/\/endormoonstore.com\/en\/wp-json\/wp\/v2\/types\/product"}],"wp:featuredmedia":[{"embeddable":true,"href":"https:\/\/endormoonstore.com\/en\/wp-json\/wp\/v2\/media\/104599"}],"wp:attachment":[{"href":"https:\/\/endormoonstore.com\/en\/wp-json\/wp\/v2\/media?parent=104618"}],"wp:term":[{"taxonomy":"product_cat","embeddable":true,"href":"https:\/\/endormoonstore.com\/en\/wp-json\/wp\/v2\/product_cat?post=104618"},{"taxonomy":"product_tag","embeddable":true,"href":"https:\/\/endormoonstore.com\/en\/wp-json\/wp\/v2\/product_tag?post=104618"}],"curies":[{"name":"wp","href":"https:\/\/api.w.org\/{rel}","templated":true}]}}