{"id":104414,"date":"2021-05-06T17:35:32","date_gmt":"2021-05-06T15:35:32","guid":{"rendered":"https:\/\/endormoonstore.com\/captain-america-john-walker-the-falcon-and-the-winter-soldier-s-h-figuarts\/"},"modified":"2021-11-17T10:30:50","modified_gmt":"2021-11-17T09:30:50","slug":"captain-america-john-walker-the-falcon-and-the-winter-soldier-s-h-figuarts","status":"publish","type":"product","link":"https:\/\/endormoonstore.com\/en\/captain-america-john-walker-the-falcon-and-the-winter-soldier-s-h-figuarts\/","title":{"rendered":"Captain America John Walker The Falcon and the Winter Soldier S.H.Figuarts"},"content":{"rendered":"<p><strong>Captain America John Walker The Falcon and the Winter Soldier S.H.Figuarts Figura 15 cm<\/strong><\/p>\n<ul>\n<li>Tamashii Nations presenta para la l\u00ednea S.H. Figuarts la figura de John F. Walker, el nuevo Capit\u00e1n Am\u00e9rica, tal y como aparece en la serie de TV de Disney+ &#8220;Falcon and the Winter Soldier&#8221;.<\/li>\n<li>Se trata de una figura articulada, hecha en PVC, de unos 15 cm de alto.<\/li>\n<li>Incluye varios accesorios como 1x cabeza alternativa sin yelmo, 3x pares de manos (3 de john y 3 de Winter soldier), pistola, cartuchera, escudo, correas escudo, efectos de movimiento del escudo.<\/li>\n<\/ul>\n<p>&nbsp;<\/p>\n<p>&nbsp;<\/p>\n","protected":false},"excerpt":{"rendered":"<p><strong>Captain America John Walker The Falcon and the Winter Soldier S.H.Figuarts Figura 15 cm<\/strong><\/p>\n<p>Tamashii Nations presenta para la l\u00ednea S.H. Figuarts la figura de John F. Walker, el nuevo Capit\u00e1n Am\u00e9rica, tal y como aparece en la serie de TV de Disney+ &#8220;Falcon and the Winter Soldier&#8221;.<\/p>\n","protected":false},"featured_media":104397,"template":"","meta":{"_acf_changed":false,"_kad_blocks_custom_css":"","_kad_blocks_head_custom_js":"","_kad_blocks_body_custom_js":"","_kad_blocks_footer_custom_js":""},"product_cat":[1390],"product_tag":[],"class_list":{"0":"post-104414","1":"product","2":"type-product","3":"status-publish","4":"has-post-thumbnail","6":"product_cat-figures","7":"pa_brand-tamashii-nations-en","8":"pa_character-captain-america","9":"pa_episode-the-falcon-and-the-winter-soldier-en","10":"pa_license-marvel-en","11":"pa_product-type-figure","12":"pa_theme-s-h-figuarts-en","14":"first","15":"instock","16":"taxable","17":"shipping-taxable","18":"purchasable","19":"product-type-simple"},"acf":[],"yoast_head":"<!-- This site is optimized with the Yoast SEO plugin v26.1.1 - https:\/\/yoast.com\/wordpress\/plugins\/seo\/ -->\n<title>Captain America John Walker The Falcon and the Winter Soldier S.H.Figuarts - EndormoonStore<\/title>\n<meta name=\"robots\" content=\"index, follow, max-snippet:-1, max-image-preview:large, max-video-preview:-1\" \/>\n<link rel=\"canonical\" href=\"https:\/\/endormoonstore.com\/en\/captain-america-john-walker-the-falcon-and-the-winter-soldier-s-h-figuarts\/\" \/>\n<meta property=\"og:locale\" content=\"en_US\" \/>\n<meta property=\"og:type\" content=\"article\" \/>\n<meta property=\"og:title\" content=\"Captain America John Walker The Falcon and the Winter Soldier S.H.Figuarts - EndormoonStore\" \/>\n<meta property=\"og:description\" content=\"Captain America John Walker The Falcon and the Winter Soldier S.H.Figuarts Figura 15 cm  Tamashii Nations presenta para la l\u00ednea S.H. Figuarts la figura de John F. Walker, el nuevo Capit\u00e1n Am\u00e9rica, tal y como aparece en la serie de TV de Disney+ &quot;Falcon and the Winter Soldier&quot;.\" \/>\n<meta property=\"og:url\" content=\"https:\/\/endormoonstore.com\/en\/captain-america-john-walker-the-falcon-and-the-winter-soldier-s-h-figuarts\/\" \/>\n<meta property=\"og:site_name\" content=\"EndormoonStore\" \/>\n<meta property=\"article:modified_time\" content=\"2021-11-17T09:30:50+00:00\" \/>\n<meta property=\"og:image\" content=\"https:\/\/endormoonstore.com\/wp-content\/uploads\/2021\/05\/Captain-America-John-Walker-The-Falcon-and-the-Winter-Soldier-S.H.Figuarts-2.jpeg\" \/>\n\t<meta property=\"og:image:width\" content=\"536\" \/>\n\t<meta property=\"og:image:height\" content=\"750\" \/>\n\t<meta property=\"og:image:type\" content=\"image\/jpeg\" \/>\n<meta name=\"twitter:card\" content=\"summary_large_image\" \/>\n<meta name=\"twitter:label1\" content=\"Est. reading time\" \/>\n\t<meta name=\"twitter:data1\" content=\"1 minute\" \/>\n<script type=\"application\/ld+json\" class=\"yoast-schema-graph\">{\"@context\":\"https:\/\/schema.org\",\"@graph\":[{\"@type\":\"WebPage\",\"@id\":\"https:\/\/endormoonstore.com\/en\/captain-america-john-walker-the-falcon-and-the-winter-soldier-s-h-figuarts\/\",\"url\":\"https:\/\/endormoonstore.com\/en\/captain-america-john-walker-the-falcon-and-the-winter-soldier-s-h-figuarts\/\",\"name\":\"Captain America John Walker The Falcon and the Winter Soldier S.H.Figuarts - EndormoonStore\",\"isPartOf\":{\"@id\":\"https:\/\/endormoonstore.com\/#website\"},\"primaryImageOfPage\":{\"@id\":\"https:\/\/endormoonstore.com\/en\/captain-america-john-walker-the-falcon-and-the-winter-soldier-s-h-figuarts\/#primaryimage\"},\"image\":{\"@id\":\"https:\/\/endormoonstore.com\/en\/captain-america-john-walker-the-falcon-and-the-winter-soldier-s-h-figuarts\/#primaryimage\"},\"thumbnailUrl\":\"https:\/\/endormoonstore.com\/wp-content\/uploads\/2021\/05\/Captain-America-John-Walker-The-Falcon-and-the-Winter-Soldier-S.H.Figuarts-2.jpeg\",\"datePublished\":\"2021-05-06T15:35:32+00:00\",\"dateModified\":\"2021-11-17T09:30:50+00:00\",\"breadcrumb\":{\"@id\":\"https:\/\/endormoonstore.com\/en\/captain-america-john-walker-the-falcon-and-the-winter-soldier-s-h-figuarts\/#breadcrumb\"},\"inLanguage\":\"en-US\",\"potentialAction\":[{\"@type\":\"ReadAction\",\"target\":[\"https:\/\/endormoonstore.com\/en\/captain-america-john-walker-the-falcon-and-the-winter-soldier-s-h-figuarts\/\"]}]},{\"@type\":\"ImageObject\",\"inLanguage\":\"en-US\",\"@id\":\"https:\/\/endormoonstore.com\/en\/captain-america-john-walker-the-falcon-and-the-winter-soldier-s-h-figuarts\/#primaryimage\",\"url\":\"https:\/\/endormoonstore.com\/wp-content\/uploads\/2021\/05\/Captain-America-John-Walker-The-Falcon-and-the-Winter-Soldier-S.H.Figuarts-2.jpeg\",\"contentUrl\":\"https:\/\/endormoonstore.com\/wp-content\/uploads\/2021\/05\/Captain-America-John-Walker-The-Falcon-and-the-Winter-Soldier-S.H.Figuarts-2.jpeg\",\"width\":536,\"height\":750},{\"@type\":\"BreadcrumbList\",\"@id\":\"https:\/\/endormoonstore.com\/en\/captain-america-john-walker-the-falcon-and-the-winter-soldier-s-h-figuarts\/#breadcrumb\",\"itemListElement\":[{\"@type\":\"ListItem\",\"position\":1,\"name\":\"Shop\",\"item\":\"https:\/\/endormoonstore.com\/en\/shop\/\"},{\"@type\":\"ListItem\",\"position\":2,\"name\":\"Captain America John Walker The Falcon and the Winter Soldier S.H.Figuarts\"}]},{\"@type\":\"WebSite\",\"@id\":\"https:\/\/endormoonstore.com\/#website\",\"url\":\"https:\/\/endormoonstore.com\/\",\"name\":\"EndormoonStore\",\"description\":\"\",\"potentialAction\":[{\"@type\":\"SearchAction\",\"target\":{\"@type\":\"EntryPoint\",\"urlTemplate\":\"https:\/\/endormoonstore.com\/?s={search_term_string}\"},\"query-input\":{\"@type\":\"PropertyValueSpecification\",\"valueRequired\":true,\"valueName\":\"search_term_string\"}}],\"inLanguage\":\"en-US\"}]}<\/script>\n<!-- \/ Yoast SEO plugin. -->","yoast_head_json":{"title":"Captain America John Walker The Falcon and the Winter Soldier S.H.Figuarts - EndormoonStore","robots":{"index":"index","follow":"follow","max-snippet":"max-snippet:-1","max-image-preview":"max-image-preview:large","max-video-preview":"max-video-preview:-1"},"canonical":"https:\/\/endormoonstore.com\/en\/captain-america-john-walker-the-falcon-and-the-winter-soldier-s-h-figuarts\/","og_locale":"en_US","og_type":"article","og_title":"Captain America John Walker The Falcon and the Winter Soldier S.H.Figuarts - EndormoonStore","og_description":"Captain America John Walker The Falcon and the Winter Soldier S.H.Figuarts Figura 15 cm  Tamashii Nations presenta para la l\u00ednea S.H. Figuarts la figura de John F. Walker, el nuevo Capit\u00e1n Am\u00e9rica, tal y como aparece en la serie de TV de Disney+ \"Falcon and the Winter Soldier\".","og_url":"https:\/\/endormoonstore.com\/en\/captain-america-john-walker-the-falcon-and-the-winter-soldier-s-h-figuarts\/","og_site_name":"EndormoonStore","article_modified_time":"2021-11-17T09:30:50+00:00","og_image":[{"width":536,"height":750,"url":"https:\/\/endormoonstore.com\/wp-content\/uploads\/2021\/05\/Captain-America-John-Walker-The-Falcon-and-the-Winter-Soldier-S.H.Figuarts-2.jpeg","type":"image\/jpeg"}],"twitter_card":"summary_large_image","twitter_misc":{"Est. reading time":"1 minute"},"schema":{"@context":"https:\/\/schema.org","@graph":[{"@type":"WebPage","@id":"https:\/\/endormoonstore.com\/en\/captain-america-john-walker-the-falcon-and-the-winter-soldier-s-h-figuarts\/","url":"https:\/\/endormoonstore.com\/en\/captain-america-john-walker-the-falcon-and-the-winter-soldier-s-h-figuarts\/","name":"Captain America John Walker The Falcon and the Winter Soldier S.H.Figuarts - EndormoonStore","isPartOf":{"@id":"https:\/\/endormoonstore.com\/#website"},"primaryImageOfPage":{"@id":"https:\/\/endormoonstore.com\/en\/captain-america-john-walker-the-falcon-and-the-winter-soldier-s-h-figuarts\/#primaryimage"},"image":{"@id":"https:\/\/endormoonstore.com\/en\/captain-america-john-walker-the-falcon-and-the-winter-soldier-s-h-figuarts\/#primaryimage"},"thumbnailUrl":"https:\/\/endormoonstore.com\/wp-content\/uploads\/2021\/05\/Captain-America-John-Walker-The-Falcon-and-the-Winter-Soldier-S.H.Figuarts-2.jpeg","datePublished":"2021-05-06T15:35:32+00:00","dateModified":"2021-11-17T09:30:50+00:00","breadcrumb":{"@id":"https:\/\/endormoonstore.com\/en\/captain-america-john-walker-the-falcon-and-the-winter-soldier-s-h-figuarts\/#breadcrumb"},"inLanguage":"en-US","potentialAction":[{"@type":"ReadAction","target":["https:\/\/endormoonstore.com\/en\/captain-america-john-walker-the-falcon-and-the-winter-soldier-s-h-figuarts\/"]}]},{"@type":"ImageObject","inLanguage":"en-US","@id":"https:\/\/endormoonstore.com\/en\/captain-america-john-walker-the-falcon-and-the-winter-soldier-s-h-figuarts\/#primaryimage","url":"https:\/\/endormoonstore.com\/wp-content\/uploads\/2021\/05\/Captain-America-John-Walker-The-Falcon-and-the-Winter-Soldier-S.H.Figuarts-2.jpeg","contentUrl":"https:\/\/endormoonstore.com\/wp-content\/uploads\/2021\/05\/Captain-America-John-Walker-The-Falcon-and-the-Winter-Soldier-S.H.Figuarts-2.jpeg","width":536,"height":750},{"@type":"BreadcrumbList","@id":"https:\/\/endormoonstore.com\/en\/captain-america-john-walker-the-falcon-and-the-winter-soldier-s-h-figuarts\/#breadcrumb","itemListElement":[{"@type":"ListItem","position":1,"name":"Shop","item":"https:\/\/endormoonstore.com\/en\/shop\/"},{"@type":"ListItem","position":2,"name":"Captain America John Walker The Falcon and the Winter Soldier S.H.Figuarts"}]},{"@type":"WebSite","@id":"https:\/\/endormoonstore.com\/#website","url":"https:\/\/endormoonstore.com\/","name":"EndormoonStore","description":"","potentialAction":[{"@type":"SearchAction","target":{"@type":"EntryPoint","urlTemplate":"https:\/\/endormoonstore.com\/?s={search_term_string}"},"query-input":{"@type":"PropertyValueSpecification","valueRequired":true,"valueName":"search_term_string"}}],"inLanguage":"en-US"}]}},"taxonomy_info":{"product_cat":[{"value":1390,"label":"Figures"}],"pa_brand":[{"value":2096,"label":"Tamashii Nations"}],"pa_character":[{"value":2309,"label":"Captain America"}],"pa_episode":[{"value":7089,"label":"The Falcon and the Winter Soldier"}],"pa_license":[{"value":1642,"label":"Marvel"}],"pa_product-type":[{"value":2387,"label":"Figure"}],"pa_theme":[{"value":1813,"label":"S.H. Figuarts"}]},"featured_image_src_large":["https:\/\/endormoonstore.com\/wp-content\/uploads\/2021\/05\/Captain-America-John-Walker-The-Falcon-and-the-Winter-Soldier-S.H.Figuarts-2.jpeg",536,750,false],"author_info":[],"comment_info":"","_links":{"self":[{"href":"https:\/\/endormoonstore.com\/en\/wp-json\/wp\/v2\/product\/104414","targetHints":{"allow":["GET"]}}],"collection":[{"href":"https:\/\/endormoonstore.com\/en\/wp-json\/wp\/v2\/product"}],"about":[{"href":"https:\/\/endormoonstore.com\/en\/wp-json\/wp\/v2\/types\/product"}],"wp:featuredmedia":[{"embeddable":true,"href":"https:\/\/endormoonstore.com\/en\/wp-json\/wp\/v2\/media\/104397"}],"wp:attachment":[{"href":"https:\/\/endormoonstore.com\/en\/wp-json\/wp\/v2\/media?parent=104414"}],"wp:term":[{"taxonomy":"product_cat","embeddable":true,"href":"https:\/\/endormoonstore.com\/en\/wp-json\/wp\/v2\/product_cat?post=104414"},{"taxonomy":"product_tag","embeddable":true,"href":"https:\/\/endormoonstore.com\/en\/wp-json\/wp\/v2\/product_tag?post=104414"}],"curies":[{"name":"wp","href":"https:\/\/api.w.org\/{rel}","templated":true}]}}