{"id":104390,"date":"2021-05-06T11:59:53","date_gmt":"2021-05-06T09:59:53","guid":{"rendered":"https:\/\/endormoonstore.com\/ultimate-michael-myers-halloween-kills-2021\/"},"modified":"2022-10-01T16:32:35","modified_gmt":"2022-10-01T14:32:35","slug":"ultimate-michael-myers-halloween-kills-2021","status":"publish","type":"product","link":"https:\/\/endormoonstore.com\/en\/ultimate-michael-myers-halloween-kills-2021\/","title":{"rendered":"Ultimate Michael Myers Halloween Kills 2021"},"content":{"rendered":"<p><strong>Ultimate Michael Myers Halloween Kills 2021 Figure 18 cm<\/strong><\/p>\n<ul>\n<li>Neca presenta la versi\u00f3n Ultimate de Michael Myers, basada en la nueva pel\u00edcula &#8220;Halloween Kills&#8221; que se estrenar\u00e1 en octubre de 2021.<\/li>\n<li>Esta figura es una versi\u00f3n articulada.<\/li>\n<li>Hecha en PVC y con un tama\u00f1o de unos 18 cm.<\/li>\n<\/ul>\n<p>&nbsp;<\/p>\n","protected":false},"excerpt":{"rendered":"<p><strong>Ultimate Michael Myers Halloween Kills 2021 Figure 18 cm<\/strong><\/p>\n<p>Neca presenta la versi\u00f3n Ultimate de Michael Myers, basada en la nueva pel\u00edcula &#8220;Halloween Kills&#8221; que se estrenar\u00e1 en octubre de 2021.<\/p>\n","protected":false},"featured_media":104389,"template":"","meta":{"_acf_changed":false,"_kad_blocks_custom_css":"","_kad_blocks_head_custom_js":"","_kad_blocks_body_custom_js":"","_kad_blocks_footer_custom_js":""},"product_cat":[1390],"product_tag":[],"class_list":{"0":"post-104390","1":"product","2":"type-product","3":"status-publish","4":"has-post-thumbnail","6":"product_cat-figures","7":"pa_brand-neca-en","8":"pa_character-michael-myers-en","9":"pa_license-halloween-en","10":"pa_product-type-figure","11":"pa_theme-scale-action-figure-en","13":"first","14":"outofstock","15":"taxable","16":"shipping-taxable","17":"purchasable","18":"product-type-simple"},"acf":[],"yoast_head":"<!-- This site is optimized with the Yoast SEO plugin v26.1.1 - https:\/\/yoast.com\/wordpress\/plugins\/seo\/ -->\n<title>Ultimate Michael Myers Halloween Kills 2021 - EndormoonStore<\/title>\n<meta name=\"robots\" content=\"index, follow, max-snippet:-1, max-image-preview:large, max-video-preview:-1\" \/>\n<link rel=\"canonical\" href=\"https:\/\/endormoonstore.com\/en\/ultimate-michael-myers-halloween-kills-2021\/\" \/>\n<meta property=\"og:locale\" content=\"en_US\" \/>\n<meta property=\"og:type\" content=\"article\" \/>\n<meta property=\"og:title\" content=\"Ultimate Michael Myers Halloween Kills 2021 - EndormoonStore\" \/>\n<meta property=\"og:description\" content=\"Ultimate Michael Myers Halloween Kills 2021 Figure 18 cm  Neca presenta la versi\u00f3n Ultimate de Michael Myers, basada en la nueva pel\u00edcula &quot;Halloween Kills&quot; que se estrenar\u00e1 en octubre de 2021.\" \/>\n<meta property=\"og:url\" content=\"https:\/\/endormoonstore.com\/en\/ultimate-michael-myers-halloween-kills-2021\/\" \/>\n<meta property=\"og:site_name\" content=\"EndormoonStore\" \/>\n<meta property=\"article:modified_time\" content=\"2022-10-01T14:32:35+00:00\" \/>\n<meta property=\"og:image\" content=\"https:\/\/endormoonstore.com\/wp-content\/uploads\/2021\/05\/NEC0NC60644.jpg\" \/>\n\t<meta property=\"og:image:width\" content=\"1059\" \/>\n\t<meta property=\"og:image:height\" content=\"1080\" \/>\n\t<meta property=\"og:image:type\" content=\"image\/jpeg\" \/>\n<meta name=\"twitter:card\" content=\"summary_large_image\" \/>\n<meta name=\"twitter:label1\" content=\"Est. reading time\" \/>\n\t<meta name=\"twitter:data1\" content=\"1 minute\" \/>\n<script type=\"application\/ld+json\" class=\"yoast-schema-graph\">{\"@context\":\"https:\/\/schema.org\",\"@graph\":[{\"@type\":\"WebPage\",\"@id\":\"https:\/\/endormoonstore.com\/en\/ultimate-michael-myers-halloween-kills-2021\/\",\"url\":\"https:\/\/endormoonstore.com\/en\/ultimate-michael-myers-halloween-kills-2021\/\",\"name\":\"Ultimate Michael Myers Halloween Kills 2021 - EndormoonStore\",\"isPartOf\":{\"@id\":\"https:\/\/endormoonstore.com\/#website\"},\"primaryImageOfPage\":{\"@id\":\"https:\/\/endormoonstore.com\/en\/ultimate-michael-myers-halloween-kills-2021\/#primaryimage\"},\"image\":{\"@id\":\"https:\/\/endormoonstore.com\/en\/ultimate-michael-myers-halloween-kills-2021\/#primaryimage\"},\"thumbnailUrl\":\"https:\/\/endormoonstore.com\/wp-content\/uploads\/2021\/05\/NEC0NC60644.jpg\",\"datePublished\":\"2021-05-06T09:59:53+00:00\",\"dateModified\":\"2022-10-01T14:32:35+00:00\",\"breadcrumb\":{\"@id\":\"https:\/\/endormoonstore.com\/en\/ultimate-michael-myers-halloween-kills-2021\/#breadcrumb\"},\"inLanguage\":\"en-US\",\"potentialAction\":[{\"@type\":\"ReadAction\",\"target\":[\"https:\/\/endormoonstore.com\/en\/ultimate-michael-myers-halloween-kills-2021\/\"]}]},{\"@type\":\"ImageObject\",\"inLanguage\":\"en-US\",\"@id\":\"https:\/\/endormoonstore.com\/en\/ultimate-michael-myers-halloween-kills-2021\/#primaryimage\",\"url\":\"https:\/\/endormoonstore.com\/wp-content\/uploads\/2021\/05\/NEC0NC60644.jpg\",\"contentUrl\":\"https:\/\/endormoonstore.com\/wp-content\/uploads\/2021\/05\/NEC0NC60644.jpg\",\"width\":1059,\"height\":1080},{\"@type\":\"BreadcrumbList\",\"@id\":\"https:\/\/endormoonstore.com\/en\/ultimate-michael-myers-halloween-kills-2021\/#breadcrumb\",\"itemListElement\":[{\"@type\":\"ListItem\",\"position\":1,\"name\":\"Shop\",\"item\":\"https:\/\/endormoonstore.com\/en\/shop\/\"},{\"@type\":\"ListItem\",\"position\":2,\"name\":\"Ultimate Michael Myers Halloween Kills 2021\"}]},{\"@type\":\"WebSite\",\"@id\":\"https:\/\/endormoonstore.com\/#website\",\"url\":\"https:\/\/endormoonstore.com\/\",\"name\":\"EndormoonStore\",\"description\":\"\",\"potentialAction\":[{\"@type\":\"SearchAction\",\"target\":{\"@type\":\"EntryPoint\",\"urlTemplate\":\"https:\/\/endormoonstore.com\/?s={search_term_string}\"},\"query-input\":{\"@type\":\"PropertyValueSpecification\",\"valueRequired\":true,\"valueName\":\"search_term_string\"}}],\"inLanguage\":\"en-US\"}]}<\/script>\n<!-- \/ Yoast SEO plugin. -->","yoast_head_json":{"title":"Ultimate Michael Myers Halloween Kills 2021 - EndormoonStore","robots":{"index":"index","follow":"follow","max-snippet":"max-snippet:-1","max-image-preview":"max-image-preview:large","max-video-preview":"max-video-preview:-1"},"canonical":"https:\/\/endormoonstore.com\/en\/ultimate-michael-myers-halloween-kills-2021\/","og_locale":"en_US","og_type":"article","og_title":"Ultimate Michael Myers Halloween Kills 2021 - EndormoonStore","og_description":"Ultimate Michael Myers Halloween Kills 2021 Figure 18 cm  Neca presenta la versi\u00f3n Ultimate de Michael Myers, basada en la nueva pel\u00edcula \"Halloween Kills\" que se estrenar\u00e1 en octubre de 2021.","og_url":"https:\/\/endormoonstore.com\/en\/ultimate-michael-myers-halloween-kills-2021\/","og_site_name":"EndormoonStore","article_modified_time":"2022-10-01T14:32:35+00:00","og_image":[{"width":1059,"height":1080,"url":"https:\/\/endormoonstore.com\/wp-content\/uploads\/2021\/05\/NEC0NC60644.jpg","type":"image\/jpeg"}],"twitter_card":"summary_large_image","twitter_misc":{"Est. reading time":"1 minute"},"schema":{"@context":"https:\/\/schema.org","@graph":[{"@type":"WebPage","@id":"https:\/\/endormoonstore.com\/en\/ultimate-michael-myers-halloween-kills-2021\/","url":"https:\/\/endormoonstore.com\/en\/ultimate-michael-myers-halloween-kills-2021\/","name":"Ultimate Michael Myers Halloween Kills 2021 - EndormoonStore","isPartOf":{"@id":"https:\/\/endormoonstore.com\/#website"},"primaryImageOfPage":{"@id":"https:\/\/endormoonstore.com\/en\/ultimate-michael-myers-halloween-kills-2021\/#primaryimage"},"image":{"@id":"https:\/\/endormoonstore.com\/en\/ultimate-michael-myers-halloween-kills-2021\/#primaryimage"},"thumbnailUrl":"https:\/\/endormoonstore.com\/wp-content\/uploads\/2021\/05\/NEC0NC60644.jpg","datePublished":"2021-05-06T09:59:53+00:00","dateModified":"2022-10-01T14:32:35+00:00","breadcrumb":{"@id":"https:\/\/endormoonstore.com\/en\/ultimate-michael-myers-halloween-kills-2021\/#breadcrumb"},"inLanguage":"en-US","potentialAction":[{"@type":"ReadAction","target":["https:\/\/endormoonstore.com\/en\/ultimate-michael-myers-halloween-kills-2021\/"]}]},{"@type":"ImageObject","inLanguage":"en-US","@id":"https:\/\/endormoonstore.com\/en\/ultimate-michael-myers-halloween-kills-2021\/#primaryimage","url":"https:\/\/endormoonstore.com\/wp-content\/uploads\/2021\/05\/NEC0NC60644.jpg","contentUrl":"https:\/\/endormoonstore.com\/wp-content\/uploads\/2021\/05\/NEC0NC60644.jpg","width":1059,"height":1080},{"@type":"BreadcrumbList","@id":"https:\/\/endormoonstore.com\/en\/ultimate-michael-myers-halloween-kills-2021\/#breadcrumb","itemListElement":[{"@type":"ListItem","position":1,"name":"Shop","item":"https:\/\/endormoonstore.com\/en\/shop\/"},{"@type":"ListItem","position":2,"name":"Ultimate Michael Myers Halloween Kills 2021"}]},{"@type":"WebSite","@id":"https:\/\/endormoonstore.com\/#website","url":"https:\/\/endormoonstore.com\/","name":"EndormoonStore","description":"","potentialAction":[{"@type":"SearchAction","target":{"@type":"EntryPoint","urlTemplate":"https:\/\/endormoonstore.com\/?s={search_term_string}"},"query-input":{"@type":"PropertyValueSpecification","valueRequired":true,"valueName":"search_term_string"}}],"inLanguage":"en-US"}]}},"taxonomy_info":{"product_cat":[{"value":1390,"label":"Figures"}],"pa_brand":[{"value":2090,"label":"Neca"}],"pa_character":[{"value":7493,"label":"Michael Myers"}],"pa_license":[{"value":5454,"label":"Halloween"}],"pa_product-type":[{"value":2387,"label":"Figure"}],"pa_theme":[{"value":2864,"label":"Scale Action Figure"}]},"featured_image_src_large":["https:\/\/endormoonstore.com\/wp-content\/uploads\/2021\/05\/NEC0NC60644.jpg",1059,1080,false],"author_info":[],"comment_info":"","_links":{"self":[{"href":"https:\/\/endormoonstore.com\/en\/wp-json\/wp\/v2\/product\/104390","targetHints":{"allow":["GET"]}}],"collection":[{"href":"https:\/\/endormoonstore.com\/en\/wp-json\/wp\/v2\/product"}],"about":[{"href":"https:\/\/endormoonstore.com\/en\/wp-json\/wp\/v2\/types\/product"}],"wp:featuredmedia":[{"embeddable":true,"href":"https:\/\/endormoonstore.com\/en\/wp-json\/wp\/v2\/media\/104389"}],"wp:attachment":[{"href":"https:\/\/endormoonstore.com\/en\/wp-json\/wp\/v2\/media?parent=104390"}],"wp:term":[{"taxonomy":"product_cat","embeddable":true,"href":"https:\/\/endormoonstore.com\/en\/wp-json\/wp\/v2\/product_cat?post=104390"},{"taxonomy":"product_tag","embeddable":true,"href":"https:\/\/endormoonstore.com\/en\/wp-json\/wp\/v2\/product_tag?post=104390"}],"curies":[{"name":"wp","href":"https:\/\/api.w.org\/{rel}","templated":true}]}}