{"id":104227,"date":"2021-05-04T22:07:39","date_gmt":"2021-05-04T20:07:39","guid":{"rendered":"https:\/\/endormoonstore.com\/transformers-generations-war-for-cybertron-kingdom-leader-wfc-k28-galvatron-copy\/"},"modified":"2023-08-30T10:08:07","modified_gmt":"2023-08-30T08:08:07","slug":"transformers-generations-war-for-cybertron-kingdom-leader-wfc-k28-galvatron-copy","status":"publish","type":"product","link":"https:\/\/endormoonstore.com\/en\/transformers-generations-war-for-cybertron-kingdom-leader-wfc-k28-galvatron-copy\/","title":{"rendered":"Transformers Generations War for Cybertron: Kingdom Leader WFC-K20 Ultra Magnus"},"content":{"rendered":"<p><strong>Transformers Generations War for Cybertron: Kingdom Leader WFC-K20 Ultra Magnus Figura 18 cm<\/strong><\/p>\n<ul>\n<li>\u00a1Beastifica el campo de batalla!\u00a0Los mundos chocan cuando los Maximals y Predacons se unen a la lucha, uni\u00e9ndose a los Autobots y Decepticons en una batalla \u00e9pica que alterar\u00e1 su destino para siempre.<\/li>\n<li>Con la tecnolog\u00eda antigua y altamente avanzada FOSSIL (Fossilized Osteo-Skeletal Shield Integration Loadout), los bots Fossilizer, infundidos con energ\u00eda primordial, se separan para convertir a sus aliados en armas.<\/li>\n<li>\u00a1Usa figuras Deluxe Fossilizer para bestializar la figura Ultra Magnus con armadura de hueso!\u00a0(Se vende por separado, sujeto a disponibilidad).<\/li>\n<li>Esta figura inspirada en G1 se convierte en el modo de cami\u00f3n blindado de la Tierra en 12 pasos y viene con un accesorio desintegrador.<\/li>\n<li>Use partes del remolque del cami\u00f3n para armar la armadura.<\/li>\n<li>Esta figura ha sido parcialmente remodelada y decorada para reflejar mejor su aspecto G1, \u00a1y sin da\u00f1o de batalla!<\/li>\n<li>Incluye una tarjeta Golden Disk que revela un posible destino de un personaje clave.<\/li>\n<li>Incluye la figura de Transformers Generations War for Cybertron: Kingdom Leader Class, accesorios, tarjeta Golden Disk e instrucciones.<\/li>\n<li>Advertencia: Peligro de asfixia: piezas peque\u00f1as.\u00a0No apto para ni\u00f1os menores de 3 a\u00f1os.<\/li>\n<\/ul>\n","protected":false},"excerpt":{"rendered":"<p><strong>Transformers Generations War for Cybertron: Kingdom Leader WFC-K20 Ultra Magnus Figura 18 cm<\/strong><\/p>\n<p>\u00a1Beastifica el campo de batalla!\u00a0Los mundos chocan cuando los Maximals y Predacons se unen a la lucha, uni\u00e9ndose a los Autobots y Decepticons en una batalla \u00e9pica que alterar\u00e1 su destino para siempre.<\/p>\n","protected":false},"featured_media":104206,"template":"","meta":{"_acf_changed":false,"_kad_blocks_custom_css":"","_kad_blocks_head_custom_js":"","_kad_blocks_body_custom_js":"","_kad_blocks_footer_custom_js":""},"product_cat":[1390],"product_tag":[],"class_list":{"0":"post-104227","1":"product","2":"type-product","3":"status-publish","4":"has-post-thumbnail","6":"product_cat-figures","7":"pa_brand-hasbro-en","8":"pa_character-ultra-magnus-en","9":"pa_license-transformers-en","10":"pa_product-type-figure","11":"pa_theme-war-for-cybertron-en","13":"first","14":"outofstock","15":"taxable","16":"shipping-taxable","17":"purchasable","18":"product-type-simple"},"acf":[],"yoast_head":"<!-- This site is optimized with the Yoast SEO plugin v26.1.1 - https:\/\/yoast.com\/wordpress\/plugins\/seo\/ -->\n<title>Transformers Generations War for Cybertron: Kingdom Leader WFC-K20 Ultra Magnus - EndormoonStore<\/title>\n<meta name=\"robots\" content=\"index, follow, max-snippet:-1, max-image-preview:large, max-video-preview:-1\" \/>\n<link rel=\"canonical\" href=\"https:\/\/endormoonstore.com\/transformers-generations-war-for-cybertron-kingdom-leader-wfc-k28-galvatron-copy\/\" \/>\n<meta property=\"og:locale\" content=\"en_US\" \/>\n<meta property=\"og:type\" content=\"article\" \/>\n<meta property=\"og:title\" content=\"Transformers Generations War for Cybertron: Kingdom Leader WFC-K20 Ultra Magnus - EndormoonStore\" \/>\n<meta property=\"og:description\" content=\"Transformers Generations War for Cybertron: Kingdom Leader WFC-K20 Ultra Magnus Figura 18 cm  \u00a1Beastifica el campo de batalla!\u00a0Los mundos chocan cuando los Maximals y Predacons se unen a la lucha, uni\u00e9ndose a los Autobots y Decepticons en una batalla \u00e9pica que alterar\u00e1 su destino para siempre.\" \/>\n<meta property=\"og:url\" content=\"https:\/\/endormoonstore.com\/transformers-generations-war-for-cybertron-kingdom-leader-wfc-k28-galvatron-copy\/\" \/>\n<meta property=\"og:site_name\" content=\"EndormoonStore\" \/>\n<meta property=\"article:modified_time\" content=\"2023-08-30T08:08:07+00:00\" \/>\n<meta property=\"og:image\" content=\"https:\/\/endormoonstore.com\/wp-content\/uploads\/2021\/05\/Transformers-Generations-War-for-Cybertron-Kingdom-Leader-WFC-K20-Ultra-Magnus-1.jpeg\" \/>\n\t<meta property=\"og:image:width\" content=\"620\" \/>\n\t<meta property=\"og:image:height\" content=\"750\" \/>\n\t<meta property=\"og:image:type\" content=\"image\/jpeg\" \/>\n<meta name=\"twitter:card\" content=\"summary_large_image\" \/>\n<meta name=\"twitter:label1\" content=\"Est. reading time\" \/>\n\t<meta name=\"twitter:data1\" content=\"1 minute\" \/>\n<script type=\"application\/ld+json\" class=\"yoast-schema-graph\">{\"@context\":\"https:\/\/schema.org\",\"@graph\":[{\"@type\":\"WebPage\",\"@id\":\"https:\/\/endormoonstore.com\/transformers-generations-war-for-cybertron-kingdom-leader-wfc-k28-galvatron-copy\/\",\"url\":\"https:\/\/endormoonstore.com\/transformers-generations-war-for-cybertron-kingdom-leader-wfc-k28-galvatron-copy\/\",\"name\":\"Transformers Generations War for Cybertron: Kingdom Leader WFC-K20 Ultra Magnus - EndormoonStore\",\"isPartOf\":{\"@id\":\"https:\/\/endormoonstore.com\/#website\"},\"primaryImageOfPage\":{\"@id\":\"https:\/\/endormoonstore.com\/transformers-generations-war-for-cybertron-kingdom-leader-wfc-k28-galvatron-copy\/#primaryimage\"},\"image\":{\"@id\":\"https:\/\/endormoonstore.com\/transformers-generations-war-for-cybertron-kingdom-leader-wfc-k28-galvatron-copy\/#primaryimage\"},\"thumbnailUrl\":\"https:\/\/endormoonstore.com\/wp-content\/uploads\/2021\/05\/Transformers-Generations-War-for-Cybertron-Kingdom-Leader-WFC-K20-Ultra-Magnus-1.jpeg\",\"datePublished\":\"2021-05-04T20:07:39+00:00\",\"dateModified\":\"2023-08-30T08:08:07+00:00\",\"breadcrumb\":{\"@id\":\"https:\/\/endormoonstore.com\/transformers-generations-war-for-cybertron-kingdom-leader-wfc-k28-galvatron-copy\/#breadcrumb\"},\"inLanguage\":\"en-US\",\"potentialAction\":[{\"@type\":\"ReadAction\",\"target\":[\"https:\/\/endormoonstore.com\/transformers-generations-war-for-cybertron-kingdom-leader-wfc-k28-galvatron-copy\/\"]}]},{\"@type\":\"ImageObject\",\"inLanguage\":\"en-US\",\"@id\":\"https:\/\/endormoonstore.com\/transformers-generations-war-for-cybertron-kingdom-leader-wfc-k28-galvatron-copy\/#primaryimage\",\"url\":\"https:\/\/endormoonstore.com\/wp-content\/uploads\/2021\/05\/Transformers-Generations-War-for-Cybertron-Kingdom-Leader-WFC-K20-Ultra-Magnus-1.jpeg\",\"contentUrl\":\"https:\/\/endormoonstore.com\/wp-content\/uploads\/2021\/05\/Transformers-Generations-War-for-Cybertron-Kingdom-Leader-WFC-K20-Ultra-Magnus-1.jpeg\",\"width\":620,\"height\":750},{\"@type\":\"BreadcrumbList\",\"@id\":\"https:\/\/endormoonstore.com\/transformers-generations-war-for-cybertron-kingdom-leader-wfc-k28-galvatron-copy\/#breadcrumb\",\"itemListElement\":[{\"@type\":\"ListItem\",\"position\":1,\"name\":\"Shop\",\"item\":\"https:\/\/endormoonstore.com\/en\/shop\/\"},{\"@type\":\"ListItem\",\"position\":2,\"name\":\"Transformers Generations War for Cybertron: Kingdom Leader WFC-K20 Ultra Magnus\"}]},{\"@type\":\"WebSite\",\"@id\":\"https:\/\/endormoonstore.com\/#website\",\"url\":\"https:\/\/endormoonstore.com\/\",\"name\":\"EndormoonStore\",\"description\":\"\",\"potentialAction\":[{\"@type\":\"SearchAction\",\"target\":{\"@type\":\"EntryPoint\",\"urlTemplate\":\"https:\/\/endormoonstore.com\/?s={search_term_string}\"},\"query-input\":{\"@type\":\"PropertyValueSpecification\",\"valueRequired\":true,\"valueName\":\"search_term_string\"}}],\"inLanguage\":\"en-US\"}]}<\/script>\n<!-- \/ Yoast SEO plugin. -->","yoast_head_json":{"title":"Transformers Generations War for Cybertron: Kingdom Leader WFC-K20 Ultra Magnus - EndormoonStore","robots":{"index":"index","follow":"follow","max-snippet":"max-snippet:-1","max-image-preview":"max-image-preview:large","max-video-preview":"max-video-preview:-1"},"canonical":"https:\/\/endormoonstore.com\/transformers-generations-war-for-cybertron-kingdom-leader-wfc-k28-galvatron-copy\/","og_locale":"en_US","og_type":"article","og_title":"Transformers Generations War for Cybertron: Kingdom Leader WFC-K20 Ultra Magnus - EndormoonStore","og_description":"Transformers Generations War for Cybertron: Kingdom Leader WFC-K20 Ultra Magnus Figura 18 cm  \u00a1Beastifica el campo de batalla!\u00a0Los mundos chocan cuando los Maximals y Predacons se unen a la lucha, uni\u00e9ndose a los Autobots y Decepticons en una batalla \u00e9pica que alterar\u00e1 su destino para siempre.","og_url":"https:\/\/endormoonstore.com\/transformers-generations-war-for-cybertron-kingdom-leader-wfc-k28-galvatron-copy\/","og_site_name":"EndormoonStore","article_modified_time":"2023-08-30T08:08:07+00:00","og_image":[{"width":620,"height":750,"url":"https:\/\/endormoonstore.com\/wp-content\/uploads\/2021\/05\/Transformers-Generations-War-for-Cybertron-Kingdom-Leader-WFC-K20-Ultra-Magnus-1.jpeg","type":"image\/jpeg"}],"twitter_card":"summary_large_image","twitter_misc":{"Est. reading time":"1 minute"},"schema":{"@context":"https:\/\/schema.org","@graph":[{"@type":"WebPage","@id":"https:\/\/endormoonstore.com\/transformers-generations-war-for-cybertron-kingdom-leader-wfc-k28-galvatron-copy\/","url":"https:\/\/endormoonstore.com\/transformers-generations-war-for-cybertron-kingdom-leader-wfc-k28-galvatron-copy\/","name":"Transformers Generations War for Cybertron: Kingdom Leader WFC-K20 Ultra Magnus - EndormoonStore","isPartOf":{"@id":"https:\/\/endormoonstore.com\/#website"},"primaryImageOfPage":{"@id":"https:\/\/endormoonstore.com\/transformers-generations-war-for-cybertron-kingdom-leader-wfc-k28-galvatron-copy\/#primaryimage"},"image":{"@id":"https:\/\/endormoonstore.com\/transformers-generations-war-for-cybertron-kingdom-leader-wfc-k28-galvatron-copy\/#primaryimage"},"thumbnailUrl":"https:\/\/endormoonstore.com\/wp-content\/uploads\/2021\/05\/Transformers-Generations-War-for-Cybertron-Kingdom-Leader-WFC-K20-Ultra-Magnus-1.jpeg","datePublished":"2021-05-04T20:07:39+00:00","dateModified":"2023-08-30T08:08:07+00:00","breadcrumb":{"@id":"https:\/\/endormoonstore.com\/transformers-generations-war-for-cybertron-kingdom-leader-wfc-k28-galvatron-copy\/#breadcrumb"},"inLanguage":"en-US","potentialAction":[{"@type":"ReadAction","target":["https:\/\/endormoonstore.com\/transformers-generations-war-for-cybertron-kingdom-leader-wfc-k28-galvatron-copy\/"]}]},{"@type":"ImageObject","inLanguage":"en-US","@id":"https:\/\/endormoonstore.com\/transformers-generations-war-for-cybertron-kingdom-leader-wfc-k28-galvatron-copy\/#primaryimage","url":"https:\/\/endormoonstore.com\/wp-content\/uploads\/2021\/05\/Transformers-Generations-War-for-Cybertron-Kingdom-Leader-WFC-K20-Ultra-Magnus-1.jpeg","contentUrl":"https:\/\/endormoonstore.com\/wp-content\/uploads\/2021\/05\/Transformers-Generations-War-for-Cybertron-Kingdom-Leader-WFC-K20-Ultra-Magnus-1.jpeg","width":620,"height":750},{"@type":"BreadcrumbList","@id":"https:\/\/endormoonstore.com\/transformers-generations-war-for-cybertron-kingdom-leader-wfc-k28-galvatron-copy\/#breadcrumb","itemListElement":[{"@type":"ListItem","position":1,"name":"Shop","item":"https:\/\/endormoonstore.com\/en\/shop\/"},{"@type":"ListItem","position":2,"name":"Transformers Generations War for Cybertron: Kingdom Leader WFC-K20 Ultra Magnus"}]},{"@type":"WebSite","@id":"https:\/\/endormoonstore.com\/#website","url":"https:\/\/endormoonstore.com\/","name":"EndormoonStore","description":"","potentialAction":[{"@type":"SearchAction","target":{"@type":"EntryPoint","urlTemplate":"https:\/\/endormoonstore.com\/?s={search_term_string}"},"query-input":{"@type":"PropertyValueSpecification","valueRequired":true,"valueName":"search_term_string"}}],"inLanguage":"en-US"}]}},"taxonomy_info":{"product_cat":[{"value":1390,"label":"Figures"}],"pa_brand":[{"value":2084,"label":"Hasbro"}],"pa_character":[{"value":7442,"label":"Ultra Magnus"}],"pa_license":[{"value":1873,"label":"Transformers"}],"pa_product-type":[{"value":2387,"label":"Figure"}],"pa_theme":[{"value":3140,"label":"War for Cybertron"}]},"featured_image_src_large":["https:\/\/endormoonstore.com\/wp-content\/uploads\/2021\/05\/Transformers-Generations-War-for-Cybertron-Kingdom-Leader-WFC-K20-Ultra-Magnus-1.jpeg",620,750,false],"author_info":[],"comment_info":"","_links":{"self":[{"href":"https:\/\/endormoonstore.com\/en\/wp-json\/wp\/v2\/product\/104227","targetHints":{"allow":["GET"]}}],"collection":[{"href":"https:\/\/endormoonstore.com\/en\/wp-json\/wp\/v2\/product"}],"about":[{"href":"https:\/\/endormoonstore.com\/en\/wp-json\/wp\/v2\/types\/product"}],"wp:featuredmedia":[{"embeddable":true,"href":"https:\/\/endormoonstore.com\/en\/wp-json\/wp\/v2\/media\/104206"}],"wp:attachment":[{"href":"https:\/\/endormoonstore.com\/en\/wp-json\/wp\/v2\/media?parent=104227"}],"wp:term":[{"taxonomy":"product_cat","embeddable":true,"href":"https:\/\/endormoonstore.com\/en\/wp-json\/wp\/v2\/product_cat?post=104227"},{"taxonomy":"product_tag","embeddable":true,"href":"https:\/\/endormoonstore.com\/en\/wp-json\/wp\/v2\/product_tag?post=104227"}],"curies":[{"name":"wp","href":"https:\/\/api.w.org\/{rel}","templated":true}]}}