{"id":104167,"date":"2021-05-04T11:50:26","date_gmt":"2021-05-04T09:50:26","guid":{"rendered":"https:\/\/endormoonstore.com\/transformers-generations-war-for-cybertron-kingdom-commander-wfc-k29-rodimus-prime\/"},"modified":"2021-09-11T00:58:20","modified_gmt":"2021-09-10T22:58:20","slug":"transformers-generations-war-for-cybertron-kingdom-commander-wfc-k29-rodimus-prime","status":"publish","type":"product","link":"https:\/\/endormoonstore.com\/en\/transformers-generations-war-for-cybertron-kingdom-commander-wfc-k29-rodimus-prime\/","title":{"rendered":"Transformers Generations War for Cybertron: Kingdom Commander WFC-K29 Rodimus Prime"},"content":{"rendered":"<p><strong>Transformers Generations War for Cybertron: Kingdom Commander WFC-K29 Rodimus Prime Figura 19 cm<\/strong><\/p>\n<ul>\n<li>\u00a1Esta figura representa al impetuoso y testarudo Autobot, Hot Rod, despu\u00e9s de reclamar la Matriz de Liderazgo y convertirse en Rodimus Prime!<\/li>\n<li>Esta figura inspirado en G1 se convierte en modo coche de carreras en 34 pasos, luego en modo cami\u00f3n en 8 pasos.<\/li>\n<li>\u00a1El remolque del cami\u00f3n puede almacenar armas e incluso transportar figuras de clase Deluxe!\u00a0(Cada uno se vende por separado, sujeto a disponibilidad)<\/li>\n<li>\u00a1El tr\u00e1iler tambi\u00e9n se convierte en una bah\u00eda de defensa m\u00f3vil con dos lanzadores de misiles!<\/li>\n<li>La figura viene con el cl\u00e1sico Photon Eliminator Blaster inspirado en G1, Matrix of Leadership con un accesorio de efecto de r\u00e1faga de luz para simular un aura brillante, 2 efectos de humo que se adhieren a las tuber\u00edas del remolque y un accesorio Sword of Primus inspirado en el que aparece en los c\u00f3mics.<\/li>\n<li>Incluye una tarjeta Golden Disk que revela un posible destino de un personaje clave.<\/li>\n<li>Los mundos chocan cuando los Maximals y Predacons se unen a la lucha, uni\u00e9ndose a los Autobots y Decepticons en una batalla \u00e9pica que alterar\u00e1 su destino para siempre.<\/li>\n<li>Advertencia: Peligro de asfixia: piezas peque\u00f1as.\u00a0No apto para ni\u00f1os menores de 3 a\u00f1os.<\/li>\n<li style=\"list-style-type: none;\"><\/li>\n<\/ul>\n","protected":false},"excerpt":{"rendered":"<p><strong>Transformers Generations War for Cybertron: Kingdom Commander WFC-K29 Rodimus Prime Figura 19 cm<\/strong><\/p>\n<p>\u00a1Esta figura representa al impetuoso y testarudo Autobot, Hot Rod, despu\u00e9s de reclamar la Matriz de Liderazgo y convertirse en Rodimus Prime!<\/p>\n","protected":false},"featured_media":104144,"template":"","meta":{"_acf_changed":false,"_kad_blocks_custom_css":"","_kad_blocks_head_custom_js":"","_kad_blocks_body_custom_js":"","_kad_blocks_footer_custom_js":""},"product_cat":[1390],"product_tag":[],"class_list":{"0":"post-104167","1":"product","2":"type-product","3":"status-publish","4":"has-post-thumbnail","6":"product_cat-figures","7":"pa_brand-hasbro-en","8":"pa_character-rodimus-prime-en","9":"pa_license-transformers-en","10":"pa_product-type-figure","11":"pa_theme-war-for-cybertron-en","13":"first","14":"outofstock","15":"taxable","16":"shipping-taxable","17":"purchasable","18":"product-type-simple"},"acf":[],"yoast_head":"<!-- This site is optimized with the Yoast SEO plugin v26.1.1 - https:\/\/yoast.com\/wordpress\/plugins\/seo\/ -->\n<title>Transformers Generations War for Cybertron: Kingdom Commander WFC-K29 Rodimus Prime - EndormoonStore<\/title>\n<meta name=\"robots\" content=\"index, follow, max-snippet:-1, max-image-preview:large, max-video-preview:-1\" \/>\n<link rel=\"canonical\" href=\"https:\/\/endormoonstore.com\/en\/transformers-generations-war-for-cybertron-kingdom-commander-wfc-k29-rodimus-prime\/\" \/>\n<meta property=\"og:locale\" content=\"en_US\" \/>\n<meta property=\"og:type\" content=\"article\" \/>\n<meta property=\"og:title\" content=\"Transformers Generations War for Cybertron: Kingdom Commander WFC-K29 Rodimus Prime - EndormoonStore\" \/>\n<meta property=\"og:description\" content=\"Transformers Generations War for Cybertron: Kingdom Commander WFC-K29 Rodimus Prime Figura 19 cm  \u00a1Esta figura representa al impetuoso y testarudo Autobot, Hot Rod, despu\u00e9s de reclamar la Matriz de Liderazgo y convertirse en Rodimus Prime!\" \/>\n<meta property=\"og:url\" content=\"https:\/\/endormoonstore.com\/en\/transformers-generations-war-for-cybertron-kingdom-commander-wfc-k29-rodimus-prime\/\" \/>\n<meta property=\"og:site_name\" content=\"EndormoonStore\" \/>\n<meta property=\"article:modified_time\" content=\"2021-09-10T22:58:20+00:00\" \/>\n<meta property=\"og:image\" content=\"https:\/\/endormoonstore.com\/wp-content\/uploads\/2021\/05\/Transformers-Generations-War-for-Cybertron-Kingdom-Commander-WFC-K29-Rodimus-Prime-1.jpeg\" \/>\n\t<meta property=\"og:image:width\" content=\"750\" \/>\n\t<meta property=\"og:image:height\" content=\"750\" \/>\n\t<meta property=\"og:image:type\" content=\"image\/jpeg\" \/>\n<meta name=\"twitter:card\" content=\"summary_large_image\" \/>\n<meta name=\"twitter:label1\" content=\"Est. reading time\" \/>\n\t<meta name=\"twitter:data1\" content=\"1 minute\" \/>\n<script type=\"application\/ld+json\" class=\"yoast-schema-graph\">{\"@context\":\"https:\/\/schema.org\",\"@graph\":[{\"@type\":\"WebPage\",\"@id\":\"https:\/\/endormoonstore.com\/en\/transformers-generations-war-for-cybertron-kingdom-commander-wfc-k29-rodimus-prime\/\",\"url\":\"https:\/\/endormoonstore.com\/en\/transformers-generations-war-for-cybertron-kingdom-commander-wfc-k29-rodimus-prime\/\",\"name\":\"Transformers Generations War for Cybertron: Kingdom Commander WFC-K29 Rodimus Prime - EndormoonStore\",\"isPartOf\":{\"@id\":\"https:\/\/endormoonstore.com\/#website\"},\"primaryImageOfPage\":{\"@id\":\"https:\/\/endormoonstore.com\/en\/transformers-generations-war-for-cybertron-kingdom-commander-wfc-k29-rodimus-prime\/#primaryimage\"},\"image\":{\"@id\":\"https:\/\/endormoonstore.com\/en\/transformers-generations-war-for-cybertron-kingdom-commander-wfc-k29-rodimus-prime\/#primaryimage\"},\"thumbnailUrl\":\"https:\/\/endormoonstore.com\/wp-content\/uploads\/2021\/05\/Transformers-Generations-War-for-Cybertron-Kingdom-Commander-WFC-K29-Rodimus-Prime-1.jpeg\",\"datePublished\":\"2021-05-04T09:50:26+00:00\",\"dateModified\":\"2021-09-10T22:58:20+00:00\",\"breadcrumb\":{\"@id\":\"https:\/\/endormoonstore.com\/en\/transformers-generations-war-for-cybertron-kingdom-commander-wfc-k29-rodimus-prime\/#breadcrumb\"},\"inLanguage\":\"en-US\",\"potentialAction\":[{\"@type\":\"ReadAction\",\"target\":[\"https:\/\/endormoonstore.com\/en\/transformers-generations-war-for-cybertron-kingdom-commander-wfc-k29-rodimus-prime\/\"]}]},{\"@type\":\"ImageObject\",\"inLanguage\":\"en-US\",\"@id\":\"https:\/\/endormoonstore.com\/en\/transformers-generations-war-for-cybertron-kingdom-commander-wfc-k29-rodimus-prime\/#primaryimage\",\"url\":\"https:\/\/endormoonstore.com\/wp-content\/uploads\/2021\/05\/Transformers-Generations-War-for-Cybertron-Kingdom-Commander-WFC-K29-Rodimus-Prime-1.jpeg\",\"contentUrl\":\"https:\/\/endormoonstore.com\/wp-content\/uploads\/2021\/05\/Transformers-Generations-War-for-Cybertron-Kingdom-Commander-WFC-K29-Rodimus-Prime-1.jpeg\",\"width\":750,\"height\":750},{\"@type\":\"BreadcrumbList\",\"@id\":\"https:\/\/endormoonstore.com\/en\/transformers-generations-war-for-cybertron-kingdom-commander-wfc-k29-rodimus-prime\/#breadcrumb\",\"itemListElement\":[{\"@type\":\"ListItem\",\"position\":1,\"name\":\"Shop\",\"item\":\"https:\/\/endormoonstore.com\/en\/shop\/\"},{\"@type\":\"ListItem\",\"position\":2,\"name\":\"Transformers Generations War for Cybertron: Kingdom Commander WFC-K29 Rodimus Prime\"}]},{\"@type\":\"WebSite\",\"@id\":\"https:\/\/endormoonstore.com\/#website\",\"url\":\"https:\/\/endormoonstore.com\/\",\"name\":\"EndormoonStore\",\"description\":\"\",\"potentialAction\":[{\"@type\":\"SearchAction\",\"target\":{\"@type\":\"EntryPoint\",\"urlTemplate\":\"https:\/\/endormoonstore.com\/?s={search_term_string}\"},\"query-input\":{\"@type\":\"PropertyValueSpecification\",\"valueRequired\":true,\"valueName\":\"search_term_string\"}}],\"inLanguage\":\"en-US\"}]}<\/script>\n<!-- \/ Yoast SEO plugin. -->","yoast_head_json":{"title":"Transformers Generations War for Cybertron: Kingdom Commander WFC-K29 Rodimus Prime - EndormoonStore","robots":{"index":"index","follow":"follow","max-snippet":"max-snippet:-1","max-image-preview":"max-image-preview:large","max-video-preview":"max-video-preview:-1"},"canonical":"https:\/\/endormoonstore.com\/en\/transformers-generations-war-for-cybertron-kingdom-commander-wfc-k29-rodimus-prime\/","og_locale":"en_US","og_type":"article","og_title":"Transformers Generations War for Cybertron: Kingdom Commander WFC-K29 Rodimus Prime - EndormoonStore","og_description":"Transformers Generations War for Cybertron: Kingdom Commander WFC-K29 Rodimus Prime Figura 19 cm  \u00a1Esta figura representa al impetuoso y testarudo Autobot, Hot Rod, despu\u00e9s de reclamar la Matriz de Liderazgo y convertirse en Rodimus Prime!","og_url":"https:\/\/endormoonstore.com\/en\/transformers-generations-war-for-cybertron-kingdom-commander-wfc-k29-rodimus-prime\/","og_site_name":"EndormoonStore","article_modified_time":"2021-09-10T22:58:20+00:00","og_image":[{"width":750,"height":750,"url":"https:\/\/endormoonstore.com\/wp-content\/uploads\/2021\/05\/Transformers-Generations-War-for-Cybertron-Kingdom-Commander-WFC-K29-Rodimus-Prime-1.jpeg","type":"image\/jpeg"}],"twitter_card":"summary_large_image","twitter_misc":{"Est. reading time":"1 minute"},"schema":{"@context":"https:\/\/schema.org","@graph":[{"@type":"WebPage","@id":"https:\/\/endormoonstore.com\/en\/transformers-generations-war-for-cybertron-kingdom-commander-wfc-k29-rodimus-prime\/","url":"https:\/\/endormoonstore.com\/en\/transformers-generations-war-for-cybertron-kingdom-commander-wfc-k29-rodimus-prime\/","name":"Transformers Generations War for Cybertron: Kingdom Commander WFC-K29 Rodimus Prime - EndormoonStore","isPartOf":{"@id":"https:\/\/endormoonstore.com\/#website"},"primaryImageOfPage":{"@id":"https:\/\/endormoonstore.com\/en\/transformers-generations-war-for-cybertron-kingdom-commander-wfc-k29-rodimus-prime\/#primaryimage"},"image":{"@id":"https:\/\/endormoonstore.com\/en\/transformers-generations-war-for-cybertron-kingdom-commander-wfc-k29-rodimus-prime\/#primaryimage"},"thumbnailUrl":"https:\/\/endormoonstore.com\/wp-content\/uploads\/2021\/05\/Transformers-Generations-War-for-Cybertron-Kingdom-Commander-WFC-K29-Rodimus-Prime-1.jpeg","datePublished":"2021-05-04T09:50:26+00:00","dateModified":"2021-09-10T22:58:20+00:00","breadcrumb":{"@id":"https:\/\/endormoonstore.com\/en\/transformers-generations-war-for-cybertron-kingdom-commander-wfc-k29-rodimus-prime\/#breadcrumb"},"inLanguage":"en-US","potentialAction":[{"@type":"ReadAction","target":["https:\/\/endormoonstore.com\/en\/transformers-generations-war-for-cybertron-kingdom-commander-wfc-k29-rodimus-prime\/"]}]},{"@type":"ImageObject","inLanguage":"en-US","@id":"https:\/\/endormoonstore.com\/en\/transformers-generations-war-for-cybertron-kingdom-commander-wfc-k29-rodimus-prime\/#primaryimage","url":"https:\/\/endormoonstore.com\/wp-content\/uploads\/2021\/05\/Transformers-Generations-War-for-Cybertron-Kingdom-Commander-WFC-K29-Rodimus-Prime-1.jpeg","contentUrl":"https:\/\/endormoonstore.com\/wp-content\/uploads\/2021\/05\/Transformers-Generations-War-for-Cybertron-Kingdom-Commander-WFC-K29-Rodimus-Prime-1.jpeg","width":750,"height":750},{"@type":"BreadcrumbList","@id":"https:\/\/endormoonstore.com\/en\/transformers-generations-war-for-cybertron-kingdom-commander-wfc-k29-rodimus-prime\/#breadcrumb","itemListElement":[{"@type":"ListItem","position":1,"name":"Shop","item":"https:\/\/endormoonstore.com\/en\/shop\/"},{"@type":"ListItem","position":2,"name":"Transformers Generations War for Cybertron: Kingdom Commander WFC-K29 Rodimus Prime"}]},{"@type":"WebSite","@id":"https:\/\/endormoonstore.com\/#website","url":"https:\/\/endormoonstore.com\/","name":"EndormoonStore","description":"","potentialAction":[{"@type":"SearchAction","target":{"@type":"EntryPoint","urlTemplate":"https:\/\/endormoonstore.com\/?s={search_term_string}"},"query-input":{"@type":"PropertyValueSpecification","valueRequired":true,"valueName":"search_term_string"}}],"inLanguage":"en-US"}]}},"taxonomy_info":{"product_cat":[{"value":1390,"label":"Figures"}],"pa_brand":[{"value":2084,"label":"Hasbro"}],"pa_character":[{"value":7430,"label":"Rodimus Prime"}],"pa_license":[{"value":1873,"label":"Transformers"}],"pa_product-type":[{"value":2387,"label":"Figure"}],"pa_theme":[{"value":3140,"label":"War for Cybertron"}]},"featured_image_src_large":["https:\/\/endormoonstore.com\/wp-content\/uploads\/2021\/05\/Transformers-Generations-War-for-Cybertron-Kingdom-Commander-WFC-K29-Rodimus-Prime-1.jpeg",750,750,false],"author_info":[],"comment_info":"","_links":{"self":[{"href":"https:\/\/endormoonstore.com\/en\/wp-json\/wp\/v2\/product\/104167","targetHints":{"allow":["GET"]}}],"collection":[{"href":"https:\/\/endormoonstore.com\/en\/wp-json\/wp\/v2\/product"}],"about":[{"href":"https:\/\/endormoonstore.com\/en\/wp-json\/wp\/v2\/types\/product"}],"wp:featuredmedia":[{"embeddable":true,"href":"https:\/\/endormoonstore.com\/en\/wp-json\/wp\/v2\/media\/104144"}],"wp:attachment":[{"href":"https:\/\/endormoonstore.com\/en\/wp-json\/wp\/v2\/media?parent=104167"}],"wp:term":[{"taxonomy":"product_cat","embeddable":true,"href":"https:\/\/endormoonstore.com\/en\/wp-json\/wp\/v2\/product_cat?post=104167"},{"taxonomy":"product_tag","embeddable":true,"href":"https:\/\/endormoonstore.com\/en\/wp-json\/wp\/v2\/product_tag?post=104167"}],"curies":[{"name":"wp","href":"https:\/\/api.w.org\/{rel}","templated":true}]}}