{"id":103516,"date":"2021-04-29T08:51:30","date_gmt":"2021-04-29T06:51:30","guid":{"rendered":"https:\/\/endormoonstore.com\/ghostbuster-ecto-1-kenner-classics\/"},"modified":"2021-07-21T23:53:05","modified_gmt":"2021-07-21T21:53:05","slug":"ghostbusters-ecto-1-kenner-classics","status":"publish","type":"product","link":"https:\/\/endormoonstore.com\/en\/ghostbusters-ecto-1-kenner-classics\/","title":{"rendered":"Ghostbusters Ecto-1 Kenner Classics"},"content":{"rendered":"<p><strong>Ghostbusters Ecto-1 Kenner Classics Replica 15 cm<\/strong><\/p>\n<ul>\n<li>Hasbro Fans presenta esta r\u00e9plica del Ecto-1, el popular e ic\u00f3nico coche de los Cazafantasmas, basado en la serie de dibujos de los a\u00f1os 90 de &#8220;Ghostbusters&#8221;.<\/li>\n<li>Se trata de una r\u00e9plica hecha en pvc e incluye accesorios y complementos as\u00ed como 1 ser del mundo ectoplasm\u00e1tico.<\/li>\n<\/ul>\n","protected":false},"excerpt":{"rendered":"<p><strong>Ghostbusters Ecto-1 Kenner Classics Replica 15 cm<\/strong><\/p>\n<p>Hasbro Fans presenta esta r\u00e9plica del Ecto-1, el popular e ic\u00f3nico coche de los Cazafantasmas, basado en la serie de dibujos de los a\u00f1os 90 de &#8220;Ghostbusters&#8221;.<\/p>\n","protected":false},"featured_media":103497,"template":"","meta":{"_acf_changed":false,"_kad_blocks_custom_css":"","_kad_blocks_head_custom_js":"","_kad_blocks_body_custom_js":"","_kad_blocks_footer_custom_js":""},"product_cat":[1390,15769],"product_tag":[],"class_list":{"0":"post-103516","1":"product","2":"type-product","3":"status-publish","4":"has-post-thumbnail","6":"product_cat-figures","7":"product_cat-sales","8":"pa_brand-hasbro-en","9":"pa_character-ecto-1-en","10":"pa_license-ghostbusters-en","11":"pa_product-type-replica-en","12":"pa_theme-kenner-classics-en","14":"first","15":"instock","16":"sale","17":"taxable","18":"shipping-taxable","19":"purchasable","20":"product-type-simple"},"acf":[],"yoast_head":"<!-- This site is optimized with the Yoast SEO plugin v26.1.1 - https:\/\/yoast.com\/wordpress\/plugins\/seo\/ -->\n<title>Ghostbusters Ecto-1 Kenner Classics - EndormoonStore<\/title>\n<meta name=\"robots\" content=\"index, follow, max-snippet:-1, max-image-preview:large, max-video-preview:-1\" \/>\n<link rel=\"canonical\" href=\"https:\/\/endormoonstore.com\/en\/ghostbusters-ecto-1-kenner-classics\/\" \/>\n<meta property=\"og:locale\" content=\"en_US\" \/>\n<meta property=\"og:type\" content=\"article\" \/>\n<meta property=\"og:title\" content=\"Ghostbusters Ecto-1 Kenner Classics - EndormoonStore\" \/>\n<meta property=\"og:description\" content=\"Ghostbusters Ecto-1 Kenner Classics Replica 15 cm  Hasbro Fans presenta esta r\u00e9plica del Ecto-1, el popular e ic\u00f3nico coche de los Cazafantasmas, basado en la serie de dibujos de los a\u00f1os 90 de &quot;Ghostbusters&quot;.\" \/>\n<meta property=\"og:url\" content=\"https:\/\/endormoonstore.com\/en\/ghostbusters-ecto-1-kenner-classics\/\" \/>\n<meta property=\"og:site_name\" content=\"EndormoonStore\" \/>\n<meta property=\"article:modified_time\" content=\"2021-07-21T21:53:05+00:00\" \/>\n<meta property=\"og:image\" content=\"https:\/\/endormoonstore.com\/wp-content\/uploads\/2021\/04\/Ghostbuster-Ecto-1-Kenner-Classics-1.jpg\" \/>\n\t<meta property=\"og:image:width\" content=\"1000\" \/>\n\t<meta property=\"og:image:height\" content=\"1000\" \/>\n\t<meta property=\"og:image:type\" content=\"image\/jpeg\" \/>\n<meta name=\"twitter:card\" content=\"summary_large_image\" \/>\n<meta name=\"twitter:label1\" content=\"Est. reading time\" \/>\n\t<meta name=\"twitter:data1\" content=\"1 minute\" \/>\n<script type=\"application\/ld+json\" class=\"yoast-schema-graph\">{\"@context\":\"https:\/\/schema.org\",\"@graph\":[{\"@type\":\"WebPage\",\"@id\":\"https:\/\/endormoonstore.com\/en\/ghostbusters-ecto-1-kenner-classics\/\",\"url\":\"https:\/\/endormoonstore.com\/en\/ghostbusters-ecto-1-kenner-classics\/\",\"name\":\"Ghostbusters Ecto-1 Kenner Classics - EndormoonStore\",\"isPartOf\":{\"@id\":\"https:\/\/endormoonstore.com\/#website\"},\"primaryImageOfPage\":{\"@id\":\"https:\/\/endormoonstore.com\/en\/ghostbusters-ecto-1-kenner-classics\/#primaryimage\"},\"image\":{\"@id\":\"https:\/\/endormoonstore.com\/en\/ghostbusters-ecto-1-kenner-classics\/#primaryimage\"},\"thumbnailUrl\":\"https:\/\/endormoonstore.com\/wp-content\/uploads\/2021\/04\/Ghostbuster-Ecto-1-Kenner-Classics-1.jpg\",\"datePublished\":\"2021-04-29T06:51:30+00:00\",\"dateModified\":\"2021-07-21T21:53:05+00:00\",\"breadcrumb\":{\"@id\":\"https:\/\/endormoonstore.com\/en\/ghostbusters-ecto-1-kenner-classics\/#breadcrumb\"},\"inLanguage\":\"en-US\",\"potentialAction\":[{\"@type\":\"ReadAction\",\"target\":[\"https:\/\/endormoonstore.com\/en\/ghostbusters-ecto-1-kenner-classics\/\"]}]},{\"@type\":\"ImageObject\",\"inLanguage\":\"en-US\",\"@id\":\"https:\/\/endormoonstore.com\/en\/ghostbusters-ecto-1-kenner-classics\/#primaryimage\",\"url\":\"https:\/\/endormoonstore.com\/wp-content\/uploads\/2021\/04\/Ghostbuster-Ecto-1-Kenner-Classics-1.jpg\",\"contentUrl\":\"https:\/\/endormoonstore.com\/wp-content\/uploads\/2021\/04\/Ghostbuster-Ecto-1-Kenner-Classics-1.jpg\",\"width\":1000,\"height\":1000},{\"@type\":\"BreadcrumbList\",\"@id\":\"https:\/\/endormoonstore.com\/en\/ghostbusters-ecto-1-kenner-classics\/#breadcrumb\",\"itemListElement\":[{\"@type\":\"ListItem\",\"position\":1,\"name\":\"Shop\",\"item\":\"https:\/\/endormoonstore.com\/en\/shop\/\"},{\"@type\":\"ListItem\",\"position\":2,\"name\":\"Ghostbusters Ecto-1 Kenner Classics\"}]},{\"@type\":\"WebSite\",\"@id\":\"https:\/\/endormoonstore.com\/#website\",\"url\":\"https:\/\/endormoonstore.com\/\",\"name\":\"EndormoonStore\",\"description\":\"\",\"potentialAction\":[{\"@type\":\"SearchAction\",\"target\":{\"@type\":\"EntryPoint\",\"urlTemplate\":\"https:\/\/endormoonstore.com\/?s={search_term_string}\"},\"query-input\":{\"@type\":\"PropertyValueSpecification\",\"valueRequired\":true,\"valueName\":\"search_term_string\"}}],\"inLanguage\":\"en-US\"}]}<\/script>\n<!-- \/ Yoast SEO plugin. -->","yoast_head_json":{"title":"Ghostbusters Ecto-1 Kenner Classics - EndormoonStore","robots":{"index":"index","follow":"follow","max-snippet":"max-snippet:-1","max-image-preview":"max-image-preview:large","max-video-preview":"max-video-preview:-1"},"canonical":"https:\/\/endormoonstore.com\/en\/ghostbusters-ecto-1-kenner-classics\/","og_locale":"en_US","og_type":"article","og_title":"Ghostbusters Ecto-1 Kenner Classics - EndormoonStore","og_description":"Ghostbusters Ecto-1 Kenner Classics Replica 15 cm  Hasbro Fans presenta esta r\u00e9plica del Ecto-1, el popular e ic\u00f3nico coche de los Cazafantasmas, basado en la serie de dibujos de los a\u00f1os 90 de \"Ghostbusters\".","og_url":"https:\/\/endormoonstore.com\/en\/ghostbusters-ecto-1-kenner-classics\/","og_site_name":"EndormoonStore","article_modified_time":"2021-07-21T21:53:05+00:00","og_image":[{"width":1000,"height":1000,"url":"https:\/\/endormoonstore.com\/wp-content\/uploads\/2021\/04\/Ghostbuster-Ecto-1-Kenner-Classics-1.jpg","type":"image\/jpeg"}],"twitter_card":"summary_large_image","twitter_misc":{"Est. reading time":"1 minute"},"schema":{"@context":"https:\/\/schema.org","@graph":[{"@type":"WebPage","@id":"https:\/\/endormoonstore.com\/en\/ghostbusters-ecto-1-kenner-classics\/","url":"https:\/\/endormoonstore.com\/en\/ghostbusters-ecto-1-kenner-classics\/","name":"Ghostbusters Ecto-1 Kenner Classics - EndormoonStore","isPartOf":{"@id":"https:\/\/endormoonstore.com\/#website"},"primaryImageOfPage":{"@id":"https:\/\/endormoonstore.com\/en\/ghostbusters-ecto-1-kenner-classics\/#primaryimage"},"image":{"@id":"https:\/\/endormoonstore.com\/en\/ghostbusters-ecto-1-kenner-classics\/#primaryimage"},"thumbnailUrl":"https:\/\/endormoonstore.com\/wp-content\/uploads\/2021\/04\/Ghostbuster-Ecto-1-Kenner-Classics-1.jpg","datePublished":"2021-04-29T06:51:30+00:00","dateModified":"2021-07-21T21:53:05+00:00","breadcrumb":{"@id":"https:\/\/endormoonstore.com\/en\/ghostbusters-ecto-1-kenner-classics\/#breadcrumb"},"inLanguage":"en-US","potentialAction":[{"@type":"ReadAction","target":["https:\/\/endormoonstore.com\/en\/ghostbusters-ecto-1-kenner-classics\/"]}]},{"@type":"ImageObject","inLanguage":"en-US","@id":"https:\/\/endormoonstore.com\/en\/ghostbusters-ecto-1-kenner-classics\/#primaryimage","url":"https:\/\/endormoonstore.com\/wp-content\/uploads\/2021\/04\/Ghostbuster-Ecto-1-Kenner-Classics-1.jpg","contentUrl":"https:\/\/endormoonstore.com\/wp-content\/uploads\/2021\/04\/Ghostbuster-Ecto-1-Kenner-Classics-1.jpg","width":1000,"height":1000},{"@type":"BreadcrumbList","@id":"https:\/\/endormoonstore.com\/en\/ghostbusters-ecto-1-kenner-classics\/#breadcrumb","itemListElement":[{"@type":"ListItem","position":1,"name":"Shop","item":"https:\/\/endormoonstore.com\/en\/shop\/"},{"@type":"ListItem","position":2,"name":"Ghostbusters Ecto-1 Kenner Classics"}]},{"@type":"WebSite","@id":"https:\/\/endormoonstore.com\/#website","url":"https:\/\/endormoonstore.com\/","name":"EndormoonStore","description":"","potentialAction":[{"@type":"SearchAction","target":{"@type":"EntryPoint","urlTemplate":"https:\/\/endormoonstore.com\/?s={search_term_string}"},"query-input":{"@type":"PropertyValueSpecification","valueRequired":true,"valueName":"search_term_string"}}],"inLanguage":"en-US"}]}},"taxonomy_info":{"product_cat":[{"value":1390,"label":"Figures"},{"value":15769,"label":"Sales"}],"pa_brand":[{"value":2084,"label":"Hasbro"}],"pa_character":[{"value":7278,"label":"Ecto-1"}],"pa_license":[{"value":4937,"label":"Ghostbusters"}],"pa_product-type":[{"value":4076,"label":"Replica"}],"pa_theme":[{"value":4943,"label":"Kenner Classics"}]},"featured_image_src_large":["https:\/\/endormoonstore.com\/wp-content\/uploads\/2021\/04\/Ghostbuster-Ecto-1-Kenner-Classics-1.jpg",1000,1000,false],"author_info":[],"comment_info":"","_links":{"self":[{"href":"https:\/\/endormoonstore.com\/en\/wp-json\/wp\/v2\/product\/103516","targetHints":{"allow":["GET"]}}],"collection":[{"href":"https:\/\/endormoonstore.com\/en\/wp-json\/wp\/v2\/product"}],"about":[{"href":"https:\/\/endormoonstore.com\/en\/wp-json\/wp\/v2\/types\/product"}],"wp:featuredmedia":[{"embeddable":true,"href":"https:\/\/endormoonstore.com\/en\/wp-json\/wp\/v2\/media\/103497"}],"wp:attachment":[{"href":"https:\/\/endormoonstore.com\/en\/wp-json\/wp\/v2\/media?parent=103516"}],"wp:term":[{"taxonomy":"product_cat","embeddable":true,"href":"https:\/\/endormoonstore.com\/en\/wp-json\/wp\/v2\/product_cat?post=103516"},{"taxonomy":"product_tag","embeddable":true,"href":"https:\/\/endormoonstore.com\/en\/wp-json\/wp\/v2\/product_tag?post=103516"}],"curies":[{"name":"wp","href":"https:\/\/api.w.org\/{rel}","templated":true}]}}