{"id":103349,"date":"2021-04-27T21:36:49","date_gmt":"2021-04-27T19:36:49","guid":{"rendered":"https:\/\/endormoonstore.com\/transformers-generations-retro-headmaster-mindwipe\/"},"modified":"2021-07-27T22:23:57","modified_gmt":"2021-07-27T20:23:57","slug":"transformers-generations-retro-headmaster-weirdwolf","status":"publish","type":"product","link":"https:\/\/endormoonstore.com\/en\/transformers-generations-retro-headmaster-weirdwolf\/","title":{"rendered":"Transformers Generations Retro Headmaster Weirdwolf"},"content":{"rendered":"<p><strong>Transformers Generations Retro Headmaster Weirdwolf Figure 14 cm<\/strong><\/p>\n<ul>\n<li>Esta figura de Transformers Retro Headmaster Weirdwolf est\u00e1 dise\u00f1ada como la versi\u00f3n G1 original.<\/li>\n<li>Estilo de figura el arte de la caja inspirada en los lanzamientos de 1987 G1, adem\u00e1s de especificaciones t\u00e9cnicas y accesorios cl\u00e1sicos.<\/li>\n<li>Weirdwolf es un Decepticon cruel y vicioso, pero fue construido con algunos cables cruzados<\/li>\n<li>Habla consigo mismo de una manera extra\u00f1a, cantando al rev\u00e9s: &#8220;Destruir\u00e9 los Autobots, lo har\u00e9. Har\u00e9 que se conviertan en chatarra<\/li>\n<li>Monxo, un hiperluchador profesional convertido en propietario de un club nocturno del inframundo, es su socio binario.<\/li>\n<li>Esta figura de Weirdwolf se convierte de robot a modo lobo en 17 pasos y presenta una mand\u00edbula de lobo articulada<\/li>\n<li>La cabeza de la figura de Weirdwolf se convierte en la figura de Headmaster Trainer Monxo<\/li>\n<li>Incluye 2 accesorios bl\u00e1ster.<\/li>\n<li>Inspirado en la caja original de G1, este paquete presenta el logotipo original de G1 Transformers, el arte de los personajes y la escena de batalla cl\u00e1sica de Autobots versus Decepticon.<\/li>\n<\/ul>\n<p class=\"p1\">\n","protected":false},"excerpt":{"rendered":"<p><strong>Transformers Generations Retro Headmaster Weirdwolf Figure 14 cm<\/strong><\/p>\n<p>Esta figura de Transformers Retro Headmaster Weirdwolf est\u00e1 dise\u00f1ada como la versi\u00f3n G1 original. Estilo de figura el arte de la caja inspirada en los lanzamientos de 1987 G1, adem\u00e1s de especificaciones t\u00e9cnicas y accesorios cl\u00e1sicos.<\/p>\n","protected":false},"featured_media":108313,"template":"","meta":{"_acf_changed":false,"_kad_blocks_custom_css":"","_kad_blocks_head_custom_js":"","_kad_blocks_body_custom_js":"","_kad_blocks_footer_custom_js":""},"product_cat":[1390],"product_tag":[],"class_list":{"0":"post-103349","1":"product","2":"type-product","3":"status-publish","4":"has-post-thumbnail","6":"product_cat-figures","7":"pa_brand-hasbro-en","8":"pa_character-weirdwolf-en","9":"pa_license-transformers-en","10":"pa_product-type-figure","11":"pa_theme-transformers-gen-deluxe-retro-en","13":"first","14":"outofstock","15":"taxable","16":"shipping-taxable","17":"purchasable","18":"product-type-simple"},"acf":[],"yoast_head":"<!-- This site is optimized with the Yoast SEO plugin v26.1.1 - https:\/\/yoast.com\/wordpress\/plugins\/seo\/ -->\n<title>Transformers Generations Retro Headmaster Weirdwolf - EndormoonStore<\/title>\n<meta name=\"robots\" content=\"index, follow, max-snippet:-1, max-image-preview:large, max-video-preview:-1\" \/>\n<link rel=\"canonical\" href=\"https:\/\/endormoonstore.com\/en\/transformers-generations-retro-headmaster-weirdwolf\/\" \/>\n<meta property=\"og:locale\" content=\"en_US\" \/>\n<meta property=\"og:type\" content=\"article\" \/>\n<meta property=\"og:title\" content=\"Transformers Generations Retro Headmaster Weirdwolf - EndormoonStore\" \/>\n<meta property=\"og:description\" content=\"Transformers Generations Retro Headmaster Weirdwolf Figure 14 cm  Esta figura de Transformers Retro Headmaster Weirdwolf est\u00e1 dise\u00f1ada como la versi\u00f3n G1 original. Estilo de figura el arte de la caja inspirada en los lanzamientos de 1987 G1, adem\u00e1s de especificaciones t\u00e9cnicas y accesorios cl\u00e1sicos.\" \/>\n<meta property=\"og:url\" content=\"https:\/\/endormoonstore.com\/en\/transformers-generations-retro-headmaster-weirdwolf\/\" \/>\n<meta property=\"og:site_name\" content=\"EndormoonStore\" \/>\n<meta property=\"article:modified_time\" content=\"2021-07-27T20:23:57+00:00\" \/>\n<meta property=\"og:image\" content=\"https:\/\/endormoonstore.com\/wp-content\/uploads\/2021\/04\/Transformers-Generations-Retro-Headmaster-Weirdwolf-1.jpg\" \/>\n\t<meta property=\"og:image:width\" content=\"1000\" \/>\n\t<meta property=\"og:image:height\" content=\"1000\" \/>\n\t<meta property=\"og:image:type\" content=\"image\/jpeg\" \/>\n<meta name=\"twitter:card\" content=\"summary_large_image\" \/>\n<meta name=\"twitter:label1\" content=\"Est. reading time\" \/>\n\t<meta name=\"twitter:data1\" content=\"1 minute\" \/>\n<script type=\"application\/ld+json\" class=\"yoast-schema-graph\">{\"@context\":\"https:\/\/schema.org\",\"@graph\":[{\"@type\":\"WebPage\",\"@id\":\"https:\/\/endormoonstore.com\/en\/transformers-generations-retro-headmaster-weirdwolf\/\",\"url\":\"https:\/\/endormoonstore.com\/en\/transformers-generations-retro-headmaster-weirdwolf\/\",\"name\":\"Transformers Generations Retro Headmaster Weirdwolf - EndormoonStore\",\"isPartOf\":{\"@id\":\"https:\/\/endormoonstore.com\/#website\"},\"primaryImageOfPage\":{\"@id\":\"https:\/\/endormoonstore.com\/en\/transformers-generations-retro-headmaster-weirdwolf\/#primaryimage\"},\"image\":{\"@id\":\"https:\/\/endormoonstore.com\/en\/transformers-generations-retro-headmaster-weirdwolf\/#primaryimage\"},\"thumbnailUrl\":\"https:\/\/endormoonstore.com\/wp-content\/uploads\/2021\/04\/Transformers-Generations-Retro-Headmaster-Weirdwolf-1.jpg\",\"datePublished\":\"2021-04-27T19:36:49+00:00\",\"dateModified\":\"2021-07-27T20:23:57+00:00\",\"breadcrumb\":{\"@id\":\"https:\/\/endormoonstore.com\/en\/transformers-generations-retro-headmaster-weirdwolf\/#breadcrumb\"},\"inLanguage\":\"en-US\",\"potentialAction\":[{\"@type\":\"ReadAction\",\"target\":[\"https:\/\/endormoonstore.com\/en\/transformers-generations-retro-headmaster-weirdwolf\/\"]}]},{\"@type\":\"ImageObject\",\"inLanguage\":\"en-US\",\"@id\":\"https:\/\/endormoonstore.com\/en\/transformers-generations-retro-headmaster-weirdwolf\/#primaryimage\",\"url\":\"https:\/\/endormoonstore.com\/wp-content\/uploads\/2021\/04\/Transformers-Generations-Retro-Headmaster-Weirdwolf-1.jpg\",\"contentUrl\":\"https:\/\/endormoonstore.com\/wp-content\/uploads\/2021\/04\/Transformers-Generations-Retro-Headmaster-Weirdwolf-1.jpg\",\"width\":1000,\"height\":1000},{\"@type\":\"BreadcrumbList\",\"@id\":\"https:\/\/endormoonstore.com\/en\/transformers-generations-retro-headmaster-weirdwolf\/#breadcrumb\",\"itemListElement\":[{\"@type\":\"ListItem\",\"position\":1,\"name\":\"Shop\",\"item\":\"https:\/\/endormoonstore.com\/en\/shop\/\"},{\"@type\":\"ListItem\",\"position\":2,\"name\":\"Transformers Generations Retro Headmaster Weirdwolf\"}]},{\"@type\":\"WebSite\",\"@id\":\"https:\/\/endormoonstore.com\/#website\",\"url\":\"https:\/\/endormoonstore.com\/\",\"name\":\"EndormoonStore\",\"description\":\"\",\"potentialAction\":[{\"@type\":\"SearchAction\",\"target\":{\"@type\":\"EntryPoint\",\"urlTemplate\":\"https:\/\/endormoonstore.com\/?s={search_term_string}\"},\"query-input\":{\"@type\":\"PropertyValueSpecification\",\"valueRequired\":true,\"valueName\":\"search_term_string\"}}],\"inLanguage\":\"en-US\"}]}<\/script>\n<!-- \/ Yoast SEO plugin. -->","yoast_head_json":{"title":"Transformers Generations Retro Headmaster Weirdwolf - EndormoonStore","robots":{"index":"index","follow":"follow","max-snippet":"max-snippet:-1","max-image-preview":"max-image-preview:large","max-video-preview":"max-video-preview:-1"},"canonical":"https:\/\/endormoonstore.com\/en\/transformers-generations-retro-headmaster-weirdwolf\/","og_locale":"en_US","og_type":"article","og_title":"Transformers Generations Retro Headmaster Weirdwolf - EndormoonStore","og_description":"Transformers Generations Retro Headmaster Weirdwolf Figure 14 cm  Esta figura de Transformers Retro Headmaster Weirdwolf est\u00e1 dise\u00f1ada como la versi\u00f3n G1 original. Estilo de figura el arte de la caja inspirada en los lanzamientos de 1987 G1, adem\u00e1s de especificaciones t\u00e9cnicas y accesorios cl\u00e1sicos.","og_url":"https:\/\/endormoonstore.com\/en\/transformers-generations-retro-headmaster-weirdwolf\/","og_site_name":"EndormoonStore","article_modified_time":"2021-07-27T20:23:57+00:00","og_image":[{"width":1000,"height":1000,"url":"https:\/\/endormoonstore.com\/wp-content\/uploads\/2021\/04\/Transformers-Generations-Retro-Headmaster-Weirdwolf-1.jpg","type":"image\/jpeg"}],"twitter_card":"summary_large_image","twitter_misc":{"Est. reading time":"1 minute"},"schema":{"@context":"https:\/\/schema.org","@graph":[{"@type":"WebPage","@id":"https:\/\/endormoonstore.com\/en\/transformers-generations-retro-headmaster-weirdwolf\/","url":"https:\/\/endormoonstore.com\/en\/transformers-generations-retro-headmaster-weirdwolf\/","name":"Transformers Generations Retro Headmaster Weirdwolf - EndormoonStore","isPartOf":{"@id":"https:\/\/endormoonstore.com\/#website"},"primaryImageOfPage":{"@id":"https:\/\/endormoonstore.com\/en\/transformers-generations-retro-headmaster-weirdwolf\/#primaryimage"},"image":{"@id":"https:\/\/endormoonstore.com\/en\/transformers-generations-retro-headmaster-weirdwolf\/#primaryimage"},"thumbnailUrl":"https:\/\/endormoonstore.com\/wp-content\/uploads\/2021\/04\/Transformers-Generations-Retro-Headmaster-Weirdwolf-1.jpg","datePublished":"2021-04-27T19:36:49+00:00","dateModified":"2021-07-27T20:23:57+00:00","breadcrumb":{"@id":"https:\/\/endormoonstore.com\/en\/transformers-generations-retro-headmaster-weirdwolf\/#breadcrumb"},"inLanguage":"en-US","potentialAction":[{"@type":"ReadAction","target":["https:\/\/endormoonstore.com\/en\/transformers-generations-retro-headmaster-weirdwolf\/"]}]},{"@type":"ImageObject","inLanguage":"en-US","@id":"https:\/\/endormoonstore.com\/en\/transformers-generations-retro-headmaster-weirdwolf\/#primaryimage","url":"https:\/\/endormoonstore.com\/wp-content\/uploads\/2021\/04\/Transformers-Generations-Retro-Headmaster-Weirdwolf-1.jpg","contentUrl":"https:\/\/endormoonstore.com\/wp-content\/uploads\/2021\/04\/Transformers-Generations-Retro-Headmaster-Weirdwolf-1.jpg","width":1000,"height":1000},{"@type":"BreadcrumbList","@id":"https:\/\/endormoonstore.com\/en\/transformers-generations-retro-headmaster-weirdwolf\/#breadcrumb","itemListElement":[{"@type":"ListItem","position":1,"name":"Shop","item":"https:\/\/endormoonstore.com\/en\/shop\/"},{"@type":"ListItem","position":2,"name":"Transformers Generations Retro Headmaster Weirdwolf"}]},{"@type":"WebSite","@id":"https:\/\/endormoonstore.com\/#website","url":"https:\/\/endormoonstore.com\/","name":"EndormoonStore","description":"","potentialAction":[{"@type":"SearchAction","target":{"@type":"EntryPoint","urlTemplate":"https:\/\/endormoonstore.com\/?s={search_term_string}"},"query-input":{"@type":"PropertyValueSpecification","valueRequired":true,"valueName":"search_term_string"}}],"inLanguage":"en-US"}]}},"taxonomy_info":{"product_cat":[{"value":1390,"label":"Figures"}],"pa_brand":[{"value":2084,"label":"Hasbro"}],"pa_character":[{"value":8450,"label":"Weirdwolf"}],"pa_license":[{"value":1873,"label":"Transformers"}],"pa_product-type":[{"value":2387,"label":"Figure"}],"pa_theme":[{"value":7242,"label":"Transformers Gen Deluxe Retro"}]},"featured_image_src_large":["https:\/\/endormoonstore.com\/wp-content\/uploads\/2021\/04\/Transformers-Generations-Retro-Headmaster-Weirdwolf-1.jpg",1000,1000,false],"author_info":[],"comment_info":"","_links":{"self":[{"href":"https:\/\/endormoonstore.com\/en\/wp-json\/wp\/v2\/product\/103349","targetHints":{"allow":["GET"]}}],"collection":[{"href":"https:\/\/endormoonstore.com\/en\/wp-json\/wp\/v2\/product"}],"about":[{"href":"https:\/\/endormoonstore.com\/en\/wp-json\/wp\/v2\/types\/product"}],"wp:featuredmedia":[{"embeddable":true,"href":"https:\/\/endormoonstore.com\/en\/wp-json\/wp\/v2\/media\/108313"}],"wp:attachment":[{"href":"https:\/\/endormoonstore.com\/en\/wp-json\/wp\/v2\/media?parent=103349"}],"wp:term":[{"taxonomy":"product_cat","embeddable":true,"href":"https:\/\/endormoonstore.com\/en\/wp-json\/wp\/v2\/product_cat?post=103349"},{"taxonomy":"product_tag","embeddable":true,"href":"https:\/\/endormoonstore.com\/en\/wp-json\/wp\/v2\/product_tag?post=103349"}],"curies":[{"name":"wp","href":"https:\/\/api.w.org\/{rel}","templated":true}]}}