{"id":103172,"date":"2021-04-26T19:30:40","date_gmt":"2021-04-26T17:30:40","guid":{"rendered":"https:\/\/endormoonstore.com\/capitan-america-john-f-walker-marvel-legends-the-falcon-and-the-winter-soldier\/"},"modified":"2021-07-18T15:49:32","modified_gmt":"2021-07-18T13:49:32","slug":"capitan-america-john-f-walker-marvel-legends-the-falcon-and-the-winter-soldier","status":"publish","type":"product","link":"https:\/\/endormoonstore.com\/en\/capitan-america-john-f-walker-marvel-legends-the-falcon-and-the-winter-soldier\/","title":{"rendered":"Capitan America (John F. Walker) Marvel Legends The Falcon and the Winter Soldier"},"content":{"rendered":"<p><strong>Capitan America (John F. Walker) Marvel Legends The Falcon and the Winter Soldier Figura 15 cm<\/strong><\/p>\n<ul>\n<li>Hasbro Fans presenta dentro de la colecci\u00f3n Marvel Legends la figura de Capit\u00e1n Am\u00e9rica basada en la versi\u00f3n de la nueva serie Falcon and the Winter Soldier.<\/li>\n<li>Se trata de una figura hecha en PVC de un tama\u00f1o de 15 cm con m\u00faltiples puntos de articulaci\u00f3n.<\/li>\n<li>Incluye complementos.<\/li>\n<\/ul>\n<p>&nbsp;<\/p>\n<p>&nbsp;<\/p>\n","protected":false},"excerpt":{"rendered":"<p><strong>Capitan America (John F. Walker) Marvel Legends The Falcon and the Winter Soldier Figura 15 cm<\/strong><\/p>\n<p>Hasbro Fans presenta dentro de la colecci\u00f3n Marvel Legends la figura de Capit\u00e1n Am\u00e9rica basada en la versi\u00f3n de la nueva serie Falcon and the Winter Soldier.<\/p>\n<p>&nbsp;<\/p>\n","protected":false},"featured_media":103157,"template":"","meta":{"_acf_changed":false,"_kad_blocks_custom_css":"","_kad_blocks_head_custom_js":"","_kad_blocks_body_custom_js":"","_kad_blocks_footer_custom_js":""},"product_cat":[1390],"product_tag":[],"class_list":{"0":"post-103172","1":"product","2":"type-product","3":"status-publish","4":"has-post-thumbnail","6":"product_cat-figures","7":"pa_brand-hasbro-en","8":"pa_character-captain-america","9":"pa_episode-the-falcon-and-the-winter-soldier-en","10":"pa_license-marvel-en","11":"pa_product-type-figure","12":"pa_theme-marvel-legends-series-en","14":"first","15":"outofstock","16":"taxable","17":"shipping-taxable","18":"purchasable","19":"product-type-simple"},"acf":[],"yoast_head":"<!-- This site is optimized with the Yoast SEO plugin v26.1.1 - https:\/\/yoast.com\/wordpress\/plugins\/seo\/ -->\n<title>Capitan America (John F. Walker) Marvel Legends The Falcon and the Winter Soldier - EndormoonStore<\/title>\n<meta name=\"robots\" content=\"index, follow, max-snippet:-1, max-image-preview:large, max-video-preview:-1\" \/>\n<link rel=\"canonical\" href=\"https:\/\/endormoonstore.com\/en\/capitan-america-john-f-walker-marvel-legends-the-falcon-and-the-winter-soldier\/\" \/>\n<meta property=\"og:locale\" content=\"en_US\" \/>\n<meta property=\"og:type\" content=\"article\" \/>\n<meta property=\"og:title\" content=\"Capitan America (John F. Walker) Marvel Legends The Falcon and the Winter Soldier - EndormoonStore\" \/>\n<meta property=\"og:description\" content=\"Capitan America (John F. Walker) Marvel Legends The Falcon and the Winter Soldier Figura 15 cm  Hasbro Fans presenta dentro de la colecci\u00f3n Marvel Legends la figura de Capit\u00e1n Am\u00e9rica basada en la versi\u00f3n de la nueva serie Falcon and the Winter Soldier.  &nbsp;\" \/>\n<meta property=\"og:url\" content=\"https:\/\/endormoonstore.com\/en\/capitan-america-john-f-walker-marvel-legends-the-falcon-and-the-winter-soldier\/\" \/>\n<meta property=\"og:site_name\" content=\"EndormoonStore\" \/>\n<meta property=\"article:modified_time\" content=\"2021-07-18T13:49:32+00:00\" \/>\n<meta property=\"og:image\" content=\"https:\/\/endormoonstore.com\/wp-content\/uploads\/2021\/04\/Marvel-Legends-John-F.-Walker-Captain-America-2.jpg\" \/>\n\t<meta property=\"og:image:width\" content=\"1000\" \/>\n\t<meta property=\"og:image:height\" content=\"1000\" \/>\n\t<meta property=\"og:image:type\" content=\"image\/jpeg\" \/>\n<meta name=\"twitter:card\" content=\"summary_large_image\" \/>\n<meta name=\"twitter:label1\" content=\"Est. reading time\" \/>\n\t<meta name=\"twitter:data1\" content=\"1 minute\" \/>\n<script type=\"application\/ld+json\" class=\"yoast-schema-graph\">{\"@context\":\"https:\/\/schema.org\",\"@graph\":[{\"@type\":\"WebPage\",\"@id\":\"https:\/\/endormoonstore.com\/en\/capitan-america-john-f-walker-marvel-legends-the-falcon-and-the-winter-soldier\/\",\"url\":\"https:\/\/endormoonstore.com\/en\/capitan-america-john-f-walker-marvel-legends-the-falcon-and-the-winter-soldier\/\",\"name\":\"Capitan America (John F. Walker) Marvel Legends The Falcon and the Winter Soldier - EndormoonStore\",\"isPartOf\":{\"@id\":\"https:\/\/endormoonstore.com\/#website\"},\"primaryImageOfPage\":{\"@id\":\"https:\/\/endormoonstore.com\/en\/capitan-america-john-f-walker-marvel-legends-the-falcon-and-the-winter-soldier\/#primaryimage\"},\"image\":{\"@id\":\"https:\/\/endormoonstore.com\/en\/capitan-america-john-f-walker-marvel-legends-the-falcon-and-the-winter-soldier\/#primaryimage\"},\"thumbnailUrl\":\"https:\/\/endormoonstore.com\/wp-content\/uploads\/2021\/04\/Marvel-Legends-John-F.-Walker-Captain-America-2.jpg\",\"datePublished\":\"2021-04-26T17:30:40+00:00\",\"dateModified\":\"2021-07-18T13:49:32+00:00\",\"breadcrumb\":{\"@id\":\"https:\/\/endormoonstore.com\/en\/capitan-america-john-f-walker-marvel-legends-the-falcon-and-the-winter-soldier\/#breadcrumb\"},\"inLanguage\":\"en-US\",\"potentialAction\":[{\"@type\":\"ReadAction\",\"target\":[\"https:\/\/endormoonstore.com\/en\/capitan-america-john-f-walker-marvel-legends-the-falcon-and-the-winter-soldier\/\"]}]},{\"@type\":\"ImageObject\",\"inLanguage\":\"en-US\",\"@id\":\"https:\/\/endormoonstore.com\/en\/capitan-america-john-f-walker-marvel-legends-the-falcon-and-the-winter-soldier\/#primaryimage\",\"url\":\"https:\/\/endormoonstore.com\/wp-content\/uploads\/2021\/04\/Marvel-Legends-John-F.-Walker-Captain-America-2.jpg\",\"contentUrl\":\"https:\/\/endormoonstore.com\/wp-content\/uploads\/2021\/04\/Marvel-Legends-John-F.-Walker-Captain-America-2.jpg\",\"width\":1000,\"height\":1000},{\"@type\":\"BreadcrumbList\",\"@id\":\"https:\/\/endormoonstore.com\/en\/capitan-america-john-f-walker-marvel-legends-the-falcon-and-the-winter-soldier\/#breadcrumb\",\"itemListElement\":[{\"@type\":\"ListItem\",\"position\":1,\"name\":\"Shop\",\"item\":\"https:\/\/endormoonstore.com\/en\/shop\/\"},{\"@type\":\"ListItem\",\"position\":2,\"name\":\"Capitan America (John F. Walker) Marvel Legends The Falcon and the Winter Soldier\"}]},{\"@type\":\"WebSite\",\"@id\":\"https:\/\/endormoonstore.com\/#website\",\"url\":\"https:\/\/endormoonstore.com\/\",\"name\":\"EndormoonStore\",\"description\":\"\",\"potentialAction\":[{\"@type\":\"SearchAction\",\"target\":{\"@type\":\"EntryPoint\",\"urlTemplate\":\"https:\/\/endormoonstore.com\/?s={search_term_string}\"},\"query-input\":{\"@type\":\"PropertyValueSpecification\",\"valueRequired\":true,\"valueName\":\"search_term_string\"}}],\"inLanguage\":\"en-US\"}]}<\/script>\n<!-- \/ Yoast SEO plugin. -->","yoast_head_json":{"title":"Capitan America (John F. Walker) Marvel Legends The Falcon and the Winter Soldier - EndormoonStore","robots":{"index":"index","follow":"follow","max-snippet":"max-snippet:-1","max-image-preview":"max-image-preview:large","max-video-preview":"max-video-preview:-1"},"canonical":"https:\/\/endormoonstore.com\/en\/capitan-america-john-f-walker-marvel-legends-the-falcon-and-the-winter-soldier\/","og_locale":"en_US","og_type":"article","og_title":"Capitan America (John F. Walker) Marvel Legends The Falcon and the Winter Soldier - EndormoonStore","og_description":"Capitan America (John F. Walker) Marvel Legends The Falcon and the Winter Soldier Figura 15 cm  Hasbro Fans presenta dentro de la colecci\u00f3n Marvel Legends la figura de Capit\u00e1n Am\u00e9rica basada en la versi\u00f3n de la nueva serie Falcon and the Winter Soldier.  &nbsp;","og_url":"https:\/\/endormoonstore.com\/en\/capitan-america-john-f-walker-marvel-legends-the-falcon-and-the-winter-soldier\/","og_site_name":"EndormoonStore","article_modified_time":"2021-07-18T13:49:32+00:00","og_image":[{"width":1000,"height":1000,"url":"https:\/\/endormoonstore.com\/wp-content\/uploads\/2021\/04\/Marvel-Legends-John-F.-Walker-Captain-America-2.jpg","type":"image\/jpeg"}],"twitter_card":"summary_large_image","twitter_misc":{"Est. reading time":"1 minute"},"schema":{"@context":"https:\/\/schema.org","@graph":[{"@type":"WebPage","@id":"https:\/\/endormoonstore.com\/en\/capitan-america-john-f-walker-marvel-legends-the-falcon-and-the-winter-soldier\/","url":"https:\/\/endormoonstore.com\/en\/capitan-america-john-f-walker-marvel-legends-the-falcon-and-the-winter-soldier\/","name":"Capitan America (John F. Walker) Marvel Legends The Falcon and the Winter Soldier - EndormoonStore","isPartOf":{"@id":"https:\/\/endormoonstore.com\/#website"},"primaryImageOfPage":{"@id":"https:\/\/endormoonstore.com\/en\/capitan-america-john-f-walker-marvel-legends-the-falcon-and-the-winter-soldier\/#primaryimage"},"image":{"@id":"https:\/\/endormoonstore.com\/en\/capitan-america-john-f-walker-marvel-legends-the-falcon-and-the-winter-soldier\/#primaryimage"},"thumbnailUrl":"https:\/\/endormoonstore.com\/wp-content\/uploads\/2021\/04\/Marvel-Legends-John-F.-Walker-Captain-America-2.jpg","datePublished":"2021-04-26T17:30:40+00:00","dateModified":"2021-07-18T13:49:32+00:00","breadcrumb":{"@id":"https:\/\/endormoonstore.com\/en\/capitan-america-john-f-walker-marvel-legends-the-falcon-and-the-winter-soldier\/#breadcrumb"},"inLanguage":"en-US","potentialAction":[{"@type":"ReadAction","target":["https:\/\/endormoonstore.com\/en\/capitan-america-john-f-walker-marvel-legends-the-falcon-and-the-winter-soldier\/"]}]},{"@type":"ImageObject","inLanguage":"en-US","@id":"https:\/\/endormoonstore.com\/en\/capitan-america-john-f-walker-marvel-legends-the-falcon-and-the-winter-soldier\/#primaryimage","url":"https:\/\/endormoonstore.com\/wp-content\/uploads\/2021\/04\/Marvel-Legends-John-F.-Walker-Captain-America-2.jpg","contentUrl":"https:\/\/endormoonstore.com\/wp-content\/uploads\/2021\/04\/Marvel-Legends-John-F.-Walker-Captain-America-2.jpg","width":1000,"height":1000},{"@type":"BreadcrumbList","@id":"https:\/\/endormoonstore.com\/en\/capitan-america-john-f-walker-marvel-legends-the-falcon-and-the-winter-soldier\/#breadcrumb","itemListElement":[{"@type":"ListItem","position":1,"name":"Shop","item":"https:\/\/endormoonstore.com\/en\/shop\/"},{"@type":"ListItem","position":2,"name":"Capitan America (John F. Walker) Marvel Legends The Falcon and the Winter Soldier"}]},{"@type":"WebSite","@id":"https:\/\/endormoonstore.com\/#website","url":"https:\/\/endormoonstore.com\/","name":"EndormoonStore","description":"","potentialAction":[{"@type":"SearchAction","target":{"@type":"EntryPoint","urlTemplate":"https:\/\/endormoonstore.com\/?s={search_term_string}"},"query-input":{"@type":"PropertyValueSpecification","valueRequired":true,"valueName":"search_term_string"}}],"inLanguage":"en-US"}]}},"taxonomy_info":{"product_cat":[{"value":1390,"label":"Figures"}],"pa_brand":[{"value":2084,"label":"Hasbro"}],"pa_character":[{"value":2309,"label":"Captain America"}],"pa_episode":[{"value":7089,"label":"The Falcon and the Winter Soldier"}],"pa_license":[{"value":1642,"label":"Marvel"}],"pa_product-type":[{"value":2387,"label":"Figure"}],"pa_theme":[{"value":2071,"label":"Marvel Legends Series"}]},"featured_image_src_large":["https:\/\/endormoonstore.com\/wp-content\/uploads\/2021\/04\/Marvel-Legends-John-F.-Walker-Captain-America-2.jpg",1000,1000,false],"author_info":[],"comment_info":"","_links":{"self":[{"href":"https:\/\/endormoonstore.com\/en\/wp-json\/wp\/v2\/product\/103172","targetHints":{"allow":["GET"]}}],"collection":[{"href":"https:\/\/endormoonstore.com\/en\/wp-json\/wp\/v2\/product"}],"about":[{"href":"https:\/\/endormoonstore.com\/en\/wp-json\/wp\/v2\/types\/product"}],"wp:featuredmedia":[{"embeddable":true,"href":"https:\/\/endormoonstore.com\/en\/wp-json\/wp\/v2\/media\/103157"}],"wp:attachment":[{"href":"https:\/\/endormoonstore.com\/en\/wp-json\/wp\/v2\/media?parent=103172"}],"wp:term":[{"taxonomy":"product_cat","embeddable":true,"href":"https:\/\/endormoonstore.com\/en\/wp-json\/wp\/v2\/product_cat?post=103172"},{"taxonomy":"product_tag","embeddable":true,"href":"https:\/\/endormoonstore.com\/en\/wp-json\/wp\/v2\/product_tag?post=103172"}],"curies":[{"name":"wp","href":"https:\/\/api.w.org\/{rel}","templated":true}]}}