{"id":103061,"date":"2021-04-25T19:28:12","date_gmt":"2021-04-25T17:28:12","guid":{"rendered":"https:\/\/endormoonstore.com\/zack-snyders-justice-league-one12-collective-deluxe-box-set\/"},"modified":"2023-11-20T12:22:29","modified_gmt":"2023-11-20T11:22:29","slug":"zack-snyders-justice-league-one12-collective-deluxe-box-set","status":"publish","type":"product","link":"https:\/\/endormoonstore.com\/en\/zack-snyders-justice-league-one12-collective-deluxe-box-set\/","title":{"rendered":"Zack Snyder&#8217;s Justice League One:12 Collective Deluxe Box Set"},"content":{"rendered":"<p><strong>Zack Snyder&#8217;s Justice League One:12 Collective Deluxe Box Set 3 Figura 17 cm<\/strong><\/p>\n<ul>\n<li>Mezco Toyz presenta este set Deluxe de 3 figuras basadas en la pel\u00edcula Justice League<\/li>\n<li>Del director Zack Snyder, para la colecci\u00f3n One:12 Collection.<\/li>\n<li>Se trata de las figuras de Batman, Superman y The Flash.<\/li>\n<li>Las figuras cuentan con m\u00e1s de 30 puntos de articulaci\u00f3n, incluyen una base para exposici\u00f3n con el logo de Justice League de Zack Snyder y vienen en una caja de hojalata coleccionable.<\/li>\n<li>La figura de Superman mide unos 17 cm de alto y usa su traje de recuperaci\u00f3n kryptoniano en negro con tonos met\u00e1licos.<\/li>\n<li>Incluye tres cabeza intercambiables, 6 manos intercambiables, una capa con alambre para posar integrado, una Caja Madre con iluminaci\u00f3n y un efecto de visi\u00f3n de calor.<\/li>\n<li>Batman mide unos 17 cm de alto y est\u00e1 equipado con su traje mejorado y guanteletes que absorben energ\u00eda.<\/li>\n<li>Incluye tres cabezas intercambiables,una de ellas desenmascarado y con la imagen de Ben Affleck.<\/li>\n<li>7 manos intercambiables, una capa similar al cuero con alambre para posar integrado, 3 batarangs, un rifle Parademon, una pistola de agarre, tres ganchos de agarre y 3 granadas de disco.<\/li>\n<li>The Flash mide 15 cm de alto usa su cl\u00e1sico traje rojo con art\u00edculos blandos integrados.<\/li>\n<li>Incluye dos cabezas intercambiables y 7 manos intercambiables y 5 efectos de rel\u00e1mpagos de velocidad.<\/li>\n<\/ul>\n<p>&nbsp;<\/p>\n<p>&nbsp;<\/p>\n","protected":false},"excerpt":{"rendered":"<p><strong>Zack Snyder&#8217;s Justice League One:12 Collective Deluxe Box Set 3 Figura 17 cm<\/strong><\/p>\n<p>Mezco Toyz presenta este set Deluxe de 3 figuras basadas en la pel\u00edcula &#8220;Justice League&#8221; del director Zack Snyder, para la colecci\u00f3n One:12 Collection.<\/p>\n","protected":false},"featured_media":103040,"template":"","meta":{"_acf_changed":false,"_kad_blocks_custom_css":"","_kad_blocks_head_custom_js":"","_kad_blocks_body_custom_js":"","_kad_blocks_footer_custom_js":""},"product_cat":[1390,13511],"product_tag":[],"class_list":{"0":"post-103061","1":"product","2":"type-product","3":"status-publish","4":"has-post-thumbnail","6":"product_cat-figures","7":"product_cat-new-arrivals","8":"pa_brand-mezco-toyz-en","9":"pa_character-batman-en","10":"pa_character-superman-en","11":"pa_character-the-flash-en","12":"pa_episode-justice-league","13":"pa_license-dc-universe-en","14":"pa_product-type-figure","15":"pa_theme-one12-collective-en","17":"first","18":"outofstock","19":"taxable","20":"shipping-taxable","21":"purchasable","22":"product-type-simple"},"acf":[],"yoast_head":"<!-- This site is optimized with the Yoast SEO plugin v26.1.1 - https:\/\/yoast.com\/wordpress\/plugins\/seo\/ -->\n<title>Zack Snyder&#039;s Justice League One:12 Collective Deluxe Box Set - EndormoonStore<\/title>\n<meta name=\"robots\" content=\"index, follow, max-snippet:-1, max-image-preview:large, max-video-preview:-1\" \/>\n<link rel=\"canonical\" href=\"https:\/\/endormoonstore.com\/en\/zack-snyders-justice-league-one12-collective-deluxe-box-set\/\" \/>\n<meta property=\"og:locale\" content=\"en_US\" \/>\n<meta property=\"og:type\" content=\"article\" \/>\n<meta property=\"og:title\" content=\"Zack Snyder&#039;s Justice League One:12 Collective Deluxe Box Set - EndormoonStore\" \/>\n<meta property=\"og:description\" content=\"Zack Snyder&#039;s Justice League One:12 Collective Deluxe Box Set 3 Figura 17 cm  Mezco Toyz presenta este set Deluxe de 3 figuras basadas en la pel\u00edcula &quot;Justice League&quot; del director Zack Snyder, para la colecci\u00f3n One:12 Collection.\" \/>\n<meta property=\"og:url\" content=\"https:\/\/endormoonstore.com\/en\/zack-snyders-justice-league-one12-collective-deluxe-box-set\/\" \/>\n<meta property=\"og:site_name\" content=\"EndormoonStore\" \/>\n<meta property=\"article:modified_time\" content=\"2023-11-20T11:22:29+00:00\" \/>\n<meta property=\"og:image\" content=\"https:\/\/endormoonstore.com\/wp-content\/uploads\/2021\/04\/Zack-Snyders-Justice-League-One-12-Collective-Deluxe-Box-Set-1.jpeg\" \/>\n\t<meta property=\"og:image:width\" content=\"720\" \/>\n\t<meta property=\"og:image:height\" content=\"540\" \/>\n\t<meta property=\"og:image:type\" content=\"image\/jpeg\" \/>\n<meta name=\"twitter:card\" content=\"summary_large_image\" \/>\n<meta name=\"twitter:label1\" content=\"Est. reading time\" \/>\n\t<meta name=\"twitter:data1\" content=\"2 minutes\" \/>\n<script type=\"application\/ld+json\" class=\"yoast-schema-graph\">{\"@context\":\"https:\/\/schema.org\",\"@graph\":[{\"@type\":\"WebPage\",\"@id\":\"https:\/\/endormoonstore.com\/en\/zack-snyders-justice-league-one12-collective-deluxe-box-set\/\",\"url\":\"https:\/\/endormoonstore.com\/en\/zack-snyders-justice-league-one12-collective-deluxe-box-set\/\",\"name\":\"Zack Snyder's Justice League One:12 Collective Deluxe Box Set - EndormoonStore\",\"isPartOf\":{\"@id\":\"https:\/\/endormoonstore.com\/#website\"},\"primaryImageOfPage\":{\"@id\":\"https:\/\/endormoonstore.com\/en\/zack-snyders-justice-league-one12-collective-deluxe-box-set\/#primaryimage\"},\"image\":{\"@id\":\"https:\/\/endormoonstore.com\/en\/zack-snyders-justice-league-one12-collective-deluxe-box-set\/#primaryimage\"},\"thumbnailUrl\":\"https:\/\/endormoonstore.com\/wp-content\/uploads\/2021\/04\/Zack-Snyders-Justice-League-One-12-Collective-Deluxe-Box-Set-1.jpeg\",\"datePublished\":\"2021-04-25T17:28:12+00:00\",\"dateModified\":\"2023-11-20T11:22:29+00:00\",\"breadcrumb\":{\"@id\":\"https:\/\/endormoonstore.com\/en\/zack-snyders-justice-league-one12-collective-deluxe-box-set\/#breadcrumb\"},\"inLanguage\":\"en-US\",\"potentialAction\":[{\"@type\":\"ReadAction\",\"target\":[\"https:\/\/endormoonstore.com\/en\/zack-snyders-justice-league-one12-collective-deluxe-box-set\/\"]}]},{\"@type\":\"ImageObject\",\"inLanguage\":\"en-US\",\"@id\":\"https:\/\/endormoonstore.com\/en\/zack-snyders-justice-league-one12-collective-deluxe-box-set\/#primaryimage\",\"url\":\"https:\/\/endormoonstore.com\/wp-content\/uploads\/2021\/04\/Zack-Snyders-Justice-League-One-12-Collective-Deluxe-Box-Set-1.jpeg\",\"contentUrl\":\"https:\/\/endormoonstore.com\/wp-content\/uploads\/2021\/04\/Zack-Snyders-Justice-League-One-12-Collective-Deluxe-Box-Set-1.jpeg\",\"width\":720,\"height\":540},{\"@type\":\"BreadcrumbList\",\"@id\":\"https:\/\/endormoonstore.com\/en\/zack-snyders-justice-league-one12-collective-deluxe-box-set\/#breadcrumb\",\"itemListElement\":[{\"@type\":\"ListItem\",\"position\":1,\"name\":\"Shop\",\"item\":\"https:\/\/endormoonstore.com\/en\/shop\/\"},{\"@type\":\"ListItem\",\"position\":2,\"name\":\"Zack Snyder&#8217;s Justice League One:12 Collective Deluxe Box Set\"}]},{\"@type\":\"WebSite\",\"@id\":\"https:\/\/endormoonstore.com\/#website\",\"url\":\"https:\/\/endormoonstore.com\/\",\"name\":\"EndormoonStore\",\"description\":\"\",\"potentialAction\":[{\"@type\":\"SearchAction\",\"target\":{\"@type\":\"EntryPoint\",\"urlTemplate\":\"https:\/\/endormoonstore.com\/?s={search_term_string}\"},\"query-input\":{\"@type\":\"PropertyValueSpecification\",\"valueRequired\":true,\"valueName\":\"search_term_string\"}}],\"inLanguage\":\"en-US\"}]}<\/script>\n<!-- \/ Yoast SEO plugin. -->","yoast_head_json":{"title":"Zack Snyder's Justice League One:12 Collective Deluxe Box Set - EndormoonStore","robots":{"index":"index","follow":"follow","max-snippet":"max-snippet:-1","max-image-preview":"max-image-preview:large","max-video-preview":"max-video-preview:-1"},"canonical":"https:\/\/endormoonstore.com\/en\/zack-snyders-justice-league-one12-collective-deluxe-box-set\/","og_locale":"en_US","og_type":"article","og_title":"Zack Snyder's Justice League One:12 Collective Deluxe Box Set - EndormoonStore","og_description":"Zack Snyder's Justice League One:12 Collective Deluxe Box Set 3 Figura 17 cm  Mezco Toyz presenta este set Deluxe de 3 figuras basadas en la pel\u00edcula \"Justice League\" del director Zack Snyder, para la colecci\u00f3n One:12 Collection.","og_url":"https:\/\/endormoonstore.com\/en\/zack-snyders-justice-league-one12-collective-deluxe-box-set\/","og_site_name":"EndormoonStore","article_modified_time":"2023-11-20T11:22:29+00:00","og_image":[{"width":720,"height":540,"url":"https:\/\/endormoonstore.com\/wp-content\/uploads\/2021\/04\/Zack-Snyders-Justice-League-One-12-Collective-Deluxe-Box-Set-1.jpeg","type":"image\/jpeg"}],"twitter_card":"summary_large_image","twitter_misc":{"Est. reading time":"2 minutes"},"schema":{"@context":"https:\/\/schema.org","@graph":[{"@type":"WebPage","@id":"https:\/\/endormoonstore.com\/en\/zack-snyders-justice-league-one12-collective-deluxe-box-set\/","url":"https:\/\/endormoonstore.com\/en\/zack-snyders-justice-league-one12-collective-deluxe-box-set\/","name":"Zack Snyder's Justice League One:12 Collective Deluxe Box Set - EndormoonStore","isPartOf":{"@id":"https:\/\/endormoonstore.com\/#website"},"primaryImageOfPage":{"@id":"https:\/\/endormoonstore.com\/en\/zack-snyders-justice-league-one12-collective-deluxe-box-set\/#primaryimage"},"image":{"@id":"https:\/\/endormoonstore.com\/en\/zack-snyders-justice-league-one12-collective-deluxe-box-set\/#primaryimage"},"thumbnailUrl":"https:\/\/endormoonstore.com\/wp-content\/uploads\/2021\/04\/Zack-Snyders-Justice-League-One-12-Collective-Deluxe-Box-Set-1.jpeg","datePublished":"2021-04-25T17:28:12+00:00","dateModified":"2023-11-20T11:22:29+00:00","breadcrumb":{"@id":"https:\/\/endormoonstore.com\/en\/zack-snyders-justice-league-one12-collective-deluxe-box-set\/#breadcrumb"},"inLanguage":"en-US","potentialAction":[{"@type":"ReadAction","target":["https:\/\/endormoonstore.com\/en\/zack-snyders-justice-league-one12-collective-deluxe-box-set\/"]}]},{"@type":"ImageObject","inLanguage":"en-US","@id":"https:\/\/endormoonstore.com\/en\/zack-snyders-justice-league-one12-collective-deluxe-box-set\/#primaryimage","url":"https:\/\/endormoonstore.com\/wp-content\/uploads\/2021\/04\/Zack-Snyders-Justice-League-One-12-Collective-Deluxe-Box-Set-1.jpeg","contentUrl":"https:\/\/endormoonstore.com\/wp-content\/uploads\/2021\/04\/Zack-Snyders-Justice-League-One-12-Collective-Deluxe-Box-Set-1.jpeg","width":720,"height":540},{"@type":"BreadcrumbList","@id":"https:\/\/endormoonstore.com\/en\/zack-snyders-justice-league-one12-collective-deluxe-box-set\/#breadcrumb","itemListElement":[{"@type":"ListItem","position":1,"name":"Shop","item":"https:\/\/endormoonstore.com\/en\/shop\/"},{"@type":"ListItem","position":2,"name":"Zack Snyder&#8217;s Justice League One:12 Collective Deluxe Box Set"}]},{"@type":"WebSite","@id":"https:\/\/endormoonstore.com\/#website","url":"https:\/\/endormoonstore.com\/","name":"EndormoonStore","description":"","potentialAction":[{"@type":"SearchAction","target":{"@type":"EntryPoint","urlTemplate":"https:\/\/endormoonstore.com\/?s={search_term_string}"},"query-input":{"@type":"PropertyValueSpecification","valueRequired":true,"valueName":"search_term_string"}}],"inLanguage":"en-US"}]}},"taxonomy_info":{"product_cat":[{"value":1390,"label":"Figures"},{"value":13511,"label":"New Arrivals"}],"pa_brand":[{"value":1638,"label":"Mezco Toyz"}],"pa_character":[{"value":3566,"label":"Batman"},{"value":6597,"label":"Superman"},{"value":7158,"label":"The Flash"}],"pa_episode":[{"value":7152,"label":"Justice League"}],"pa_license":[{"value":3086,"label":"Dc Universe"}],"pa_product-type":[{"value":2387,"label":"Figure"}],"pa_theme":[{"value":1885,"label":"One:12 Collective"}]},"featured_image_src_large":["https:\/\/endormoonstore.com\/wp-content\/uploads\/2021\/04\/Zack-Snyders-Justice-League-One-12-Collective-Deluxe-Box-Set-1.jpeg",720,540,false],"author_info":[],"comment_info":"","_links":{"self":[{"href":"https:\/\/endormoonstore.com\/en\/wp-json\/wp\/v2\/product\/103061","targetHints":{"allow":["GET"]}}],"collection":[{"href":"https:\/\/endormoonstore.com\/en\/wp-json\/wp\/v2\/product"}],"about":[{"href":"https:\/\/endormoonstore.com\/en\/wp-json\/wp\/v2\/types\/product"}],"wp:featuredmedia":[{"embeddable":true,"href":"https:\/\/endormoonstore.com\/en\/wp-json\/wp\/v2\/media\/103040"}],"wp:attachment":[{"href":"https:\/\/endormoonstore.com\/en\/wp-json\/wp\/v2\/media?parent=103061"}],"wp:term":[{"taxonomy":"product_cat","embeddable":true,"href":"https:\/\/endormoonstore.com\/en\/wp-json\/wp\/v2\/product_cat?post=103061"},{"taxonomy":"product_tag","embeddable":true,"href":"https:\/\/endormoonstore.com\/en\/wp-json\/wp\/v2\/product_tag?post=103061"}],"curies":[{"name":"wp","href":"https:\/\/api.w.org\/{rel}","templated":true}]}}