{"id":103036,"date":"2021-04-25T19:07:09","date_gmt":"2021-04-25T17:07:09","guid":{"rendered":"https:\/\/endormoonstore.com\/star-wars-galactic-snackin-grogu\/"},"modified":"2021-10-07T15:45:12","modified_gmt":"2021-10-07T13:45:12","slug":"star-wars-galactic-snackin-grogu","status":"publish","type":"product","link":"https:\/\/endormoonstore.com\/en\/star-wars-galactic-snackin-grogu\/","title":{"rendered":"Star Wars Galactic Snackin\u2019 Grogu"},"content":{"rendered":"<p><strong>Star Wars Galactic Snackin\u2019 Grogu Figura 23 cm<\/strong><\/p>\n<ul>\n<li>Hasbro nos presenta este mu\u00f1eco animatr\u00f3nico de Snackin&#8217; Grogu, m\u00e1s conocido por los fans de la serie The Mandalorian como Baby Yoda, basado en el universo Star Wars.<\/li>\n<li>Se trata de un mu\u00f1eco animatr\u00f3nico de unos 23 cm de alto con m\u00e1s de 40 combinaciones de sonidos y movimientos.<\/li>\n<li>Incluye 4 accesorios interactivos (bol con tent\u00e1culos, galleta, pomo de palanca y cuchara).<\/li>\n<li>Coloca cualquiera de los accesorios en su mano y \u00e9l reaccionar\u00e1.<\/li>\n<li>Coloca un accesorio en su boca y \u00e9l emitir\u00e1 sonidos que simulan que come y que le agrada o desagrada la comida.<\/li>\n<li>Cuando Grogu quiera que lo tomes en tus brazos, \u00e9l extender\u00e1 sus brazos.<\/li>\n<li>El juguete Galactic Snackin Grogu realizar\u00e1 un movimiento de la Fuerza con ambas manos.<\/li>\n<li>Las funciones adicionales incluyen efectos de sonido inspirados en la serie, ropa de textura suave, cabeza, orejas y brazos que se mueven y ojos que parpadean.<\/li>\n<li>Edad recomendada: 4 a\u00f1os en adelante.<\/li>\n<li><strong>ADVERTENCIA<\/strong>: Pueden producirse piezas peque\u00f1as.<\/li>\n<li>No es para ni\u00f1os menores de 3 a\u00f1os.<\/li>\n<li><strong> REQUIERE 4 PILAS ALCALINAS AA\/LR6 DE 1,5 V. NO INCLUIDAS<\/strong>.<\/li>\n<li>Lee las instrucciones.<\/li>\n<\/ul>\n","protected":false},"excerpt":{"rendered":"<p><strong>Star Wars Galactic Snackin\u2019 Grogu Figura 23 cm<\/strong><\/p>\n<p>Hasbro nos presenta este mu\u00f1eco animatr\u00f3nico de Snackin&#8217; Grogu, m\u00e1s conocido por los fans de la serie The Mandalorian como Baby Yoda, basado en el universo Star Wars.<\/p>\n","protected":false},"featured_media":103019,"template":"","meta":{"_acf_changed":false,"_kad_blocks_custom_css":"","_kad_blocks_head_custom_js":"","_kad_blocks_body_custom_js":"","_kad_blocks_footer_custom_js":""},"product_cat":[1390],"product_tag":[],"class_list":{"0":"post-103036","1":"product","2":"type-product","3":"status-publish","4":"has-post-thumbnail","6":"product_cat-figures","7":"pa_brand-hasbro-en","8":"pa_character-the-child-en","9":"pa_episode-the-mandalorian-en","10":"pa_license-star-wars-en","11":"pa_product-type-figure","12":"pa_theme-doll","14":"first","15":"instock","16":"taxable","17":"shipping-taxable","18":"purchasable","19":"product-type-simple"},"acf":[],"yoast_head":"<!-- This site is optimized with the Yoast SEO plugin v26.1.1 - https:\/\/yoast.com\/wordpress\/plugins\/seo\/ -->\n<title>Star Wars Galactic Snackin\u2019 Grogu - EndormoonStore<\/title>\n<meta name=\"robots\" content=\"index, follow, max-snippet:-1, max-image-preview:large, max-video-preview:-1\" \/>\n<link rel=\"canonical\" href=\"https:\/\/endormoonstore.com\/star-wars-galactic-snackin-grogu\/\" \/>\n<meta property=\"og:locale\" content=\"en_US\" \/>\n<meta property=\"og:type\" content=\"article\" \/>\n<meta property=\"og:title\" content=\"Star Wars Galactic Snackin\u2019 Grogu - EndormoonStore\" \/>\n<meta property=\"og:description\" content=\"Star Wars Galactic Snackin\u2019 Grogu Figura 23 cm  Hasbro nos presenta este mu\u00f1eco animatr\u00f3nico de Snackin&#039; Grogu, m\u00e1s conocido por los fans de la serie The Mandalorian como Baby Yoda, basado en el universo Star Wars.\" \/>\n<meta property=\"og:url\" content=\"https:\/\/endormoonstore.com\/star-wars-galactic-snackin-grogu\/\" \/>\n<meta property=\"og:site_name\" content=\"EndormoonStore\" \/>\n<meta property=\"article:modified_time\" content=\"2021-10-07T13:45:12+00:00\" \/>\n<meta property=\"og:image\" content=\"https:\/\/endormoonstore.com\/wp-content\/uploads\/2021\/04\/Star-Wars-Galactic-Snackin-Grogu-1.jpg\" \/>\n\t<meta property=\"og:image:width\" content=\"1000\" \/>\n\t<meta property=\"og:image:height\" content=\"1000\" \/>\n\t<meta property=\"og:image:type\" content=\"image\/jpeg\" \/>\n<meta name=\"twitter:card\" content=\"summary_large_image\" \/>\n<meta name=\"twitter:label1\" content=\"Est. reading time\" \/>\n\t<meta name=\"twitter:data1\" content=\"1 minute\" \/>\n<script type=\"application\/ld+json\" class=\"yoast-schema-graph\">{\"@context\":\"https:\/\/schema.org\",\"@graph\":[{\"@type\":\"WebPage\",\"@id\":\"https:\/\/endormoonstore.com\/star-wars-galactic-snackin-grogu\/\",\"url\":\"https:\/\/endormoonstore.com\/star-wars-galactic-snackin-grogu\/\",\"name\":\"Star Wars Galactic Snackin\u2019 Grogu - EndormoonStore\",\"isPartOf\":{\"@id\":\"https:\/\/endormoonstore.com\/#website\"},\"primaryImageOfPage\":{\"@id\":\"https:\/\/endormoonstore.com\/star-wars-galactic-snackin-grogu\/#primaryimage\"},\"image\":{\"@id\":\"https:\/\/endormoonstore.com\/star-wars-galactic-snackin-grogu\/#primaryimage\"},\"thumbnailUrl\":\"https:\/\/endormoonstore.com\/wp-content\/uploads\/2021\/04\/Star-Wars-Galactic-Snackin-Grogu-1.jpg\",\"datePublished\":\"2021-04-25T17:07:09+00:00\",\"dateModified\":\"2021-10-07T13:45:12+00:00\",\"breadcrumb\":{\"@id\":\"https:\/\/endormoonstore.com\/star-wars-galactic-snackin-grogu\/#breadcrumb\"},\"inLanguage\":\"en-US\",\"potentialAction\":[{\"@type\":\"ReadAction\",\"target\":[\"https:\/\/endormoonstore.com\/star-wars-galactic-snackin-grogu\/\"]}]},{\"@type\":\"ImageObject\",\"inLanguage\":\"en-US\",\"@id\":\"https:\/\/endormoonstore.com\/star-wars-galactic-snackin-grogu\/#primaryimage\",\"url\":\"https:\/\/endormoonstore.com\/wp-content\/uploads\/2021\/04\/Star-Wars-Galactic-Snackin-Grogu-1.jpg\",\"contentUrl\":\"https:\/\/endormoonstore.com\/wp-content\/uploads\/2021\/04\/Star-Wars-Galactic-Snackin-Grogu-1.jpg\",\"width\":1000,\"height\":1000},{\"@type\":\"BreadcrumbList\",\"@id\":\"https:\/\/endormoonstore.com\/star-wars-galactic-snackin-grogu\/#breadcrumb\",\"itemListElement\":[{\"@type\":\"ListItem\",\"position\":1,\"name\":\"Shop\",\"item\":\"https:\/\/endormoonstore.com\/en\/shop\/\"},{\"@type\":\"ListItem\",\"position\":2,\"name\":\"Star Wars Galactic Snackin\u2019 Grogu\"}]},{\"@type\":\"WebSite\",\"@id\":\"https:\/\/endormoonstore.com\/#website\",\"url\":\"https:\/\/endormoonstore.com\/\",\"name\":\"EndormoonStore\",\"description\":\"\",\"potentialAction\":[{\"@type\":\"SearchAction\",\"target\":{\"@type\":\"EntryPoint\",\"urlTemplate\":\"https:\/\/endormoonstore.com\/?s={search_term_string}\"},\"query-input\":{\"@type\":\"PropertyValueSpecification\",\"valueRequired\":true,\"valueName\":\"search_term_string\"}}],\"inLanguage\":\"en-US\"}]}<\/script>\n<!-- \/ Yoast SEO plugin. -->","yoast_head_json":{"title":"Star Wars Galactic Snackin\u2019 Grogu - EndormoonStore","robots":{"index":"index","follow":"follow","max-snippet":"max-snippet:-1","max-image-preview":"max-image-preview:large","max-video-preview":"max-video-preview:-1"},"canonical":"https:\/\/endormoonstore.com\/star-wars-galactic-snackin-grogu\/","og_locale":"en_US","og_type":"article","og_title":"Star Wars Galactic Snackin\u2019 Grogu - EndormoonStore","og_description":"Star Wars Galactic Snackin\u2019 Grogu Figura 23 cm  Hasbro nos presenta este mu\u00f1eco animatr\u00f3nico de Snackin' Grogu, m\u00e1s conocido por los fans de la serie The Mandalorian como Baby Yoda, basado en el universo Star Wars.","og_url":"https:\/\/endormoonstore.com\/star-wars-galactic-snackin-grogu\/","og_site_name":"EndormoonStore","article_modified_time":"2021-10-07T13:45:12+00:00","og_image":[{"width":1000,"height":1000,"url":"https:\/\/endormoonstore.com\/wp-content\/uploads\/2021\/04\/Star-Wars-Galactic-Snackin-Grogu-1.jpg","type":"image\/jpeg"}],"twitter_card":"summary_large_image","twitter_misc":{"Est. reading time":"1 minute"},"schema":{"@context":"https:\/\/schema.org","@graph":[{"@type":"WebPage","@id":"https:\/\/endormoonstore.com\/star-wars-galactic-snackin-grogu\/","url":"https:\/\/endormoonstore.com\/star-wars-galactic-snackin-grogu\/","name":"Star Wars Galactic Snackin\u2019 Grogu - EndormoonStore","isPartOf":{"@id":"https:\/\/endormoonstore.com\/#website"},"primaryImageOfPage":{"@id":"https:\/\/endormoonstore.com\/star-wars-galactic-snackin-grogu\/#primaryimage"},"image":{"@id":"https:\/\/endormoonstore.com\/star-wars-galactic-snackin-grogu\/#primaryimage"},"thumbnailUrl":"https:\/\/endormoonstore.com\/wp-content\/uploads\/2021\/04\/Star-Wars-Galactic-Snackin-Grogu-1.jpg","datePublished":"2021-04-25T17:07:09+00:00","dateModified":"2021-10-07T13:45:12+00:00","breadcrumb":{"@id":"https:\/\/endormoonstore.com\/star-wars-galactic-snackin-grogu\/#breadcrumb"},"inLanguage":"en-US","potentialAction":[{"@type":"ReadAction","target":["https:\/\/endormoonstore.com\/star-wars-galactic-snackin-grogu\/"]}]},{"@type":"ImageObject","inLanguage":"en-US","@id":"https:\/\/endormoonstore.com\/star-wars-galactic-snackin-grogu\/#primaryimage","url":"https:\/\/endormoonstore.com\/wp-content\/uploads\/2021\/04\/Star-Wars-Galactic-Snackin-Grogu-1.jpg","contentUrl":"https:\/\/endormoonstore.com\/wp-content\/uploads\/2021\/04\/Star-Wars-Galactic-Snackin-Grogu-1.jpg","width":1000,"height":1000},{"@type":"BreadcrumbList","@id":"https:\/\/endormoonstore.com\/star-wars-galactic-snackin-grogu\/#breadcrumb","itemListElement":[{"@type":"ListItem","position":1,"name":"Shop","item":"https:\/\/endormoonstore.com\/en\/shop\/"},{"@type":"ListItem","position":2,"name":"Star Wars Galactic Snackin\u2019 Grogu"}]},{"@type":"WebSite","@id":"https:\/\/endormoonstore.com\/#website","url":"https:\/\/endormoonstore.com\/","name":"EndormoonStore","description":"","potentialAction":[{"@type":"SearchAction","target":{"@type":"EntryPoint","urlTemplate":"https:\/\/endormoonstore.com\/?s={search_term_string}"},"query-input":{"@type":"PropertyValueSpecification","valueRequired":true,"valueName":"search_term_string"}}],"inLanguage":"en-US"}]}},"taxonomy_info":{"product_cat":[{"value":1390,"label":"Figures"}],"pa_brand":[{"value":2084,"label":"Hasbro"}],"pa_character":[{"value":2192,"label":"The Child"}],"pa_episode":[{"value":1993,"label":"The Mandalorian"}],"pa_license":[{"value":1644,"label":"Star Wars"}],"pa_product-type":[{"value":2387,"label":"Figure"}],"pa_theme":[{"value":1981,"label":"Doll"}]},"featured_image_src_large":["https:\/\/endormoonstore.com\/wp-content\/uploads\/2021\/04\/Star-Wars-Galactic-Snackin-Grogu-1.jpg",1000,1000,false],"author_info":[],"comment_info":"","_links":{"self":[{"href":"https:\/\/endormoonstore.com\/en\/wp-json\/wp\/v2\/product\/103036","targetHints":{"allow":["GET"]}}],"collection":[{"href":"https:\/\/endormoonstore.com\/en\/wp-json\/wp\/v2\/product"}],"about":[{"href":"https:\/\/endormoonstore.com\/en\/wp-json\/wp\/v2\/types\/product"}],"wp:featuredmedia":[{"embeddable":true,"href":"https:\/\/endormoonstore.com\/en\/wp-json\/wp\/v2\/media\/103019"}],"wp:attachment":[{"href":"https:\/\/endormoonstore.com\/en\/wp-json\/wp\/v2\/media?parent=103036"}],"wp:term":[{"taxonomy":"product_cat","embeddable":true,"href":"https:\/\/endormoonstore.com\/en\/wp-json\/wp\/v2\/product_cat?post=103036"},{"taxonomy":"product_tag","embeddable":true,"href":"https:\/\/endormoonstore.com\/en\/wp-json\/wp\/v2\/product_tag?post=103036"}],"curies":[{"name":"wp","href":"https:\/\/api.w.org\/{rel}","templated":true}]}}