{"id":102159,"date":"2021-04-20T22:09:52","date_gmt":"2021-04-20T20:09:52","guid":{"rendered":"https:\/\/endormoonstore.com\/teela-classic-masters-of-the-universe-revelation\/"},"modified":"2021-10-30T20:10:40","modified_gmt":"2021-10-30T18:10:40","slug":"teela-classic-masters-of-the-universe-revelation","status":"publish","type":"product","link":"https:\/\/endormoonstore.com\/en\/teela-classic-masters-of-the-universe-revelation\/","title":{"rendered":"Teela Classic Masters of The Universe Revelation"},"content":{"rendered":"<p><strong>Teela Classic Masters of The Universe Revelation Figura 18 cm<\/strong><\/p>\n<ul>\n<li>Mattel presenta la nueva colecci\u00f3n Masterverse para la nueva serie de Netflix Masters of the Universe Revelation, una serie de 10 episodios, 2 temporadas.<\/li>\n<li>En esta ocasi\u00f3n se trata de la figura de Teela.<\/li>\n<li>Est\u00e1 hecha en PVC y mide unos 18 cm y cuenta con m\u00e1s de 30 puntos de articulaci\u00f3n y m\u00faltiples accesorios.<\/li>\n<\/ul>\n<p>&nbsp;<\/p>\n","protected":false},"excerpt":{"rendered":"<p><strong>Teela Classic Masters of The Universe Revelation Figura 18 cm<\/strong><\/p>\n<p>Mattel presenta la nueva colecci\u00f3n Masterverse para la nueva serie de Netflix Masters of the Universe Revelation, una serie de 10 episodios, 2 temporadas.<\/p>\n","protected":false},"featured_media":117358,"template":"","meta":{"_acf_changed":false,"_kad_blocks_custom_css":"","_kad_blocks_head_custom_js":"","_kad_blocks_body_custom_js":"","_kad_blocks_footer_custom_js":""},"product_cat":[1390],"product_tag":[],"class_list":{"0":"post-102159","1":"product","2":"type-product","3":"status-publish","4":"has-post-thumbnail","6":"product_cat-figures","7":"pa_brand-mattel-en","8":"pa_character-teela-en","9":"pa_license-masters-of-the-universe-en","10":"pa_product-type-figure","11":"pa_theme-masterverse-en","13":"first","14":"instock","15":"taxable","16":"shipping-taxable","17":"purchasable","18":"product-type-simple"},"acf":[],"yoast_head":"<!-- This site is optimized with the Yoast SEO plugin v26.1.1 - https:\/\/yoast.com\/wordpress\/plugins\/seo\/ -->\n<title>Teela Classic Masters of The Universe Revelation - EndormoonStore<\/title>\n<meta name=\"robots\" content=\"index, follow, max-snippet:-1, max-image-preview:large, max-video-preview:-1\" \/>\n<link rel=\"canonical\" href=\"https:\/\/endormoonstore.com\/en\/teela-classic-masters-of-the-universe-revelation\/\" \/>\n<meta property=\"og:locale\" content=\"en_US\" \/>\n<meta property=\"og:type\" content=\"article\" \/>\n<meta property=\"og:title\" content=\"Teela Classic Masters of The Universe Revelation - EndormoonStore\" \/>\n<meta property=\"og:description\" content=\"Teela Classic Masters of The Universe Revelation Figura 18 cm  Mattel presenta la nueva colecci\u00f3n Masterverse para la nueva serie de Netflix Masters of the Universe Revelation, una serie de 10 episodios, 2 temporadas.\" \/>\n<meta property=\"og:url\" content=\"https:\/\/endormoonstore.com\/en\/teela-classic-masters-of-the-universe-revelation\/\" \/>\n<meta property=\"og:site_name\" content=\"EndormoonStore\" \/>\n<meta property=\"article:modified_time\" content=\"2021-10-30T18:10:40+00:00\" \/>\n<meta property=\"og:image\" content=\"https:\/\/endormoonstore.com\/wp-content\/uploads\/2021\/04\/Teela-Classic-Masters-of-The-Universe-Revelation-1.jpeg\" \/>\n\t<meta property=\"og:image:width\" content=\"1500\" \/>\n\t<meta property=\"og:image:height\" content=\"1500\" \/>\n\t<meta property=\"og:image:type\" content=\"image\/jpeg\" \/>\n<meta name=\"twitter:card\" content=\"summary_large_image\" \/>\n<meta name=\"twitter:label1\" content=\"Est. reading time\" \/>\n\t<meta name=\"twitter:data1\" content=\"1 minute\" \/>\n<script type=\"application\/ld+json\" class=\"yoast-schema-graph\">{\"@context\":\"https:\/\/schema.org\",\"@graph\":[{\"@type\":\"WebPage\",\"@id\":\"https:\/\/endormoonstore.com\/en\/teela-classic-masters-of-the-universe-revelation\/\",\"url\":\"https:\/\/endormoonstore.com\/en\/teela-classic-masters-of-the-universe-revelation\/\",\"name\":\"Teela Classic Masters of The Universe Revelation - EndormoonStore\",\"isPartOf\":{\"@id\":\"https:\/\/endormoonstore.com\/#website\"},\"primaryImageOfPage\":{\"@id\":\"https:\/\/endormoonstore.com\/en\/teela-classic-masters-of-the-universe-revelation\/#primaryimage\"},\"image\":{\"@id\":\"https:\/\/endormoonstore.com\/en\/teela-classic-masters-of-the-universe-revelation\/#primaryimage\"},\"thumbnailUrl\":\"https:\/\/endormoonstore.com\/wp-content\/uploads\/2021\/04\/Teela-Classic-Masters-of-The-Universe-Revelation-1.jpeg\",\"datePublished\":\"2021-04-20T20:09:52+00:00\",\"dateModified\":\"2021-10-30T18:10:40+00:00\",\"breadcrumb\":{\"@id\":\"https:\/\/endormoonstore.com\/en\/teela-classic-masters-of-the-universe-revelation\/#breadcrumb\"},\"inLanguage\":\"en-US\",\"potentialAction\":[{\"@type\":\"ReadAction\",\"target\":[\"https:\/\/endormoonstore.com\/en\/teela-classic-masters-of-the-universe-revelation\/\"]}]},{\"@type\":\"ImageObject\",\"inLanguage\":\"en-US\",\"@id\":\"https:\/\/endormoonstore.com\/en\/teela-classic-masters-of-the-universe-revelation\/#primaryimage\",\"url\":\"https:\/\/endormoonstore.com\/wp-content\/uploads\/2021\/04\/Teela-Classic-Masters-of-The-Universe-Revelation-1.jpeg\",\"contentUrl\":\"https:\/\/endormoonstore.com\/wp-content\/uploads\/2021\/04\/Teela-Classic-Masters-of-The-Universe-Revelation-1.jpeg\",\"width\":1500,\"height\":1500},{\"@type\":\"BreadcrumbList\",\"@id\":\"https:\/\/endormoonstore.com\/en\/teela-classic-masters-of-the-universe-revelation\/#breadcrumb\",\"itemListElement\":[{\"@type\":\"ListItem\",\"position\":1,\"name\":\"Shop\",\"item\":\"https:\/\/endormoonstore.com\/en\/shop\/\"},{\"@type\":\"ListItem\",\"position\":2,\"name\":\"Teela Classic Masters of The Universe Revelation\"}]},{\"@type\":\"WebSite\",\"@id\":\"https:\/\/endormoonstore.com\/#website\",\"url\":\"https:\/\/endormoonstore.com\/\",\"name\":\"EndormoonStore\",\"description\":\"\",\"potentialAction\":[{\"@type\":\"SearchAction\",\"target\":{\"@type\":\"EntryPoint\",\"urlTemplate\":\"https:\/\/endormoonstore.com\/?s={search_term_string}\"},\"query-input\":{\"@type\":\"PropertyValueSpecification\",\"valueRequired\":true,\"valueName\":\"search_term_string\"}}],\"inLanguage\":\"en-US\"}]}<\/script>\n<!-- \/ Yoast SEO plugin. -->","yoast_head_json":{"title":"Teela Classic Masters of The Universe Revelation - EndormoonStore","robots":{"index":"index","follow":"follow","max-snippet":"max-snippet:-1","max-image-preview":"max-image-preview:large","max-video-preview":"max-video-preview:-1"},"canonical":"https:\/\/endormoonstore.com\/en\/teela-classic-masters-of-the-universe-revelation\/","og_locale":"en_US","og_type":"article","og_title":"Teela Classic Masters of The Universe Revelation - EndormoonStore","og_description":"Teela Classic Masters of The Universe Revelation Figura 18 cm  Mattel presenta la nueva colecci\u00f3n Masterverse para la nueva serie de Netflix Masters of the Universe Revelation, una serie de 10 episodios, 2 temporadas.","og_url":"https:\/\/endormoonstore.com\/en\/teela-classic-masters-of-the-universe-revelation\/","og_site_name":"EndormoonStore","article_modified_time":"2021-10-30T18:10:40+00:00","og_image":[{"width":1500,"height":1500,"url":"https:\/\/endormoonstore.com\/wp-content\/uploads\/2021\/04\/Teela-Classic-Masters-of-The-Universe-Revelation-1.jpeg","type":"image\/jpeg"}],"twitter_card":"summary_large_image","twitter_misc":{"Est. reading time":"1 minute"},"schema":{"@context":"https:\/\/schema.org","@graph":[{"@type":"WebPage","@id":"https:\/\/endormoonstore.com\/en\/teela-classic-masters-of-the-universe-revelation\/","url":"https:\/\/endormoonstore.com\/en\/teela-classic-masters-of-the-universe-revelation\/","name":"Teela Classic Masters of The Universe Revelation - EndormoonStore","isPartOf":{"@id":"https:\/\/endormoonstore.com\/#website"},"primaryImageOfPage":{"@id":"https:\/\/endormoonstore.com\/en\/teela-classic-masters-of-the-universe-revelation\/#primaryimage"},"image":{"@id":"https:\/\/endormoonstore.com\/en\/teela-classic-masters-of-the-universe-revelation\/#primaryimage"},"thumbnailUrl":"https:\/\/endormoonstore.com\/wp-content\/uploads\/2021\/04\/Teela-Classic-Masters-of-The-Universe-Revelation-1.jpeg","datePublished":"2021-04-20T20:09:52+00:00","dateModified":"2021-10-30T18:10:40+00:00","breadcrumb":{"@id":"https:\/\/endormoonstore.com\/en\/teela-classic-masters-of-the-universe-revelation\/#breadcrumb"},"inLanguage":"en-US","potentialAction":[{"@type":"ReadAction","target":["https:\/\/endormoonstore.com\/en\/teela-classic-masters-of-the-universe-revelation\/"]}]},{"@type":"ImageObject","inLanguage":"en-US","@id":"https:\/\/endormoonstore.com\/en\/teela-classic-masters-of-the-universe-revelation\/#primaryimage","url":"https:\/\/endormoonstore.com\/wp-content\/uploads\/2021\/04\/Teela-Classic-Masters-of-The-Universe-Revelation-1.jpeg","contentUrl":"https:\/\/endormoonstore.com\/wp-content\/uploads\/2021\/04\/Teela-Classic-Masters-of-The-Universe-Revelation-1.jpeg","width":1500,"height":1500},{"@type":"BreadcrumbList","@id":"https:\/\/endormoonstore.com\/en\/teela-classic-masters-of-the-universe-revelation\/#breadcrumb","itemListElement":[{"@type":"ListItem","position":1,"name":"Shop","item":"https:\/\/endormoonstore.com\/en\/shop\/"},{"@type":"ListItem","position":2,"name":"Teela Classic Masters of The Universe Revelation"}]},{"@type":"WebSite","@id":"https:\/\/endormoonstore.com\/#website","url":"https:\/\/endormoonstore.com\/","name":"EndormoonStore","description":"","potentialAction":[{"@type":"SearchAction","target":{"@type":"EntryPoint","urlTemplate":"https:\/\/endormoonstore.com\/?s={search_term_string}"},"query-input":{"@type":"PropertyValueSpecification","valueRequired":true,"valueName":"search_term_string"}}],"inLanguage":"en-US"}]}},"taxonomy_info":{"product_cat":[{"value":1390,"label":"Figures"}],"pa_brand":[{"value":2087,"label":"Mattel"}],"pa_character":[{"value":5039,"label":"Teela"}],"pa_license":[{"value":1963,"label":"Masters of the Universe"}],"pa_product-type":[{"value":2387,"label":"Figure"}],"pa_theme":[{"value":6861,"label":"Masterverse"}]},"featured_image_src_large":["https:\/\/endormoonstore.com\/wp-content\/uploads\/2021\/04\/Teela-Classic-Masters-of-The-Universe-Revelation-1.jpeg",1500,1500,false],"author_info":[],"comment_info":"","_links":{"self":[{"href":"https:\/\/endormoonstore.com\/en\/wp-json\/wp\/v2\/product\/102159","targetHints":{"allow":["GET"]}}],"collection":[{"href":"https:\/\/endormoonstore.com\/en\/wp-json\/wp\/v2\/product"}],"about":[{"href":"https:\/\/endormoonstore.com\/en\/wp-json\/wp\/v2\/types\/product"}],"wp:featuredmedia":[{"embeddable":true,"href":"https:\/\/endormoonstore.com\/en\/wp-json\/wp\/v2\/media\/117358"}],"wp:attachment":[{"href":"https:\/\/endormoonstore.com\/en\/wp-json\/wp\/v2\/media?parent=102159"}],"wp:term":[{"taxonomy":"product_cat","embeddable":true,"href":"https:\/\/endormoonstore.com\/en\/wp-json\/wp\/v2\/product_cat?post=102159"},{"taxonomy":"product_tag","embeddable":true,"href":"https:\/\/endormoonstore.com\/en\/wp-json\/wp\/v2\/product_tag?post=102159"}],"curies":[{"name":"wp","href":"https:\/\/api.w.org\/{rel}","templated":true}]}}