{"id":100969,"date":"2021-04-03T00:15:15","date_gmt":"2021-04-02T22:15:15","guid":{"rendered":"https:\/\/endormoonstore.com\/transformers-r-e-d-robot-enhanced-design-transformers-prime-arcee\/"},"modified":"2021-04-03T00:22:52","modified_gmt":"2021-04-02T22:22:52","slug":"transformers-r-e-d-robot-enhanced-design-transformers-prime-arcee","status":"publish","type":"product","link":"https:\/\/endormoonstore.com\/en\/transformers-r-e-d-robot-enhanced-design-transformers-prime-arcee\/","title":{"rendered":"Transformers R.E.D. [Robot Enhanced Design] Transformers Prime Arcee"},"content":{"rendered":"<p><strong>Transformers R.E.D. [Robot Enhanced Design] Transformers Prime Arcee Figure 15 cm<\/strong><\/p>\n<ul class=\"ul1\">\n<li class=\"li1\">Mejora tu colecci\u00f3n de Transformers con las figuras de Transformers RED [Robot Enhanced Design].<\/li>\n<li class=\"li1\">Estas figuras de escala de 6 pulgadas est\u00e1n inspiradas en personajes ic\u00f3nicos de Transformers de todo el universo Transformers.<\/li>\n<li class=\"li1\">Las figuras RED est\u00e1n dise\u00f1adas para brindarles a los coleccionistas las versiones m\u00e1s precisas de pantalla de sus personajes favoritos para exhibir en sus estantes.<\/li>\n<li class=\"li1\">El soldado Autobot, Arcee, de la serie animada Transformers: Prime presenta 26 puntos de articulaci\u00f3n. Incluye 2 bl\u00e1steres de iones, 2 juegos de manos alternativas, 2 accesorios de hojas de antebrazo con efectos de barra y un accesorio de cristal oscuro de Energon. La pieza del pecho se puede quitar para revelar el detalle de la figura debajo inspirado en lo que ser\u00eda el funcionamiento interno de un robot Transformers.\n<p class=\"p2\">\n<\/li>\n<\/ul>\n<p class=\"p1\">\n","protected":false},"excerpt":{"rendered":"<p><strong>Transformers R.E.D. [Robot Enhanced Design] Transformers Prime Arcee Figure 15 cm<\/strong><\/p>\n<p>Mejora tu colecci\u00f3n de Transformers con las figuras de Transformers RED [Robot Enhanced Design].<\/p>\n","protected":false},"featured_media":100952,"template":"","meta":{"_acf_changed":false,"_kad_blocks_custom_css":"","_kad_blocks_head_custom_js":"","_kad_blocks_body_custom_js":"","_kad_blocks_footer_custom_js":""},"product_cat":[1390],"product_tag":[],"class_list":{"0":"post-100969","1":"product","2":"type-product","3":"status-publish","4":"has-post-thumbnail","6":"product_cat-figures","7":"pa_brand-hasbro-en","8":"pa_character-arcee-en","9":"pa_license-transformers-en","10":"pa_product-type-figure","11":"pa_theme-robot-enhanced-design-en","13":"first","14":"outofstock","15":"taxable","16":"shipping-taxable","17":"purchasable","18":"product-type-simple"},"acf":[],"yoast_head":"<!-- This site is optimized with the Yoast SEO plugin v26.1.1 - https:\/\/yoast.com\/wordpress\/plugins\/seo\/ -->\n<title>Transformers R.E.D. [Robot Enhanced Design] Transformers Prime Arcee - EndormoonStore<\/title>\n<meta name=\"robots\" content=\"index, follow, max-snippet:-1, max-image-preview:large, max-video-preview:-1\" \/>\n<link rel=\"canonical\" href=\"https:\/\/endormoonstore.com\/transformers-r-e-d-robot-enhanced-design-transformers-prime-arcee\/\" \/>\n<meta property=\"og:locale\" content=\"en_US\" \/>\n<meta property=\"og:type\" content=\"article\" \/>\n<meta property=\"og:title\" content=\"Transformers R.E.D. [Robot Enhanced Design] Transformers Prime Arcee - EndormoonStore\" \/>\n<meta property=\"og:description\" content=\"Transformers R.E.D. [Robot Enhanced Design] Transformers Prime Arcee Figure 15 cm  Mejora tu colecci\u00f3n de Transformers con las figuras de Transformers RED [Robot Enhanced Design].\" \/>\n<meta property=\"og:url\" content=\"https:\/\/endormoonstore.com\/transformers-r-e-d-robot-enhanced-design-transformers-prime-arcee\/\" \/>\n<meta property=\"og:site_name\" content=\"EndormoonStore\" \/>\n<meta property=\"article:modified_time\" content=\"2021-04-02T22:22:52+00:00\" \/>\n<meta property=\"og:image\" content=\"https:\/\/endormoonstore.com\/wp-content\/uploads\/2021\/04\/Transformers-R.E.D.-Robot-Enhanced-Design-Transformers-Prime-Arcee-1.jpg\" \/>\n\t<meta property=\"og:image:width\" content=\"1000\" \/>\n\t<meta property=\"og:image:height\" content=\"1000\" \/>\n\t<meta property=\"og:image:type\" content=\"image\/jpeg\" \/>\n<meta name=\"twitter:card\" content=\"summary_large_image\" \/>\n<meta name=\"twitter:label1\" content=\"Est. reading time\" \/>\n\t<meta name=\"twitter:data1\" content=\"1 minute\" \/>\n<script type=\"application\/ld+json\" class=\"yoast-schema-graph\">{\"@context\":\"https:\/\/schema.org\",\"@graph\":[{\"@type\":\"WebPage\",\"@id\":\"https:\/\/endormoonstore.com\/transformers-r-e-d-robot-enhanced-design-transformers-prime-arcee\/\",\"url\":\"https:\/\/endormoonstore.com\/transformers-r-e-d-robot-enhanced-design-transformers-prime-arcee\/\",\"name\":\"Transformers R.E.D. [Robot Enhanced Design] Transformers Prime Arcee - EndormoonStore\",\"isPartOf\":{\"@id\":\"https:\/\/endormoonstore.com\/#website\"},\"primaryImageOfPage\":{\"@id\":\"https:\/\/endormoonstore.com\/transformers-r-e-d-robot-enhanced-design-transformers-prime-arcee\/#primaryimage\"},\"image\":{\"@id\":\"https:\/\/endormoonstore.com\/transformers-r-e-d-robot-enhanced-design-transformers-prime-arcee\/#primaryimage\"},\"thumbnailUrl\":\"https:\/\/endormoonstore.com\/wp-content\/uploads\/2021\/04\/Transformers-R.E.D.-Robot-Enhanced-Design-Transformers-Prime-Arcee-1.jpg\",\"datePublished\":\"2021-04-02T22:15:15+00:00\",\"dateModified\":\"2021-04-02T22:22:52+00:00\",\"breadcrumb\":{\"@id\":\"https:\/\/endormoonstore.com\/transformers-r-e-d-robot-enhanced-design-transformers-prime-arcee\/#breadcrumb\"},\"inLanguage\":\"en-US\",\"potentialAction\":[{\"@type\":\"ReadAction\",\"target\":[\"https:\/\/endormoonstore.com\/transformers-r-e-d-robot-enhanced-design-transformers-prime-arcee\/\"]}]},{\"@type\":\"ImageObject\",\"inLanguage\":\"en-US\",\"@id\":\"https:\/\/endormoonstore.com\/transformers-r-e-d-robot-enhanced-design-transformers-prime-arcee\/#primaryimage\",\"url\":\"https:\/\/endormoonstore.com\/wp-content\/uploads\/2021\/04\/Transformers-R.E.D.-Robot-Enhanced-Design-Transformers-Prime-Arcee-1.jpg\",\"contentUrl\":\"https:\/\/endormoonstore.com\/wp-content\/uploads\/2021\/04\/Transformers-R.E.D.-Robot-Enhanced-Design-Transformers-Prime-Arcee-1.jpg\",\"width\":1000,\"height\":1000},{\"@type\":\"BreadcrumbList\",\"@id\":\"https:\/\/endormoonstore.com\/transformers-r-e-d-robot-enhanced-design-transformers-prime-arcee\/#breadcrumb\",\"itemListElement\":[{\"@type\":\"ListItem\",\"position\":1,\"name\":\"Shop\",\"item\":\"https:\/\/endormoonstore.com\/en\/shop\/\"},{\"@type\":\"ListItem\",\"position\":2,\"name\":\"Transformers R.E.D. [Robot Enhanced Design] Transformers Prime Arcee\"}]},{\"@type\":\"WebSite\",\"@id\":\"https:\/\/endormoonstore.com\/#website\",\"url\":\"https:\/\/endormoonstore.com\/\",\"name\":\"EndormoonStore\",\"description\":\"\",\"potentialAction\":[{\"@type\":\"SearchAction\",\"target\":{\"@type\":\"EntryPoint\",\"urlTemplate\":\"https:\/\/endormoonstore.com\/?s={search_term_string}\"},\"query-input\":{\"@type\":\"PropertyValueSpecification\",\"valueRequired\":true,\"valueName\":\"search_term_string\"}}],\"inLanguage\":\"en-US\"}]}<\/script>\n<!-- \/ Yoast SEO plugin. -->","yoast_head_json":{"title":"Transformers R.E.D. [Robot Enhanced Design] Transformers Prime Arcee - EndormoonStore","robots":{"index":"index","follow":"follow","max-snippet":"max-snippet:-1","max-image-preview":"max-image-preview:large","max-video-preview":"max-video-preview:-1"},"canonical":"https:\/\/endormoonstore.com\/transformers-r-e-d-robot-enhanced-design-transformers-prime-arcee\/","og_locale":"en_US","og_type":"article","og_title":"Transformers R.E.D. [Robot Enhanced Design] Transformers Prime Arcee - EndormoonStore","og_description":"Transformers R.E.D. [Robot Enhanced Design] Transformers Prime Arcee Figure 15 cm  Mejora tu colecci\u00f3n de Transformers con las figuras de Transformers RED [Robot Enhanced Design].","og_url":"https:\/\/endormoonstore.com\/transformers-r-e-d-robot-enhanced-design-transformers-prime-arcee\/","og_site_name":"EndormoonStore","article_modified_time":"2021-04-02T22:22:52+00:00","og_image":[{"width":1000,"height":1000,"url":"https:\/\/endormoonstore.com\/wp-content\/uploads\/2021\/04\/Transformers-R.E.D.-Robot-Enhanced-Design-Transformers-Prime-Arcee-1.jpg","type":"image\/jpeg"}],"twitter_card":"summary_large_image","twitter_misc":{"Est. reading time":"1 minute"},"schema":{"@context":"https:\/\/schema.org","@graph":[{"@type":"WebPage","@id":"https:\/\/endormoonstore.com\/transformers-r-e-d-robot-enhanced-design-transformers-prime-arcee\/","url":"https:\/\/endormoonstore.com\/transformers-r-e-d-robot-enhanced-design-transformers-prime-arcee\/","name":"Transformers R.E.D. [Robot Enhanced Design] Transformers Prime Arcee - EndormoonStore","isPartOf":{"@id":"https:\/\/endormoonstore.com\/#website"},"primaryImageOfPage":{"@id":"https:\/\/endormoonstore.com\/transformers-r-e-d-robot-enhanced-design-transformers-prime-arcee\/#primaryimage"},"image":{"@id":"https:\/\/endormoonstore.com\/transformers-r-e-d-robot-enhanced-design-transformers-prime-arcee\/#primaryimage"},"thumbnailUrl":"https:\/\/endormoonstore.com\/wp-content\/uploads\/2021\/04\/Transformers-R.E.D.-Robot-Enhanced-Design-Transformers-Prime-Arcee-1.jpg","datePublished":"2021-04-02T22:15:15+00:00","dateModified":"2021-04-02T22:22:52+00:00","breadcrumb":{"@id":"https:\/\/endormoonstore.com\/transformers-r-e-d-robot-enhanced-design-transformers-prime-arcee\/#breadcrumb"},"inLanguage":"en-US","potentialAction":[{"@type":"ReadAction","target":["https:\/\/endormoonstore.com\/transformers-r-e-d-robot-enhanced-design-transformers-prime-arcee\/"]}]},{"@type":"ImageObject","inLanguage":"en-US","@id":"https:\/\/endormoonstore.com\/transformers-r-e-d-robot-enhanced-design-transformers-prime-arcee\/#primaryimage","url":"https:\/\/endormoonstore.com\/wp-content\/uploads\/2021\/04\/Transformers-R.E.D.-Robot-Enhanced-Design-Transformers-Prime-Arcee-1.jpg","contentUrl":"https:\/\/endormoonstore.com\/wp-content\/uploads\/2021\/04\/Transformers-R.E.D.-Robot-Enhanced-Design-Transformers-Prime-Arcee-1.jpg","width":1000,"height":1000},{"@type":"BreadcrumbList","@id":"https:\/\/endormoonstore.com\/transformers-r-e-d-robot-enhanced-design-transformers-prime-arcee\/#breadcrumb","itemListElement":[{"@type":"ListItem","position":1,"name":"Shop","item":"https:\/\/endormoonstore.com\/en\/shop\/"},{"@type":"ListItem","position":2,"name":"Transformers R.E.D. [Robot Enhanced Design] Transformers Prime Arcee"}]},{"@type":"WebSite","@id":"https:\/\/endormoonstore.com\/#website","url":"https:\/\/endormoonstore.com\/","name":"EndormoonStore","description":"","potentialAction":[{"@type":"SearchAction","target":{"@type":"EntryPoint","urlTemplate":"https:\/\/endormoonstore.com\/?s={search_term_string}"},"query-input":{"@type":"PropertyValueSpecification","valueRequired":true,"valueName":"search_term_string"}}],"inLanguage":"en-US"}]}},"taxonomy_info":{"product_cat":[{"value":1390,"label":"Figures"}],"pa_brand":[{"value":2084,"label":"Hasbro"}],"pa_character":[{"value":5390,"label":"Arcee"}],"pa_license":[{"value":1873,"label":"Transformers"}],"pa_product-type":[{"value":2387,"label":"Figure"}],"pa_theme":[{"value":5384,"label":"Robot Enhanced Design"}]},"featured_image_src_large":["https:\/\/endormoonstore.com\/wp-content\/uploads\/2021\/04\/Transformers-R.E.D.-Robot-Enhanced-Design-Transformers-Prime-Arcee-1.jpg",1000,1000,false],"author_info":[],"comment_info":"","_links":{"self":[{"href":"https:\/\/endormoonstore.com\/en\/wp-json\/wp\/v2\/product\/100969","targetHints":{"allow":["GET"]}}],"collection":[{"href":"https:\/\/endormoonstore.com\/en\/wp-json\/wp\/v2\/product"}],"about":[{"href":"https:\/\/endormoonstore.com\/en\/wp-json\/wp\/v2\/types\/product"}],"wp:featuredmedia":[{"embeddable":true,"href":"https:\/\/endormoonstore.com\/en\/wp-json\/wp\/v2\/media\/100952"}],"wp:attachment":[{"href":"https:\/\/endormoonstore.com\/en\/wp-json\/wp\/v2\/media?parent=100969"}],"wp:term":[{"taxonomy":"product_cat","embeddable":true,"href":"https:\/\/endormoonstore.com\/en\/wp-json\/wp\/v2\/product_cat?post=100969"},{"taxonomy":"product_tag","embeddable":true,"href":"https:\/\/endormoonstore.com\/en\/wp-json\/wp\/v2\/product_tag?post=100969"}],"curies":[{"name":"wp","href":"https:\/\/api.w.org\/{rel}","templated":true}]}}