{"id":100870,"date":"2021-04-01T22:53:53","date_gmt":"2021-04-01T20:53:53","guid":{"rendered":"https:\/\/endormoonstore.com\/tamiya-german-tank-panzerkampfwagen-iv-ausf-f-ref-35374\/"},"modified":"2021-04-01T23:01:31","modified_gmt":"2021-04-01T21:01:31","slug":"tamiya-german-tank-panzerkampfwagen-iv-ausf-f-ref-35374","status":"publish","type":"product","link":"https:\/\/endormoonstore.com\/en\/tamiya-german-tank-panzerkampfwagen-iv-ausf-f-ref-35374\/","title":{"rendered":"Tamiya German Tank Panzerkampfwagen IV Ausf.F Ref 35374"},"content":{"rendered":"<p><strong>Tamiya German Tank Panzerkampfwagen IV Ausf.F Ref 35374 Escala 1:35<\/strong><\/p>\n<ul>\n<li><span style=\"font-size: medium;\">El \u00faltimo de los Pz.Kpfw.IV de ca\u00f1\u00f3n corto.<\/span><\/li>\n<li>En servicio durante la Segunda Guerra Mundial, el Pz.Kpfw.IV fue un servidor duradero del ej\u00e9rcito alem\u00e1n;\u00a0su Ausf.F fue la \u00faltima variante en utilizar un ca\u00f1\u00f3n corto: el L \/ 24 7.5cm KwK37, y tambi\u00e9n estaba equipado con orugas m\u00e1s anchas para hacer frente a los crecientes espesores de blindaje.<\/li>\n<li>\u00a0Se fabricaron 470 Ausf.F Pz.Kpfw.IV entre mayo de 1941 y febrero de 1942, principalmente en acci\u00f3n en el frente oriental y en el norte de \u00c1frica y enfrentando blindados enemigos como los tanques KV sovi\u00e9ticos y el Matilda brit\u00e1nico.<\/li>\n<\/ul>\n<p>&nbsp;<\/p>\n<p>&nbsp;<\/p>\n","protected":false},"excerpt":{"rendered":"<p><strong>Tamiya German Tank Panzerkampfwagen IV Ausf.F Ref 35374 Escala 1:35<\/strong><\/p>\n<p><span style=\"font-size: medium;\">El \u00faltimo de los Pz.Kpfw.IV de ca\u00f1\u00f3n corto.<\/span><\/p>\n","protected":false},"featured_media":100853,"template":"","meta":{"_acf_changed":false,"_kad_blocks_custom_css":"","_kad_blocks_head_custom_js":"","_kad_blocks_body_custom_js":"","_kad_blocks_footer_custom_js":""},"product_cat":[1388],"product_tag":[],"class_list":{"0":"post-100870","1":"product","2":"type-product","3":"status-publish","4":"has-post-thumbnail","6":"product_cat-modelism","7":"pa_brand-tamiya-en","8":"pa_theme-tanks","10":"first","11":"outofstock","12":"taxable","13":"shipping-taxable","14":"purchasable","15":"product-type-simple"},"acf":[],"yoast_head":"<!-- This site is optimized with the Yoast SEO plugin v26.1.1 - https:\/\/yoast.com\/wordpress\/plugins\/seo\/ -->\n<title>Tamiya German Tank Panzerkampfwagen IV Ausf.F Ref 35374 - EndormoonStore<\/title>\n<meta name=\"robots\" content=\"index, follow, max-snippet:-1, max-image-preview:large, max-video-preview:-1\" \/>\n<link rel=\"canonical\" href=\"https:\/\/endormoonstore.com\/en\/tamiya-german-tank-panzerkampfwagen-iv-ausf-f-ref-35374\/\" \/>\n<meta property=\"og:locale\" content=\"en_US\" \/>\n<meta property=\"og:type\" content=\"article\" \/>\n<meta property=\"og:title\" content=\"Tamiya German Tank Panzerkampfwagen IV Ausf.F Ref 35374 - EndormoonStore\" \/>\n<meta property=\"og:description\" content=\"Tamiya German Tank Panzerkampfwagen IV Ausf.F Ref 35374 Escala 1:35  El \u00faltimo de los Pz.Kpfw.IV de ca\u00f1\u00f3n corto.\" \/>\n<meta property=\"og:url\" content=\"https:\/\/endormoonstore.com\/en\/tamiya-german-tank-panzerkampfwagen-iv-ausf-f-ref-35374\/\" \/>\n<meta property=\"og:site_name\" content=\"EndormoonStore\" \/>\n<meta property=\"article:modified_time\" content=\"2021-04-01T21:01:31+00:00\" \/>\n<meta property=\"og:image\" content=\"https:\/\/endormoonstore.com\/wp-content\/uploads\/2021\/04\/Tamiya-German-Tank-Panzerkampfwagen-IV-Ausf.F-sd.Kfz_.161-1.jpeg\" \/>\n\t<meta property=\"og:image:width\" content=\"1000\" \/>\n\t<meta property=\"og:image:height\" content=\"750\" \/>\n\t<meta property=\"og:image:type\" content=\"image\/jpeg\" \/>\n<meta name=\"twitter:card\" content=\"summary_large_image\" \/>\n<meta name=\"twitter:label1\" content=\"Est. reading time\" \/>\n\t<meta name=\"twitter:data1\" content=\"1 minute\" \/>\n<script type=\"application\/ld+json\" class=\"yoast-schema-graph\">{\"@context\":\"https:\/\/schema.org\",\"@graph\":[{\"@type\":\"WebPage\",\"@id\":\"https:\/\/endormoonstore.com\/en\/tamiya-german-tank-panzerkampfwagen-iv-ausf-f-ref-35374\/\",\"url\":\"https:\/\/endormoonstore.com\/en\/tamiya-german-tank-panzerkampfwagen-iv-ausf-f-ref-35374\/\",\"name\":\"Tamiya German Tank Panzerkampfwagen IV Ausf.F Ref 35374 - EndormoonStore\",\"isPartOf\":{\"@id\":\"https:\/\/endormoonstore.com\/#website\"},\"primaryImageOfPage\":{\"@id\":\"https:\/\/endormoonstore.com\/en\/tamiya-german-tank-panzerkampfwagen-iv-ausf-f-ref-35374\/#primaryimage\"},\"image\":{\"@id\":\"https:\/\/endormoonstore.com\/en\/tamiya-german-tank-panzerkampfwagen-iv-ausf-f-ref-35374\/#primaryimage\"},\"thumbnailUrl\":\"https:\/\/endormoonstore.com\/wp-content\/uploads\/2021\/04\/Tamiya-German-Tank-Panzerkampfwagen-IV-Ausf.F-sd.Kfz_.161-1.jpeg\",\"datePublished\":\"2021-04-01T20:53:53+00:00\",\"dateModified\":\"2021-04-01T21:01:31+00:00\",\"breadcrumb\":{\"@id\":\"https:\/\/endormoonstore.com\/en\/tamiya-german-tank-panzerkampfwagen-iv-ausf-f-ref-35374\/#breadcrumb\"},\"inLanguage\":\"en-US\",\"potentialAction\":[{\"@type\":\"ReadAction\",\"target\":[\"https:\/\/endormoonstore.com\/en\/tamiya-german-tank-panzerkampfwagen-iv-ausf-f-ref-35374\/\"]}]},{\"@type\":\"ImageObject\",\"inLanguage\":\"en-US\",\"@id\":\"https:\/\/endormoonstore.com\/en\/tamiya-german-tank-panzerkampfwagen-iv-ausf-f-ref-35374\/#primaryimage\",\"url\":\"https:\/\/endormoonstore.com\/wp-content\/uploads\/2021\/04\/Tamiya-German-Tank-Panzerkampfwagen-IV-Ausf.F-sd.Kfz_.161-1.jpeg\",\"contentUrl\":\"https:\/\/endormoonstore.com\/wp-content\/uploads\/2021\/04\/Tamiya-German-Tank-Panzerkampfwagen-IV-Ausf.F-sd.Kfz_.161-1.jpeg\",\"width\":1000,\"height\":750},{\"@type\":\"BreadcrumbList\",\"@id\":\"https:\/\/endormoonstore.com\/en\/tamiya-german-tank-panzerkampfwagen-iv-ausf-f-ref-35374\/#breadcrumb\",\"itemListElement\":[{\"@type\":\"ListItem\",\"position\":1,\"name\":\"Shop\",\"item\":\"https:\/\/endormoonstore.com\/en\/shop\/\"},{\"@type\":\"ListItem\",\"position\":2,\"name\":\"Tamiya German Tank Panzerkampfwagen IV Ausf.F Ref 35374\"}]},{\"@type\":\"WebSite\",\"@id\":\"https:\/\/endormoonstore.com\/#website\",\"url\":\"https:\/\/endormoonstore.com\/\",\"name\":\"EndormoonStore\",\"description\":\"\",\"potentialAction\":[{\"@type\":\"SearchAction\",\"target\":{\"@type\":\"EntryPoint\",\"urlTemplate\":\"https:\/\/endormoonstore.com\/?s={search_term_string}\"},\"query-input\":{\"@type\":\"PropertyValueSpecification\",\"valueRequired\":true,\"valueName\":\"search_term_string\"}}],\"inLanguage\":\"en-US\"}]}<\/script>\n<!-- \/ Yoast SEO plugin. -->","yoast_head_json":{"title":"Tamiya German Tank Panzerkampfwagen IV Ausf.F Ref 35374 - EndormoonStore","robots":{"index":"index","follow":"follow","max-snippet":"max-snippet:-1","max-image-preview":"max-image-preview:large","max-video-preview":"max-video-preview:-1"},"canonical":"https:\/\/endormoonstore.com\/en\/tamiya-german-tank-panzerkampfwagen-iv-ausf-f-ref-35374\/","og_locale":"en_US","og_type":"article","og_title":"Tamiya German Tank Panzerkampfwagen IV Ausf.F Ref 35374 - EndormoonStore","og_description":"Tamiya German Tank Panzerkampfwagen IV Ausf.F Ref 35374 Escala 1:35  El \u00faltimo de los Pz.Kpfw.IV de ca\u00f1\u00f3n corto.","og_url":"https:\/\/endormoonstore.com\/en\/tamiya-german-tank-panzerkampfwagen-iv-ausf-f-ref-35374\/","og_site_name":"EndormoonStore","article_modified_time":"2021-04-01T21:01:31+00:00","og_image":[{"width":1000,"height":750,"url":"https:\/\/endormoonstore.com\/wp-content\/uploads\/2021\/04\/Tamiya-German-Tank-Panzerkampfwagen-IV-Ausf.F-sd.Kfz_.161-1.jpeg","type":"image\/jpeg"}],"twitter_card":"summary_large_image","twitter_misc":{"Est. reading time":"1 minute"},"schema":{"@context":"https:\/\/schema.org","@graph":[{"@type":"WebPage","@id":"https:\/\/endormoonstore.com\/en\/tamiya-german-tank-panzerkampfwagen-iv-ausf-f-ref-35374\/","url":"https:\/\/endormoonstore.com\/en\/tamiya-german-tank-panzerkampfwagen-iv-ausf-f-ref-35374\/","name":"Tamiya German Tank Panzerkampfwagen IV Ausf.F Ref 35374 - EndormoonStore","isPartOf":{"@id":"https:\/\/endormoonstore.com\/#website"},"primaryImageOfPage":{"@id":"https:\/\/endormoonstore.com\/en\/tamiya-german-tank-panzerkampfwagen-iv-ausf-f-ref-35374\/#primaryimage"},"image":{"@id":"https:\/\/endormoonstore.com\/en\/tamiya-german-tank-panzerkampfwagen-iv-ausf-f-ref-35374\/#primaryimage"},"thumbnailUrl":"https:\/\/endormoonstore.com\/wp-content\/uploads\/2021\/04\/Tamiya-German-Tank-Panzerkampfwagen-IV-Ausf.F-sd.Kfz_.161-1.jpeg","datePublished":"2021-04-01T20:53:53+00:00","dateModified":"2021-04-01T21:01:31+00:00","breadcrumb":{"@id":"https:\/\/endormoonstore.com\/en\/tamiya-german-tank-panzerkampfwagen-iv-ausf-f-ref-35374\/#breadcrumb"},"inLanguage":"en-US","potentialAction":[{"@type":"ReadAction","target":["https:\/\/endormoonstore.com\/en\/tamiya-german-tank-panzerkampfwagen-iv-ausf-f-ref-35374\/"]}]},{"@type":"ImageObject","inLanguage":"en-US","@id":"https:\/\/endormoonstore.com\/en\/tamiya-german-tank-panzerkampfwagen-iv-ausf-f-ref-35374\/#primaryimage","url":"https:\/\/endormoonstore.com\/wp-content\/uploads\/2021\/04\/Tamiya-German-Tank-Panzerkampfwagen-IV-Ausf.F-sd.Kfz_.161-1.jpeg","contentUrl":"https:\/\/endormoonstore.com\/wp-content\/uploads\/2021\/04\/Tamiya-German-Tank-Panzerkampfwagen-IV-Ausf.F-sd.Kfz_.161-1.jpeg","width":1000,"height":750},{"@type":"BreadcrumbList","@id":"https:\/\/endormoonstore.com\/en\/tamiya-german-tank-panzerkampfwagen-iv-ausf-f-ref-35374\/#breadcrumb","itemListElement":[{"@type":"ListItem","position":1,"name":"Shop","item":"https:\/\/endormoonstore.com\/en\/shop\/"},{"@type":"ListItem","position":2,"name":"Tamiya German Tank Panzerkampfwagen IV Ausf.F Ref 35374"}]},{"@type":"WebSite","@id":"https:\/\/endormoonstore.com\/#website","url":"https:\/\/endormoonstore.com\/","name":"EndormoonStore","description":"","potentialAction":[{"@type":"SearchAction","target":{"@type":"EntryPoint","urlTemplate":"https:\/\/endormoonstore.com\/?s={search_term_string}"},"query-input":{"@type":"PropertyValueSpecification","valueRequired":true,"valueName":"search_term_string"}}],"inLanguage":"en-US"}]}},"taxonomy_info":{"product_cat":[{"value":1388,"label":"Modelism"}],"pa_brand":[{"value":1761,"label":"Tamiya"}],"pa_theme":[{"value":2156,"label":"Tanks"}]},"featured_image_src_large":["https:\/\/endormoonstore.com\/wp-content\/uploads\/2021\/04\/Tamiya-German-Tank-Panzerkampfwagen-IV-Ausf.F-sd.Kfz_.161-1.jpeg",1000,750,false],"author_info":[],"comment_info":"","_links":{"self":[{"href":"https:\/\/endormoonstore.com\/en\/wp-json\/wp\/v2\/product\/100870","targetHints":{"allow":["GET"]}}],"collection":[{"href":"https:\/\/endormoonstore.com\/en\/wp-json\/wp\/v2\/product"}],"about":[{"href":"https:\/\/endormoonstore.com\/en\/wp-json\/wp\/v2\/types\/product"}],"wp:featuredmedia":[{"embeddable":true,"href":"https:\/\/endormoonstore.com\/en\/wp-json\/wp\/v2\/media\/100853"}],"wp:attachment":[{"href":"https:\/\/endormoonstore.com\/en\/wp-json\/wp\/v2\/media?parent=100870"}],"wp:term":[{"taxonomy":"product_cat","embeddable":true,"href":"https:\/\/endormoonstore.com\/en\/wp-json\/wp\/v2\/product_cat?post=100870"},{"taxonomy":"product_tag","embeddable":true,"href":"https:\/\/endormoonstore.com\/en\/wp-json\/wp\/v2\/product_tag?post=100870"}],"curies":[{"name":"wp","href":"https:\/\/api.w.org\/{rel}","templated":true}]}}