{"id":100628,"date":"2021-03-24T21:58:49","date_gmt":"2021-03-24T20:58:49","guid":{"rendered":"https:\/\/endormoonstore.com\/transformers-generations-war-for-cybertron-titan-wfc-s29-omega-supreme-action-figure\/"},"modified":"2021-03-24T22:29:40","modified_gmt":"2021-03-24T21:29:40","slug":"transformers-generations-war-for-cybertron-titan-wfc-s29-omega-supreme-action-figure","status":"publish","type":"product","link":"https:\/\/endormoonstore.com\/en\/transformers-generations-war-for-cybertron-titan-wfc-s29-omega-supreme-action-figure\/","title":{"rendered":"Transformers Generations War for Cybertron Titan WFC-S29 Omega Supreme Action Figure"},"content":{"rendered":"<p><strong>Transformers Generations War for Cybertron Titan WFC-S29 Omega Supreme Action Figure 61 cm<\/strong><\/p>\n<ul>\n<li>Hasbro presenta dentro de la colecci\u00f3n War For Cybertron Siege Titan la figura del colosal Autobot Omega Supreme, la \u00faltima l\u00ednea de defensa de los Autobots.<\/li>\n<li>Esta figura mide unos 61 cm de alto en su forma robot y est\u00e1 basado en el dise\u00f1o de la G1, completamente a escala de otras figuras de la colecci\u00f3n Siege.<\/li>\n<li>Se convierte en modo Autobot Conmmand Center en 37 pasos y est\u00e1 compuesto de un tanque, un cohete, una torre de control y un per\u00edmetro de defensa.<\/li>\n<li>Incluye adem\u00e1s un Micromaster que cabe dentro de todos estos veh\u00edculos y puede viajar a lo largo del complejo.<\/li>\n<li>Tambi\u00e9n viene con 6 efectos de explosiones para simular situaciones de batalla.<\/li>\n<\/ul>\n<p>&nbsp;<\/p>\n","protected":false},"excerpt":{"rendered":"<p><strong>Transformers Generations War for Cybertron Titan WFC-S29 Omega Supreme Action Figure 61 cm<\/strong><\/p>\n<p>Hasbro presenta dentro de la colecci\u00f3n War For Cybertron Siege Titan la figura del colosal Autobot Omega Supreme, la \u00faltima l\u00ednea de defensa de los Autobots.<\/p>\n","protected":false},"featured_media":100607,"template":"","meta":{"_acf_changed":false,"_kad_blocks_custom_css":"","_kad_blocks_head_custom_js":"","_kad_blocks_body_custom_js":"","_kad_blocks_footer_custom_js":""},"product_cat":[1390],"product_tag":[],"class_list":{"0":"post-100628","1":"product","2":"type-product","3":"status-publish","4":"has-post-thumbnail","6":"product_cat-figures","7":"pa_brand-hasbro-en","8":"pa_character-omega-supreme-en","9":"pa_license-transformers-en","10":"pa_product-type-figure","11":"pa_theme-war-for-cybertron-en","13":"first","14":"outofstock","15":"taxable","16":"shipping-taxable","17":"purchasable","18":"product-type-simple"},"acf":[],"yoast_head":"<!-- This site is optimized with the Yoast SEO plugin v26.1.1 - https:\/\/yoast.com\/wordpress\/plugins\/seo\/ -->\n<title>Transformers Generations War for Cybertron Titan WFC-S29 Omega Supreme Action Figure - EndormoonStore<\/title>\n<meta name=\"robots\" content=\"index, follow, max-snippet:-1, max-image-preview:large, max-video-preview:-1\" \/>\n<link rel=\"canonical\" href=\"https:\/\/endormoonstore.com\/transformers-generations-war-for-cybertron-titan-wfc-s29-omega-supreme-action-figure\/\" \/>\n<meta property=\"og:locale\" content=\"en_US\" \/>\n<meta property=\"og:type\" content=\"article\" \/>\n<meta property=\"og:title\" content=\"Transformers Generations War for Cybertron Titan WFC-S29 Omega Supreme Action Figure - EndormoonStore\" \/>\n<meta property=\"og:description\" content=\"Transformers Generations War for Cybertron Titan WFC-S29 Omega Supreme Action Figure 61 cm  Hasbro presenta dentro de la colecci\u00f3n War For Cybertron Siege Titan la figura del colosal Autobot Omega Supreme, la \u00faltima l\u00ednea de defensa de los Autobots.\" \/>\n<meta property=\"og:url\" content=\"https:\/\/endormoonstore.com\/transformers-generations-war-for-cybertron-titan-wfc-s29-omega-supreme-action-figure\/\" \/>\n<meta property=\"og:site_name\" content=\"EndormoonStore\" \/>\n<meta property=\"article:modified_time\" content=\"2021-03-24T21:29:40+00:00\" \/>\n<meta property=\"og:image\" content=\"https:\/\/endormoonstore.com\/wp-content\/uploads\/2021\/03\/8142ho0wkaL._AC_SL1500_.jpg\" \/>\n\t<meta property=\"og:image:width\" content=\"1375\" \/>\n\t<meta property=\"og:image:height\" content=\"1500\" \/>\n\t<meta property=\"og:image:type\" content=\"image\/jpeg\" \/>\n<meta name=\"twitter:card\" content=\"summary_large_image\" \/>\n<meta name=\"twitter:label1\" content=\"Est. reading time\" \/>\n\t<meta name=\"twitter:data1\" content=\"1 minute\" \/>\n<script type=\"application\/ld+json\" class=\"yoast-schema-graph\">{\"@context\":\"https:\/\/schema.org\",\"@graph\":[{\"@type\":\"WebPage\",\"@id\":\"https:\/\/endormoonstore.com\/transformers-generations-war-for-cybertron-titan-wfc-s29-omega-supreme-action-figure\/\",\"url\":\"https:\/\/endormoonstore.com\/transformers-generations-war-for-cybertron-titan-wfc-s29-omega-supreme-action-figure\/\",\"name\":\"Transformers Generations War for Cybertron Titan WFC-S29 Omega Supreme Action Figure - EndormoonStore\",\"isPartOf\":{\"@id\":\"https:\/\/endormoonstore.com\/#website\"},\"primaryImageOfPage\":{\"@id\":\"https:\/\/endormoonstore.com\/transformers-generations-war-for-cybertron-titan-wfc-s29-omega-supreme-action-figure\/#primaryimage\"},\"image\":{\"@id\":\"https:\/\/endormoonstore.com\/transformers-generations-war-for-cybertron-titan-wfc-s29-omega-supreme-action-figure\/#primaryimage\"},\"thumbnailUrl\":\"https:\/\/endormoonstore.com\/wp-content\/uploads\/2021\/03\/8142ho0wkaL._AC_SL1500_.jpg\",\"datePublished\":\"2021-03-24T20:58:49+00:00\",\"dateModified\":\"2021-03-24T21:29:40+00:00\",\"breadcrumb\":{\"@id\":\"https:\/\/endormoonstore.com\/transformers-generations-war-for-cybertron-titan-wfc-s29-omega-supreme-action-figure\/#breadcrumb\"},\"inLanguage\":\"en-US\",\"potentialAction\":[{\"@type\":\"ReadAction\",\"target\":[\"https:\/\/endormoonstore.com\/transformers-generations-war-for-cybertron-titan-wfc-s29-omega-supreme-action-figure\/\"]}]},{\"@type\":\"ImageObject\",\"inLanguage\":\"en-US\",\"@id\":\"https:\/\/endormoonstore.com\/transformers-generations-war-for-cybertron-titan-wfc-s29-omega-supreme-action-figure\/#primaryimage\",\"url\":\"https:\/\/endormoonstore.com\/wp-content\/uploads\/2021\/03\/8142ho0wkaL._AC_SL1500_.jpg\",\"contentUrl\":\"https:\/\/endormoonstore.com\/wp-content\/uploads\/2021\/03\/8142ho0wkaL._AC_SL1500_.jpg\",\"width\":1375,\"height\":1500},{\"@type\":\"BreadcrumbList\",\"@id\":\"https:\/\/endormoonstore.com\/transformers-generations-war-for-cybertron-titan-wfc-s29-omega-supreme-action-figure\/#breadcrumb\",\"itemListElement\":[{\"@type\":\"ListItem\",\"position\":1,\"name\":\"Shop\",\"item\":\"https:\/\/endormoonstore.com\/en\/shop\/\"},{\"@type\":\"ListItem\",\"position\":2,\"name\":\"Transformers Generations War for Cybertron Titan WFC-S29 Omega Supreme Action Figure\"}]},{\"@type\":\"WebSite\",\"@id\":\"https:\/\/endormoonstore.com\/#website\",\"url\":\"https:\/\/endormoonstore.com\/\",\"name\":\"EndormoonStore\",\"description\":\"\",\"potentialAction\":[{\"@type\":\"SearchAction\",\"target\":{\"@type\":\"EntryPoint\",\"urlTemplate\":\"https:\/\/endormoonstore.com\/?s={search_term_string}\"},\"query-input\":{\"@type\":\"PropertyValueSpecification\",\"valueRequired\":true,\"valueName\":\"search_term_string\"}}],\"inLanguage\":\"en-US\"}]}<\/script>\n<!-- \/ Yoast SEO plugin. -->","yoast_head_json":{"title":"Transformers Generations War for Cybertron Titan WFC-S29 Omega Supreme Action Figure - EndormoonStore","robots":{"index":"index","follow":"follow","max-snippet":"max-snippet:-1","max-image-preview":"max-image-preview:large","max-video-preview":"max-video-preview:-1"},"canonical":"https:\/\/endormoonstore.com\/transformers-generations-war-for-cybertron-titan-wfc-s29-omega-supreme-action-figure\/","og_locale":"en_US","og_type":"article","og_title":"Transformers Generations War for Cybertron Titan WFC-S29 Omega Supreme Action Figure - EndormoonStore","og_description":"Transformers Generations War for Cybertron Titan WFC-S29 Omega Supreme Action Figure 61 cm  Hasbro presenta dentro de la colecci\u00f3n War For Cybertron Siege Titan la figura del colosal Autobot Omega Supreme, la \u00faltima l\u00ednea de defensa de los Autobots.","og_url":"https:\/\/endormoonstore.com\/transformers-generations-war-for-cybertron-titan-wfc-s29-omega-supreme-action-figure\/","og_site_name":"EndormoonStore","article_modified_time":"2021-03-24T21:29:40+00:00","og_image":[{"width":1375,"height":1500,"url":"https:\/\/endormoonstore.com\/wp-content\/uploads\/2021\/03\/8142ho0wkaL._AC_SL1500_.jpg","type":"image\/jpeg"}],"twitter_card":"summary_large_image","twitter_misc":{"Est. reading time":"1 minute"},"schema":{"@context":"https:\/\/schema.org","@graph":[{"@type":"WebPage","@id":"https:\/\/endormoonstore.com\/transformers-generations-war-for-cybertron-titan-wfc-s29-omega-supreme-action-figure\/","url":"https:\/\/endormoonstore.com\/transformers-generations-war-for-cybertron-titan-wfc-s29-omega-supreme-action-figure\/","name":"Transformers Generations War for Cybertron Titan WFC-S29 Omega Supreme Action Figure - EndormoonStore","isPartOf":{"@id":"https:\/\/endormoonstore.com\/#website"},"primaryImageOfPage":{"@id":"https:\/\/endormoonstore.com\/transformers-generations-war-for-cybertron-titan-wfc-s29-omega-supreme-action-figure\/#primaryimage"},"image":{"@id":"https:\/\/endormoonstore.com\/transformers-generations-war-for-cybertron-titan-wfc-s29-omega-supreme-action-figure\/#primaryimage"},"thumbnailUrl":"https:\/\/endormoonstore.com\/wp-content\/uploads\/2021\/03\/8142ho0wkaL._AC_SL1500_.jpg","datePublished":"2021-03-24T20:58:49+00:00","dateModified":"2021-03-24T21:29:40+00:00","breadcrumb":{"@id":"https:\/\/endormoonstore.com\/transformers-generations-war-for-cybertron-titan-wfc-s29-omega-supreme-action-figure\/#breadcrumb"},"inLanguage":"en-US","potentialAction":[{"@type":"ReadAction","target":["https:\/\/endormoonstore.com\/transformers-generations-war-for-cybertron-titan-wfc-s29-omega-supreme-action-figure\/"]}]},{"@type":"ImageObject","inLanguage":"en-US","@id":"https:\/\/endormoonstore.com\/transformers-generations-war-for-cybertron-titan-wfc-s29-omega-supreme-action-figure\/#primaryimage","url":"https:\/\/endormoonstore.com\/wp-content\/uploads\/2021\/03\/8142ho0wkaL._AC_SL1500_.jpg","contentUrl":"https:\/\/endormoonstore.com\/wp-content\/uploads\/2021\/03\/8142ho0wkaL._AC_SL1500_.jpg","width":1375,"height":1500},{"@type":"BreadcrumbList","@id":"https:\/\/endormoonstore.com\/transformers-generations-war-for-cybertron-titan-wfc-s29-omega-supreme-action-figure\/#breadcrumb","itemListElement":[{"@type":"ListItem","position":1,"name":"Shop","item":"https:\/\/endormoonstore.com\/en\/shop\/"},{"@type":"ListItem","position":2,"name":"Transformers Generations War for Cybertron Titan WFC-S29 Omega Supreme Action Figure"}]},{"@type":"WebSite","@id":"https:\/\/endormoonstore.com\/#website","url":"https:\/\/endormoonstore.com\/","name":"EndormoonStore","description":"","potentialAction":[{"@type":"SearchAction","target":{"@type":"EntryPoint","urlTemplate":"https:\/\/endormoonstore.com\/?s={search_term_string}"},"query-input":{"@type":"PropertyValueSpecification","valueRequired":true,"valueName":"search_term_string"}}],"inLanguage":"en-US"}]}},"taxonomy_info":{"product_cat":[{"value":1390,"label":"Figures"}],"pa_brand":[{"value":2084,"label":"Hasbro"}],"pa_character":[{"value":4736,"label":"Omega Supreme"}],"pa_license":[{"value":1873,"label":"Transformers"}],"pa_product-type":[{"value":2387,"label":"Figure"}],"pa_theme":[{"value":3140,"label":"War for Cybertron"}]},"featured_image_src_large":["https:\/\/endormoonstore.com\/wp-content\/uploads\/2021\/03\/8142ho0wkaL._AC_SL1500_-939x1024.jpg",939,1024,true],"author_info":[],"comment_info":"","_links":{"self":[{"href":"https:\/\/endormoonstore.com\/en\/wp-json\/wp\/v2\/product\/100628","targetHints":{"allow":["GET"]}}],"collection":[{"href":"https:\/\/endormoonstore.com\/en\/wp-json\/wp\/v2\/product"}],"about":[{"href":"https:\/\/endormoonstore.com\/en\/wp-json\/wp\/v2\/types\/product"}],"wp:featuredmedia":[{"embeddable":true,"href":"https:\/\/endormoonstore.com\/en\/wp-json\/wp\/v2\/media\/100607"}],"wp:attachment":[{"href":"https:\/\/endormoonstore.com\/en\/wp-json\/wp\/v2\/media?parent=100628"}],"wp:term":[{"taxonomy":"product_cat","embeddable":true,"href":"https:\/\/endormoonstore.com\/en\/wp-json\/wp\/v2\/product_cat?post=100628"},{"taxonomy":"product_tag","embeddable":true,"href":"https:\/\/endormoonstore.com\/en\/wp-json\/wp\/v2\/product_tag?post=100628"}],"curies":[{"name":"wp","href":"https:\/\/api.w.org\/{rel}","templated":true}]}}