{"id":100596,"date":"2021-03-24T11:59:11","date_gmt":"2021-03-24T10:59:11","guid":{"rendered":"https:\/\/endormoonstore.com\/star-wars-the-black-series-first-order-stormtrooper-electronic-helmet\/"},"modified":"2021-07-02T22:25:13","modified_gmt":"2021-07-02T20:25:13","slug":"star-wars-the-black-series-first-order-stormtrooper-electronic-helmet","status":"publish","type":"product","link":"https:\/\/endormoonstore.com\/en\/star-wars-the-black-series-first-order-stormtrooper-electronic-helmet\/","title":{"rendered":"Star Wars The Black Series First Order Stormtrooper Electronic Helmet"},"content":{"rendered":"<p><strong>Star Wars The Black Series First Order Stormtrooper Electronic Helmet Escala 1:1<\/strong><\/p>\n<ul>\n<li>Hasbro presenta dentro de su colecci\u00f3n Black Series la r\u00e9plica del casco de un Stormtrooper, de la First Order.<\/li>\n<li>Los miembros de esta nueva generaci\u00f3n de Stormtroopers son entrenados desde su nacimiento y llevan por identificaci\u00f3n su n\u00famero de unidad.<\/li>\n<li>Reciben continuamente la propaganda de la Primera Orden para asegurar su lealtad absoluta.<\/li>\n<li>Se trata de una r\u00e9plica electr\u00f3nica escala 1:1 que permite cambiar tu voz.<\/li>\n<li>Est\u00e1 acolchado en su interior, tama\u00f1o ajustable.<\/li>\n<li>Sin duda una pieza que cualquier fan de la saga estar\u00e1 deseando tener.<\/li>\n<\/ul>\n<p>&nbsp;<\/p>\n","protected":false},"excerpt":{"rendered":"<p><strong>Star Wars The Black Series First Order Stormtrooper Electronic Helmet Escala 1:1<\/strong><\/p>\n<p>Hasbro presenta dentro de su colecci\u00f3n Black Series la r\u00e9plica del casco de un Stormtrooper, de la First Order.<\/p>\n","protected":false},"featured_media":100583,"template":"","meta":{"_acf_changed":false,"_kad_blocks_custom_css":"","_kad_blocks_head_custom_js":"","_kad_blocks_body_custom_js":"","_kad_blocks_footer_custom_js":""},"product_cat":[1390],"product_tag":[],"class_list":{"0":"post-100596","1":"product","2":"type-product","3":"status-publish","4":"has-post-thumbnail","6":"product_cat-figures","7":"pa_brand-hasbro-en","8":"pa_character-first-order-stormtrooper-en","9":"pa_episode-star-wars-the-last-jedi","10":"pa_license-star-wars-en","11":"pa_product-type-helmets","12":"pa_theme-the-black-series-en","14":"first","15":"outofstock","16":"taxable","17":"shipping-taxable","18":"purchasable","19":"product-type-simple"},"acf":[],"yoast_head":"<!-- This site is optimized with the Yoast SEO plugin v26.1.1 - https:\/\/yoast.com\/wordpress\/plugins\/seo\/ -->\n<title>Star Wars The Black Series First Order Stormtrooper Electronic Helmet - EndormoonStore<\/title>\n<meta name=\"robots\" content=\"index, follow, max-snippet:-1, max-image-preview:large, max-video-preview:-1\" \/>\n<link rel=\"canonical\" href=\"https:\/\/endormoonstore.com\/en\/star-wars-the-black-series-first-order-stormtrooper-electronic-helmet\/\" \/>\n<meta property=\"og:locale\" content=\"en_US\" \/>\n<meta property=\"og:type\" content=\"article\" \/>\n<meta property=\"og:title\" content=\"Star Wars The Black Series First Order Stormtrooper Electronic Helmet - EndormoonStore\" \/>\n<meta property=\"og:description\" content=\"Star Wars The Black Series First Order Stormtrooper Electronic Helmet Escala 1:1  Hasbro presenta dentro de su colecci\u00f3n Black Series la r\u00e9plica del casco de un Stormtrooper, de la First Order.\" \/>\n<meta property=\"og:url\" content=\"https:\/\/endormoonstore.com\/en\/star-wars-the-black-series-first-order-stormtrooper-electronic-helmet\/\" \/>\n<meta property=\"og:site_name\" content=\"EndormoonStore\" \/>\n<meta property=\"article:modified_time\" content=\"2021-07-02T20:25:13+00:00\" \/>\n<meta property=\"og:image\" content=\"https:\/\/endormoonstore.com\/wp-content\/uploads\/2021\/03\/Star-Wars-The-Black-Series-First-Order-Stormtrooper-Electronic-Helmet-1.jpeg\" \/>\n\t<meta property=\"og:image:width\" content=\"1600\" \/>\n\t<meta property=\"og:image:height\" content=\"1600\" \/>\n\t<meta property=\"og:image:type\" content=\"image\/jpeg\" \/>\n<meta name=\"twitter:card\" content=\"summary_large_image\" \/>\n<meta name=\"twitter:label1\" content=\"Est. reading time\" \/>\n\t<meta name=\"twitter:data1\" content=\"1 minute\" \/>\n<script type=\"application\/ld+json\" class=\"yoast-schema-graph\">{\"@context\":\"https:\/\/schema.org\",\"@graph\":[{\"@type\":\"WebPage\",\"@id\":\"https:\/\/endormoonstore.com\/en\/star-wars-the-black-series-first-order-stormtrooper-electronic-helmet\/\",\"url\":\"https:\/\/endormoonstore.com\/en\/star-wars-the-black-series-first-order-stormtrooper-electronic-helmet\/\",\"name\":\"Star Wars The Black Series First Order Stormtrooper Electronic Helmet - EndormoonStore\",\"isPartOf\":{\"@id\":\"https:\/\/endormoonstore.com\/#website\"},\"primaryImageOfPage\":{\"@id\":\"https:\/\/endormoonstore.com\/en\/star-wars-the-black-series-first-order-stormtrooper-electronic-helmet\/#primaryimage\"},\"image\":{\"@id\":\"https:\/\/endormoonstore.com\/en\/star-wars-the-black-series-first-order-stormtrooper-electronic-helmet\/#primaryimage\"},\"thumbnailUrl\":\"https:\/\/endormoonstore.com\/wp-content\/uploads\/2021\/03\/Star-Wars-The-Black-Series-First-Order-Stormtrooper-Electronic-Helmet-1.jpeg\",\"datePublished\":\"2021-03-24T10:59:11+00:00\",\"dateModified\":\"2021-07-02T20:25:13+00:00\",\"breadcrumb\":{\"@id\":\"https:\/\/endormoonstore.com\/en\/star-wars-the-black-series-first-order-stormtrooper-electronic-helmet\/#breadcrumb\"},\"inLanguage\":\"en-US\",\"potentialAction\":[{\"@type\":\"ReadAction\",\"target\":[\"https:\/\/endormoonstore.com\/en\/star-wars-the-black-series-first-order-stormtrooper-electronic-helmet\/\"]}]},{\"@type\":\"ImageObject\",\"inLanguage\":\"en-US\",\"@id\":\"https:\/\/endormoonstore.com\/en\/star-wars-the-black-series-first-order-stormtrooper-electronic-helmet\/#primaryimage\",\"url\":\"https:\/\/endormoonstore.com\/wp-content\/uploads\/2021\/03\/Star-Wars-The-Black-Series-First-Order-Stormtrooper-Electronic-Helmet-1.jpeg\",\"contentUrl\":\"https:\/\/endormoonstore.com\/wp-content\/uploads\/2021\/03\/Star-Wars-The-Black-Series-First-Order-Stormtrooper-Electronic-Helmet-1.jpeg\",\"width\":1600,\"height\":1600},{\"@type\":\"BreadcrumbList\",\"@id\":\"https:\/\/endormoonstore.com\/en\/star-wars-the-black-series-first-order-stormtrooper-electronic-helmet\/#breadcrumb\",\"itemListElement\":[{\"@type\":\"ListItem\",\"position\":1,\"name\":\"Shop\",\"item\":\"https:\/\/endormoonstore.com\/en\/shop\/\"},{\"@type\":\"ListItem\",\"position\":2,\"name\":\"Star Wars The Black Series First Order Stormtrooper Electronic Helmet\"}]},{\"@type\":\"WebSite\",\"@id\":\"https:\/\/endormoonstore.com\/#website\",\"url\":\"https:\/\/endormoonstore.com\/\",\"name\":\"EndormoonStore\",\"description\":\"\",\"potentialAction\":[{\"@type\":\"SearchAction\",\"target\":{\"@type\":\"EntryPoint\",\"urlTemplate\":\"https:\/\/endormoonstore.com\/?s={search_term_string}\"},\"query-input\":{\"@type\":\"PropertyValueSpecification\",\"valueRequired\":true,\"valueName\":\"search_term_string\"}}],\"inLanguage\":\"en-US\"}]}<\/script>\n<!-- \/ Yoast SEO plugin. -->","yoast_head_json":{"title":"Star Wars The Black Series First Order Stormtrooper Electronic Helmet - EndormoonStore","robots":{"index":"index","follow":"follow","max-snippet":"max-snippet:-1","max-image-preview":"max-image-preview:large","max-video-preview":"max-video-preview:-1"},"canonical":"https:\/\/endormoonstore.com\/en\/star-wars-the-black-series-first-order-stormtrooper-electronic-helmet\/","og_locale":"en_US","og_type":"article","og_title":"Star Wars The Black Series First Order Stormtrooper Electronic Helmet - EndormoonStore","og_description":"Star Wars The Black Series First Order Stormtrooper Electronic Helmet Escala 1:1  Hasbro presenta dentro de su colecci\u00f3n Black Series la r\u00e9plica del casco de un Stormtrooper, de la First Order.","og_url":"https:\/\/endormoonstore.com\/en\/star-wars-the-black-series-first-order-stormtrooper-electronic-helmet\/","og_site_name":"EndormoonStore","article_modified_time":"2021-07-02T20:25:13+00:00","og_image":[{"width":1600,"height":1600,"url":"https:\/\/endormoonstore.com\/wp-content\/uploads\/2021\/03\/Star-Wars-The-Black-Series-First-Order-Stormtrooper-Electronic-Helmet-1.jpeg","type":"image\/jpeg"}],"twitter_card":"summary_large_image","twitter_misc":{"Est. reading time":"1 minute"},"schema":{"@context":"https:\/\/schema.org","@graph":[{"@type":"WebPage","@id":"https:\/\/endormoonstore.com\/en\/star-wars-the-black-series-first-order-stormtrooper-electronic-helmet\/","url":"https:\/\/endormoonstore.com\/en\/star-wars-the-black-series-first-order-stormtrooper-electronic-helmet\/","name":"Star Wars The Black Series First Order Stormtrooper Electronic Helmet - EndormoonStore","isPartOf":{"@id":"https:\/\/endormoonstore.com\/#website"},"primaryImageOfPage":{"@id":"https:\/\/endormoonstore.com\/en\/star-wars-the-black-series-first-order-stormtrooper-electronic-helmet\/#primaryimage"},"image":{"@id":"https:\/\/endormoonstore.com\/en\/star-wars-the-black-series-first-order-stormtrooper-electronic-helmet\/#primaryimage"},"thumbnailUrl":"https:\/\/endormoonstore.com\/wp-content\/uploads\/2021\/03\/Star-Wars-The-Black-Series-First-Order-Stormtrooper-Electronic-Helmet-1.jpeg","datePublished":"2021-03-24T10:59:11+00:00","dateModified":"2021-07-02T20:25:13+00:00","breadcrumb":{"@id":"https:\/\/endormoonstore.com\/en\/star-wars-the-black-series-first-order-stormtrooper-electronic-helmet\/#breadcrumb"},"inLanguage":"en-US","potentialAction":[{"@type":"ReadAction","target":["https:\/\/endormoonstore.com\/en\/star-wars-the-black-series-first-order-stormtrooper-electronic-helmet\/"]}]},{"@type":"ImageObject","inLanguage":"en-US","@id":"https:\/\/endormoonstore.com\/en\/star-wars-the-black-series-first-order-stormtrooper-electronic-helmet\/#primaryimage","url":"https:\/\/endormoonstore.com\/wp-content\/uploads\/2021\/03\/Star-Wars-The-Black-Series-First-Order-Stormtrooper-Electronic-Helmet-1.jpeg","contentUrl":"https:\/\/endormoonstore.com\/wp-content\/uploads\/2021\/03\/Star-Wars-The-Black-Series-First-Order-Stormtrooper-Electronic-Helmet-1.jpeg","width":1600,"height":1600},{"@type":"BreadcrumbList","@id":"https:\/\/endormoonstore.com\/en\/star-wars-the-black-series-first-order-stormtrooper-electronic-helmet\/#breadcrumb","itemListElement":[{"@type":"ListItem","position":1,"name":"Shop","item":"https:\/\/endormoonstore.com\/en\/shop\/"},{"@type":"ListItem","position":2,"name":"Star Wars The Black Series First Order Stormtrooper Electronic Helmet"}]},{"@type":"WebSite","@id":"https:\/\/endormoonstore.com\/#website","url":"https:\/\/endormoonstore.com\/","name":"EndormoonStore","description":"","potentialAction":[{"@type":"SearchAction","target":{"@type":"EntryPoint","urlTemplate":"https:\/\/endormoonstore.com\/?s={search_term_string}"},"query-input":{"@type":"PropertyValueSpecification","valueRequired":true,"valueName":"search_term_string"}}],"inLanguage":"en-US"}]}},"taxonomy_info":{"product_cat":[{"value":1390,"label":"Figures"}],"pa_brand":[{"value":2084,"label":"Hasbro"}],"pa_character":[{"value":4535,"label":"First Order Stormtrooper"}],"pa_episode":[{"value":4406,"label":"Star Wars: The Last Jedi"}],"pa_license":[{"value":1644,"label":"Star Wars"}],"pa_product-type":[{"value":2540,"label":"Helmets"}],"pa_theme":[{"value":2552,"label":"The Black Series"}]},"featured_image_src_large":["https:\/\/endormoonstore.com\/wp-content\/uploads\/2021\/03\/Star-Wars-The-Black-Series-First-Order-Stormtrooper-Electronic-Helmet-1-1024x1024.jpeg",1024,1024,true],"author_info":[],"comment_info":"","_links":{"self":[{"href":"https:\/\/endormoonstore.com\/en\/wp-json\/wp\/v2\/product\/100596","targetHints":{"allow":["GET"]}}],"collection":[{"href":"https:\/\/endormoonstore.com\/en\/wp-json\/wp\/v2\/product"}],"about":[{"href":"https:\/\/endormoonstore.com\/en\/wp-json\/wp\/v2\/types\/product"}],"wp:featuredmedia":[{"embeddable":true,"href":"https:\/\/endormoonstore.com\/en\/wp-json\/wp\/v2\/media\/100583"}],"wp:attachment":[{"href":"https:\/\/endormoonstore.com\/en\/wp-json\/wp\/v2\/media?parent=100596"}],"wp:term":[{"taxonomy":"product_cat","embeddable":true,"href":"https:\/\/endormoonstore.com\/en\/wp-json\/wp\/v2\/product_cat?post=100596"},{"taxonomy":"product_tag","embeddable":true,"href":"https:\/\/endormoonstore.com\/en\/wp-json\/wp\/v2\/product_tag?post=100596"}],"curies":[{"name":"wp","href":"https:\/\/api.w.org\/{rel}","templated":true}]}}