{"id":100484,"date":"2021-03-22T22:24:00","date_gmt":"2021-03-22T21:24:00","guid":{"rendered":"https:\/\/endormoonstore.com\/pegasus-seiya-final-bronze-cloth-saint-seiya-saint-cloth-myth-ex-copy\/"},"modified":"2022-06-23T10:46:47","modified_gmt":"2022-06-23T08:46:47","slug":"aries-mu-revival-saint-seiya-saint-cloth-myth-ex","status":"publish","type":"product","link":"https:\/\/endormoonstore.com\/en\/aries-mu-revival-saint-seiya-saint-cloth-myth-ex\/","title":{"rendered":"Aries Mu Revival Saint Seiya Saint Cloth Myth Ex"},"content":{"rendered":"<p><strong>Aries Mu Revival Saint Seiya Saint Cloth Myth Ex Figura 18 cm<\/strong><\/p>\n<ul>\n<li>Tamashii Nations dentro de la l\u00ednea Saint Cloth Myth EX nos ofrece la figura de Aries Mu, en su versi\u00f3n Revival de la serie Saint Seiya.<\/li>\n<li>Se trata de una figura de 18 cm completamente articulada y con su apariencia de comic o anime.<\/li>\n<li>La armadura se puede quitar y montar en modo Objeto.<\/li>\n<li>Incluye 3x expresiones faciales, 4x pares de manos intercambiables, flequillo de pelo opcional, 1x capa, herramientas para reparar armaduras.<\/li>\n<li>1 figura est\u00e1tica de su disc\u00edpulo Kiki y un fondo de la costelaci\u00f3n.<\/li>\n<\/ul>\n<p>&nbsp;<\/p>\n<p>&nbsp;<\/p>\n","protected":false},"excerpt":{"rendered":"<p><strong>Aries Mu Revival Saint Seiya Saint Cloth Myth Ex Figura 18 cm<\/strong><\/p>\n<p>Tamashii Nations dentro de la l\u00ednea Saint Cloth Myth EX nos ofrece la figura de Aries Mu, en su versi\u00f3n Revival de la serie Saint Seiya.<\/p>\n","protected":false},"featured_media":100461,"template":"","meta":{"_acf_changed":false,"_kad_blocks_custom_css":"","_kad_blocks_head_custom_js":"","_kad_blocks_body_custom_js":"","_kad_blocks_footer_custom_js":""},"product_cat":[13453,1390],"product_tag":[],"class_list":{"0":"post-100484","1":"product","2":"type-product","3":"status-publish","4":"has-post-thumbnail","6":"product_cat-featured","7":"product_cat-figures","8":"pa_brand-tamashii-nations-en","9":"pa_character-aries-mu-en","10":"pa_license-saint-seiya-en","11":"pa_product-type-figure","12":"pa_theme-saint-cloth-myth-ex-en","14":"first","15":"instock","16":"taxable","17":"shipping-taxable","18":"purchasable","19":"product-type-simple"},"acf":[],"yoast_head":"<!-- This site is optimized with the Yoast SEO plugin v26.1.1 - https:\/\/yoast.com\/wordpress\/plugins\/seo\/ -->\n<title>Aries Mu Revival Saint Seiya Saint Cloth Myth Ex - EndormoonStore<\/title>\n<meta name=\"robots\" content=\"index, follow, max-snippet:-1, max-image-preview:large, max-video-preview:-1\" \/>\n<link rel=\"canonical\" href=\"https:\/\/endormoonstore.com\/en\/aries-mu-revival-saint-seiya-saint-cloth-myth-ex\/\" \/>\n<meta property=\"og:locale\" content=\"en_US\" \/>\n<meta property=\"og:type\" content=\"article\" \/>\n<meta property=\"og:title\" content=\"Aries Mu Revival Saint Seiya Saint Cloth Myth Ex - EndormoonStore\" \/>\n<meta property=\"og:description\" content=\"Aries Mu Revival Saint Seiya Saint Cloth Myth Ex Figura 18 cm  Tamashii Nations dentro de la l\u00ednea Saint Cloth Myth EX nos ofrece la figura de Aries Mu, en su versi\u00f3n Revival de la serie Saint Seiya.\" \/>\n<meta property=\"og:url\" content=\"https:\/\/endormoonstore.com\/en\/aries-mu-revival-saint-seiya-saint-cloth-myth-ex\/\" \/>\n<meta property=\"og:site_name\" content=\"EndormoonStore\" \/>\n<meta property=\"article:modified_time\" content=\"2022-06-23T08:46:47+00:00\" \/>\n<meta property=\"og:image\" content=\"https:\/\/endormoonstore.com\/wp-content\/uploads\/2021\/03\/ARIES-MU-REVIVAL-FIGURA-18-CM-SAINT-SEIYA-SAINT-CLOTH-MYTH-EX-1.jpeg\" \/>\n\t<meta property=\"og:image:width\" content=\"967\" \/>\n\t<meta property=\"og:image:height\" content=\"1200\" \/>\n\t<meta property=\"og:image:type\" content=\"image\/jpeg\" \/>\n<meta name=\"twitter:card\" content=\"summary_large_image\" \/>\n<meta name=\"twitter:label1\" content=\"Est. reading time\" \/>\n\t<meta name=\"twitter:data1\" content=\"1 minute\" \/>\n<script type=\"application\/ld+json\" class=\"yoast-schema-graph\">{\"@context\":\"https:\/\/schema.org\",\"@graph\":[{\"@type\":\"WebPage\",\"@id\":\"https:\/\/endormoonstore.com\/en\/aries-mu-revival-saint-seiya-saint-cloth-myth-ex\/\",\"url\":\"https:\/\/endormoonstore.com\/en\/aries-mu-revival-saint-seiya-saint-cloth-myth-ex\/\",\"name\":\"Aries Mu Revival Saint Seiya Saint Cloth Myth Ex - EndormoonStore\",\"isPartOf\":{\"@id\":\"https:\/\/endormoonstore.com\/#website\"},\"primaryImageOfPage\":{\"@id\":\"https:\/\/endormoonstore.com\/en\/aries-mu-revival-saint-seiya-saint-cloth-myth-ex\/#primaryimage\"},\"image\":{\"@id\":\"https:\/\/endormoonstore.com\/en\/aries-mu-revival-saint-seiya-saint-cloth-myth-ex\/#primaryimage\"},\"thumbnailUrl\":\"https:\/\/endormoonstore.com\/wp-content\/uploads\/2021\/03\/ARIES-MU-REVIVAL-FIGURA-18-CM-SAINT-SEIYA-SAINT-CLOTH-MYTH-EX-1.jpeg\",\"datePublished\":\"2021-03-22T21:24:00+00:00\",\"dateModified\":\"2022-06-23T08:46:47+00:00\",\"breadcrumb\":{\"@id\":\"https:\/\/endormoonstore.com\/en\/aries-mu-revival-saint-seiya-saint-cloth-myth-ex\/#breadcrumb\"},\"inLanguage\":\"en-US\",\"potentialAction\":[{\"@type\":\"ReadAction\",\"target\":[\"https:\/\/endormoonstore.com\/en\/aries-mu-revival-saint-seiya-saint-cloth-myth-ex\/\"]}]},{\"@type\":\"ImageObject\",\"inLanguage\":\"en-US\",\"@id\":\"https:\/\/endormoonstore.com\/en\/aries-mu-revival-saint-seiya-saint-cloth-myth-ex\/#primaryimage\",\"url\":\"https:\/\/endormoonstore.com\/wp-content\/uploads\/2021\/03\/ARIES-MU-REVIVAL-FIGURA-18-CM-SAINT-SEIYA-SAINT-CLOTH-MYTH-EX-1.jpeg\",\"contentUrl\":\"https:\/\/endormoonstore.com\/wp-content\/uploads\/2021\/03\/ARIES-MU-REVIVAL-FIGURA-18-CM-SAINT-SEIYA-SAINT-CLOTH-MYTH-EX-1.jpeg\",\"width\":967,\"height\":1200},{\"@type\":\"BreadcrumbList\",\"@id\":\"https:\/\/endormoonstore.com\/en\/aries-mu-revival-saint-seiya-saint-cloth-myth-ex\/#breadcrumb\",\"itemListElement\":[{\"@type\":\"ListItem\",\"position\":1,\"name\":\"Shop\",\"item\":\"https:\/\/endormoonstore.com\/en\/shop\/\"},{\"@type\":\"ListItem\",\"position\":2,\"name\":\"Aries Mu Revival Saint Seiya Saint Cloth Myth Ex\"}]},{\"@type\":\"WebSite\",\"@id\":\"https:\/\/endormoonstore.com\/#website\",\"url\":\"https:\/\/endormoonstore.com\/\",\"name\":\"EndormoonStore\",\"description\":\"\",\"potentialAction\":[{\"@type\":\"SearchAction\",\"target\":{\"@type\":\"EntryPoint\",\"urlTemplate\":\"https:\/\/endormoonstore.com\/?s={search_term_string}\"},\"query-input\":{\"@type\":\"PropertyValueSpecification\",\"valueRequired\":true,\"valueName\":\"search_term_string\"}}],\"inLanguage\":\"en-US\"}]}<\/script>\n<!-- \/ Yoast SEO plugin. -->","yoast_head_json":{"title":"Aries Mu Revival Saint Seiya Saint Cloth Myth Ex - EndormoonStore","robots":{"index":"index","follow":"follow","max-snippet":"max-snippet:-1","max-image-preview":"max-image-preview:large","max-video-preview":"max-video-preview:-1"},"canonical":"https:\/\/endormoonstore.com\/en\/aries-mu-revival-saint-seiya-saint-cloth-myth-ex\/","og_locale":"en_US","og_type":"article","og_title":"Aries Mu Revival Saint Seiya Saint Cloth Myth Ex - EndormoonStore","og_description":"Aries Mu Revival Saint Seiya Saint Cloth Myth Ex Figura 18 cm  Tamashii Nations dentro de la l\u00ednea Saint Cloth Myth EX nos ofrece la figura de Aries Mu, en su versi\u00f3n Revival de la serie Saint Seiya.","og_url":"https:\/\/endormoonstore.com\/en\/aries-mu-revival-saint-seiya-saint-cloth-myth-ex\/","og_site_name":"EndormoonStore","article_modified_time":"2022-06-23T08:46:47+00:00","og_image":[{"width":967,"height":1200,"url":"https:\/\/endormoonstore.com\/wp-content\/uploads\/2021\/03\/ARIES-MU-REVIVAL-FIGURA-18-CM-SAINT-SEIYA-SAINT-CLOTH-MYTH-EX-1.jpeg","type":"image\/jpeg"}],"twitter_card":"summary_large_image","twitter_misc":{"Est. reading time":"1 minute"},"schema":{"@context":"https:\/\/schema.org","@graph":[{"@type":"WebPage","@id":"https:\/\/endormoonstore.com\/en\/aries-mu-revival-saint-seiya-saint-cloth-myth-ex\/","url":"https:\/\/endormoonstore.com\/en\/aries-mu-revival-saint-seiya-saint-cloth-myth-ex\/","name":"Aries Mu Revival Saint Seiya Saint Cloth Myth Ex - EndormoonStore","isPartOf":{"@id":"https:\/\/endormoonstore.com\/#website"},"primaryImageOfPage":{"@id":"https:\/\/endormoonstore.com\/en\/aries-mu-revival-saint-seiya-saint-cloth-myth-ex\/#primaryimage"},"image":{"@id":"https:\/\/endormoonstore.com\/en\/aries-mu-revival-saint-seiya-saint-cloth-myth-ex\/#primaryimage"},"thumbnailUrl":"https:\/\/endormoonstore.com\/wp-content\/uploads\/2021\/03\/ARIES-MU-REVIVAL-FIGURA-18-CM-SAINT-SEIYA-SAINT-CLOTH-MYTH-EX-1.jpeg","datePublished":"2021-03-22T21:24:00+00:00","dateModified":"2022-06-23T08:46:47+00:00","breadcrumb":{"@id":"https:\/\/endormoonstore.com\/en\/aries-mu-revival-saint-seiya-saint-cloth-myth-ex\/#breadcrumb"},"inLanguage":"en-US","potentialAction":[{"@type":"ReadAction","target":["https:\/\/endormoonstore.com\/en\/aries-mu-revival-saint-seiya-saint-cloth-myth-ex\/"]}]},{"@type":"ImageObject","inLanguage":"en-US","@id":"https:\/\/endormoonstore.com\/en\/aries-mu-revival-saint-seiya-saint-cloth-myth-ex\/#primaryimage","url":"https:\/\/endormoonstore.com\/wp-content\/uploads\/2021\/03\/ARIES-MU-REVIVAL-FIGURA-18-CM-SAINT-SEIYA-SAINT-CLOTH-MYTH-EX-1.jpeg","contentUrl":"https:\/\/endormoonstore.com\/wp-content\/uploads\/2021\/03\/ARIES-MU-REVIVAL-FIGURA-18-CM-SAINT-SEIYA-SAINT-CLOTH-MYTH-EX-1.jpeg","width":967,"height":1200},{"@type":"BreadcrumbList","@id":"https:\/\/endormoonstore.com\/en\/aries-mu-revival-saint-seiya-saint-cloth-myth-ex\/#breadcrumb","itemListElement":[{"@type":"ListItem","position":1,"name":"Shop","item":"https:\/\/endormoonstore.com\/en\/shop\/"},{"@type":"ListItem","position":2,"name":"Aries Mu Revival Saint Seiya Saint Cloth Myth Ex"}]},{"@type":"WebSite","@id":"https:\/\/endormoonstore.com\/#website","url":"https:\/\/endormoonstore.com\/","name":"EndormoonStore","description":"","potentialAction":[{"@type":"SearchAction","target":{"@type":"EntryPoint","urlTemplate":"https:\/\/endormoonstore.com\/?s={search_term_string}"},"query-input":{"@type":"PropertyValueSpecification","valueRequired":true,"valueName":"search_term_string"}}],"inLanguage":"en-US"}]}},"taxonomy_info":{"product_cat":[{"value":13453,"label":"Featured"},{"value":1390,"label":"Figures"}],"pa_brand":[{"value":2096,"label":"Tamashii Nations"}],"pa_character":[{"value":4676,"label":"Aries Mu"}],"pa_license":[{"value":1643,"label":"Saint Seiya"}],"pa_product-type":[{"value":2387,"label":"Figure"}],"pa_theme":[{"value":2972,"label":"Saint Cloth Myth EX"}]},"featured_image_src_large":["https:\/\/endormoonstore.com\/wp-content\/uploads\/2021\/03\/ARIES-MU-REVIVAL-FIGURA-18-CM-SAINT-SEIYA-SAINT-CLOTH-MYTH-EX-1-825x1024.jpeg",825,1024,true],"author_info":[],"comment_info":"","_links":{"self":[{"href":"https:\/\/endormoonstore.com\/en\/wp-json\/wp\/v2\/product\/100484","targetHints":{"allow":["GET"]}}],"collection":[{"href":"https:\/\/endormoonstore.com\/en\/wp-json\/wp\/v2\/product"}],"about":[{"href":"https:\/\/endormoonstore.com\/en\/wp-json\/wp\/v2\/types\/product"}],"wp:featuredmedia":[{"embeddable":true,"href":"https:\/\/endormoonstore.com\/en\/wp-json\/wp\/v2\/media\/100461"}],"wp:attachment":[{"href":"https:\/\/endormoonstore.com\/en\/wp-json\/wp\/v2\/media?parent=100484"}],"wp:term":[{"taxonomy":"product_cat","embeddable":true,"href":"https:\/\/endormoonstore.com\/en\/wp-json\/wp\/v2\/product_cat?post=100484"},{"taxonomy":"product_tag","embeddable":true,"href":"https:\/\/endormoonstore.com\/en\/wp-json\/wp\/v2\/product_tag?post=100484"}],"curies":[{"name":"wp","href":"https:\/\/api.w.org\/{rel}","templated":true}]}}