{"id":100448,"date":"2021-03-22T20:07:11","date_gmt":"2021-03-22T19:07:11","guid":{"rendered":"https:\/\/endormoonstore.com\/panthor-flocked-collector-edition-masters-of-the-universe-origins\/"},"modified":"2021-09-10T19:51:40","modified_gmt":"2021-09-10T17:51:40","slug":"panthor-flocked-collector-edition-masters-of-the-universe-origins","status":"publish","type":"product","link":"https:\/\/endormoonstore.com\/en\/panthor-flocked-collector-edition-masters-of-the-universe-origins\/","title":{"rendered":"Panthor Flocked Collector Edition Masters Of The Universe Origins"},"content":{"rendered":"<p><strong>Panthor Flocked Collector Edition Masters Of The Universe Origins Figura 23 cm<\/strong><\/p>\n<ul>\n<li>Mattel presenta, dentro de la nueva colecci\u00f3n Origins para la serie Masters of the Universe la figura de Panthor, en su versi\u00f3n de felpa (flocked).<\/li>\n<li>Se trata de una edici\u00f3n exclusiva, hecha en PVC y que mide unos 23 cm.<\/li>\n<\/ul>\n<p>&nbsp;<\/p>\n","protected":false},"excerpt":{"rendered":"<p><strong>Panthor Flocked Collector Edition Masters Of The Universe Origins Figura 23 cm<\/strong><\/p>\n<p>Mattel presenta, dentro de la nueva colecci\u00f3n Origins para la serie Masters of the Universe la figura de Panthor, en su versi\u00f3n de felpa (flocked).<\/p>\n<p><strong>NOTA: Versi\u00f3n Europea<\/strong><\/p>\n","protected":false},"featured_media":100447,"template":"","meta":{"_acf_changed":false,"_kad_blocks_custom_css":"","_kad_blocks_head_custom_js":"","_kad_blocks_body_custom_js":"","_kad_blocks_footer_custom_js":""},"product_cat":[1390],"product_tag":[],"class_list":{"0":"post-100448","1":"product","2":"type-product","3":"status-publish","4":"has-post-thumbnail","6":"product_cat-figures","7":"pa_brand-mattel-en","8":"pa_character-panthor-en","9":"pa_license-masters-of-the-universe-en","10":"pa_product-type-figure","12":"first","13":"outofstock","14":"taxable","15":"shipping-taxable","16":"purchasable","17":"product-type-simple"},"acf":[],"yoast_head":"<!-- This site is optimized with the Yoast SEO plugin v26.1.1 - https:\/\/yoast.com\/wordpress\/plugins\/seo\/ -->\n<title>Panthor Flocked Collector Edition Masters Of The Universe Origins - EndormoonStore<\/title>\n<meta name=\"robots\" content=\"index, follow, max-snippet:-1, max-image-preview:large, max-video-preview:-1\" \/>\n<link rel=\"canonical\" href=\"https:\/\/endormoonstore.com\/en\/panthor-flocked-collector-edition-masters-of-the-universe-origins\/\" \/>\n<meta property=\"og:locale\" content=\"en_US\" \/>\n<meta property=\"og:type\" content=\"article\" \/>\n<meta property=\"og:title\" content=\"Panthor Flocked Collector Edition Masters Of The Universe Origins - EndormoonStore\" \/>\n<meta property=\"og:description\" content=\"Panthor Flocked Collector Edition Masters Of The Universe Origins Figura 23 cm  Mattel presenta, dentro de la nueva colecci\u00f3n Origins para la serie Masters of the Universe la figura de Panthor, en su versi\u00f3n de felpa (flocked).  NOTA: Versi\u00f3n Europea\" \/>\n<meta property=\"og:url\" content=\"https:\/\/endormoonstore.com\/en\/panthor-flocked-collector-edition-masters-of-the-universe-origins\/\" \/>\n<meta property=\"og:site_name\" content=\"EndormoonStore\" \/>\n<meta property=\"article:modified_time\" content=\"2021-09-10T17:51:40+00:00\" \/>\n<meta property=\"og:image\" content=\"https:\/\/endormoonstore.com\/wp-content\/uploads\/2021\/03\/Panthor-Flocked-Collector-Edition-Masters-Of-The-Universe-Origins-1.jpeg\" \/>\n\t<meta property=\"og:image:width\" content=\"800\" \/>\n\t<meta property=\"og:image:height\" content=\"800\" \/>\n\t<meta property=\"og:image:type\" content=\"image\/jpeg\" \/>\n<meta name=\"twitter:card\" content=\"summary_large_image\" \/>\n<meta name=\"twitter:label1\" content=\"Est. reading time\" \/>\n\t<meta name=\"twitter:data1\" content=\"1 minute\" \/>\n<script type=\"application\/ld+json\" class=\"yoast-schema-graph\">{\"@context\":\"https:\/\/schema.org\",\"@graph\":[{\"@type\":\"WebPage\",\"@id\":\"https:\/\/endormoonstore.com\/en\/panthor-flocked-collector-edition-masters-of-the-universe-origins\/\",\"url\":\"https:\/\/endormoonstore.com\/en\/panthor-flocked-collector-edition-masters-of-the-universe-origins\/\",\"name\":\"Panthor Flocked Collector Edition Masters Of The Universe Origins - EndormoonStore\",\"isPartOf\":{\"@id\":\"https:\/\/endormoonstore.com\/#website\"},\"primaryImageOfPage\":{\"@id\":\"https:\/\/endormoonstore.com\/en\/panthor-flocked-collector-edition-masters-of-the-universe-origins\/#primaryimage\"},\"image\":{\"@id\":\"https:\/\/endormoonstore.com\/en\/panthor-flocked-collector-edition-masters-of-the-universe-origins\/#primaryimage\"},\"thumbnailUrl\":\"https:\/\/endormoonstore.com\/wp-content\/uploads\/2021\/03\/Panthor-Flocked-Collector-Edition-Masters-Of-The-Universe-Origins-1.jpeg\",\"datePublished\":\"2021-03-22T19:07:11+00:00\",\"dateModified\":\"2021-09-10T17:51:40+00:00\",\"breadcrumb\":{\"@id\":\"https:\/\/endormoonstore.com\/en\/panthor-flocked-collector-edition-masters-of-the-universe-origins\/#breadcrumb\"},\"inLanguage\":\"en-US\",\"potentialAction\":[{\"@type\":\"ReadAction\",\"target\":[\"https:\/\/endormoonstore.com\/en\/panthor-flocked-collector-edition-masters-of-the-universe-origins\/\"]}]},{\"@type\":\"ImageObject\",\"inLanguage\":\"en-US\",\"@id\":\"https:\/\/endormoonstore.com\/en\/panthor-flocked-collector-edition-masters-of-the-universe-origins\/#primaryimage\",\"url\":\"https:\/\/endormoonstore.com\/wp-content\/uploads\/2021\/03\/Panthor-Flocked-Collector-Edition-Masters-Of-The-Universe-Origins-1.jpeg\",\"contentUrl\":\"https:\/\/endormoonstore.com\/wp-content\/uploads\/2021\/03\/Panthor-Flocked-Collector-Edition-Masters-Of-The-Universe-Origins-1.jpeg\",\"width\":800,\"height\":800},{\"@type\":\"BreadcrumbList\",\"@id\":\"https:\/\/endormoonstore.com\/en\/panthor-flocked-collector-edition-masters-of-the-universe-origins\/#breadcrumb\",\"itemListElement\":[{\"@type\":\"ListItem\",\"position\":1,\"name\":\"Shop\",\"item\":\"https:\/\/endormoonstore.com\/en\/shop\/\"},{\"@type\":\"ListItem\",\"position\":2,\"name\":\"Panthor Flocked Collector Edition Masters Of The Universe Origins\"}]},{\"@type\":\"WebSite\",\"@id\":\"https:\/\/endormoonstore.com\/#website\",\"url\":\"https:\/\/endormoonstore.com\/\",\"name\":\"EndormoonStore\",\"description\":\"\",\"potentialAction\":[{\"@type\":\"SearchAction\",\"target\":{\"@type\":\"EntryPoint\",\"urlTemplate\":\"https:\/\/endormoonstore.com\/?s={search_term_string}\"},\"query-input\":{\"@type\":\"PropertyValueSpecification\",\"valueRequired\":true,\"valueName\":\"search_term_string\"}}],\"inLanguage\":\"en-US\"}]}<\/script>\n<!-- \/ Yoast SEO plugin. -->","yoast_head_json":{"title":"Panthor Flocked Collector Edition Masters Of The Universe Origins - EndormoonStore","robots":{"index":"index","follow":"follow","max-snippet":"max-snippet:-1","max-image-preview":"max-image-preview:large","max-video-preview":"max-video-preview:-1"},"canonical":"https:\/\/endormoonstore.com\/en\/panthor-flocked-collector-edition-masters-of-the-universe-origins\/","og_locale":"en_US","og_type":"article","og_title":"Panthor Flocked Collector Edition Masters Of The Universe Origins - EndormoonStore","og_description":"Panthor Flocked Collector Edition Masters Of The Universe Origins Figura 23 cm  Mattel presenta, dentro de la nueva colecci\u00f3n Origins para la serie Masters of the Universe la figura de Panthor, en su versi\u00f3n de felpa (flocked).  NOTA: Versi\u00f3n Europea","og_url":"https:\/\/endormoonstore.com\/en\/panthor-flocked-collector-edition-masters-of-the-universe-origins\/","og_site_name":"EndormoonStore","article_modified_time":"2021-09-10T17:51:40+00:00","og_image":[{"width":800,"height":800,"url":"https:\/\/endormoonstore.com\/wp-content\/uploads\/2021\/03\/Panthor-Flocked-Collector-Edition-Masters-Of-The-Universe-Origins-1.jpeg","type":"image\/jpeg"}],"twitter_card":"summary_large_image","twitter_misc":{"Est. reading time":"1 minute"},"schema":{"@context":"https:\/\/schema.org","@graph":[{"@type":"WebPage","@id":"https:\/\/endormoonstore.com\/en\/panthor-flocked-collector-edition-masters-of-the-universe-origins\/","url":"https:\/\/endormoonstore.com\/en\/panthor-flocked-collector-edition-masters-of-the-universe-origins\/","name":"Panthor Flocked Collector Edition Masters Of The Universe Origins - EndormoonStore","isPartOf":{"@id":"https:\/\/endormoonstore.com\/#website"},"primaryImageOfPage":{"@id":"https:\/\/endormoonstore.com\/en\/panthor-flocked-collector-edition-masters-of-the-universe-origins\/#primaryimage"},"image":{"@id":"https:\/\/endormoonstore.com\/en\/panthor-flocked-collector-edition-masters-of-the-universe-origins\/#primaryimage"},"thumbnailUrl":"https:\/\/endormoonstore.com\/wp-content\/uploads\/2021\/03\/Panthor-Flocked-Collector-Edition-Masters-Of-The-Universe-Origins-1.jpeg","datePublished":"2021-03-22T19:07:11+00:00","dateModified":"2021-09-10T17:51:40+00:00","breadcrumb":{"@id":"https:\/\/endormoonstore.com\/en\/panthor-flocked-collector-edition-masters-of-the-universe-origins\/#breadcrumb"},"inLanguage":"en-US","potentialAction":[{"@type":"ReadAction","target":["https:\/\/endormoonstore.com\/en\/panthor-flocked-collector-edition-masters-of-the-universe-origins\/"]}]},{"@type":"ImageObject","inLanguage":"en-US","@id":"https:\/\/endormoonstore.com\/en\/panthor-flocked-collector-edition-masters-of-the-universe-origins\/#primaryimage","url":"https:\/\/endormoonstore.com\/wp-content\/uploads\/2021\/03\/Panthor-Flocked-Collector-Edition-Masters-Of-The-Universe-Origins-1.jpeg","contentUrl":"https:\/\/endormoonstore.com\/wp-content\/uploads\/2021\/03\/Panthor-Flocked-Collector-Edition-Masters-Of-The-Universe-Origins-1.jpeg","width":800,"height":800},{"@type":"BreadcrumbList","@id":"https:\/\/endormoonstore.com\/en\/panthor-flocked-collector-edition-masters-of-the-universe-origins\/#breadcrumb","itemListElement":[{"@type":"ListItem","position":1,"name":"Shop","item":"https:\/\/endormoonstore.com\/en\/shop\/"},{"@type":"ListItem","position":2,"name":"Panthor Flocked Collector Edition Masters Of The Universe Origins"}]},{"@type":"WebSite","@id":"https:\/\/endormoonstore.com\/#website","url":"https:\/\/endormoonstore.com\/","name":"EndormoonStore","description":"","potentialAction":[{"@type":"SearchAction","target":{"@type":"EntryPoint","urlTemplate":"https:\/\/endormoonstore.com\/?s={search_term_string}"},"query-input":{"@type":"PropertyValueSpecification","valueRequired":true,"valueName":"search_term_string"}}],"inLanguage":"en-US"}]}},"taxonomy_info":{"product_cat":[{"value":1390,"label":"Figures"}],"pa_brand":[{"value":2087,"label":"Mattel"}],"pa_character":[{"value":3242,"label":"Panthor"}],"pa_license":[{"value":1963,"label":"Masters of the Universe"}],"pa_product-type":[{"value":2387,"label":"Figure"}]},"featured_image_src_large":["https:\/\/endormoonstore.com\/wp-content\/uploads\/2021\/03\/Panthor-Flocked-Collector-Edition-Masters-Of-The-Universe-Origins-1.jpeg",800,800,false],"author_info":[],"comment_info":"","_links":{"self":[{"href":"https:\/\/endormoonstore.com\/en\/wp-json\/wp\/v2\/product\/100448","targetHints":{"allow":["GET"]}}],"collection":[{"href":"https:\/\/endormoonstore.com\/en\/wp-json\/wp\/v2\/product"}],"about":[{"href":"https:\/\/endormoonstore.com\/en\/wp-json\/wp\/v2\/types\/product"}],"wp:featuredmedia":[{"embeddable":true,"href":"https:\/\/endormoonstore.com\/en\/wp-json\/wp\/v2\/media\/100447"}],"wp:attachment":[{"href":"https:\/\/endormoonstore.com\/en\/wp-json\/wp\/v2\/media?parent=100448"}],"wp:term":[{"taxonomy":"product_cat","embeddable":true,"href":"https:\/\/endormoonstore.com\/en\/wp-json\/wp\/v2\/product_cat?post=100448"},{"taxonomy":"product_tag","embeddable":true,"href":"https:\/\/endormoonstore.com\/en\/wp-json\/wp\/v2\/product_tag?post=100448"}],"curies":[{"name":"wp","href":"https:\/\/api.w.org\/{rel}","templated":true}]}}