{"id":28424,"date":"2020-12-16T12:11:31","date_gmt":"2020-12-16T12:11:31","guid":{"rendered":"https:\/\/endormoonstore.com\/?page_id=28424"},"modified":"2020-12-16T12:11:32","modified_gmt":"2020-12-16T12:11:32","slug":"purchasing-conditions","status":"publish","type":"page","link":"https:\/\/endormoonstore.com\/en\/purchasing-conditions\/","title":{"rendered":"Purchasing Conditions"},"content":{"rendered":"\n<ul class=\"wp-block-list\"><li><strong>Nombre de la empresa:<\/strong>&nbsp;Juan Herrera Moral<\/li><li><strong>DNI:<\/strong>&nbsp;44368475A , N\u00famero Fiscal Intra comunitario VAT: ES 44368475A<\/li><li><strong>Direcci\u00f3n:<\/strong>&nbsp;Avenida Medina Azahara N\u00famero 43 5-1<\/li><li><strong>Cp:<\/strong>&nbsp;14005<\/li><li>C\u00f3rdoba, Espa\u00f1a<\/li><\/ul>\n\n\n\n<p>Por favor, lee atentamente estas Condiciones Generales antes de usar esta web. Juan Herrera Moral. (en adelante EndorMoonStore), con domicilio en Avenida Medina Azahara N\u00ba43 5-1 (C\u00f3rdoba), es la licenciataria de los sitios web www.endormoonstore.com (en adelante, la Web), que tienen por objeto proporcionar a sus usuarios la informaci\u00f3n necesaria sobre sus productos y sus ofertas. Las presentes Condiciones Generales tienen como objeto regular la puesta a disposici\u00f3n de dicha informaci\u00f3n, as\u00ed como las transacciones comerciales que surjan entre www.endormoonstore.com y sus usuarios. Tanto la navegaci\u00f3n por la tienda online como la adquisici\u00f3n de cualquiera de los productos ofertados en ella suponen la aceptaci\u00f3n como usuario, sin reservas de ninguna clase, de todas y cada una de las presentes Condiciones Generales de contrataci\u00f3n y utilizaci\u00f3n. www.endormoonstore.com podr\u00e1n, en todo momento, y sin previo aviso, modificar las presentes Condiciones Generales.<\/p>\n\n\n\n<p><strong>Uso de esta Web:<\/strong>&nbsp;Todos los contenidos de la Web, tales como textos, gr\u00e1ficos, fotograf\u00edas, logotipos, iconos, im\u00e1genes, as\u00ed como el dise\u00f1o gr\u00e1fico, c\u00f3digo fuente y software, son de la exclusiva propiedad de endormoonstore o de terceros, estando por lo tanto protegidos por la legislaci\u00f3n nacional e internacional. Queda estrictamente prohibido la utilizaci\u00f3n de todos los elementos objeto de propiedad industrial e intelectual con fines comerciales as\u00ed como su distribuci\u00f3n, modificaci\u00f3n, alteraci\u00f3n o descompilaci\u00f3n.<\/p>\n\n\n\n<p><strong>Links a esta Web:<\/strong>&nbsp;Queda expresamente prohibida la introducci\u00f3n de hiperv\u00ednculos con fines comerciales en p\u00e1ginas web ajenas a www.endormoonstore.com, que permitan el acceso a nuestra Web, sin consentimiento previo. En todo caso, la existencia de hiperv\u00ednculos en sitios web ajenos a nosotros, no implicar\u00e1 en ning\u00fan caso la existencia de relaciones comerciales o mercantiles con el titular de la p\u00e1gina web donde se establezca el hiperv\u00ednculo, ni la aceptaci\u00f3n por parte de www.endormoonstore.com de sus contenidos o servicios.<\/p>\n\n\n\n<p><strong>Links de Terceras Partes:<\/strong>&nbsp;www.endormoonstore.com no garantiza ni asume ning\u00fan tipo de responsabilidad por los da\u00f1os y perjuicios sufridos por el acceso a Servicios de terceros a trav\u00e9s de conexiones, v\u00ednculos o links de los sitios enlazados ni sobre la exactitud o fiabilidad de los mismos. La funci\u00f3n de los enlaces que aparece en www.endormoonstore.com es exclusivamente la de informar al usuario sobre la existencia de otras fuentes de informaci\u00f3n en Internet, donde podr\u00e1 ampliar los Servicios ofrecidos por la Web. El sitio web www.endormoonstore.com no ser\u00e1 en ning\u00fan caso responsables del resultado obtenido a trav\u00e9s de dichos enlaces o de las consecuencias que se deriven del acceso por los usuarios a los mismos. Estos Servicios de terceros son proporcionados exclusivamente por \u00e9stos, por lo que www.endormoonstore.com no puede controlar y no controla la licitud ni la calidad de los Servicios. En consecuencia, el usuario debe extremar la prudencia en la valoraci\u00f3n y utilizaci\u00f3n de la informaci\u00f3n y servicios existentes en los contenidos de terceros.<\/p>\n\n\n\n<p><strong>Material inadecuado:<\/strong>&nbsp;Con car\u00e1cter general, el Usuario se obliga al cumplimiento de las presentes Condiciones Generales, as\u00ed como a cumplir las advertencias o instrucciones espec\u00edficas de uso contenidas en las mismas o en la web y a obrar siempre conforme a la Ley, a las buenas costumbres y a las exigencias de la buena fe, empleando la diligencia adecuada a la naturaleza del servicio del que disfruta, absteni\u00e9ndose de utilizar la Web de cualquier forma que pueda impedir, da\u00f1ar o deteriorar el normal funcionamiento de los mismos y\/o los bienes o derechos de www.endormoonstore.com . Concretamente, y sin que ello implique restricci\u00f3n alguna a la obligaci\u00f3n asumida por el Usuario con car\u00e1cter general de conformidad con el apartado anterior, el Usuario se obliga, en la utilizaci\u00f3n de la web, as\u00ed como en la prestaci\u00f3n de los servicios a: En el caso de registrarse, a proporcionar verazmente sus datos y a mantenerlos actualizados; No introducir, almacenar o difundir en o desde la web, cualquier informaci\u00f3n o material que fuera difamatorio, injurioso, obsceno, amenazador, xen\u00f3fobo, incite a la violencia a la discriminaci\u00f3n por raz\u00f3n de raza, sexo, ideolog\u00eda, religi\u00f3n o que de cualquier forma atente contra la moral, el orden p\u00fablico, los derechos fundamentales, las libertades p\u00fablicas, el honor, la intimidad o la imagen de terceros y en general la normativa vigente; No introducir, almacenar o difundir a trav\u00e9s o mediante la Web ning\u00fan programa de ordenador, datos, virus, c\u00f3digo, equipo de hardware o de telecomunicaciones o cualquier otro instrumento o dispositivo electr\u00f3nico o f\u00edsico que sea susceptible de causar da\u00f1os en la Web, en cualquiera de los Servicios, o en cualquiera de los equipos, sistemas www.endormoonstore.com, de cualquier Usuario, de los proveedores de www.endormoonstore.com o en general de cualquier tercero, o que de cualquier otra forma sea capaz de causarles cualquier tipo de alteraci\u00f3n o impedir el normal funcionamiento de los mismos; No realizar actividades publicitarias, promocionales o de explotaci\u00f3n comercial a trav\u00e9s de la Web, no utilizando los contenidos y en particular la informaci\u00f3n obtenida a trav\u00e9s de la Web para remitir publicidad, enviar mensajes con fines de venta directa o con cualquier otro fin comercial, ni para recoger o almacenar datos personales de terceros; No utilizar identidades falsas, ni suplantar la identidad de otros en la utilizaci\u00f3n de la Web o en la utilizaci\u00f3n de cualquiera de los servicios de la Web, incluyendo la utilizaci\u00f3n en su caso de contrase\u00f1as o claves de acceso de terceros o de cualquier otra forma; No destruir, alterar, utilizar para su uso, inutilizar o da\u00f1ar los datos, informaciones, programas o documentos electr\u00f3nicos de www.endormoonstore.com sus proveedores o terceros; No introducir, almacenar o difundir mediante la web cualquier contenido que infrinja derechos de propiedad intelectual, industrial o secretos empresariales de terceros, ni en general ning\u00fan contenido del cual no ostentara, de conformidad con la ley, el derecho a ponerlo a disposici\u00f3n de tercero.<\/p>\n\n\n\n<p><strong>Informaci\u00f3n al Usuario:<\/strong>&nbsp;Con excepci\u00f3n de la informaci\u00f3n personal, que estar\u00e1 sujeta a la Pol\u00edtica de Privacidad por la que se rige esta Web, cualquier material, informaci\u00f3n, sugerencia, idea, concepto, t\u00e9cnica, cuesti\u00f3n, comentario u otro tipo de comunicaci\u00f3n que pueden ser enviados desde o a trav\u00e9s de esta Web, de cualquier manera (\u201cComunicaciones del Usuario\u201d), es y ser\u00e1 considerada como no confidencial y sin derechos de propiedad intelectual. Nosotros, nuestros asociados y nuestros representantes podremos usar cualquiera o todas las Comunicaciones del Usuario para cualquier fin incluyendo, sin limitaci\u00f3n alguna, la reproducci\u00f3n, revelaci\u00f3n, publicaci\u00f3n, emisi\u00f3n, desarrollo, fabricaci\u00f3n y \/o acci\u00f3n de marketing bajo cualquier manera y para cualquier, uno o todos los prop\u00f3sitos comerciales o no comerciales. Podremos, sin estar obligados a ello, monitorizar o revisar cualquier Comunicaci\u00f3n de Usuario. No tendremos ninguna obligaci\u00f3n de usar, devolver, revisar o responder a cualquier Comunicaci\u00f3n del Usuario. No tendremos ninguna responsabilidad relacionada con el contenido de cualquier Comunicaci\u00f3n de Usuario, tanto si est\u00e1 protegida o no por las leyes del copyright, difamaci\u00f3n, privacidad, obscenidad u otras. Nos reservamos el derecho a retirar una o todas las Comunicaciones de Usuario que incluyan cualquier material considerado, por nosotros, como inadecuado o inaceptable.<\/p>\n\n\n\n<p><strong>Descargos de Responsabilidad:<\/strong>&nbsp;www.endormoonstore.com no se hacen responsable de la veracidad, exactitud y calidad de la Web, sus servicios, informaci\u00f3n y materiales. Dichos servicios, informaci\u00f3n y materiales son presentados &#8220;tal cual&#8221; y son accesibles sin garant\u00edas de ninguna clase. www.endormoonstore.com se reserva el derecho a interrumpir el acceso a la Web, as\u00ed como la prestaci\u00f3n de cualquiera o de todos los servicios que se prestan a trav\u00e9s del mismo en cualquier momento y sin previo aviso, ya sea por motivos t\u00e9cnicos, de seguridad, de control, de mantenimiento, por fallos de suministro el\u00e9ctrico o por cualquier otra causa justificada.<\/p>\n\n\n\n<p>En consecuencia, www.endormoonstore.com no garantizan la fiabilidad, la disponibilidad ni la continuidad de su web ni de los servicios, por lo que la utilizaci\u00f3n de los mismos por parte del usuario se lleva a cabo por su propia cuenta y riesgo, sin que, en ning\u00fan momento, puedan exigirse responsabilidades a www.endormoonstore.com en este sentido.<\/p>\n\n\n\n<p>www.endormoonstore.com no asumen ninguna responsabilidad ni ser\u00e1n responsables por cualquier da\u00f1o o cualquier virus que pueda infectar el sistema, equipo de telecomunicaci\u00f3n y otra propiedad del Usuario que pueda ser causado o resultante del acceso, uso o exploraci\u00f3n de esta Web o por la descarga de cualquier informaci\u00f3n o material de la misma.<\/p>\n\n\n\n<p>En ning\u00fan caso, ni endormoonstore ni cualquiera de sus empleados ni ninguna parte implicada en la creaci\u00f3n, producci\u00f3n o transmisi\u00f3n de esta Web ser\u00e1n responsables ante el Usuario o cualquier otra persona, por da\u00f1os ocasionados, salvo casos de imprudencia grave o malintencionada originado por el uso, incapacidad para el uso o cualquier resultado del uso de esta Web, cualquier Web en link con \u00e9sta, o de los materiales, informaci\u00f3n o servicios contenidos en cualquier, una o todas las Web, tanto si los da\u00f1os est\u00e1n basados en garant\u00edas, contactos, agravios o cualquier otra teor\u00eda legal, tanto si el Usuario est\u00e1 avisado o no sobre la posibilidad de tales da\u00f1os. Las limitaciones sobre responsabilidad mencionadas anteriormente son aplicadas de acuerdo con la ley.<\/p>\n\n\n\n<p><strong>Derecho de desistimiento:<\/strong>&nbsp;De conformidad con lo dispuesto en el RDL 1\/2007, de 16 de noviembre, por el que se aprueba el texto refundido de la Ley General para la defensa de los Consumidores y Usuarios y otras Leyes Complementarias, el cliente puede ejercer el derecho de desistimiento en relaci\u00f3n con los productos adquiridos a trav\u00e9s de la tienda online.<\/p>\n\n\n\n<p><strong>Comunicaciones:<\/strong>&nbsp;A los efectos de las presentes Condiciones Generales, y para cualquier comunicaci\u00f3n que sea precisa entre endormoonstore y el Usuario, \u00e9ste deber\u00e1 dirigirse al Servicio de Atenci\u00f3n al Cliente mediante correo electr\u00f3nico dirigido a clientes@ endormoonstore.com) Las comunicaciones de endormoonstore al Usuario se realizar\u00e1n conforme a los datos aportados por \u00e9ste al registrarse en la Web.<\/p>\n\n\n\n<p>El Usuario acepta expresamente y para todas las comunicaciones relacionadas con la utilizaci\u00f3n la Web, y\/o la contrataci\u00f3n de los servicios en \u00e9l ofertados, la utilizaci\u00f3n del correo electr\u00f3nico como procedimiento v\u00e1lido para la remisi\u00f3n de dichas comunicaciones.<\/p>\n\n\n\n<p><strong>Garant\u00eda legal:<\/strong>&nbsp;En caso de que el producto adquirido estuviera da\u00f1ado o fuera defectuoso por causa no imputable al cliente, endormoonstore proceder\u00e1 a la reparaci\u00f3n, sustituci\u00f3n o devoluci\u00f3n del importe, seg\u00fan proceda. Durante el tiempo legal establecido a tal respecto.<\/p>\n\n\n\n<p><strong>Garant\u00eda comercial adicional del fabricante:<\/strong>&nbsp;Adem\u00e1s de la garant\u00eda legal de todos los productos de nuestra web, muchos de ellos cuentan con garant\u00eda comercial adicional del fabricante. Para obtener informaci\u00f3n adicional sobre la garant\u00eda del fabricante de un producto espec\u00edfico, ponte en contacto directamente con \u00e9l.<\/p>\n\n\n\n<p>Revisiones a estas Condiciones Generales: Es posible que estas Condiciones Generales se modifiquen o incluyan cambios. Por esto, el usuario queda obligado a acceder a las presente Condiciones Generales cada vez que acceda a la Web, asumiendo que les seran de aplicacion las condiciones correspondientes que se encuentren vigentes en el momento de su acceso.<\/p>\n\n\n\n<p><strong>Jurisdicci\u00f3n y Tribunales<\/strong>: Estas Condiciones Generales reemplazan cualquier acuerdo entre el Usuario y endormoonstore en tanto sea necesario resolver cualquier contradicci\u00f3n o ambig\u00fcedad entre ambos. Las presentes condiciones generales se regir\u00e1n por lo aqu\u00ed establecido y en su defecto por lo establecido en las Leyes espa\u00f1olas. Para cualquier controversia que pueda surgir en la interpretaci\u00f3n o ejecuci\u00f3n de las presentes Condiciones Generales, el usuario y endormoonstore acuerdan someterse expresamente a los Juzgados y Tribunales que pudieran corresponder de conformidad con la legislaci\u00f3n aplicable.<\/p>\n\n\n\n<p><strong>Terminaci\u00f3n:<\/strong>&nbsp;Tanto el Usuario como nosotros podemos suspender o terminar una cuenta de usuario en esta Web en cualquier momento por cualquier raz\u00f3n. El Usuario es personalmente responsable por cualquier pedido realizado o por los cargos incurridos antes de terminar su cuenta en esta Web. Nos reservamos el derecho a cambiar, suspender o paralizar todos y cualquier aspecto de esta Web, en cualquier momento, sin previo aviso.<\/p>\n","protected":false},"excerpt":{"rendered":"<p>Nombre de la empresa:&nbsp;Juan Herrera Moral DNI:&nbsp;44368475A , N\u00famero Fiscal Intra comunitario VAT: ES 44368475A Direcci\u00f3n:&nbsp;Avenida Medina Azahara N\u00famero 43 5-1 Cp:&nbsp;14005 C\u00f3rdoba, Espa\u00f1a Por favor, lee atentamente estas Condiciones Generales antes de usar esta web. Juan Herrera Moral. (en adelante EndorMoonStore), con domicilio en Avenida Medina Azahara N\u00ba43 5-1 (C\u00f3rdoba), es la licenciataria de [&hellip;]<\/p>\n","protected":false},"author":1,"featured_media":0,"parent":0,"menu_order":0,"comment_status":"closed","ping_status":"closed","template":"page-ancho-limitado.php","meta":{"_acf_changed":false,"_kad_blocks_custom_css":"","_kad_blocks_head_custom_js":"","_kad_blocks_body_custom_js":"","_kad_blocks_footer_custom_js":"","footnotes":""},"class_list":["post-28424","page","type-page","status-publish","hentry"],"acf":[],"yoast_head":"<!-- This site is optimized with the Yoast SEO plugin v26.1.1 - https:\/\/yoast.com\/wordpress\/plugins\/seo\/ -->\n<title>Purchasing Conditions - EndormoonStore<\/title>\n<meta name=\"robots\" content=\"index, follow, max-snippet:-1, max-image-preview:large, max-video-preview:-1\" \/>\n<link rel=\"canonical\" href=\"https:\/\/endormoonstore.com\/en\/purchasing-conditions\/\" \/>\n<meta property=\"og:locale\" content=\"en_US\" \/>\n<meta property=\"og:type\" content=\"article\" \/>\n<meta property=\"og:title\" content=\"Purchasing Conditions - EndormoonStore\" \/>\n<meta property=\"og:description\" content=\"Nombre de la empresa:&nbsp;Juan Herrera Moral DNI:&nbsp;44368475A , N\u00famero Fiscal Intra comunitario VAT: ES 44368475A Direcci\u00f3n:&nbsp;Avenida Medina Azahara N\u00famero 43 5-1 Cp:&nbsp;14005 C\u00f3rdoba, Espa\u00f1a Por favor, lee atentamente estas Condiciones Generales antes de usar esta web. Juan Herrera Moral. (en adelante EndorMoonStore), con domicilio en Avenida Medina Azahara N\u00ba43 5-1 (C\u00f3rdoba), es la licenciataria de [&hellip;]\" \/>\n<meta property=\"og:url\" content=\"https:\/\/endormoonstore.com\/en\/purchasing-conditions\/\" \/>\n<meta property=\"og:site_name\" content=\"EndormoonStore\" \/>\n<meta property=\"article:modified_time\" content=\"2020-12-16T12:11:32+00:00\" \/>\n<meta name=\"twitter:card\" content=\"summary_large_image\" \/>\n<meta name=\"twitter:label1\" content=\"Est. reading time\" \/>\n\t<meta name=\"twitter:data1\" content=\"11 minutes\" \/>\n<script type=\"application\/ld+json\" class=\"yoast-schema-graph\">{\"@context\":\"https:\/\/schema.org\",\"@graph\":[{\"@type\":\"WebPage\",\"@id\":\"https:\/\/endormoonstore.com\/en\/purchasing-conditions\/\",\"url\":\"https:\/\/endormoonstore.com\/en\/purchasing-conditions\/\",\"name\":\"Purchasing Conditions - EndormoonStore\",\"isPartOf\":{\"@id\":\"https:\/\/endormoonstore.com\/#website\"},\"datePublished\":\"2020-12-16T12:11:31+00:00\",\"dateModified\":\"2020-12-16T12:11:32+00:00\",\"inLanguage\":\"en-US\",\"potentialAction\":[{\"@type\":\"ReadAction\",\"target\":[\"https:\/\/endormoonstore.com\/en\/purchasing-conditions\/\"]}]},{\"@type\":\"WebSite\",\"@id\":\"https:\/\/endormoonstore.com\/#website\",\"url\":\"https:\/\/endormoonstore.com\/\",\"name\":\"EndormoonStore\",\"description\":\"\",\"potentialAction\":[{\"@type\":\"SearchAction\",\"target\":{\"@type\":\"EntryPoint\",\"urlTemplate\":\"https:\/\/endormoonstore.com\/?s={search_term_string}\"},\"query-input\":{\"@type\":\"PropertyValueSpecification\",\"valueRequired\":true,\"valueName\":\"search_term_string\"}}],\"inLanguage\":\"en-US\"}]}<\/script>\n<!-- \/ Yoast SEO plugin. -->","yoast_head_json":{"title":"Purchasing Conditions - EndormoonStore","robots":{"index":"index","follow":"follow","max-snippet":"max-snippet:-1","max-image-preview":"max-image-preview:large","max-video-preview":"max-video-preview:-1"},"canonical":"https:\/\/endormoonstore.com\/en\/purchasing-conditions\/","og_locale":"en_US","og_type":"article","og_title":"Purchasing Conditions - EndormoonStore","og_description":"Nombre de la empresa:&nbsp;Juan Herrera Moral DNI:&nbsp;44368475A , N\u00famero Fiscal Intra comunitario VAT: ES 44368475A Direcci\u00f3n:&nbsp;Avenida Medina Azahara N\u00famero 43 5-1 Cp:&nbsp;14005 C\u00f3rdoba, Espa\u00f1a Por favor, lee atentamente estas Condiciones Generales antes de usar esta web. Juan Herrera Moral. (en adelante EndorMoonStore), con domicilio en Avenida Medina Azahara N\u00ba43 5-1 (C\u00f3rdoba), es la licenciataria de [&hellip;]","og_url":"https:\/\/endormoonstore.com\/en\/purchasing-conditions\/","og_site_name":"EndormoonStore","article_modified_time":"2020-12-16T12:11:32+00:00","twitter_card":"summary_large_image","twitter_misc":{"Est. reading time":"11 minutes"},"schema":{"@context":"https:\/\/schema.org","@graph":[{"@type":"WebPage","@id":"https:\/\/endormoonstore.com\/en\/purchasing-conditions\/","url":"https:\/\/endormoonstore.com\/en\/purchasing-conditions\/","name":"Purchasing Conditions - EndormoonStore","isPartOf":{"@id":"https:\/\/endormoonstore.com\/#website"},"datePublished":"2020-12-16T12:11:31+00:00","dateModified":"2020-12-16T12:11:32+00:00","inLanguage":"en-US","potentialAction":[{"@type":"ReadAction","target":["https:\/\/endormoonstore.com\/en\/purchasing-conditions\/"]}]},{"@type":"WebSite","@id":"https:\/\/endormoonstore.com\/#website","url":"https:\/\/endormoonstore.com\/","name":"EndormoonStore","description":"","potentialAction":[{"@type":"SearchAction","target":{"@type":"EntryPoint","urlTemplate":"https:\/\/endormoonstore.com\/?s={search_term_string}"},"query-input":{"@type":"PropertyValueSpecification","valueRequired":true,"valueName":"search_term_string"}}],"inLanguage":"en-US"}]}},"taxonomy_info":[],"featured_image_src_large":false,"author_info":{"display_name":"Enrique","author_link":"https:\/\/endormoonstore.com\/en\/author\/expacioweb\/"},"comment_info":0,"_links":{"self":[{"href":"https:\/\/endormoonstore.com\/en\/wp-json\/wp\/v2\/pages\/28424","targetHints":{"allow":["GET"]}}],"collection":[{"href":"https:\/\/endormoonstore.com\/en\/wp-json\/wp\/v2\/pages"}],"about":[{"href":"https:\/\/endormoonstore.com\/en\/wp-json\/wp\/v2\/types\/page"}],"author":[{"embeddable":true,"href":"https:\/\/endormoonstore.com\/en\/wp-json\/wp\/v2\/users\/1"}],"replies":[{"embeddable":true,"href":"https:\/\/endormoonstore.com\/en\/wp-json\/wp\/v2\/comments?post=28424"}],"version-history":[{"count":0,"href":"https:\/\/endormoonstore.com\/en\/wp-json\/wp\/v2\/pages\/28424\/revisions"}],"wp:attachment":[{"href":"https:\/\/endormoonstore.com\/en\/wp-json\/wp\/v2\/media?parent=28424"}],"curies":[{"name":"wp","href":"https:\/\/api.w.org\/{rel}","templated":true}]}}